{"id":3794,"date":"2024-06-13T12:12:20","date_gmt":"2024-06-13T10:12:20","guid":{"rendered":"https:\/\/bastideparis.fr\/ro49090-ovh\/?page_id=3794"},"modified":"2024-06-13T12:12:21","modified_gmt":"2024-06-13T10:12:21","slug":"canne-anglaise-bi-matiere-advance","status":"publish","type":"page","link":"https:\/\/bastideparis.fr\/ro49090-ovh\/index.php\/canne-anglaise-bi-matiere-advance\/","title":{"rendered":"Canne anglaise bi-mati\u00e8re Advance\u00a0"},"content":{"rendered":"\n<p><a href=\"https:\/\/bastideparis.fr\/ro49090-ovh\/index.php\/showroom-exterieur\/\">Retour<\/a><\/p>\n\n\n\n<p class=\"has-larger-font-size\">Canne anglaise bi-mati\u00e8re Advance\u00a0<\/p>\n\n\n<style>.kb-row-layout-id3794_4a959f-28 > .kt-row-column-wrap{align-content:start;}:where(.kb-row-layout-id3794_4a959f-28 > .kt-row-column-wrap) > .wp-block-kadence-column{justify-content:start;}.kb-row-layout-id3794_4a959f-28 > .kt-row-column-wrap{column-gap:var(--global-kb-gap-md, 2rem);row-gap:var(--global-kb-gap-md, 2rem);padding-top:var(--global-kb-spacing-sm, 1.5rem);padding-bottom:var(--global-kb-spacing-sm, 1.5rem);grid-template-columns:repeat(2, minmax(0, 1fr));}.kb-row-layout-id3794_4a959f-28 > .kt-row-layout-overlay{opacity:0.30;}@media all and (max-width: 1024px){.kb-row-layout-id3794_4a959f-28 > .kt-row-column-wrap{grid-template-columns:repeat(2, minmax(0, 1fr));}}@media all and (max-width: 767px){.kb-row-layout-id3794_4a959f-28 > .kt-row-column-wrap{grid-template-columns:minmax(0, 1fr);}}<\/style><div class=\"kb-row-layout-wrap kb-row-layout-id3794_4a959f-28 alignnone wp-block-kadence-rowlayout\"><div class=\"kt-row-column-wrap kt-has-2-columns kt-row-layout-equal kt-tab-layout-inherit kt-mobile-layout-row kt-row-valign-top\">\n<style>.kadence-column3794_386b03-f0 > .kt-inside-inner-col,.kadence-column3794_386b03-f0 > .kt-inside-inner-col:before{border-top-left-radius:0px;border-top-right-radius:0px;border-bottom-right-radius:0px;border-bottom-left-radius:0px;}.kadence-column3794_386b03-f0 > .kt-inside-inner-col{column-gap:var(--global-kb-gap-sm, 1rem);}.kadence-column3794_386b03-f0 > .kt-inside-inner-col{flex-direction:column;}.kadence-column3794_386b03-f0 > .kt-inside-inner-col > .aligncenter{width:100%;}.kadence-column3794_386b03-f0 > .kt-inside-inner-col:before{opacity:0.3;}.kadence-column3794_386b03-f0{position:relative;}@media all and (max-width: 1024px){.kadence-column3794_386b03-f0 > .kt-inside-inner-col{flex-direction:column;justify-content:center;}}@media all and (max-width: 767px){.kadence-column3794_386b03-f0 > .kt-inside-inner-col{flex-direction:column;justify-content:center;}}<\/style>\n<div class=\"wp-block-kadence-column kadence-column3794_386b03-f0\"><div class=\"kt-inside-inner-col\"><div class=\"wp-block-image\">\n<figure class=\"aligncenter size-full\"><img loading=\"lazy\" decoding=\"async\" width=\"360\" height=\"360\" src=\"https:\/\/bastideparis.fr\/ro49090-ovh\/wp-content\/uploads\/2024\/03\/canne-anglaise-bi-matiere.webp\" alt=\"\" class=\"wp-image-2637\" srcset=\"https:\/\/bastideparis.fr\/ro49090-ovh\/wp-content\/uploads\/2024\/03\/canne-anglaise-bi-matiere.webp 360w, https:\/\/bastideparis.fr\/ro49090-ovh\/wp-content\/uploads\/2024\/03\/canne-anglaise-bi-matiere-300x300.webp 300w, https:\/\/bastideparis.fr\/ro49090-ovh\/wp-content\/uploads\/2024\/03\/canne-anglaise-bi-matiere-150x150.webp 150w\" sizes=\"auto, (max-width: 360px) 100vw, 360px\" \/><\/figure>\n<\/div><\/div><\/div>\n\n\n<style>.kadence-column3794_80c0f3-c3 > .kt-inside-inner-col,.kadence-column3794_80c0f3-c3 > .kt-inside-inner-col:before{border-top-left-radius:0px;border-top-right-radius:0px;border-bottom-right-radius:0px;border-bottom-left-radius:0px;}.kadence-column3794_80c0f3-c3 > .kt-inside-inner-col{column-gap:var(--global-kb-gap-sm, 1rem);}.kadence-column3794_80c0f3-c3 > .kt-inside-inner-col{flex-direction:column;}.kadence-column3794_80c0f3-c3 > .kt-inside-inner-col > .aligncenter{width:100%;}.kadence-column3794_80c0f3-c3 > .kt-inside-inner-col:before{opacity:0.3;}.kadence-column3794_80c0f3-c3{position:relative;}@media all and (max-width: 1024px){.kadence-column3794_80c0f3-c3 > .kt-inside-inner-col{flex-direction:column;justify-content:center;}}@media all and (max-width: 767px){.kadence-column3794_80c0f3-c3 > .kt-inside-inner-col{flex-direction:column;justify-content:center;}}<\/style>\n<div class=\"wp-block-kadence-column kadence-column3794_80c0f3-c3\"><div class=\"kt-inside-inner-col\">\n<p><strong>Canne anglaise bi-mati\u00e8re Advance\u00a0&#8211; 12,20\u20ac (une prise en charge de 12,20\u20ac est possible avec une ordonnance)<\/strong><br><\/p>\n\n\n\n<ul class=\"wp-block-list\">\n<li>Poign\u00e9e bi mati\u00e8re<\/li>\n\n\n\n<li>Poign\u00e9e anatomique tr\u00e8s confortable<\/li>\n\n\n\n<li>Surface souple, agr\u00e9able au toucher<\/li>\n\n\n\n<li>Convient aux enfants et adultes de 1,35 m \u00e0 2 m\u00a0<\/li>\n\n\n\n<li>Poids max utilisateur : 140 kg<\/li>\n<\/ul>\n<\/div><\/div>\n\n<\/div><\/div>\n\n<style>.kb-row-layout-id3794_b133be-1f > .kt-row-column-wrap{align-content:start;}:where(.kb-row-layout-id3794_b133be-1f > .kt-row-column-wrap) > .wp-block-kadence-column{justify-content:start;}.kb-row-layout-id3794_b133be-1f > .kt-row-column-wrap{column-gap:var(--global-kb-gap-md, 2rem);row-gap:var(--global-kb-gap-md, 2rem);padding-top:var(--global-kb-spacing-sm, 1.5rem);padding-bottom:var(--global-kb-spacing-sm, 1.5rem);grid-template-columns:repeat(2, minmax(0, 1fr));}.kb-row-layout-id3794_b133be-1f > .kt-row-layout-overlay{opacity:0.30;}@media all and (max-width: 1024px){.kb-row-layout-id3794_b133be-1f > .kt-row-column-wrap{grid-template-columns:repeat(2, minmax(0, 1fr));}}@media all and (max-width: 767px){.kb-row-layout-id3794_b133be-1f > .kt-row-column-wrap{grid-template-columns:minmax(0, 1fr);}}<\/style><div class=\"kb-row-layout-wrap kb-row-layout-id3794_b133be-1f alignnone wp-block-kadence-rowlayout\"><div class=\"kt-row-column-wrap kt-has-2-columns kt-row-layout-equal kt-tab-layout-inherit kt-mobile-layout-row kt-row-valign-top\">\n<style>.kadence-column3794_b25ee0-f3 > .kt-inside-inner-col,.kadence-column3794_b25ee0-f3 > .kt-inside-inner-col:before{border-top-left-radius:0px;border-top-right-radius:0px;border-bottom-right-radius:0px;border-bottom-left-radius:0px;}.kadence-column3794_b25ee0-f3 > .kt-inside-inner-col{column-gap:var(--global-kb-gap-sm, 1rem);}.kadence-column3794_b25ee0-f3 > .kt-inside-inner-col{flex-direction:column;}.kadence-column3794_b25ee0-f3 > .kt-inside-inner-col > .aligncenter{width:100%;}.kadence-column3794_b25ee0-f3 > .kt-inside-inner-col:before{opacity:0.3;}.kadence-column3794_b25ee0-f3{position:relative;}@media all and (max-width: 1024px){.kadence-column3794_b25ee0-f3 > .kt-inside-inner-col{flex-direction:column;justify-content:center;}}@media all and (max-width: 767px){.kadence-column3794_b25ee0-f3 > .kt-inside-inner-col{flex-direction:column;justify-content:center;}}<\/style>\n<div class=\"wp-block-kadence-column kadence-column3794_b25ee0-f3\"><div class=\"kt-inside-inner-col\">\n<h3 class=\"wp-block-heading\">Caract\u00e9ristiques techniques de la canne anglaise<\/h3>\n\n\n\n<ul class=\"wp-block-list\">\n<li>Diam\u00e8tre de la poign\u00e9e : 2,5 cm.<\/li>\n\n\n\n<li>Diam\u00e8tre du tube de la partie inf\u00e9rieure : 19 mm.<\/li>\n\n\n\n<li>Diam\u00e8tre du Tube de la partie sup\u00e9rieure : 22 mm.<\/li>\n\n\n\n<li>Hauteur r\u00e9glable de la poign\u00e9e : 72 cm \u00e0 98 cm.<\/li>\n\n\n\n<li>Largeur du repose avant-bras : 11 cm.<\/li>\n\n\n\n<li>Longueur de l\u2019appui brachial : 22 cm.<\/li>\n\n\n\n<li>Longueur de la poign\u00e9e : 10 cm.<\/li>\n\n\n\n<li>Poids de la b\u00e9quille\u00a0: 510 g.<\/li>\n<\/ul>\n<\/div><\/div>\n\n\n<style>.kadence-column3794_c5e1b7-dd > .kt-inside-inner-col,.kadence-column3794_c5e1b7-dd > .kt-inside-inner-col:before{border-top-left-radius:0px;border-top-right-radius:0px;border-bottom-right-radius:0px;border-bottom-left-radius:0px;}.kadence-column3794_c5e1b7-dd > .kt-inside-inner-col{column-gap:var(--global-kb-gap-sm, 1rem);}.kadence-column3794_c5e1b7-dd > .kt-inside-inner-col{flex-direction:column;}.kadence-column3794_c5e1b7-dd > .kt-inside-inner-col > .aligncenter{width:100%;}.kadence-column3794_c5e1b7-dd > .kt-inside-inner-col:before{opacity:0.3;}.kadence-column3794_c5e1b7-dd{position:relative;}@media all and (max-width: 1024px){.kadence-column3794_c5e1b7-dd > .kt-inside-inner-col{flex-direction:column;justify-content:center;}}@media all and (max-width: 767px){.kadence-column3794_c5e1b7-dd > .kt-inside-inner-col{flex-direction:column;justify-content:center;}}<\/style>\n<div class=\"wp-block-kadence-column kadence-column3794_c5e1b7-dd\"><div class=\"kt-inside-inner-col\"><\/div><\/div>\n\n<\/div><\/div>","protected":false},"excerpt":{"rendered":"<p>Retour Canne anglaise bi-mati\u00e8re Advance\u00a0 Canne anglaise bi-mati\u00e8re Advance\u00a0&#8211; 12,20\u20ac (une prise en charge de 12,20\u20ac est possible avec une ordonnance) Caract\u00e9ristiques techniques de la canne anglaise<\/p>\n","protected":false},"author":1,"featured_media":0,"parent":0,"menu_order":0,"comment_status":"closed","ping_status":"closed","template":"","meta":{"content-type":"","_kad_post_transparent":"","_kad_post_title":"hide","_kad_post_layout":"","_kad_post_sidebar_id":"","_kad_post_content_style":"","_kad_post_vertical_padding":"","_kad_post_feature":"","_kad_post_feature_position":"","_kad_post_header":false,"_kad_post_footer":false,"footnotes":""},"class_list":["post-3794","page","type-page","status-publish","hentry"],"_links":{"self":[{"href":"https:\/\/bastideparis.fr\/ro49090-ovh\/index.php\/wp-json\/wp\/v2\/pages\/3794","targetHints":{"allow":["GET"]}}],"collection":[{"href":"https:\/\/bastideparis.fr\/ro49090-ovh\/index.php\/wp-json\/wp\/v2\/pages"}],"about":[{"href":"https:\/\/bastideparis.fr\/ro49090-ovh\/index.php\/wp-json\/wp\/v2\/types\/page"}],"author":[{"embeddable":true,"href":"https:\/\/bastideparis.fr\/ro49090-ovh\/index.php\/wp-json\/wp\/v2\/users\/1"}],"replies":[{"embeddable":true,"href":"https:\/\/bastideparis.fr\/ro49090-ovh\/index.php\/wp-json\/wp\/v2\/comments?post=3794"}],"version-history":[{"count":1,"href":"https:\/\/bastideparis.fr\/ro49090-ovh\/index.php\/wp-json\/wp\/v2\/pages\/3794\/revisions"}],"predecessor-version":[{"id":3796,"href":"https:\/\/bastideparis.fr\/ro49090-ovh\/index.php\/wp-json\/wp\/v2\/pages\/3794\/revisions\/3796"}],"wp:attachment":[{"href":"https:\/\/bastideparis.fr\/ro49090-ovh\/index.php\/wp-json\/wp\/v2\/media?parent=3794"}],"curies":[{"name":"wp","href":"https:\/\/api.w.org\/{rel}","templated":true}]}}