{"id":3806,"date":"2024-06-13T12:23:33","date_gmt":"2024-06-13T10:23:33","guid":{"rendered":"https:\/\/bastideparis.fr\/ro49090-ovh\/?page_id=3806"},"modified":"2024-06-13T12:23:34","modified_gmt":"2024-06-13T10:23:34","slug":"canne-anatomique-reglable-en-aluminium","status":"publish","type":"page","link":"https:\/\/bastideparis.fr\/ro49090-ovh\/index.php\/canne-anatomique-reglable-en-aluminium\/","title":{"rendered":"Canne anatomique r\u00e9glable en aluminium\u00a0"},"content":{"rendered":"\n<p><a href=\"https:\/\/bastideparis.fr\/ro49090-ovh\/index.php\/showroom-exterieur\/\">Retour<\/a><\/p>\n\n\n\n<p class=\"has-larger-font-size\">Canne anatomique r\u00e9glable en aluminium\u00a0pour gaucher ou droitier<\/p>\n\n\n<style>.kb-row-layout-id3806_c07df2-5b > .kt-row-column-wrap{align-content:start;}:where(.kb-row-layout-id3806_c07df2-5b > .kt-row-column-wrap) > .wp-block-kadence-column{justify-content:start;}.kb-row-layout-id3806_c07df2-5b > .kt-row-column-wrap{column-gap:var(--global-kb-gap-md, 2rem);row-gap:var(--global-kb-gap-md, 2rem);padding-top:var(--global-kb-spacing-sm, 1.5rem);padding-bottom:var(--global-kb-spacing-sm, 1.5rem);grid-template-columns:repeat(2, minmax(0, 1fr));}.kb-row-layout-id3806_c07df2-5b > .kt-row-layout-overlay{opacity:0.30;}@media all and (max-width: 1024px){.kb-row-layout-id3806_c07df2-5b > .kt-row-column-wrap{grid-template-columns:repeat(2, minmax(0, 1fr));}}@media all and (max-width: 767px){.kb-row-layout-id3806_c07df2-5b > .kt-row-column-wrap{grid-template-columns:minmax(0, 1fr);}}<\/style><div class=\"kb-row-layout-wrap kb-row-layout-id3806_c07df2-5b alignnone wp-block-kadence-rowlayout\"><div class=\"kt-row-column-wrap kt-has-2-columns kt-row-layout-equal kt-tab-layout-inherit kt-mobile-layout-row kt-row-valign-top\">\n<style>.kadence-column3806_0175ff-33 > .kt-inside-inner-col,.kadence-column3806_0175ff-33 > .kt-inside-inner-col:before{border-top-left-radius:0px;border-top-right-radius:0px;border-bottom-right-radius:0px;border-bottom-left-radius:0px;}.kadence-column3806_0175ff-33 > .kt-inside-inner-col{column-gap:var(--global-kb-gap-sm, 1rem);}.kadence-column3806_0175ff-33 > .kt-inside-inner-col{flex-direction:column;}.kadence-column3806_0175ff-33 > .kt-inside-inner-col > .aligncenter{width:100%;}.kadence-column3806_0175ff-33 > .kt-inside-inner-col:before{opacity:0.3;}.kadence-column3806_0175ff-33{position:relative;}@media all and (max-width: 1024px){.kadence-column3806_0175ff-33 > .kt-inside-inner-col{flex-direction:column;justify-content:center;}}@media all and (max-width: 767px){.kadence-column3806_0175ff-33 > .kt-inside-inner-col{flex-direction:column;justify-content:center;}}<\/style>\n<div class=\"wp-block-kadence-column kadence-column3806_0175ff-33\"><div class=\"kt-inside-inner-col\"><div class=\"wp-block-image\">\n<figure class=\"aligncenter size-full\"><img loading=\"lazy\" decoding=\"async\" width=\"360\" height=\"360\" src=\"https:\/\/bastideparis.fr\/ro49090-ovh\/wp-content\/uploads\/2024\/03\/anatomique-reglable-en-aluminium.webp\" alt=\"\" class=\"wp-image-2640\" srcset=\"https:\/\/bastideparis.fr\/ro49090-ovh\/wp-content\/uploads\/2024\/03\/anatomique-reglable-en-aluminium.webp 360w, https:\/\/bastideparis.fr\/ro49090-ovh\/wp-content\/uploads\/2024\/03\/anatomique-reglable-en-aluminium-300x300.webp 300w, https:\/\/bastideparis.fr\/ro49090-ovh\/wp-content\/uploads\/2024\/03\/anatomique-reglable-en-aluminium-150x150.webp 150w\" sizes=\"auto, (max-width: 360px) 100vw, 360px\" \/><\/figure>\n<\/div><\/div><\/div>\n\n\n<style>.kadence-column3806_129943-ff > .kt-inside-inner-col,.kadence-column3806_129943-ff > .kt-inside-inner-col:before{border-top-left-radius:0px;border-top-right-radius:0px;border-bottom-right-radius:0px;border-bottom-left-radius:0px;}.kadence-column3806_129943-ff > .kt-inside-inner-col{column-gap:var(--global-kb-gap-sm, 1rem);}.kadence-column3806_129943-ff > .kt-inside-inner-col{flex-direction:column;}.kadence-column3806_129943-ff > .kt-inside-inner-col > .aligncenter{width:100%;}.kadence-column3806_129943-ff > .kt-inside-inner-col:before{opacity:0.3;}.kadence-column3806_129943-ff{position:relative;}@media all and (max-width: 1024px){.kadence-column3806_129943-ff > .kt-inside-inner-col{flex-direction:column;justify-content:center;}}@media all and (max-width: 767px){.kadence-column3806_129943-ff > .kt-inside-inner-col{flex-direction:column;justify-content:center;}}<\/style>\n<div class=\"wp-block-kadence-column kadence-column3806_129943-ff\"><div class=\"kt-inside-inner-col\">\n<p><strong>Canne anatomique r\u00e9glable en aluminium\u00a0pour gaucher ou droitier &#8211; 25,90\u20ac (une prise en charge de 12,20\u20ac est possible avec une ordonnance)<br>R\u00e9f\u00e9rence droitier : 115367<br>R\u00e9f\u00e9rence gaucher : 115368<\/strong><\/p>\n\n\n\n<h2 class=\"wp-block-heading\">Description du produit<\/h2>\n\n\n\n<p>La&nbsp;<strong>Canne Fayet&nbsp;<\/strong>anatomique<strong>&nbsp;r\u00e9glable&nbsp;<\/strong>en&nbsp;<strong>aluminium<\/strong>&nbsp;permet un&nbsp;<strong>meilleur confort<\/strong>&nbsp;en s&rsquo;adaptant&nbsp;<strong>soit au droitier, soit au gaucher<\/strong>.<\/p>\n\n\n\n<p>De plus, elle est en&nbsp;<strong>aluminium<\/strong>&nbsp;pour un&nbsp;<strong>grand confort d&rsquo;utilisation<\/strong>.<\/p>\n\n\n\n<ul class=\"wp-block-list\">\n<li>Poids maximum utilisateur : 115 kg<\/li>\n\n\n\n<li>Poids : 330 g<\/li>\n\n\n\n<li>Taille r\u00e9glable : 76 \u00e0 99 cm<\/li>\n\n\n\n<li>Diam\u00e8tre sous la poign\u00e9e : 22 mm<\/li>\n\n\n\n<li>Poign\u00e9e : Droite ou Gauche<\/li>\n<\/ul>\n<\/div><\/div>\n\n<\/div><\/div>","protected":false},"excerpt":{"rendered":"<p>Retour Canne anatomique r\u00e9glable en aluminium\u00a0pour gaucher ou droitier Canne anatomique r\u00e9glable en aluminium\u00a0pour gaucher ou droitier &#8211; 25,90\u20ac (une prise en charge de 12,20\u20ac est possible avec une ordonnance)R\u00e9f\u00e9rence droitier : 115367R\u00e9f\u00e9rence gaucher : 115368 Description du produit La&nbsp;Canne Fayet&nbsp;anatomique&nbsp;r\u00e9glable&nbsp;en&nbsp;aluminium&nbsp;permet un&nbsp;meilleur confort&nbsp;en s&rsquo;adaptant&nbsp;soit au droitier, soit au gaucher. De plus, elle est en&nbsp;aluminium&nbsp;pour un&nbsp;grand&#8230;<\/p>\n","protected":false},"author":1,"featured_media":0,"parent":0,"menu_order":0,"comment_status":"closed","ping_status":"closed","template":"","meta":{"content-type":"","_kad_post_transparent":"","_kad_post_title":"hide","_kad_post_layout":"","_kad_post_sidebar_id":"","_kad_post_content_style":"","_kad_post_vertical_padding":"","_kad_post_feature":"","_kad_post_feature_position":"","_kad_post_header":false,"_kad_post_footer":false,"footnotes":""},"class_list":["post-3806","page","type-page","status-publish","hentry"],"_links":{"self":[{"href":"https:\/\/bastideparis.fr\/ro49090-ovh\/index.php\/wp-json\/wp\/v2\/pages\/3806","targetHints":{"allow":["GET"]}}],"collection":[{"href":"https:\/\/bastideparis.fr\/ro49090-ovh\/index.php\/wp-json\/wp\/v2\/pages"}],"about":[{"href":"https:\/\/bastideparis.fr\/ro49090-ovh\/index.php\/wp-json\/wp\/v2\/types\/page"}],"author":[{"embeddable":true,"href":"https:\/\/bastideparis.fr\/ro49090-ovh\/index.php\/wp-json\/wp\/v2\/users\/1"}],"replies":[{"embeddable":true,"href":"https:\/\/bastideparis.fr\/ro49090-ovh\/index.php\/wp-json\/wp\/v2\/comments?post=3806"}],"version-history":[{"count":1,"href":"https:\/\/bastideparis.fr\/ro49090-ovh\/index.php\/wp-json\/wp\/v2\/pages\/3806\/revisions"}],"predecessor-version":[{"id":3807,"href":"https:\/\/bastideparis.fr\/ro49090-ovh\/index.php\/wp-json\/wp\/v2\/pages\/3806\/revisions\/3807"}],"wp:attachment":[{"href":"https:\/\/bastideparis.fr\/ro49090-ovh\/index.php\/wp-json\/wp\/v2\/media?parent=3806"}],"curies":[{"name":"wp","href":"https:\/\/api.w.org\/{rel}","templated":true}]}}