{"id":3829,"date":"2024-06-13T12:54:59","date_gmt":"2024-06-13T10:54:59","guid":{"rendered":"https:\/\/bastideparis.fr\/ro49090-ovh\/?page_id=3829"},"modified":"2024-06-13T12:55:00","modified_gmt":"2024-06-13T10:55:00","slug":"canne-siege-pliante-3-pieds-pieds-pommier","status":"publish","type":"page","link":"https:\/\/bastideparis.fr\/ro49090-ovh\/index.php\/canne-siege-pliante-3-pieds-pieds-pommier\/","title":{"rendered":"Canne si\u00e8ge pliante 3 pieds pieds pommier"},"content":{"rendered":"\n<p><a href=\"https:\/\/bastideparis.fr\/ro49090-ovh\/index.php\/showroom-exterieur\/\">Retour<\/a><\/p>\n\n\n\n<p class=\"has-larger-font-size\">Canne si\u00e8ge pliante 3 pieds pieds pommier<\/p>\n\n\n<style>.kb-row-layout-id3829_4fee07-27 > .kt-row-column-wrap{align-content:start;}:where(.kb-row-layout-id3829_4fee07-27 > .kt-row-column-wrap) > .wp-block-kadence-column{justify-content:start;}.kb-row-layout-id3829_4fee07-27 > .kt-row-column-wrap{column-gap:var(--global-kb-gap-md, 2rem);row-gap:var(--global-kb-gap-md, 2rem);padding-top:var(--global-kb-spacing-sm, 1.5rem);padding-bottom:var(--global-kb-spacing-sm, 1.5rem);grid-template-columns:repeat(2, minmax(0, 1fr));}.kb-row-layout-id3829_4fee07-27 > .kt-row-layout-overlay{opacity:0.30;}@media all and (max-width: 1024px){.kb-row-layout-id3829_4fee07-27 > .kt-row-column-wrap{grid-template-columns:repeat(2, minmax(0, 1fr));}}@media all and (max-width: 767px){.kb-row-layout-id3829_4fee07-27 > .kt-row-column-wrap{grid-template-columns:minmax(0, 1fr);}}<\/style><div class=\"kb-row-layout-wrap kb-row-layout-id3829_4fee07-27 alignnone wp-block-kadence-rowlayout\"><div class=\"kt-row-column-wrap kt-has-2-columns kt-row-layout-equal kt-tab-layout-inherit kt-mobile-layout-row kt-row-valign-top\">\n<style>.kadence-column3829_9f966c-99 > .kt-inside-inner-col,.kadence-column3829_9f966c-99 > .kt-inside-inner-col:before{border-top-left-radius:0px;border-top-right-radius:0px;border-bottom-right-radius:0px;border-bottom-left-radius:0px;}.kadence-column3829_9f966c-99 > .kt-inside-inner-col{column-gap:var(--global-kb-gap-sm, 1rem);}.kadence-column3829_9f966c-99 > .kt-inside-inner-col{flex-direction:column;}.kadence-column3829_9f966c-99 > .kt-inside-inner-col > .aligncenter{width:100%;}.kadence-column3829_9f966c-99 > .kt-inside-inner-col:before{opacity:0.3;}.kadence-column3829_9f966c-99{position:relative;}@media all and (max-width: 1024px){.kadence-column3829_9f966c-99 > .kt-inside-inner-col{flex-direction:column;justify-content:center;}}@media all and (max-width: 767px){.kadence-column3829_9f966c-99 > .kt-inside-inner-col{flex-direction:column;justify-content:center;}}<\/style>\n<div class=\"wp-block-kadence-column kadence-column3829_9f966c-99\"><div class=\"kt-inside-inner-col\"><div class=\"wp-block-image\">\n<figure class=\"aligncenter size-full\"><img loading=\"lazy\" decoding=\"async\" width=\"360\" height=\"360\" src=\"https:\/\/bastideparis.fr\/ro49090-ovh\/wp-content\/uploads\/2024\/03\/canne-siege-pliante.webp\" alt=\"\" class=\"wp-image-2656\" srcset=\"https:\/\/bastideparis.fr\/ro49090-ovh\/wp-content\/uploads\/2024\/03\/canne-siege-pliante.webp 360w, https:\/\/bastideparis.fr\/ro49090-ovh\/wp-content\/uploads\/2024\/03\/canne-siege-pliante-300x300.webp 300w, https:\/\/bastideparis.fr\/ro49090-ovh\/wp-content\/uploads\/2024\/03\/canne-siege-pliante-150x150.webp 150w\" sizes=\"auto, (max-width: 360px) 100vw, 360px\" \/><\/figure>\n<\/div><\/div><\/div>\n\n\n<style>.kadence-column3829_a78416-db > .kt-inside-inner-col,.kadence-column3829_a78416-db > .kt-inside-inner-col:before{border-top-left-radius:0px;border-top-right-radius:0px;border-bottom-right-radius:0px;border-bottom-left-radius:0px;}.kadence-column3829_a78416-db > .kt-inside-inner-col{column-gap:var(--global-kb-gap-sm, 1rem);}.kadence-column3829_a78416-db > .kt-inside-inner-col{flex-direction:column;}.kadence-column3829_a78416-db > .kt-inside-inner-col > .aligncenter{width:100%;}.kadence-column3829_a78416-db > .kt-inside-inner-col:before{opacity:0.3;}.kadence-column3829_a78416-db{position:relative;}@media all and (max-width: 1024px){.kadence-column3829_a78416-db > .kt-inside-inner-col{flex-direction:column;justify-content:center;}}@media all and (max-width: 767px){.kadence-column3829_a78416-db > .kt-inside-inner-col{flex-direction:column;justify-content:center;}}<\/style>\n<div class=\"wp-block-kadence-column kadence-column3829_a78416-db\"><div class=\"kt-inside-inner-col\">\n<p><strong>Canne si\u00e8ge pliante 3 pieds pieds pommier &#8211; 29,90\u20ac (une prise en charge de 12,90\u20ac est possible avec une ordonnance)<br>R\u00e9f\u00e9rence : 115719<\/strong><\/p>\n\n\n\n<h2 class=\"wp-block-heading\">Caract\u00e9ristiques techniques de la Canne si\u00e8ge pliante<\/h2>\n\n\n\n<ul class=\"wp-block-list\">\n<li>R\u00e9glable en hauteur : de 90 \u00e0 100 cm par boutons poussoirs<\/li>\n\n\n\n<li>Epaisseur &#8211; Pli\u00e9 : 5,5 cm<\/li>\n\n\n\n<li>Hauteur &#8211; Assise : 46 cm \u00e0 56 cm<\/li>\n\n\n\n<li>Si\u00e8ge : 26 x 21 cm<\/li>\n\n\n\n<li>Poids : 600 grammes<\/li>\n\n\n\n<li>Mati\u00e8re : aluminium<\/li>\n\n\n\n<li>Couleur : Caf\u00e9<\/li>\n\n\n\n<li>Poids maxi support\u00e9 : 100 kg<\/li>\n\n\n\n<li>Garantie 2 ans<\/li>\n<\/ul>\n<\/div><\/div>\n\n<\/div><\/div>","protected":false},"excerpt":{"rendered":"<p>Retour Canne si\u00e8ge pliante 3 pieds pieds pommier Canne si\u00e8ge pliante 3 pieds pieds pommier &#8211; 29,90\u20ac (une prise en charge de 12,90\u20ac est possible avec une ordonnance)R\u00e9f\u00e9rence : 115719 Caract\u00e9ristiques techniques de la Canne si\u00e8ge pliante<\/p>\n","protected":false},"author":1,"featured_media":0,"parent":0,"menu_order":0,"comment_status":"closed","ping_status":"closed","template":"","meta":{"content-type":"","_kad_post_transparent":"","_kad_post_title":"hide","_kad_post_layout":"","_kad_post_sidebar_id":"","_kad_post_content_style":"","_kad_post_vertical_padding":"","_kad_post_feature":"","_kad_post_feature_position":"","_kad_post_header":false,"_kad_post_footer":false,"footnotes":""},"class_list":["post-3829","page","type-page","status-publish","hentry"],"_links":{"self":[{"href":"https:\/\/bastideparis.fr\/ro49090-ovh\/index.php\/wp-json\/wp\/v2\/pages\/3829","targetHints":{"allow":["GET"]}}],"collection":[{"href":"https:\/\/bastideparis.fr\/ro49090-ovh\/index.php\/wp-json\/wp\/v2\/pages"}],"about":[{"href":"https:\/\/bastideparis.fr\/ro49090-ovh\/index.php\/wp-json\/wp\/v2\/types\/page"}],"author":[{"embeddable":true,"href":"https:\/\/bastideparis.fr\/ro49090-ovh\/index.php\/wp-json\/wp\/v2\/users\/1"}],"replies":[{"embeddable":true,"href":"https:\/\/bastideparis.fr\/ro49090-ovh\/index.php\/wp-json\/wp\/v2\/comments?post=3829"}],"version-history":[{"count":1,"href":"https:\/\/bastideparis.fr\/ro49090-ovh\/index.php\/wp-json\/wp\/v2\/pages\/3829\/revisions"}],"predecessor-version":[{"id":3830,"href":"https:\/\/bastideparis.fr\/ro49090-ovh\/index.php\/wp-json\/wp\/v2\/pages\/3829\/revisions\/3830"}],"wp:attachment":[{"href":"https:\/\/bastideparis.fr\/ro49090-ovh\/index.php\/wp-json\/wp\/v2\/media?parent=3829"}],"curies":[{"name":"wp","href":"https:\/\/api.w.org\/{rel}","templated":true}]}}