{"id":3832,"date":"2024-06-13T13:13:25","date_gmt":"2024-06-13T11:13:25","guid":{"rendered":"https:\/\/bastideparis.fr\/ro49090-ovh\/?page_id=3832"},"modified":"2024-06-13T13:13:25","modified_gmt":"2024-06-13T11:13:25","slug":"canne-reglable-fayet-en-aluminium-bronze-et-poignee-en-bois","status":"publish","type":"page","link":"https:\/\/bastideparis.fr\/ro49090-ovh\/index.php\/canne-reglable-fayet-en-aluminium-bronze-et-poignee-en-bois\/","title":{"rendered":"Canne r\u00e9glable Fayet en Aluminium bronze et poign\u00e9e en bois"},"content":{"rendered":"\n<p><a href=\"https:\/\/bastideparis.fr\/ro49090-ovh\/index.php\/showroom-exterieur\/\">Retour<\/a><\/p>\n\n\n\n<p class=\"has-larger-font-size\">Canne r\u00e9glable Fayet en Aluminium bronze et poign\u00e9e en bois<\/p>\n\n\n<style>.kb-row-layout-id3832_990549-21 > .kt-row-column-wrap{align-content:start;}:where(.kb-row-layout-id3832_990549-21 > .kt-row-column-wrap) > .wp-block-kadence-column{justify-content:start;}.kb-row-layout-id3832_990549-21 > .kt-row-column-wrap{column-gap:var(--global-kb-gap-md, 2rem);row-gap:var(--global-kb-gap-md, 2rem);padding-top:var(--global-kb-spacing-sm, 1.5rem);padding-bottom:var(--global-kb-spacing-sm, 1.5rem);grid-template-columns:repeat(2, minmax(0, 1fr));}.kb-row-layout-id3832_990549-21 > .kt-row-layout-overlay{opacity:0.30;}@media all and (max-width: 1024px){.kb-row-layout-id3832_990549-21 > .kt-row-column-wrap{grid-template-columns:repeat(2, minmax(0, 1fr));}}@media all and (max-width: 767px){.kb-row-layout-id3832_990549-21 > .kt-row-column-wrap{grid-template-columns:minmax(0, 1fr);}}<\/style><div class=\"kb-row-layout-wrap kb-row-layout-id3832_990549-21 alignnone wp-block-kadence-rowlayout\"><div class=\"kt-row-column-wrap kt-has-2-columns kt-row-layout-equal kt-tab-layout-inherit kt-mobile-layout-row kt-row-valign-top\">\n<style>.kadence-column3832_6f7441-2e > .kt-inside-inner-col,.kadence-column3832_6f7441-2e > .kt-inside-inner-col:before{border-top-left-radius:0px;border-top-right-radius:0px;border-bottom-right-radius:0px;border-bottom-left-radius:0px;}.kadence-column3832_6f7441-2e > .kt-inside-inner-col{column-gap:var(--global-kb-gap-sm, 1rem);}.kadence-column3832_6f7441-2e > .kt-inside-inner-col{flex-direction:column;}.kadence-column3832_6f7441-2e > .kt-inside-inner-col > .aligncenter{width:100%;}.kadence-column3832_6f7441-2e > .kt-inside-inner-col:before{opacity:0.3;}.kadence-column3832_6f7441-2e{position:relative;}@media all and (max-width: 1024px){.kadence-column3832_6f7441-2e > .kt-inside-inner-col{flex-direction:column;justify-content:center;}}@media all and (max-width: 767px){.kadence-column3832_6f7441-2e > .kt-inside-inner-col{flex-direction:column;justify-content:center;}}<\/style>\n<div class=\"wp-block-kadence-column kadence-column3832_6f7441-2e\"><div class=\"kt-inside-inner-col\"><div class=\"wp-block-image\">\n<figure class=\"aligncenter size-full\"><img loading=\"lazy\" decoding=\"async\" width=\"360\" height=\"360\" src=\"https:\/\/bastideparis.fr\/ro49090-ovh\/wp-content\/uploads\/2024\/03\/fayet-aluminium-bronze-poignee-bois.webp\" alt=\"\" class=\"wp-image-2648\" srcset=\"https:\/\/bastideparis.fr\/ro49090-ovh\/wp-content\/uploads\/2024\/03\/fayet-aluminium-bronze-poignee-bois.webp 360w, https:\/\/bastideparis.fr\/ro49090-ovh\/wp-content\/uploads\/2024\/03\/fayet-aluminium-bronze-poignee-bois-300x300.webp 300w, https:\/\/bastideparis.fr\/ro49090-ovh\/wp-content\/uploads\/2024\/03\/fayet-aluminium-bronze-poignee-bois-150x150.webp 150w\" sizes=\"auto, (max-width: 360px) 100vw, 360px\" \/><\/figure>\n<\/div><\/div><\/div>\n\n\n<style>.kadence-column3832_476eea-c3 > .kt-inside-inner-col,.kadence-column3832_476eea-c3 > .kt-inside-inner-col:before{border-top-left-radius:0px;border-top-right-radius:0px;border-bottom-right-radius:0px;border-bottom-left-radius:0px;}.kadence-column3832_476eea-c3 > .kt-inside-inner-col{column-gap:var(--global-kb-gap-sm, 1rem);}.kadence-column3832_476eea-c3 > .kt-inside-inner-col{flex-direction:column;}.kadence-column3832_476eea-c3 > .kt-inside-inner-col > .aligncenter{width:100%;}.kadence-column3832_476eea-c3 > .kt-inside-inner-col:before{opacity:0.3;}.kadence-column3832_476eea-c3{position:relative;}@media all and (max-width: 1024px){.kadence-column3832_476eea-c3 > .kt-inside-inner-col{flex-direction:column;justify-content:center;}}@media all and (max-width: 767px){.kadence-column3832_476eea-c3 > .kt-inside-inner-col{flex-direction:column;justify-content:center;}}<\/style>\n<div class=\"wp-block-kadence-column kadence-column3832_476eea-c3\"><div class=\"kt-inside-inner-col\">\n<p><strong>Canne r\u00e9glable Fayet en Aluminium bronze et poign\u00e9e en bois &#8211; 21,90\u20ac (une prise en charge de 12,20\u20ac est possible avec une ordonnance)<br>R\u00e9f\u00e9rence : 115374<\/strong><\/p>\n\n\n\n<h2 class=\"wp-block-heading\">Description du produit<\/h2>\n\n\n\n<p>La&nbsp;<strong>Canne&nbsp;<\/strong>de l&rsquo;entreprise Fayet<strong>r\u00e9glable&nbsp;<\/strong>est dot\u00e9e d&rsquo;un b\u00e2ton en&nbsp;<strong>aluminium bronze<\/strong>&nbsp;et d&rsquo;une&nbsp;<strong>poign\u00e9e en bois<\/strong>, v\u00e9ritable \u00e9rable.<\/p>\n\n\n\n<p><strong>S\u00e9curisante<\/strong>, elle se&nbsp;<strong>r\u00e8gle en hauteur<\/strong>&nbsp;automatiquement et simplement par un syst\u00e8me de clips tous les 2 cm.<\/p>\n\n\n\n<p>Ainsi, elle s&rsquo;adapte&nbsp;parfaitement \u00e0 votre taille.&nbsp;<\/p>\n\n\n\n<p>Sa&nbsp;<strong>poign\u00e9e en bois<\/strong>&nbsp;permet un&nbsp;<strong>grand confort d&rsquo;utilisation<\/strong>.<\/p>\n\n\n\n<h3 class=\"wp-block-heading\">D\u00e9tails techniques de la canne&nbsp;<\/h3>\n\n\n\n<ul class=\"wp-block-list\">\n<li>Poids max utilisateur : 115 kg<\/li>\n\n\n\n<li>Poids : 300 g<\/li>\n\n\n\n<li>Taille r\u00e9glable : 77 \u00e0 100 cm<\/li>\n\n\n\n<li>Diam\u00e8tre : 22 mm<\/li>\n<\/ul>\n<\/div><\/div>\n\n<\/div><\/div>","protected":false},"excerpt":{"rendered":"<p>Retour Canne r\u00e9glable Fayet en Aluminium bronze et poign\u00e9e en bois Canne r\u00e9glable Fayet en Aluminium bronze et poign\u00e9e en bois &#8211; 21,90\u20ac (une prise en charge de 12,20\u20ac est possible avec une ordonnance)R\u00e9f\u00e9rence : 115374 Description du produit La&nbsp;Canne&nbsp;de l&rsquo;entreprise Fayetr\u00e9glable&nbsp;est dot\u00e9e d&rsquo;un b\u00e2ton en&nbsp;aluminium bronze&nbsp;et d&rsquo;une&nbsp;poign\u00e9e en bois, v\u00e9ritable \u00e9rable. S\u00e9curisante, elle se&nbsp;r\u00e8gle&#8230;<\/p>\n","protected":false},"author":1,"featured_media":0,"parent":0,"menu_order":0,"comment_status":"closed","ping_status":"closed","template":"","meta":{"content-type":"","_kad_post_transparent":"","_kad_post_title":"hide","_kad_post_layout":"","_kad_post_sidebar_id":"","_kad_post_content_style":"","_kad_post_vertical_padding":"","_kad_post_feature":"","_kad_post_feature_position":"","_kad_post_header":false,"_kad_post_footer":false,"footnotes":""},"class_list":["post-3832","page","type-page","status-publish","hentry"],"_links":{"self":[{"href":"https:\/\/bastideparis.fr\/ro49090-ovh\/index.php\/wp-json\/wp\/v2\/pages\/3832","targetHints":{"allow":["GET"]}}],"collection":[{"href":"https:\/\/bastideparis.fr\/ro49090-ovh\/index.php\/wp-json\/wp\/v2\/pages"}],"about":[{"href":"https:\/\/bastideparis.fr\/ro49090-ovh\/index.php\/wp-json\/wp\/v2\/types\/page"}],"author":[{"embeddable":true,"href":"https:\/\/bastideparis.fr\/ro49090-ovh\/index.php\/wp-json\/wp\/v2\/users\/1"}],"replies":[{"embeddable":true,"href":"https:\/\/bastideparis.fr\/ro49090-ovh\/index.php\/wp-json\/wp\/v2\/comments?post=3832"}],"version-history":[{"count":1,"href":"https:\/\/bastideparis.fr\/ro49090-ovh\/index.php\/wp-json\/wp\/v2\/pages\/3832\/revisions"}],"predecessor-version":[{"id":3833,"href":"https:\/\/bastideparis.fr\/ro49090-ovh\/index.php\/wp-json\/wp\/v2\/pages\/3832\/revisions\/3833"}],"wp:attachment":[{"href":"https:\/\/bastideparis.fr\/ro49090-ovh\/index.php\/wp-json\/wp\/v2\/media?parent=3832"}],"curies":[{"name":"wp","href":"https:\/\/api.w.org\/{rel}","templated":true}]}}