{"id":3876,"date":"2024-06-13T14:23:41","date_gmt":"2024-06-13T12:23:41","guid":{"rendered":"https:\/\/bastideparis.fr\/ro49090-ovh\/?page_id=3876"},"modified":"2024-06-13T14:23:41","modified_gmt":"2024-06-13T12:23:41","slug":"rollator-4-roues-ara-d","status":"publish","type":"page","link":"https:\/\/bastideparis.fr\/ro49090-ovh\/index.php\/rollator-4-roues-ara-d\/","title":{"rendered":"Rollator 4 roues ARA-D"},"content":{"rendered":"\n<p><a href=\"https:\/\/bastideparis.fr\/ro49090-ovh\/index.php\/showroom-exterieur\/\">Retour<\/a><\/p>\n\n\n\n<p class=\"has-larger-font-size\">Rollator 4 roues ARA-D<\/p>\n\n\n<style>.kb-row-layout-id3876_5e0ca2-6c > .kt-row-column-wrap{align-content:start;}:where(.kb-row-layout-id3876_5e0ca2-6c > .kt-row-column-wrap) > .wp-block-kadence-column{justify-content:start;}.kb-row-layout-id3876_5e0ca2-6c > .kt-row-column-wrap{column-gap:var(--global-kb-gap-md, 2rem);row-gap:var(--global-kb-gap-md, 2rem);padding-top:var(--global-kb-spacing-sm, 1.5rem);padding-bottom:var(--global-kb-spacing-sm, 1.5rem);grid-template-columns:repeat(2, minmax(0, 1fr));}.kb-row-layout-id3876_5e0ca2-6c > .kt-row-layout-overlay{opacity:0.30;}@media all and (max-width: 1024px){.kb-row-layout-id3876_5e0ca2-6c > .kt-row-column-wrap{grid-template-columns:repeat(2, minmax(0, 1fr));}}@media all and (max-width: 767px){.kb-row-layout-id3876_5e0ca2-6c > .kt-row-column-wrap{grid-template-columns:minmax(0, 1fr);}}<\/style><div class=\"kb-row-layout-wrap kb-row-layout-id3876_5e0ca2-6c alignnone wp-block-kadence-rowlayout\"><div class=\"kt-row-column-wrap kt-has-2-columns kt-row-layout-equal kt-tab-layout-inherit kt-mobile-layout-row kt-row-valign-top\">\n<style>.kadence-column3876_00e600-c8 > .kt-inside-inner-col,.kadence-column3876_00e600-c8 > .kt-inside-inner-col:before{border-top-left-radius:0px;border-top-right-radius:0px;border-bottom-right-radius:0px;border-bottom-left-radius:0px;}.kadence-column3876_00e600-c8 > .kt-inside-inner-col{column-gap:var(--global-kb-gap-sm, 1rem);}.kadence-column3876_00e600-c8 > .kt-inside-inner-col{flex-direction:column;}.kadence-column3876_00e600-c8 > .kt-inside-inner-col > .aligncenter{width:100%;}.kadence-column3876_00e600-c8 > .kt-inside-inner-col:before{opacity:0.3;}.kadence-column3876_00e600-c8{position:relative;}@media all and (max-width: 1024px){.kadence-column3876_00e600-c8 > .kt-inside-inner-col{flex-direction:column;justify-content:center;}}@media all and (max-width: 767px){.kadence-column3876_00e600-c8 > .kt-inside-inner-col{flex-direction:column;justify-content:center;}}<\/style>\n<div class=\"wp-block-kadence-column kadence-column3876_00e600-c8\"><div class=\"kt-inside-inner-col\"><div class=\"wp-block-image\">\n<figure class=\"aligncenter size-full\"><img loading=\"lazy\" decoding=\"async\" width=\"360\" height=\"360\" src=\"https:\/\/bastideparis.fr\/ro49090-ovh\/wp-content\/uploads\/2024\/02\/ARA-D.webp\" alt=\"\" class=\"wp-image-2580\" srcset=\"https:\/\/bastideparis.fr\/ro49090-ovh\/wp-content\/uploads\/2024\/02\/ARA-D.webp 360w, https:\/\/bastideparis.fr\/ro49090-ovh\/wp-content\/uploads\/2024\/02\/ARA-D-300x300.webp 300w, https:\/\/bastideparis.fr\/ro49090-ovh\/wp-content\/uploads\/2024\/02\/ARA-D-150x150.webp 150w\" sizes=\"auto, (max-width: 360px) 100vw, 360px\" \/><\/figure>\n<\/div><\/div><\/div>\n\n\n<style>.kadence-column3876_b0beb9-6a > .kt-inside-inner-col,.kadence-column3876_b0beb9-6a > .kt-inside-inner-col:before{border-top-left-radius:0px;border-top-right-radius:0px;border-bottom-right-radius:0px;border-bottom-left-radius:0px;}.kadence-column3876_b0beb9-6a > .kt-inside-inner-col{column-gap:var(--global-kb-gap-sm, 1rem);}.kadence-column3876_b0beb9-6a > .kt-inside-inner-col{flex-direction:column;}.kadence-column3876_b0beb9-6a > .kt-inside-inner-col > .aligncenter{width:100%;}.kadence-column3876_b0beb9-6a > .kt-inside-inner-col:before{opacity:0.3;}.kadence-column3876_b0beb9-6a{position:relative;}@media all and (max-width: 1024px){.kadence-column3876_b0beb9-6a > .kt-inside-inner-col{flex-direction:column;justify-content:center;}}@media all and (max-width: 767px){.kadence-column3876_b0beb9-6a > .kt-inside-inner-col{flex-direction:column;justify-content:center;}}<\/style>\n<div class=\"wp-block-kadence-column kadence-column3876_b0beb9-6a\"><div class=\"kt-inside-inner-col\">\n<p><strong>Rollator 4 roues ARA-D &#8211; 138,81\u20ac (une prise en charge de 53,81\u20ac est possible avec une ordonnance)<br>R\u00e9f\u00e9rence coloris vert : 112721<br>R\u00e9f\u00e9rence coloris turquoise : 112722<\/strong><\/p>\n\n\n\n<p>Le&nbsp;<strong>d\u00e9ambulateur rollator Ara-D<\/strong>&nbsp;dispose de&nbsp;<strong>4 roues<\/strong>, dont<strong>&nbsp;deux pivotantes \u00e0 l&rsquo;avant<\/strong>.<\/p>\n\n\n\n<p>Ce rollator 4 roues Ara-D garantit une&nbsp;<strong>maniabilit\u00e9 optimale<\/strong>, facilitant les d\u00e9placements en toute s\u00e9curit\u00e9.&nbsp;<\/p>\n\n\n\n<ul class=\"wp-block-list\">\n<li><strong>L\u00e9ger\u00a0<\/strong>: il ne p\u00e8se que 3,2 kg !\u00a0Ce rollator est maniable et facilite les d\u00e9placements en toute s\u00e9curit\u00e9.<\/li>\n\n\n\n<li><strong>Pliable\u00a0<\/strong>et\u00a0<strong>dot\u00e9 de poign\u00e9es anatomiques<\/strong>, le rollator Ara-D est le compagnon id\u00e9al pour ceux qui recherchent praticit\u00e9, confort et libert\u00e9 de mouvement. La structure de ce rollator pliable est id\u00e9ale pour le transport et le rangement.\u00a0<\/li>\n\n\n\n<li>Comprend une\u00a0<strong>assise\u00a0<\/strong>et\u00a0<strong>2 poign\u00e9es anatomiques\u00a0<\/strong>pour se relever en douceur.\u00a0<\/li>\n\n\n\n<li>Structure en\u00a0<strong>aluminium\u00a0<\/strong>et pi\u00e8ces en thermoplastique.<\/li>\n<\/ul>\n<\/div><\/div>\n\n<\/div><\/div>\n\n<style>.kb-row-layout-id3876_f94407-0f > .kt-row-column-wrap{align-content:start;}:where(.kb-row-layout-id3876_f94407-0f > .kt-row-column-wrap) > .wp-block-kadence-column{justify-content:start;}.kb-row-layout-id3876_f94407-0f > .kt-row-column-wrap{column-gap:var(--global-kb-gap-md, 2rem);row-gap:var(--global-kb-gap-md, 2rem);padding-top:var(--global-kb-spacing-sm, 1.5rem);padding-bottom:var(--global-kb-spacing-sm, 1.5rem);grid-template-columns:repeat(2, minmax(0, 1fr));}.kb-row-layout-id3876_f94407-0f > .kt-row-layout-overlay{opacity:0.30;}@media all and (max-width: 1024px){.kb-row-layout-id3876_f94407-0f > .kt-row-column-wrap{grid-template-columns:repeat(2, minmax(0, 1fr));}}@media all and (max-width: 767px){.kb-row-layout-id3876_f94407-0f > .kt-row-column-wrap{grid-template-columns:minmax(0, 1fr);}}<\/style><div class=\"kb-row-layout-wrap kb-row-layout-id3876_f94407-0f alignnone wp-block-kadence-rowlayout\"><div class=\"kt-row-column-wrap kt-has-2-columns kt-row-layout-equal kt-tab-layout-inherit kt-mobile-layout-row kt-row-valign-top\">\n<style>.kadence-column3876_43bc96-e3 > .kt-inside-inner-col,.kadence-column3876_43bc96-e3 > .kt-inside-inner-col:before{border-top-left-radius:0px;border-top-right-radius:0px;border-bottom-right-radius:0px;border-bottom-left-radius:0px;}.kadence-column3876_43bc96-e3 > .kt-inside-inner-col{column-gap:var(--global-kb-gap-sm, 1rem);}.kadence-column3876_43bc96-e3 > .kt-inside-inner-col{flex-direction:column;}.kadence-column3876_43bc96-e3 > .kt-inside-inner-col > .aligncenter{width:100%;}.kadence-column3876_43bc96-e3 > .kt-inside-inner-col:before{opacity:0.3;}.kadence-column3876_43bc96-e3{position:relative;}@media all and (max-width: 1024px){.kadence-column3876_43bc96-e3 > .kt-inside-inner-col{flex-direction:column;justify-content:center;}}@media all and (max-width: 767px){.kadence-column3876_43bc96-e3 > .kt-inside-inner-col{flex-direction:column;justify-content:center;}}<\/style>\n<div class=\"wp-block-kadence-column kadence-column3876_43bc96-e3\"><div class=\"kt-inside-inner-col\">\n<p><strong>Hauteur R\u00e9glable et Assise Confortable :<\/strong>&nbsp;La hauteur r\u00e9glable du d\u00e9ambulateur (83 \u2013 95 cm) permet une adaptation personnalis\u00e9e \u00e0 la taille de l&rsquo;utilisateur, garantissant une posture confortable.&nbsp;<\/p>\n\n\n\n<p>L&rsquo;assise g\u00e9n\u00e9reuse de 26 x 40 cm offre un lieu de repos pratique avec une hauteur de 53 cm.<\/p>\n\n\n\n<h2 class=\"wp-block-heading\">CARACTERISTIQUES DU ROLLATOR 4 ROUES ARA-D<\/h2>\n\n\n\n<p>Largeur : 57 cm<br>Profondeur : 66 cm<br>Hauteur r\u00e9glable : 83 \u2013 95 cm<br>Hauteur assise : 53 cm<\/p>\n\n\n\n<p>Assise : 26 x 40 cm<br>Poids : 3,2 kg<br>Poids max support\u00e9 : 130 kg<\/p>\n<\/div><\/div>\n\n\n<style>.kadence-column3876_554ce5-2f > .kt-inside-inner-col,.kadence-column3876_554ce5-2f > .kt-inside-inner-col:before{border-top-left-radius:0px;border-top-right-radius:0px;border-bottom-right-radius:0px;border-bottom-left-radius:0px;}.kadence-column3876_554ce5-2f > .kt-inside-inner-col{column-gap:var(--global-kb-gap-sm, 1rem);}.kadence-column3876_554ce5-2f > .kt-inside-inner-col{flex-direction:column;}.kadence-column3876_554ce5-2f > .kt-inside-inner-col > .aligncenter{width:100%;}.kadence-column3876_554ce5-2f > .kt-inside-inner-col:before{opacity:0.3;}.kadence-column3876_554ce5-2f{position:relative;}@media all and (max-width: 1024px){.kadence-column3876_554ce5-2f > .kt-inside-inner-col{flex-direction:column;justify-content:center;}}@media all and (max-width: 767px){.kadence-column3876_554ce5-2f > .kt-inside-inner-col{flex-direction:column;justify-content:center;}}<\/style>\n<div class=\"wp-block-kadence-column kadence-column3876_554ce5-2f\"><div class=\"kt-inside-inner-col\"><\/div><\/div>\n\n<\/div><\/div>","protected":false},"excerpt":{"rendered":"<p>Retour Rollator 4 roues ARA-D Rollator 4 roues ARA-D &#8211; 138,81\u20ac (une prise en charge de 53,81\u20ac est possible avec une ordonnance)R\u00e9f\u00e9rence coloris vert : 112721R\u00e9f\u00e9rence coloris turquoise : 112722 Le&nbsp;d\u00e9ambulateur rollator Ara-D&nbsp;dispose de&nbsp;4 roues, dont&nbsp;deux pivotantes \u00e0 l&rsquo;avant. Ce rollator 4 roues Ara-D garantit une&nbsp;maniabilit\u00e9 optimale, facilitant les d\u00e9placements en toute s\u00e9curit\u00e9.&nbsp; Hauteur R\u00e9glable&#8230;<\/p>\n","protected":false},"author":1,"featured_media":0,"parent":0,"menu_order":0,"comment_status":"closed","ping_status":"closed","template":"","meta":{"content-type":"","_kad_post_transparent":"","_kad_post_title":"hide","_kad_post_layout":"","_kad_post_sidebar_id":"","_kad_post_content_style":"","_kad_post_vertical_padding":"","_kad_post_feature":"","_kad_post_feature_position":"","_kad_post_header":false,"_kad_post_footer":false,"footnotes":""},"class_list":["post-3876","page","type-page","status-publish","hentry"],"_links":{"self":[{"href":"https:\/\/bastideparis.fr\/ro49090-ovh\/index.php\/wp-json\/wp\/v2\/pages\/3876","targetHints":{"allow":["GET"]}}],"collection":[{"href":"https:\/\/bastideparis.fr\/ro49090-ovh\/index.php\/wp-json\/wp\/v2\/pages"}],"about":[{"href":"https:\/\/bastideparis.fr\/ro49090-ovh\/index.php\/wp-json\/wp\/v2\/types\/page"}],"author":[{"embeddable":true,"href":"https:\/\/bastideparis.fr\/ro49090-ovh\/index.php\/wp-json\/wp\/v2\/users\/1"}],"replies":[{"embeddable":true,"href":"https:\/\/bastideparis.fr\/ro49090-ovh\/index.php\/wp-json\/wp\/v2\/comments?post=3876"}],"version-history":[{"count":1,"href":"https:\/\/bastideparis.fr\/ro49090-ovh\/index.php\/wp-json\/wp\/v2\/pages\/3876\/revisions"}],"predecessor-version":[{"id":3877,"href":"https:\/\/bastideparis.fr\/ro49090-ovh\/index.php\/wp-json\/wp\/v2\/pages\/3876\/revisions\/3877"}],"wp:attachment":[{"href":"https:\/\/bastideparis.fr\/ro49090-ovh\/index.php\/wp-json\/wp\/v2\/media?parent=3876"}],"curies":[{"name":"wp","href":"https:\/\/api.w.org\/{rel}","templated":true}]}}