{"id":3882,"date":"2024-06-13T14:32:16","date_gmt":"2024-06-13T12:32:16","guid":{"rendered":"https:\/\/bastideparis.fr\/ro49090-ovh\/?page_id=3882"},"modified":"2024-06-13T14:32:17","modified_gmt":"2024-06-13T12:32:17","slug":"rollator-4-roues-alu-citrus-exterieur","status":"publish","type":"page","link":"https:\/\/bastideparis.fr\/ro49090-ovh\/index.php\/rollator-4-roues-alu-citrus-exterieur\/","title":{"rendered":"ROLLATOR 4 ROUES ALU CITRUS EXTERIEUR"},"content":{"rendered":"\n<p><a href=\"https:\/\/bastideparis.fr\/ro49090-ovh\/index.php\/showroom-exterieur\/\">Retour<\/a><\/p>\n\n\n\n<p class=\"has-larger-font-size\">ROLLATOR 4 ROUES ALU CITRUS EXTERIEUR<\/p>\n\n\n<style>.kb-row-layout-id3882_30eea8-f0 > .kt-row-column-wrap{align-content:start;}:where(.kb-row-layout-id3882_30eea8-f0 > .kt-row-column-wrap) > .wp-block-kadence-column{justify-content:start;}.kb-row-layout-id3882_30eea8-f0 > .kt-row-column-wrap{column-gap:var(--global-kb-gap-md, 2rem);row-gap:var(--global-kb-gap-md, 2rem);padding-top:var(--global-kb-spacing-sm, 1.5rem);padding-bottom:var(--global-kb-spacing-sm, 1.5rem);grid-template-columns:repeat(2, minmax(0, 1fr));}.kb-row-layout-id3882_30eea8-f0 > .kt-row-layout-overlay{opacity:0.30;}@media all and (max-width: 1024px){.kb-row-layout-id3882_30eea8-f0 > .kt-row-column-wrap{grid-template-columns:repeat(2, minmax(0, 1fr));}}@media all and (max-width: 767px){.kb-row-layout-id3882_30eea8-f0 > .kt-row-column-wrap{grid-template-columns:minmax(0, 1fr);}}<\/style><div class=\"kb-row-layout-wrap kb-row-layout-id3882_30eea8-f0 alignnone wp-block-kadence-rowlayout\"><div class=\"kt-row-column-wrap kt-has-2-columns kt-row-layout-equal kt-tab-layout-inherit kt-mobile-layout-row kt-row-valign-top\">\n<style>.kadence-column3882_2a21a5-6b > .kt-inside-inner-col,.kadence-column3882_2a21a5-6b > .kt-inside-inner-col:before{border-top-left-radius:0px;border-top-right-radius:0px;border-bottom-right-radius:0px;border-bottom-left-radius:0px;}.kadence-column3882_2a21a5-6b > .kt-inside-inner-col{column-gap:var(--global-kb-gap-sm, 1rem);}.kadence-column3882_2a21a5-6b > .kt-inside-inner-col{flex-direction:column;}.kadence-column3882_2a21a5-6b > .kt-inside-inner-col > .aligncenter{width:100%;}.kadence-column3882_2a21a5-6b > .kt-inside-inner-col:before{opacity:0.3;}.kadence-column3882_2a21a5-6b{position:relative;}@media all and (max-width: 1024px){.kadence-column3882_2a21a5-6b > .kt-inside-inner-col{flex-direction:column;justify-content:center;}}@media all and (max-width: 767px){.kadence-column3882_2a21a5-6b > .kt-inside-inner-col{flex-direction:column;justify-content:center;}}<\/style>\n<div class=\"wp-block-kadence-column kadence-column3882_2a21a5-6b\"><div class=\"kt-inside-inner-col\"><div class=\"wp-block-image\">\n<figure class=\"aligncenter size-full\"><img loading=\"lazy\" decoding=\"async\" width=\"304\" height=\"360\" src=\"https:\/\/bastideparis.fr\/ro49090-ovh\/wp-content\/uploads\/2024\/03\/CITRUS.webp\" alt=\"\" class=\"wp-image-2671\" srcset=\"https:\/\/bastideparis.fr\/ro49090-ovh\/wp-content\/uploads\/2024\/03\/CITRUS.webp 304w, https:\/\/bastideparis.fr\/ro49090-ovh\/wp-content\/uploads\/2024\/03\/CITRUS-253x300.webp 253w\" sizes=\"auto, (max-width: 304px) 100vw, 304px\" \/><\/figure>\n<\/div><\/div><\/div>\n\n\n<style>.kadence-column3882_fa9c25-2b > .kt-inside-inner-col,.kadence-column3882_fa9c25-2b > .kt-inside-inner-col:before{border-top-left-radius:0px;border-top-right-radius:0px;border-bottom-right-radius:0px;border-bottom-left-radius:0px;}.kadence-column3882_fa9c25-2b > .kt-inside-inner-col{column-gap:var(--global-kb-gap-sm, 1rem);}.kadence-column3882_fa9c25-2b > .kt-inside-inner-col{flex-direction:column;}.kadence-column3882_fa9c25-2b > .kt-inside-inner-col > .aligncenter{width:100%;}.kadence-column3882_fa9c25-2b > .kt-inside-inner-col:before{opacity:0.3;}.kadence-column3882_fa9c25-2b{position:relative;}@media all and (max-width: 1024px){.kadence-column3882_fa9c25-2b > .kt-inside-inner-col{flex-direction:column;justify-content:center;}}@media all and (max-width: 767px){.kadence-column3882_fa9c25-2b > .kt-inside-inner-col{flex-direction:column;justify-content:center;}}<\/style>\n<div class=\"wp-block-kadence-column kadence-column3882_fa9c25-2b\"><div class=\"kt-inside-inner-col\">\n<p><strong>ROLLATOR 4 ROUES ALU CITRUS EXTERIEUR &#8211; 149\u20ac (une prise en charge de 53,81\u20ac est possible avec une ordonnance)<br>R\u00e9f\u00e9rence : 115718<\/strong><\/p>\n\n\n\n<h2 class=\"wp-block-heading\">Caract\u00e9ristiques<\/h2>\n\n\n\n<p>Largeur : Ouvert 65 cm \/ Pli\u00e9 26.5 cm<br>Profondeur : 72 cm<br>Hauteur Minimum \/ maximum aux poign\u00e9es : 82 \u00e0 94 cm<br>Hauteur sol-si\u00e8ge : 54 cm<br>Dimension du si\u00e8ge : 45 x 25 cm<br>Mati\u00e8re : aluminium<br>Couleur : gris<br>Diam\u00e8tre des 4 roues : 20 cm<br>Poids : 9 Kg<br>Charge maximale du panier de course : 5 Kg<br>Poids maximum utilisateur : 136 Kg<br>Garantie 2 ans<\/p>\n<\/div><\/div>\n\n<\/div><\/div>","protected":false},"excerpt":{"rendered":"<p>Retour ROLLATOR 4 ROUES ALU CITRUS EXTERIEUR ROLLATOR 4 ROUES ALU CITRUS EXTERIEUR &#8211; 149\u20ac (une prise en charge de 53,81\u20ac est possible avec une ordonnance)R\u00e9f\u00e9rence : 115718 Caract\u00e9ristiques Largeur : Ouvert 65 cm \/ Pli\u00e9 26.5 cmProfondeur : 72 cmHauteur Minimum \/ maximum aux poign\u00e9es : 82 \u00e0 94 cmHauteur sol-si\u00e8ge : 54 cmDimension&#8230;<\/p>\n","protected":false},"author":1,"featured_media":0,"parent":0,"menu_order":0,"comment_status":"closed","ping_status":"closed","template":"","meta":{"content-type":"","_kad_post_transparent":"","_kad_post_title":"hide","_kad_post_layout":"","_kad_post_sidebar_id":"","_kad_post_content_style":"","_kad_post_vertical_padding":"","_kad_post_feature":"","_kad_post_feature_position":"","_kad_post_header":false,"_kad_post_footer":false,"footnotes":""},"class_list":["post-3882","page","type-page","status-publish","hentry"],"_links":{"self":[{"href":"https:\/\/bastideparis.fr\/ro49090-ovh\/index.php\/wp-json\/wp\/v2\/pages\/3882","targetHints":{"allow":["GET"]}}],"collection":[{"href":"https:\/\/bastideparis.fr\/ro49090-ovh\/index.php\/wp-json\/wp\/v2\/pages"}],"about":[{"href":"https:\/\/bastideparis.fr\/ro49090-ovh\/index.php\/wp-json\/wp\/v2\/types\/page"}],"author":[{"embeddable":true,"href":"https:\/\/bastideparis.fr\/ro49090-ovh\/index.php\/wp-json\/wp\/v2\/users\/1"}],"replies":[{"embeddable":true,"href":"https:\/\/bastideparis.fr\/ro49090-ovh\/index.php\/wp-json\/wp\/v2\/comments?post=3882"}],"version-history":[{"count":1,"href":"https:\/\/bastideparis.fr\/ro49090-ovh\/index.php\/wp-json\/wp\/v2\/pages\/3882\/revisions"}],"predecessor-version":[{"id":3883,"href":"https:\/\/bastideparis.fr\/ro49090-ovh\/index.php\/wp-json\/wp\/v2\/pages\/3882\/revisions\/3883"}],"wp:attachment":[{"href":"https:\/\/bastideparis.fr\/ro49090-ovh\/index.php\/wp-json\/wp\/v2\/media?parent=3882"}],"curies":[{"name":"wp","href":"https:\/\/api.w.org\/{rel}","templated":true}]}}