{"id":3892,"date":"2024-06-13T14:50:29","date_gmt":"2024-06-13T12:50:29","guid":{"rendered":"https:\/\/bastideparis.fr\/ro49090-ovh\/?page_id=3892"},"modified":"2024-06-13T14:50:30","modified_gmt":"2024-06-13T12:50:30","slug":"deambulateur-interieur-4-roues-roomba","status":"publish","type":"page","link":"https:\/\/bastideparis.fr\/ro49090-ovh\/index.php\/deambulateur-interieur-4-roues-roomba\/","title":{"rendered":"D\u00e9ambulateur int\u00e9rieur 4 roues Roomba"},"content":{"rendered":"\n<p><a href=\"https:\/\/bastideparis.fr\/ro49090-ovh\/index.php\/showroom-exterieur\/\">Retour<\/a><\/p>\n\n\n\n<p class=\"has-larger-font-size\">D\u00e9ambulateur int\u00e9rieur 4 roues Roomba<\/p>\n\n\n<style>.kb-row-layout-id3892_db2675-b4 > .kt-row-column-wrap{align-content:start;}:where(.kb-row-layout-id3892_db2675-b4 > .kt-row-column-wrap) > .wp-block-kadence-column{justify-content:start;}.kb-row-layout-id3892_db2675-b4 > .kt-row-column-wrap{column-gap:var(--global-kb-gap-md, 2rem);row-gap:var(--global-kb-gap-md, 2rem);padding-top:var(--global-kb-spacing-sm, 1.5rem);padding-bottom:var(--global-kb-spacing-sm, 1.5rem);grid-template-columns:repeat(2, minmax(0, 1fr));}.kb-row-layout-id3892_db2675-b4 > .kt-row-layout-overlay{opacity:0.30;}@media all and (max-width: 1024px){.kb-row-layout-id3892_db2675-b4 > .kt-row-column-wrap{grid-template-columns:repeat(2, minmax(0, 1fr));}}@media all and (max-width: 767px){.kb-row-layout-id3892_db2675-b4 > .kt-row-column-wrap{grid-template-columns:minmax(0, 1fr);}}<\/style><div class=\"kb-row-layout-wrap kb-row-layout-id3892_db2675-b4 alignnone wp-block-kadence-rowlayout\"><div class=\"kt-row-column-wrap kt-has-2-columns kt-row-layout-equal kt-tab-layout-inherit kt-mobile-layout-row kt-row-valign-top\">\n<style>.kadence-column3892_cec089-98 > .kt-inside-inner-col,.kadence-column3892_cec089-98 > .kt-inside-inner-col:before{border-top-left-radius:0px;border-top-right-radius:0px;border-bottom-right-radius:0px;border-bottom-left-radius:0px;}.kadence-column3892_cec089-98 > .kt-inside-inner-col{column-gap:var(--global-kb-gap-sm, 1rem);}.kadence-column3892_cec089-98 > .kt-inside-inner-col{flex-direction:column;}.kadence-column3892_cec089-98 > .kt-inside-inner-col > .aligncenter{width:100%;}.kadence-column3892_cec089-98 > .kt-inside-inner-col:before{opacity:0.3;}.kadence-column3892_cec089-98{position:relative;}@media all and (max-width: 1024px){.kadence-column3892_cec089-98 > .kt-inside-inner-col{flex-direction:column;justify-content:center;}}@media all and (max-width: 767px){.kadence-column3892_cec089-98 > .kt-inside-inner-col{flex-direction:column;justify-content:center;}}<\/style>\n<div class=\"wp-block-kadence-column kadence-column3892_cec089-98\"><div class=\"kt-inside-inner-col\"><div class=\"wp-block-image\">\n<figure class=\"aligncenter size-full\"><img loading=\"lazy\" decoding=\"async\" width=\"800\" height=\"800\" src=\"https:\/\/bastideparis.fr\/ro49090-ovh\/wp-content\/uploads\/2024\/06\/ROOMBA.webp\" alt=\"\" class=\"wp-image-3891\" srcset=\"https:\/\/bastideparis.fr\/ro49090-ovh\/wp-content\/uploads\/2024\/06\/ROOMBA.webp 800w, https:\/\/bastideparis.fr\/ro49090-ovh\/wp-content\/uploads\/2024\/06\/ROOMBA-300x300.webp 300w, https:\/\/bastideparis.fr\/ro49090-ovh\/wp-content\/uploads\/2024\/06\/ROOMBA-150x150.webp 150w, https:\/\/bastideparis.fr\/ro49090-ovh\/wp-content\/uploads\/2024\/06\/ROOMBA-768x768.webp 768w\" sizes=\"auto, (max-width: 800px) 100vw, 800px\" \/><\/figure>\n<\/div><\/div><\/div>\n\n\n<style>.kadence-column3892_75254c-a7 > .kt-inside-inner-col,.kadence-column3892_75254c-a7 > .kt-inside-inner-col:before{border-top-left-radius:0px;border-top-right-radius:0px;border-bottom-right-radius:0px;border-bottom-left-radius:0px;}.kadence-column3892_75254c-a7 > .kt-inside-inner-col{column-gap:var(--global-kb-gap-sm, 1rem);}.kadence-column3892_75254c-a7 > .kt-inside-inner-col{flex-direction:column;}.kadence-column3892_75254c-a7 > .kt-inside-inner-col > .aligncenter{width:100%;}.kadence-column3892_75254c-a7 > .kt-inside-inner-col:before{opacity:0.3;}.kadence-column3892_75254c-a7{position:relative;}@media all and (max-width: 1024px){.kadence-column3892_75254c-a7 > .kt-inside-inner-col{flex-direction:column;justify-content:center;}}@media all and (max-width: 767px){.kadence-column3892_75254c-a7 > .kt-inside-inner-col{flex-direction:column;justify-content:center;}}<\/style>\n<div class=\"wp-block-kadence-column kadence-column3892_75254c-a7\"><div class=\"kt-inside-inner-col\">\n<p><strong>D\u00e9ambulateur int\u00e9rieur 4 roues Roomba &#8211; 126\u20ac (une prise en charge de 53,81\u20ac est possible avec une ordonnance)<br>R\u00e9f\u00e9rence : 117785<\/strong><\/p>\n\n\n\n<h2 class=\"wp-block-heading\">Description du produit<\/h2>\n\n\n\n<p>Le\u00a0<strong>Rollator d&rsquo;int\u00e9rieur Roomba<\/strong>\u00a0est sp\u00e9cialement con\u00e7u pour offrir une mobilit\u00e9 optimale dans les espaces int\u00e9rieurs restreints. Avec sa petite largeur, il permet de naviguer ais\u00e9ment dans les couloirs \u00e9troits et les portes. La poign\u00e9e \u00e0 pousser r\u00e9glable en hauteur est \u00e9quip\u00e9e d&rsquo;un freinage centralis\u00e9, garantissant une s\u00e9curit\u00e9 maximale lors de son utilisation. Pour une autonomie accrue, ce rollator est fourni avec un panier et un plateau de s\u00e9rie, parfaits pour transporter des objets personnels ou des courses. Sa conception l\u00e9g\u00e8re et maniable assure un confort d&rsquo;utilisation exceptionnel, tandis que sa capacit\u00e9 \u00e0 \u00eatre pli\u00e9 facilite son transport et son rangement. <\/p>\n<\/div><\/div>\n\n<\/div><\/div>\n\n<style>.kb-row-layout-id3892_33dad8-46 > .kt-row-column-wrap{align-content:start;}:where(.kb-row-layout-id3892_33dad8-46 > .kt-row-column-wrap) > .wp-block-kadence-column{justify-content:start;}.kb-row-layout-id3892_33dad8-46 > .kt-row-column-wrap{column-gap:var(--global-kb-gap-md, 2rem);row-gap:var(--global-kb-gap-md, 2rem);padding-top:var(--global-kb-spacing-sm, 1.5rem);padding-bottom:var(--global-kb-spacing-sm, 1.5rem);grid-template-columns:repeat(2, minmax(0, 1fr));}.kb-row-layout-id3892_33dad8-46 > .kt-row-layout-overlay{opacity:0.30;}@media all and (max-width: 1024px){.kb-row-layout-id3892_33dad8-46 > .kt-row-column-wrap{grid-template-columns:repeat(2, minmax(0, 1fr));}}@media all and (max-width: 767px){.kb-row-layout-id3892_33dad8-46 > .kt-row-column-wrap{grid-template-columns:minmax(0, 1fr);}}<\/style><div class=\"kb-row-layout-wrap kb-row-layout-id3892_33dad8-46 alignnone wp-block-kadence-rowlayout\"><div class=\"kt-row-column-wrap kt-has-2-columns kt-row-layout-equal kt-tab-layout-inherit kt-mobile-layout-row kt-row-valign-top\">\n<style>.kadence-column3892_25e524-0a > .kt-inside-inner-col,.kadence-column3892_25e524-0a > .kt-inside-inner-col:before{border-top-left-radius:0px;border-top-right-radius:0px;border-bottom-right-radius:0px;border-bottom-left-radius:0px;}.kadence-column3892_25e524-0a > .kt-inside-inner-col{column-gap:var(--global-kb-gap-sm, 1rem);}.kadence-column3892_25e524-0a > .kt-inside-inner-col{flex-direction:column;}.kadence-column3892_25e524-0a > .kt-inside-inner-col > .aligncenter{width:100%;}.kadence-column3892_25e524-0a > .kt-inside-inner-col:before{opacity:0.3;}.kadence-column3892_25e524-0a{position:relative;}@media all and (max-width: 1024px){.kadence-column3892_25e524-0a > .kt-inside-inner-col{flex-direction:column;justify-content:center;}}@media all and (max-width: 767px){.kadence-column3892_25e524-0a > .kt-inside-inner-col{flex-direction:column;justify-content:center;}}<\/style>\n<div class=\"wp-block-kadence-column kadence-column3892_25e524-0a\"><div class=\"kt-inside-inner-col\">\n<ul class=\"wp-block-list\">\n<li>Longueur totale: 51,5 cm<\/li>\n\n\n\n<li>Largeur totale : 57 cm<\/li>\n\n\n\n<li>Hauteur totale : 94,1 cm<\/li>\n\n\n\n<li>Hauteur des poign\u00e9es : 81,4 &#8211; 94,1 cm<\/li>\n\n\n\n<li>Largeur entre les roues arri\u00e8re : 44 cm<\/li>\n\n\n\n<li>Dimensions du rollator pli\u00e9 : 29 x 55 x 83 cm<\/li>\n\n\n\n<li>Poids : 5,6 kg<\/li>\n\n\n\n<li>Charge maximale : 100 kg<\/li>\n\n\n\n<li>Mat\u00e9riau du cadre : Aluminium<\/li>\n<\/ul>\n<\/div><\/div>\n\n\n<style>.kadence-column3892_cf6026-2c > .kt-inside-inner-col,.kadence-column3892_cf6026-2c > .kt-inside-inner-col:before{border-top-left-radius:0px;border-top-right-radius:0px;border-bottom-right-radius:0px;border-bottom-left-radius:0px;}.kadence-column3892_cf6026-2c > .kt-inside-inner-col{column-gap:var(--global-kb-gap-sm, 1rem);}.kadence-column3892_cf6026-2c > .kt-inside-inner-col{flex-direction:column;}.kadence-column3892_cf6026-2c > .kt-inside-inner-col > .aligncenter{width:100%;}.kadence-column3892_cf6026-2c > .kt-inside-inner-col:before{opacity:0.3;}.kadence-column3892_cf6026-2c{position:relative;}@media all and (max-width: 1024px){.kadence-column3892_cf6026-2c > .kt-inside-inner-col{flex-direction:column;justify-content:center;}}@media all and (max-width: 767px){.kadence-column3892_cf6026-2c > .kt-inside-inner-col{flex-direction:column;justify-content:center;}}<\/style>\n<div class=\"wp-block-kadence-column kadence-column3892_cf6026-2c\"><div class=\"kt-inside-inner-col\"><\/div><\/div>\n\n<\/div><\/div>","protected":false},"excerpt":{"rendered":"<p>Retour D\u00e9ambulateur int\u00e9rieur 4 roues Roomba D\u00e9ambulateur int\u00e9rieur 4 roues Roomba &#8211; 126\u20ac (une prise en charge de 53,81\u20ac est possible avec une ordonnance)R\u00e9f\u00e9rence : 117785 Description du produit Le\u00a0Rollator d&rsquo;int\u00e9rieur Roomba\u00a0est sp\u00e9cialement con\u00e7u pour offrir une mobilit\u00e9 optimale dans les espaces int\u00e9rieurs restreints. Avec sa petite largeur, il permet de naviguer ais\u00e9ment dans les&#8230;<\/p>\n","protected":false},"author":1,"featured_media":0,"parent":0,"menu_order":0,"comment_status":"closed","ping_status":"closed","template":"","meta":{"content-type":"","_kad_post_transparent":"","_kad_post_title":"hide","_kad_post_layout":"","_kad_post_sidebar_id":"","_kad_post_content_style":"","_kad_post_vertical_padding":"","_kad_post_feature":"","_kad_post_feature_position":"","_kad_post_header":false,"_kad_post_footer":false,"footnotes":""},"class_list":["post-3892","page","type-page","status-publish","hentry"],"_links":{"self":[{"href":"https:\/\/bastideparis.fr\/ro49090-ovh\/index.php\/wp-json\/wp\/v2\/pages\/3892","targetHints":{"allow":["GET"]}}],"collection":[{"href":"https:\/\/bastideparis.fr\/ro49090-ovh\/index.php\/wp-json\/wp\/v2\/pages"}],"about":[{"href":"https:\/\/bastideparis.fr\/ro49090-ovh\/index.php\/wp-json\/wp\/v2\/types\/page"}],"author":[{"embeddable":true,"href":"https:\/\/bastideparis.fr\/ro49090-ovh\/index.php\/wp-json\/wp\/v2\/users\/1"}],"replies":[{"embeddable":true,"href":"https:\/\/bastideparis.fr\/ro49090-ovh\/index.php\/wp-json\/wp\/v2\/comments?post=3892"}],"version-history":[{"count":1,"href":"https:\/\/bastideparis.fr\/ro49090-ovh\/index.php\/wp-json\/wp\/v2\/pages\/3892\/revisions"}],"predecessor-version":[{"id":3894,"href":"https:\/\/bastideparis.fr\/ro49090-ovh\/index.php\/wp-json\/wp\/v2\/pages\/3892\/revisions\/3894"}],"wp:attachment":[{"href":"https:\/\/bastideparis.fr\/ro49090-ovh\/index.php\/wp-json\/wp\/v2\/media?parent=3892"}],"curies":[{"name":"wp","href":"https:\/\/api.w.org\/{rel}","templated":true}]}}