{"id":3896,"date":"2024-06-13T14:54:07","date_gmt":"2024-06-13T12:54:07","guid":{"rendered":"https:\/\/bastideparis.fr\/ro49090-ovh\/?page_id=3896"},"modified":"2024-06-13T14:54:21","modified_gmt":"2024-06-13T12:54:21","slug":"rollator-trive-avec-sacoche-mobio","status":"publish","type":"page","link":"https:\/\/bastideparis.fr\/ro49090-ovh\/index.php\/rollator-trive-avec-sacoche-mobio\/","title":{"rendered":"Rollator Trive avec sacoche Mobio"},"content":{"rendered":"\n<p><a href=\"https:\/\/bastideparis.fr\/ro49090-ovh\/index.php\/showroom-exterieur\/\">Retour<\/a><\/p>\n\n\n\n<p class=\"has-larger-font-size\">Rollator Trive avec sacoche Mobio<\/p>\n\n\n<style>.kb-row-layout-id3896_dabfae-e0 > .kt-row-column-wrap{align-content:start;}:where(.kb-row-layout-id3896_dabfae-e0 > .kt-row-column-wrap) > .wp-block-kadence-column{justify-content:start;}.kb-row-layout-id3896_dabfae-e0 > .kt-row-column-wrap{column-gap:var(--global-kb-gap-md, 2rem);row-gap:var(--global-kb-gap-md, 2rem);padding-top:var(--global-kb-spacing-sm, 1.5rem);padding-bottom:var(--global-kb-spacing-sm, 1.5rem);grid-template-columns:repeat(2, minmax(0, 1fr));}.kb-row-layout-id3896_dabfae-e0 > .kt-row-layout-overlay{opacity:0.30;}@media all and (max-width: 1024px){.kb-row-layout-id3896_dabfae-e0 > .kt-row-column-wrap{grid-template-columns:repeat(2, minmax(0, 1fr));}}@media all and (max-width: 767px){.kb-row-layout-id3896_dabfae-e0 > .kt-row-column-wrap{grid-template-columns:minmax(0, 1fr);}}<\/style><div class=\"kb-row-layout-wrap kb-row-layout-id3896_dabfae-e0 alignnone wp-block-kadence-rowlayout\"><div class=\"kt-row-column-wrap kt-has-2-columns kt-row-layout-equal kt-tab-layout-inherit kt-mobile-layout-row kt-row-valign-top\">\n<style>.kadence-column3896_4ffd33-ec > .kt-inside-inner-col,.kadence-column3896_4ffd33-ec > .kt-inside-inner-col:before{border-top-left-radius:0px;border-top-right-radius:0px;border-bottom-right-radius:0px;border-bottom-left-radius:0px;}.kadence-column3896_4ffd33-ec > .kt-inside-inner-col{column-gap:var(--global-kb-gap-sm, 1rem);}.kadence-column3896_4ffd33-ec > .kt-inside-inner-col{flex-direction:column;}.kadence-column3896_4ffd33-ec > .kt-inside-inner-col > .aligncenter{width:100%;}.kadence-column3896_4ffd33-ec > .kt-inside-inner-col:before{opacity:0.3;}.kadence-column3896_4ffd33-ec{position:relative;}@media all and (max-width: 1024px){.kadence-column3896_4ffd33-ec > .kt-inside-inner-col{flex-direction:column;justify-content:center;}}@media all and (max-width: 767px){.kadence-column3896_4ffd33-ec > .kt-inside-inner-col{flex-direction:column;justify-content:center;}}<\/style>\n<div class=\"wp-block-kadence-column kadence-column3896_4ffd33-ec\"><div class=\"kt-inside-inner-col\"><div class=\"wp-block-image\">\n<figure class=\"aligncenter size-full\"><img loading=\"lazy\" decoding=\"async\" width=\"360\" height=\"360\" src=\"https:\/\/bastideparis.fr\/ro49090-ovh\/wp-content\/uploads\/2024\/03\/TRIVE.webp\" alt=\"\" class=\"wp-image-2675\" srcset=\"https:\/\/bastideparis.fr\/ro49090-ovh\/wp-content\/uploads\/2024\/03\/TRIVE.webp 360w, https:\/\/bastideparis.fr\/ro49090-ovh\/wp-content\/uploads\/2024\/03\/TRIVE-300x300.webp 300w, https:\/\/bastideparis.fr\/ro49090-ovh\/wp-content\/uploads\/2024\/03\/TRIVE-150x150.webp 150w\" sizes=\"auto, (max-width: 360px) 100vw, 360px\" \/><\/figure>\n<\/div><\/div><\/div>\n\n\n<style>.kadence-column3896_f91540-1a > .kt-inside-inner-col,.kadence-column3896_f91540-1a > .kt-inside-inner-col:before{border-top-left-radius:0px;border-top-right-radius:0px;border-bottom-right-radius:0px;border-bottom-left-radius:0px;}.kadence-column3896_f91540-1a > .kt-inside-inner-col{column-gap:var(--global-kb-gap-sm, 1rem);}.kadence-column3896_f91540-1a > .kt-inside-inner-col{flex-direction:column;}.kadence-column3896_f91540-1a > .kt-inside-inner-col > .aligncenter{width:100%;}.kadence-column3896_f91540-1a > .kt-inside-inner-col:before{opacity:0.3;}.kadence-column3896_f91540-1a{position:relative;}@media all and (max-width: 1024px){.kadence-column3896_f91540-1a > .kt-inside-inner-col{flex-direction:column;justify-content:center;}}@media all and (max-width: 767px){.kadence-column3896_f91540-1a > .kt-inside-inner-col{flex-direction:column;justify-content:center;}}<\/style>\n<div class=\"wp-block-kadence-column kadence-column3896_f91540-1a\"><div class=\"kt-inside-inner-col\">\n<p><strong>Rollator Trive avec sacoche Mobio &#8211; 398\u20ac (une prise en charge de 53,81\u20ac est possible avec une ordonnance)<br>R\u00e9f\u00e9rence : 115467<\/strong><\/p>\n\n\n\n<h2 class=\"wp-block-heading\">Caract\u00e9ristiques du Rollator Trive<\/h2>\n\n\n\n<p>Le d\u00e9ambulateur Rollator Trive avec Sacoche de Mobio combine \u00e9l\u00e9gance et fonctionnalit\u00e9, offrant une exp\u00e9rience de mobilit\u00e9 sans compromis. Explorez le monde en toute confiance avec ce compagnon fiable qui red\u00e9finit la mani\u00e8re dont vous vous d\u00e9placez. Optez pour l&rsquo;\u00e9l\u00e9gance et la praticit\u00e9 avec le Rollator Trive.<\/p>\n\n\n\n<ul class=\"wp-block-list\">\n<li><strong>Poids<\/strong>:\u00a06,5 kg<\/li>\n\n\n\n<li><strong>Longueur<\/strong>:\u00a069 cm<\/li>\n\n\n\n<li><strong>Largeur<\/strong>:\u00a065 cm<\/li>\n\n\n\n<li><strong>Hauteur des poign\u00e9es<\/strong>:\u00a084 &#8211; 96 cm<\/li>\n\n\n\n<li><strong>Largeur de l&rsquo;assise<\/strong>:\u00a040 cm<\/li>\n\n\n\n<li><strong>Hauteur de l&rsquo;assise<\/strong>:\u00a058 cm<\/li>\n\n\n\n<li><strong>Diam\u00e8tre de roues<\/strong>:\u00a020 cm<\/li>\n\n\n\n<li><strong>Poids support\u00e9<\/strong>:\u00a0125 kg<\/li>\n\n\n\n<li><strong>Largeur entre les poign\u00e9es<\/strong>:\u00a040 cm<\/li>\n<\/ul>\n<\/div><\/div>\n\n<\/div><\/div>","protected":false},"excerpt":{"rendered":"<p>Retour Rollator Trive avec sacoche Mobio Rollator Trive avec sacoche Mobio &#8211; 398\u20ac (une prise en charge de 53,81\u20ac est possible avec une ordonnance)R\u00e9f\u00e9rence : 115467 Caract\u00e9ristiques du Rollator Trive Le d\u00e9ambulateur Rollator Trive avec Sacoche de Mobio combine \u00e9l\u00e9gance et fonctionnalit\u00e9, offrant une exp\u00e9rience de mobilit\u00e9 sans compromis. Explorez le monde en toute confiance&#8230;<\/p>\n","protected":false},"author":1,"featured_media":0,"parent":0,"menu_order":0,"comment_status":"closed","ping_status":"closed","template":"","meta":{"content-type":"","_kad_post_transparent":"","_kad_post_title":"hide","_kad_post_layout":"","_kad_post_sidebar_id":"","_kad_post_content_style":"","_kad_post_vertical_padding":"","_kad_post_feature":"","_kad_post_feature_position":"","_kad_post_header":false,"_kad_post_footer":false,"footnotes":""},"class_list":["post-3896","page","type-page","status-publish","hentry"],"_links":{"self":[{"href":"https:\/\/bastideparis.fr\/ro49090-ovh\/index.php\/wp-json\/wp\/v2\/pages\/3896","targetHints":{"allow":["GET"]}}],"collection":[{"href":"https:\/\/bastideparis.fr\/ro49090-ovh\/index.php\/wp-json\/wp\/v2\/pages"}],"about":[{"href":"https:\/\/bastideparis.fr\/ro49090-ovh\/index.php\/wp-json\/wp\/v2\/types\/page"}],"author":[{"embeddable":true,"href":"https:\/\/bastideparis.fr\/ro49090-ovh\/index.php\/wp-json\/wp\/v2\/users\/1"}],"replies":[{"embeddable":true,"href":"https:\/\/bastideparis.fr\/ro49090-ovh\/index.php\/wp-json\/wp\/v2\/comments?post=3896"}],"version-history":[{"count":2,"href":"https:\/\/bastideparis.fr\/ro49090-ovh\/index.php\/wp-json\/wp\/v2\/pages\/3896\/revisions"}],"predecessor-version":[{"id":3898,"href":"https:\/\/bastideparis.fr\/ro49090-ovh\/index.php\/wp-json\/wp\/v2\/pages\/3896\/revisions\/3898"}],"wp:attachment":[{"href":"https:\/\/bastideparis.fr\/ro49090-ovh\/index.php\/wp-json\/wp\/v2\/media?parent=3896"}],"curies":[{"name":"wp","href":"https:\/\/api.w.org\/{rel}","templated":true}]}}