{"id":3901,"date":"2024-06-13T15:02:24","date_gmt":"2024-06-13T13:02:24","guid":{"rendered":"https:\/\/bastideparis.fr\/ro49090-ovh\/?page_id=3901"},"modified":"2025-02-25T15:36:35","modified_gmt":"2025-02-25T14:36:35","slug":"deambulateur-chariot-de-courses-lett-900","status":"publish","type":"page","link":"https:\/\/bastideparis.fr\/ro49090-ovh\/index.php\/deambulateur-chariot-de-courses-lett-900\/","title":{"rendered":"D\u00e9ambulateur chariot de courses LETT 900"},"content":{"rendered":"\n<p><a href=\"https:\/\/bastideparis.fr\/ro49090-ovh\/index.php\/showroom-exterieur\/\">Retour<\/a><\/p>\n\n\n\n<p class=\"has-larger-font-size\">D\u00e9ambulateur chariot de courses LETT 900<\/p>\n\n\n<style>.kb-row-layout-id3901_610fe9-9b > .kt-row-column-wrap{align-content:start;}:where(.kb-row-layout-id3901_610fe9-9b > .kt-row-column-wrap) > .wp-block-kadence-column{justify-content:start;}.kb-row-layout-id3901_610fe9-9b > .kt-row-column-wrap{column-gap:var(--global-kb-gap-md, 2rem);row-gap:var(--global-kb-gap-md, 2rem);padding-top:var(--global-kb-spacing-sm, 1.5rem);padding-bottom:var(--global-kb-spacing-sm, 1.5rem);grid-template-columns:repeat(2, minmax(0, 1fr));}.kb-row-layout-id3901_610fe9-9b > .kt-row-layout-overlay{opacity:0.30;}@media all and (max-width: 1024px){.kb-row-layout-id3901_610fe9-9b > .kt-row-column-wrap{grid-template-columns:repeat(2, minmax(0, 1fr));}}@media all and (max-width: 767px){.kb-row-layout-id3901_610fe9-9b > .kt-row-column-wrap{grid-template-columns:minmax(0, 1fr);}}<\/style><div class=\"kb-row-layout-wrap kb-row-layout-id3901_610fe9-9b alignnone wp-block-kadence-rowlayout\"><div class=\"kt-row-column-wrap kt-has-2-columns kt-row-layout-equal kt-tab-layout-inherit kt-mobile-layout-row kt-row-valign-top\">\n<style>.kadence-column3901_ee9fbe-aa > .kt-inside-inner-col,.kadence-column3901_ee9fbe-aa > .kt-inside-inner-col:before{border-top-left-radius:0px;border-top-right-radius:0px;border-bottom-right-radius:0px;border-bottom-left-radius:0px;}.kadence-column3901_ee9fbe-aa > .kt-inside-inner-col{column-gap:var(--global-kb-gap-sm, 1rem);}.kadence-column3901_ee9fbe-aa > .kt-inside-inner-col{flex-direction:column;}.kadence-column3901_ee9fbe-aa > .kt-inside-inner-col > .aligncenter{width:100%;}.kadence-column3901_ee9fbe-aa > .kt-inside-inner-col:before{opacity:0.3;}.kadence-column3901_ee9fbe-aa{position:relative;}@media all and (max-width: 1024px){.kadence-column3901_ee9fbe-aa > .kt-inside-inner-col{flex-direction:column;justify-content:center;}}@media all and (max-width: 767px){.kadence-column3901_ee9fbe-aa > .kt-inside-inner-col{flex-direction:column;justify-content:center;}}<\/style>\n<div class=\"wp-block-kadence-column kadence-column3901_ee9fbe-aa\"><div class=\"kt-inside-inner-col\"><div class=\"wp-block-image\">\n<figure class=\"aligncenter size-full\"><img loading=\"lazy\" decoding=\"async\" width=\"360\" height=\"360\" src=\"https:\/\/bastideparis.fr\/ro49090-ovh\/wp-content\/uploads\/2024\/03\/LETT-900.webp\" alt=\"\" class=\"wp-image-2676\" srcset=\"https:\/\/bastideparis.fr\/ro49090-ovh\/wp-content\/uploads\/2024\/03\/LETT-900.webp 360w, https:\/\/bastideparis.fr\/ro49090-ovh\/wp-content\/uploads\/2024\/03\/LETT-900-300x300.webp 300w, https:\/\/bastideparis.fr\/ro49090-ovh\/wp-content\/uploads\/2024\/03\/LETT-900-150x150.webp 150w\" sizes=\"auto, (max-width: 360px) 100vw, 360px\" \/><\/figure>\n<\/div><\/div><\/div>\n\n\n<style>.kadence-column3901_4b615c-73 > .kt-inside-inner-col,.kadence-column3901_4b615c-73 > .kt-inside-inner-col:before{border-top-left-radius:0px;border-top-right-radius:0px;border-bottom-right-radius:0px;border-bottom-left-radius:0px;}.kadence-column3901_4b615c-73 > .kt-inside-inner-col{column-gap:var(--global-kb-gap-sm, 1rem);}.kadence-column3901_4b615c-73 > .kt-inside-inner-col{flex-direction:column;}.kadence-column3901_4b615c-73 > .kt-inside-inner-col > .aligncenter{width:100%;}.kadence-column3901_4b615c-73 > .kt-inside-inner-col:before{opacity:0.3;}.kadence-column3901_4b615c-73{position:relative;}@media all and (max-width: 1024px){.kadence-column3901_4b615c-73 > .kt-inside-inner-col{flex-direction:column;justify-content:center;}}@media all and (max-width: 767px){.kadence-column3901_4b615c-73 > .kt-inside-inner-col{flex-direction:column;justify-content:center;}}<\/style>\n<div class=\"wp-block-kadence-column kadence-column3901_4b615c-73\"><div class=\"kt-inside-inner-col\">\n<p><strong>D\u00e9ambulateur chariot de courses LETT 900 &#8211; 269\u20ac (une prise en charge de 53,81\u20ac est possible avec une ordonnance)<br>Coloris : rouge, gris ou noir.<\/strong><\/p>\n\n\n\n<h2 class=\"wp-block-heading\">Description du produit<\/h2>\n\n\n\n<p>Le&nbsp;<strong>d\u00e9ambulateur chariot LETT 900<\/strong>&nbsp;est une innovation remarquable dans le domaine de la mobilit\u00e9 personnelle, con\u00e7u pour enrichir la vie quotidienne des personnes ayant besoin d&rsquo;un soutien pour la marche tout en facilitant leurs achats.&nbsp;<\/p>\n\n\n\n<p>Cette<strong>&nbsp;solution 2 en 1<\/strong>&nbsp;combine efficacement les fonctionnalit\u00e9s d&rsquo;un&nbsp;<strong>rollator&nbsp;<\/strong>et d&rsquo;un&nbsp;<strong>chariot de courses<\/strong>, vous offrant ind\u00e9pendance et s\u00e9curit\u00e9 lors de vos d\u00e9placements, que ce soit pour une simple promenade ou pour faire vos courses hebdomadaires.<\/p>\n\n\n\n<p>Que vous exploriez les rues de votre quartier ou que vous fassiez vos courses hebdomadaires, le LETT 900 est votre compagnon de confiance. Le rollator est une aide \u00e0 la mobilit\u00e9 qui vous assure un confort de marche. Le chariot, quant \u00e0 lui, vous permet de faire vos courses en toute&nbsp;<strong>autonomie.<\/strong><\/p>\n<\/div><\/div>\n\n<\/div><\/div>\n\n<style>.kb-row-layout-id3901_c5f141-20 > .kt-row-column-wrap{align-content:start;}:where(.kb-row-layout-id3901_c5f141-20 > .kt-row-column-wrap) > .wp-block-kadence-column{justify-content:start;}.kb-row-layout-id3901_c5f141-20 > .kt-row-column-wrap{column-gap:var(--global-kb-gap-md, 2rem);row-gap:var(--global-kb-gap-md, 2rem);padding-top:var(--global-kb-spacing-sm, 1.5rem);padding-bottom:var(--global-kb-spacing-sm, 1.5rem);grid-template-columns:repeat(2, minmax(0, 1fr));}.kb-row-layout-id3901_c5f141-20 > .kt-row-layout-overlay{opacity:0.30;}@media all and (max-width: 1024px){.kb-row-layout-id3901_c5f141-20 > .kt-row-column-wrap{grid-template-columns:repeat(2, minmax(0, 1fr));}}@media all and (max-width: 767px){.kb-row-layout-id3901_c5f141-20 > .kt-row-column-wrap{grid-template-columns:minmax(0, 1fr);}}<\/style><div class=\"kb-row-layout-wrap kb-row-layout-id3901_c5f141-20 alignnone wp-block-kadence-rowlayout\"><div class=\"kt-row-column-wrap kt-has-2-columns kt-row-layout-equal kt-tab-layout-inherit kt-mobile-layout-row kt-row-valign-top\">\n<style>.kadence-column3901_8e654e-e8 > .kt-inside-inner-col,.kadence-column3901_8e654e-e8 > .kt-inside-inner-col:before{border-top-left-radius:0px;border-top-right-radius:0px;border-bottom-right-radius:0px;border-bottom-left-radius:0px;}.kadence-column3901_8e654e-e8 > .kt-inside-inner-col{column-gap:var(--global-kb-gap-sm, 1rem);}.kadence-column3901_8e654e-e8 > .kt-inside-inner-col{flex-direction:column;}.kadence-column3901_8e654e-e8 > .kt-inside-inner-col > .aligncenter{width:100%;}.kadence-column3901_8e654e-e8 > .kt-inside-inner-col:before{opacity:0.3;}.kadence-column3901_8e654e-e8{position:relative;}@media all and (max-width: 1024px){.kadence-column3901_8e654e-e8 > .kt-inside-inner-col{flex-direction:column;justify-content:center;}}@media all and (max-width: 767px){.kadence-column3901_8e654e-e8 > .kt-inside-inner-col{flex-direction:column;justify-content:center;}}<\/style>\n<div class=\"wp-block-kadence-column kadence-column3901_8e654e-e8\"><div class=\"kt-inside-inner-col\">\n<h2 class=\"wp-block-heading\">Caract\u00e9ristiques<\/h2>\n\n\n\n<figure class=\"wp-block-table\"><table><tbody><tr><td>Utilisation<\/td><td>D\u00e9placements int\u00e9rieur et ext\u00e9rieur<\/td><\/tr><tr><td>Type<\/td><td>D\u00e9ambulateur<\/td><\/tr><tr><td>Sp\u00e9cificit\u00e9s<\/td><td>Avec si\u00e8ge<\/td><\/tr><tr><td>Poids max utilisateur<\/td><td>100 kg<\/td><\/tr><tr><td>Poids<\/td><td>6 kg<\/td><\/tr><tr><td>Nombre de roues<\/td><td>4 roues<\/td><\/tr><tr><td>Largeur<\/td><td>49 cm<\/td><\/tr><tr><td>Hauteur<\/td><td>86 &#8211; 93 cm<\/td><\/tr><tr><td>Garantie<\/td><td>2 ans<\/td><\/tr><tr><td>Equipement<\/td><td>Sac (capacit\u00e9 de charge de 15kilos)<\/td><\/tr><\/tbody><\/table><\/figure>\n<\/div><\/div>\n\n\n<style>.kadence-column3901_1f52fe-7d > .kt-inside-inner-col,.kadence-column3901_1f52fe-7d > .kt-inside-inner-col:before{border-top-left-radius:0px;border-top-right-radius:0px;border-bottom-right-radius:0px;border-bottom-left-radius:0px;}.kadence-column3901_1f52fe-7d > .kt-inside-inner-col{column-gap:var(--global-kb-gap-sm, 1rem);}.kadence-column3901_1f52fe-7d > .kt-inside-inner-col{flex-direction:column;}.kadence-column3901_1f52fe-7d > .kt-inside-inner-col > .aligncenter{width:100%;}.kadence-column3901_1f52fe-7d > .kt-inside-inner-col:before{opacity:0.3;}.kadence-column3901_1f52fe-7d{position:relative;}@media all and (max-width: 1024px){.kadence-column3901_1f52fe-7d > .kt-inside-inner-col{flex-direction:column;justify-content:center;}}@media all and (max-width: 767px){.kadence-column3901_1f52fe-7d > .kt-inside-inner-col{flex-direction:column;justify-content:center;}}<\/style>\n<div class=\"wp-block-kadence-column kadence-column3901_1f52fe-7d\"><div class=\"kt-inside-inner-col\"><\/div><\/div>\n\n<\/div><\/div>","protected":false},"excerpt":{"rendered":"<p>Retour D\u00e9ambulateur chariot de courses LETT 900 D\u00e9ambulateur chariot de courses LETT 900 &#8211; 269\u20ac (une prise en charge de 53,81\u20ac est possible avec une ordonnance)Coloris : rouge, gris ou noir. Description du produit Le&nbsp;d\u00e9ambulateur chariot LETT 900&nbsp;est une innovation remarquable dans le domaine de la mobilit\u00e9 personnelle, con\u00e7u pour enrichir la vie quotidienne des&#8230;<\/p>\n","protected":false},"author":1,"featured_media":0,"parent":0,"menu_order":0,"comment_status":"closed","ping_status":"closed","template":"","meta":{"content-type":"","_kad_post_transparent":"","_kad_post_title":"hide","_kad_post_layout":"","_kad_post_sidebar_id":"","_kad_post_content_style":"","_kad_post_vertical_padding":"","_kad_post_feature":"","_kad_post_feature_position":"","_kad_post_header":false,"_kad_post_footer":false,"footnotes":""},"class_list":["post-3901","page","type-page","status-publish","hentry"],"_links":{"self":[{"href":"https:\/\/bastideparis.fr\/ro49090-ovh\/index.php\/wp-json\/wp\/v2\/pages\/3901","targetHints":{"allow":["GET"]}}],"collection":[{"href":"https:\/\/bastideparis.fr\/ro49090-ovh\/index.php\/wp-json\/wp\/v2\/pages"}],"about":[{"href":"https:\/\/bastideparis.fr\/ro49090-ovh\/index.php\/wp-json\/wp\/v2\/types\/page"}],"author":[{"embeddable":true,"href":"https:\/\/bastideparis.fr\/ro49090-ovh\/index.php\/wp-json\/wp\/v2\/users\/1"}],"replies":[{"embeddable":true,"href":"https:\/\/bastideparis.fr\/ro49090-ovh\/index.php\/wp-json\/wp\/v2\/comments?post=3901"}],"version-history":[{"count":3,"href":"https:\/\/bastideparis.fr\/ro49090-ovh\/index.php\/wp-json\/wp\/v2\/pages\/3901\/revisions"}],"predecessor-version":[{"id":4719,"href":"https:\/\/bastideparis.fr\/ro49090-ovh\/index.php\/wp-json\/wp\/v2\/pages\/3901\/revisions\/4719"}],"wp:attachment":[{"href":"https:\/\/bastideparis.fr\/ro49090-ovh\/index.php\/wp-json\/wp\/v2\/media?parent=3901"}],"curies":[{"name":"wp","href":"https:\/\/api.w.org\/{rel}","templated":true}]}}