{"id":3908,"date":"2024-06-13T15:19:41","date_gmt":"2024-06-13T13:19:41","guid":{"rendered":"https:\/\/bastideparis.fr\/ro49090-ovh\/?page_id=3908"},"modified":"2024-06-13T15:20:25","modified_gmt":"2024-06-13T13:20:25","slug":"rollator-4-roues-lets-go-out-mobio","status":"publish","type":"page","link":"https:\/\/bastideparis.fr\/ro49090-ovh\/index.php\/rollator-4-roues-lets-go-out-mobio\/","title":{"rendered":"Rollator 4 roues Let&rsquo;s go out Mobio"},"content":{"rendered":"\n<p><a href=\"https:\/\/bastideparis.fr\/ro49090-ovh\/index.php\/showroom-exterieur\/\">Retour<\/a><\/p>\n\n\n\n<p class=\"has-larger-font-size\">Rollator 4 roues Let&rsquo;s go out Mobio<\/p>\n\n\n<style>.kb-row-layout-id3908_f2fa31-da > .kt-row-column-wrap{align-content:start;}:where(.kb-row-layout-id3908_f2fa31-da > .kt-row-column-wrap) > .wp-block-kadence-column{justify-content:start;}.kb-row-layout-id3908_f2fa31-da > .kt-row-column-wrap{column-gap:var(--global-kb-gap-md, 2rem);row-gap:var(--global-kb-gap-md, 2rem);padding-top:var(--global-kb-spacing-sm, 1.5rem);padding-bottom:var(--global-kb-spacing-sm, 1.5rem);grid-template-columns:repeat(2, minmax(0, 1fr));}.kb-row-layout-id3908_f2fa31-da > .kt-row-layout-overlay{opacity:0.30;}@media all and (max-width: 1024px){.kb-row-layout-id3908_f2fa31-da > .kt-row-column-wrap{grid-template-columns:repeat(2, minmax(0, 1fr));}}@media all and (max-width: 767px){.kb-row-layout-id3908_f2fa31-da > .kt-row-column-wrap{grid-template-columns:minmax(0, 1fr);}}<\/style><div class=\"kb-row-layout-wrap kb-row-layout-id3908_f2fa31-da alignnone wp-block-kadence-rowlayout\"><div class=\"kt-row-column-wrap kt-has-2-columns kt-row-layout-equal kt-tab-layout-inherit kt-mobile-layout-row kt-row-valign-top\">\n<style>.kadence-column3908_34a6fa-3a > .kt-inside-inner-col,.kadence-column3908_34a6fa-3a > .kt-inside-inner-col:before{border-top-left-radius:0px;border-top-right-radius:0px;border-bottom-right-radius:0px;border-bottom-left-radius:0px;}.kadence-column3908_34a6fa-3a > .kt-inside-inner-col{column-gap:var(--global-kb-gap-sm, 1rem);}.kadence-column3908_34a6fa-3a > .kt-inside-inner-col{flex-direction:column;}.kadence-column3908_34a6fa-3a > .kt-inside-inner-col > .aligncenter{width:100%;}.kadence-column3908_34a6fa-3a > .kt-inside-inner-col:before{opacity:0.3;}.kadence-column3908_34a6fa-3a{position:relative;}@media all and (max-width: 1024px){.kadence-column3908_34a6fa-3a > .kt-inside-inner-col{flex-direction:column;justify-content:center;}}@media all and (max-width: 767px){.kadence-column3908_34a6fa-3a > .kt-inside-inner-col{flex-direction:column;justify-content:center;}}<\/style>\n<div class=\"wp-block-kadence-column kadence-column3908_34a6fa-3a\"><div class=\"kt-inside-inner-col\"><div class=\"wp-block-image\">\n<figure class=\"aligncenter size-full\"><img loading=\"lazy\" decoding=\"async\" width=\"360\" height=\"360\" src=\"https:\/\/bastideparis.fr\/ro49090-ovh\/wp-content\/uploads\/2024\/03\/LETS-GO-OUT.webp\" alt=\"\" class=\"wp-image-2678\" srcset=\"https:\/\/bastideparis.fr\/ro49090-ovh\/wp-content\/uploads\/2024\/03\/LETS-GO-OUT.webp 360w, https:\/\/bastideparis.fr\/ro49090-ovh\/wp-content\/uploads\/2024\/03\/LETS-GO-OUT-300x300.webp 300w, https:\/\/bastideparis.fr\/ro49090-ovh\/wp-content\/uploads\/2024\/03\/LETS-GO-OUT-150x150.webp 150w\" sizes=\"auto, (max-width: 360px) 100vw, 360px\" \/><\/figure>\n<\/div><\/div><\/div>\n\n\n<style>.kadence-column3908_8df248-19 > .kt-inside-inner-col,.kadence-column3908_8df248-19 > .kt-inside-inner-col:before{border-top-left-radius:0px;border-top-right-radius:0px;border-bottom-right-radius:0px;border-bottom-left-radius:0px;}.kadence-column3908_8df248-19 > .kt-inside-inner-col{column-gap:var(--global-kb-gap-sm, 1rem);}.kadence-column3908_8df248-19 > .kt-inside-inner-col{flex-direction:column;}.kadence-column3908_8df248-19 > .kt-inside-inner-col > .aligncenter{width:100%;}.kadence-column3908_8df248-19 > .kt-inside-inner-col:before{opacity:0.3;}.kadence-column3908_8df248-19{position:relative;}@media all and (max-width: 1024px){.kadence-column3908_8df248-19 > .kt-inside-inner-col{flex-direction:column;justify-content:center;}}@media all and (max-width: 767px){.kadence-column3908_8df248-19 > .kt-inside-inner-col{flex-direction:column;justify-content:center;}}<\/style>\n<div class=\"wp-block-kadence-column kadence-column3908_8df248-19\"><div class=\"kt-inside-inner-col\">\n<p><strong>Rollator 4 roues Let&rsquo;s go out Mobio &#8211; 399\u20ac (une prise en charge de 53,81\u20ac est possible avec une ordonnance)<br>Coloris : noir ou beige <\/strong><\/p>\n\n\n\n<h2 class=\"wp-block-heading\">Description du produit<\/h2>\n\n\n\n<p>Le&nbsp;<strong>d\u00e9ambulateur<\/strong>&nbsp;<em>Mobio<\/em>&nbsp;Let\u2019s Go Out pour s\u00e9niors facilite les d\u00e9placements en int\u00e9rieur et en ext\u00e9rieur.&nbsp;<strong>L\u00e9ger<\/strong>, il peut \u00eatre transport\u00e9 facilement.<\/p>\n\n\n\n<h2 class=\"wp-block-heading\">Un d\u00e9ambulateur rollator maniable et l\u00e9ger<\/h2>\n\n\n\n<p>Le d\u00e9ambulateur Let\u2019s Go Out dispose de&nbsp;<strong>4 grandes roues<\/strong>&nbsp;permettant le franchissement d\u2019obstacles, telles que les bordures ou autres surfaces accident\u00e9es, sans difficult\u00e9. Pour vous reposer lors de vos d\u00e9placements le rollator comprend d\u2019un si\u00e8ge en simili cuir.<\/p>\n\n\n\n<h2 class=\"wp-block-heading\">R\u00e9glez le d\u00e9ambulateur \u00e0 votre taille<\/h2>\n\n\n\n<p>Pour plus de confort lors de son utilisation, vous pouvez r\u00e9gler la hauteur des poign\u00e9es du rollator.<\/p>\n<\/div><\/div>\n\n<\/div><\/div>\n\n<style>.kb-row-layout-id3908_0e187d-d3 > .kt-row-column-wrap{align-content:start;}:where(.kb-row-layout-id3908_0e187d-d3 > .kt-row-column-wrap) > .wp-block-kadence-column{justify-content:start;}.kb-row-layout-id3908_0e187d-d3 > .kt-row-column-wrap{column-gap:var(--global-kb-gap-md, 2rem);row-gap:var(--global-kb-gap-md, 2rem);padding-top:var(--global-kb-spacing-sm, 1.5rem);padding-bottom:var(--global-kb-spacing-sm, 1.5rem);grid-template-columns:repeat(2, minmax(0, 1fr));}.kb-row-layout-id3908_0e187d-d3 > .kt-row-layout-overlay{opacity:0.30;}@media all and (max-width: 1024px){.kb-row-layout-id3908_0e187d-d3 > .kt-row-column-wrap{grid-template-columns:repeat(2, minmax(0, 1fr));}}@media all and (max-width: 767px){.kb-row-layout-id3908_0e187d-d3 > .kt-row-column-wrap{grid-template-columns:minmax(0, 1fr);}}<\/style><div class=\"kb-row-layout-wrap kb-row-layout-id3908_0e187d-d3 alignnone wp-block-kadence-rowlayout\"><div class=\"kt-row-column-wrap kt-has-2-columns kt-row-layout-equal kt-tab-layout-inherit kt-mobile-layout-row kt-row-valign-top\">\n<style>.kadence-column3908_95eb17-4d > .kt-inside-inner-col,.kadence-column3908_95eb17-4d > .kt-inside-inner-col:before{border-top-left-radius:0px;border-top-right-radius:0px;border-bottom-right-radius:0px;border-bottom-left-radius:0px;}.kadence-column3908_95eb17-4d > .kt-inside-inner-col{column-gap:var(--global-kb-gap-sm, 1rem);}.kadence-column3908_95eb17-4d > .kt-inside-inner-col{flex-direction:column;}.kadence-column3908_95eb17-4d > .kt-inside-inner-col > .aligncenter{width:100%;}.kadence-column3908_95eb17-4d > .kt-inside-inner-col:before{opacity:0.3;}.kadence-column3908_95eb17-4d{position:relative;}@media all and (max-width: 1024px){.kadence-column3908_95eb17-4d > .kt-inside-inner-col{flex-direction:column;justify-content:center;}}@media all and (max-width: 767px){.kadence-column3908_95eb17-4d > .kt-inside-inner-col{flex-direction:column;justify-content:center;}}<\/style>\n<div class=\"wp-block-kadence-column kadence-column3908_95eb17-4d\"><div class=\"kt-inside-inner-col\">\n<h2 class=\"wp-block-heading\">Caract\u00e9ristiques du rollator pliable 4 roues<\/h2>\n\n\n\n<ul class=\"wp-block-list\">\n<li>Poids\u00a0: 6.2 kg<\/li>\n\n\n\n<li>Largeur\u00a0: 57 cm<\/li>\n\n\n\n<li>Hauteur\u00a0: 78 \u2013 96 cm<\/li>\n\n\n\n<li>Largeur entre les poign\u00e9es: 41 cm<\/li>\n\n\n\n<li>Longeur: 64 cm<\/li>\n\n\n\n<li>Hauteur de l&rsquo;assise: 59.5 cm<\/li>\n\n\n\n<li>Poids max de l&rsquo;utilisateur : 130 kg<\/li>\n\n\n\n<li>Livr\u00e9 avec sac<\/li>\n<\/ul>\n<\/div><\/div>\n\n\n<style>.kadence-column3908_cb9073-ab > .kt-inside-inner-col,.kadence-column3908_cb9073-ab > .kt-inside-inner-col:before{border-top-left-radius:0px;border-top-right-radius:0px;border-bottom-right-radius:0px;border-bottom-left-radius:0px;}.kadence-column3908_cb9073-ab > .kt-inside-inner-col{column-gap:var(--global-kb-gap-sm, 1rem);}.kadence-column3908_cb9073-ab > .kt-inside-inner-col{flex-direction:column;}.kadence-column3908_cb9073-ab > .kt-inside-inner-col > .aligncenter{width:100%;}.kadence-column3908_cb9073-ab > .kt-inside-inner-col:before{opacity:0.3;}.kadence-column3908_cb9073-ab{position:relative;}@media all and (max-width: 1024px){.kadence-column3908_cb9073-ab > .kt-inside-inner-col{flex-direction:column;justify-content:center;}}@media all and (max-width: 767px){.kadence-column3908_cb9073-ab > .kt-inside-inner-col{flex-direction:column;justify-content:center;}}<\/style>\n<div class=\"wp-block-kadence-column kadence-column3908_cb9073-ab\"><div class=\"kt-inside-inner-col\"><\/div><\/div>\n\n<\/div><\/div>","protected":false},"excerpt":{"rendered":"<p>Retour Rollator 4 roues Let&rsquo;s go out Mobio Rollator 4 roues Let&rsquo;s go out Mobio &#8211; 399\u20ac (une prise en charge de 53,81\u20ac est possible avec une ordonnance)Coloris : noir ou beige Description du produit Le&nbsp;d\u00e9ambulateur&nbsp;Mobio&nbsp;Let\u2019s Go Out pour s\u00e9niors facilite les d\u00e9placements en int\u00e9rieur et en ext\u00e9rieur.&nbsp;L\u00e9ger, il peut \u00eatre transport\u00e9 facilement. Un d\u00e9ambulateur&#8230;<\/p>\n","protected":false},"author":1,"featured_media":0,"parent":0,"menu_order":0,"comment_status":"closed","ping_status":"closed","template":"","meta":{"content-type":"","_kad_post_transparent":"","_kad_post_title":"hide","_kad_post_layout":"","_kad_post_sidebar_id":"","_kad_post_content_style":"","_kad_post_vertical_padding":"","_kad_post_feature":"","_kad_post_feature_position":"","_kad_post_header":false,"_kad_post_footer":false,"footnotes":""},"class_list":["post-3908","page","type-page","status-publish","hentry"],"_links":{"self":[{"href":"https:\/\/bastideparis.fr\/ro49090-ovh\/index.php\/wp-json\/wp\/v2\/pages\/3908","targetHints":{"allow":["GET"]}}],"collection":[{"href":"https:\/\/bastideparis.fr\/ro49090-ovh\/index.php\/wp-json\/wp\/v2\/pages"}],"about":[{"href":"https:\/\/bastideparis.fr\/ro49090-ovh\/index.php\/wp-json\/wp\/v2\/types\/page"}],"author":[{"embeddable":true,"href":"https:\/\/bastideparis.fr\/ro49090-ovh\/index.php\/wp-json\/wp\/v2\/users\/1"}],"replies":[{"embeddable":true,"href":"https:\/\/bastideparis.fr\/ro49090-ovh\/index.php\/wp-json\/wp\/v2\/comments?post=3908"}],"version-history":[{"count":2,"href":"https:\/\/bastideparis.fr\/ro49090-ovh\/index.php\/wp-json\/wp\/v2\/pages\/3908\/revisions"}],"predecessor-version":[{"id":3910,"href":"https:\/\/bastideparis.fr\/ro49090-ovh\/index.php\/wp-json\/wp\/v2\/pages\/3908\/revisions\/3910"}],"wp:attachment":[{"href":"https:\/\/bastideparis.fr\/ro49090-ovh\/index.php\/wp-json\/wp\/v2\/media?parent=3908"}],"curies":[{"name":"wp","href":"https:\/\/api.w.org\/{rel}","templated":true}]}}