{"id":3912,"date":"2024-06-13T15:23:44","date_gmt":"2024-06-13T13:23:44","guid":{"rendered":"https:\/\/bastideparis.fr\/ro49090-ovh\/?page_id=3912"},"modified":"2024-06-13T15:24:31","modified_gmt":"2024-06-13T13:24:31","slug":"lets-flyrollator-4-roues-lets-fly","status":"publish","type":"page","link":"https:\/\/bastideparis.fr\/ro49090-ovh\/index.php\/lets-flyrollator-4-roues-lets-fly\/","title":{"rendered":"Let&rsquo;s FlyRollator 4 roues Let&rsquo;s Fly"},"content":{"rendered":"\n<p><a href=\"https:\/\/bastideparis.fr\/ro49090-ovh\/index.php\/showroom-exterieur\/\">Retour<\/a><\/p>\n\n\n\n<p class=\"has-larger-font-size\">Rollator 4 roues Let&rsquo;s Fly<\/p>\n\n\n<style>.kb-row-layout-id3912_c25128-6a > .kt-row-column-wrap{align-content:start;}:where(.kb-row-layout-id3912_c25128-6a > .kt-row-column-wrap) > .wp-block-kadence-column{justify-content:start;}.kb-row-layout-id3912_c25128-6a > .kt-row-column-wrap{column-gap:var(--global-kb-gap-md, 2rem);row-gap:var(--global-kb-gap-md, 2rem);padding-top:var(--global-kb-spacing-sm, 1.5rem);padding-bottom:var(--global-kb-spacing-sm, 1.5rem);grid-template-columns:repeat(2, minmax(0, 1fr));}.kb-row-layout-id3912_c25128-6a > .kt-row-layout-overlay{opacity:0.30;}@media all and (max-width: 1024px){.kb-row-layout-id3912_c25128-6a > .kt-row-column-wrap{grid-template-columns:repeat(2, minmax(0, 1fr));}}@media all and (max-width: 767px){.kb-row-layout-id3912_c25128-6a > .kt-row-column-wrap{grid-template-columns:minmax(0, 1fr);}}<\/style><div class=\"kb-row-layout-wrap kb-row-layout-id3912_c25128-6a alignnone wp-block-kadence-rowlayout\"><div class=\"kt-row-column-wrap kt-has-2-columns kt-row-layout-equal kt-tab-layout-inherit kt-mobile-layout-row kt-row-valign-top\">\n<style>.kadence-column3912_248167-73 > .kt-inside-inner-col,.kadence-column3912_248167-73 > .kt-inside-inner-col:before{border-top-left-radius:0px;border-top-right-radius:0px;border-bottom-right-radius:0px;border-bottom-left-radius:0px;}.kadence-column3912_248167-73 > .kt-inside-inner-col{column-gap:var(--global-kb-gap-sm, 1rem);}.kadence-column3912_248167-73 > .kt-inside-inner-col{flex-direction:column;}.kadence-column3912_248167-73 > .kt-inside-inner-col > .aligncenter{width:100%;}.kadence-column3912_248167-73 > .kt-inside-inner-col:before{opacity:0.3;}.kadence-column3912_248167-73{position:relative;}@media all and (max-width: 1024px){.kadence-column3912_248167-73 > .kt-inside-inner-col{flex-direction:column;justify-content:center;}}@media all and (max-width: 767px){.kadence-column3912_248167-73 > .kt-inside-inner-col{flex-direction:column;justify-content:center;}}<\/style>\n<div class=\"wp-block-kadence-column kadence-column3912_248167-73\"><div class=\"kt-inside-inner-col\"><div class=\"wp-block-image\">\n<figure class=\"aligncenter size-full\"><img loading=\"lazy\" decoding=\"async\" width=\"360\" height=\"360\" src=\"https:\/\/bastideparis.fr\/ro49090-ovh\/wp-content\/uploads\/2024\/03\/LETS-FLY.webp\" alt=\"\" class=\"wp-image-2679\" srcset=\"https:\/\/bastideparis.fr\/ro49090-ovh\/wp-content\/uploads\/2024\/03\/LETS-FLY.webp 360w, https:\/\/bastideparis.fr\/ro49090-ovh\/wp-content\/uploads\/2024\/03\/LETS-FLY-300x300.webp 300w, https:\/\/bastideparis.fr\/ro49090-ovh\/wp-content\/uploads\/2024\/03\/LETS-FLY-150x150.webp 150w\" sizes=\"auto, (max-width: 360px) 100vw, 360px\" \/><\/figure>\n<\/div><\/div><\/div>\n\n\n<style>.kadence-column3912_3da8ae-68 > .kt-inside-inner-col,.kadence-column3912_3da8ae-68 > .kt-inside-inner-col:before{border-top-left-radius:0px;border-top-right-radius:0px;border-bottom-right-radius:0px;border-bottom-left-radius:0px;}.kadence-column3912_3da8ae-68 > .kt-inside-inner-col{column-gap:var(--global-kb-gap-sm, 1rem);}.kadence-column3912_3da8ae-68 > .kt-inside-inner-col{flex-direction:column;}.kadence-column3912_3da8ae-68 > .kt-inside-inner-col > .aligncenter{width:100%;}.kadence-column3912_3da8ae-68 > .kt-inside-inner-col:before{opacity:0.3;}.kadence-column3912_3da8ae-68{position:relative;}@media all and (max-width: 1024px){.kadence-column3912_3da8ae-68 > .kt-inside-inner-col{flex-direction:column;justify-content:center;}}@media all and (max-width: 767px){.kadence-column3912_3da8ae-68 > .kt-inside-inner-col{flex-direction:column;justify-content:center;}}<\/style>\n<div class=\"wp-block-kadence-column kadence-column3912_3da8ae-68\"><div class=\"kt-inside-inner-col\">\n<p><strong>Rollator 4 roues Let&rsquo;s Fly &#8211; 499\u20ac (une prise en charge de 53,81\u20ac est possible avec une ordonnance) <br>R\u00e9f\u00e9rence : 113759<\/strong><\/p>\n\n\n\n<h3 class=\"wp-block-heading\">Caract\u00e9ristiques Techniques<\/h3>\n\n\n\n<ul class=\"wp-block-list\">\n<li><strong>Rollator pliable<\/strong><\/li>\n\n\n\n<li><strong>Dimensions :<\/strong>\n<ul class=\"wp-block-list\">\n<li>Largeur entre les roues : 58 cm<\/li>\n\n\n\n<li>Longueur : 65.5 cm<\/li>\n\n\n\n<li>Hauteur r\u00e9glable de 81 \u00e0 91 cm<\/li>\n\n\n\n<li>Largeur assise : 40.5 cm<\/li>\n\n\n\n<li>Hauteur assise : 60 cm<\/li>\n<\/ul>\n<\/li>\n\n\n\n<li>Poids maximum support\u00e9 : 130 kg<\/li>\n\n\n\n<li>Existe en trois coloris : gris, rouge, champagne<\/li>\n\n\n\n<li>Poids du rollator 6.9 kg<\/li>\n\n\n\n<li>Livr\u00e9 avec un sac<\/li>\n<\/ul>\n<\/div><\/div>\n\n<\/div><\/div>\n\n<style>.kb-row-layout-id3912_62e176-91 > .kt-row-column-wrap{align-content:start;}:where(.kb-row-layout-id3912_62e176-91 > .kt-row-column-wrap) > .wp-block-kadence-column{justify-content:start;}.kb-row-layout-id3912_62e176-91 > .kt-row-column-wrap{column-gap:var(--global-kb-gap-md, 2rem);row-gap:var(--global-kb-gap-md, 2rem);padding-top:var(--global-kb-spacing-sm, 1.5rem);padding-bottom:var(--global-kb-spacing-sm, 1.5rem);grid-template-columns:repeat(2, minmax(0, 1fr));}.kb-row-layout-id3912_62e176-91 > .kt-row-layout-overlay{opacity:0.30;}@media all and (max-width: 1024px){.kb-row-layout-id3912_62e176-91 > .kt-row-column-wrap{grid-template-columns:repeat(2, minmax(0, 1fr));}}@media all and (max-width: 767px){.kb-row-layout-id3912_62e176-91 > .kt-row-column-wrap{grid-template-columns:minmax(0, 1fr);}}<\/style><div class=\"kb-row-layout-wrap kb-row-layout-id3912_62e176-91 alignnone wp-block-kadence-rowlayout\"><div class=\"kt-row-column-wrap kt-has-2-columns kt-row-layout-equal kt-tab-layout-inherit kt-mobile-layout-row kt-row-valign-top\">\n<style>.kadence-column3912_9ef8b4-06 > .kt-inside-inner-col,.kadence-column3912_9ef8b4-06 > .kt-inside-inner-col:before{border-top-left-radius:0px;border-top-right-radius:0px;border-bottom-right-radius:0px;border-bottom-left-radius:0px;}.kadence-column3912_9ef8b4-06 > .kt-inside-inner-col{column-gap:var(--global-kb-gap-sm, 1rem);}.kadence-column3912_9ef8b4-06 > .kt-inside-inner-col{flex-direction:column;}.kadence-column3912_9ef8b4-06 > .kt-inside-inner-col > .aligncenter{width:100%;}.kadence-column3912_9ef8b4-06 > .kt-inside-inner-col:before{opacity:0.3;}.kadence-column3912_9ef8b4-06{position:relative;}@media all and (max-width: 1024px){.kadence-column3912_9ef8b4-06 > .kt-inside-inner-col{flex-direction:column;justify-content:center;}}@media all and (max-width: 767px){.kadence-column3912_9ef8b4-06 > .kt-inside-inner-col{flex-direction:column;justify-content:center;}}<\/style>\n<div class=\"wp-block-kadence-column kadence-column3912_9ef8b4-06\"><div class=\"kt-inside-inner-col\">\n<figure class=\"wp-block-table\"><table><tbody><tr><td>Utilisation<\/td><td>D\u00e9placements int\u00e9rieur et ext\u00e9rieur<\/td><\/tr><tr><td>Type<\/td><td>D\u00e9ambulateur<\/td><\/tr><tr><td>Sp\u00e9cificit\u00e9s<\/td><td>Avec si\u00e8ge<\/td><\/tr><tr><td>Poids max utilisateur<\/td><td>130 kg<\/td><\/tr><tr><td>Poids<\/td><td>6.9 kg<\/td><\/tr><tr><td>Nombre de roues<\/td><td>4 roues<\/td><\/tr><tr><td>Largeur<\/td><td>58 cm<\/td><\/tr><tr><td>Hauteur<\/td><td>81 &#8211; 91 cm<\/td><\/tr><tr><td>Ann\u00e9es de garanties<\/td><td>2 ans<\/td><\/tr><tr><td>Equipement<\/td><td>Sac<\/td><\/tr><\/tbody><\/table><\/figure>\n<\/div><\/div>\n\n\n<style>.kadence-column3912_3995aa-6c > .kt-inside-inner-col,.kadence-column3912_3995aa-6c > .kt-inside-inner-col:before{border-top-left-radius:0px;border-top-right-radius:0px;border-bottom-right-radius:0px;border-bottom-left-radius:0px;}.kadence-column3912_3995aa-6c > .kt-inside-inner-col{column-gap:var(--global-kb-gap-sm, 1rem);}.kadence-column3912_3995aa-6c > .kt-inside-inner-col{flex-direction:column;}.kadence-column3912_3995aa-6c > .kt-inside-inner-col > .aligncenter{width:100%;}.kadence-column3912_3995aa-6c > .kt-inside-inner-col:before{opacity:0.3;}.kadence-column3912_3995aa-6c{position:relative;}@media all and (max-width: 1024px){.kadence-column3912_3995aa-6c > .kt-inside-inner-col{flex-direction:column;justify-content:center;}}@media all and (max-width: 767px){.kadence-column3912_3995aa-6c > .kt-inside-inner-col{flex-direction:column;justify-content:center;}}<\/style>\n<div class=\"wp-block-kadence-column kadence-column3912_3995aa-6c\"><div class=\"kt-inside-inner-col\"><\/div><\/div>\n\n<\/div><\/div>","protected":false},"excerpt":{"rendered":"<p>Retour Rollator 4 roues Let&rsquo;s Fly Rollator 4 roues Let&rsquo;s Fly &#8211; 499\u20ac (une prise en charge de 53,81\u20ac est possible avec une ordonnance) R\u00e9f\u00e9rence : 113759 Caract\u00e9ristiques Techniques Utilisation D\u00e9placements int\u00e9rieur et ext\u00e9rieur Type D\u00e9ambulateur Sp\u00e9cificit\u00e9s Avec si\u00e8ge Poids max utilisateur 130 kg Poids 6.9 kg Nombre de roues 4 roues Largeur 58 cm&#8230;<\/p>\n","protected":false},"author":1,"featured_media":0,"parent":0,"menu_order":0,"comment_status":"closed","ping_status":"closed","template":"","meta":{"content-type":"","_kad_post_transparent":"","_kad_post_title":"hide","_kad_post_layout":"","_kad_post_sidebar_id":"","_kad_post_content_style":"","_kad_post_vertical_padding":"","_kad_post_feature":"","_kad_post_feature_position":"","_kad_post_header":false,"_kad_post_footer":false,"footnotes":""},"class_list":["post-3912","page","type-page","status-publish","hentry"],"_links":{"self":[{"href":"https:\/\/bastideparis.fr\/ro49090-ovh\/index.php\/wp-json\/wp\/v2\/pages\/3912","targetHints":{"allow":["GET"]}}],"collection":[{"href":"https:\/\/bastideparis.fr\/ro49090-ovh\/index.php\/wp-json\/wp\/v2\/pages"}],"about":[{"href":"https:\/\/bastideparis.fr\/ro49090-ovh\/index.php\/wp-json\/wp\/v2\/types\/page"}],"author":[{"embeddable":true,"href":"https:\/\/bastideparis.fr\/ro49090-ovh\/index.php\/wp-json\/wp\/v2\/users\/1"}],"replies":[{"embeddable":true,"href":"https:\/\/bastideparis.fr\/ro49090-ovh\/index.php\/wp-json\/wp\/v2\/comments?post=3912"}],"version-history":[{"count":2,"href":"https:\/\/bastideparis.fr\/ro49090-ovh\/index.php\/wp-json\/wp\/v2\/pages\/3912\/revisions"}],"predecessor-version":[{"id":3915,"href":"https:\/\/bastideparis.fr\/ro49090-ovh\/index.php\/wp-json\/wp\/v2\/pages\/3912\/revisions\/3915"}],"wp:attachment":[{"href":"https:\/\/bastideparis.fr\/ro49090-ovh\/index.php\/wp-json\/wp\/v2\/media?parent=3912"}],"curies":[{"name":"wp","href":"https:\/\/api.w.org\/{rel}","templated":true}]}}