{"id":3916,"date":"2024-06-13T15:27:20","date_gmt":"2024-06-13T13:27:20","guid":{"rendered":"https:\/\/bastideparis.fr\/ro49090-ovh\/?page_id=3916"},"modified":"2024-06-13T15:27:21","modified_gmt":"2024-06-13T13:27:21","slug":"rollator-deambulateur-carbon-ultralight","status":"publish","type":"page","link":"https:\/\/bastideparis.fr\/ro49090-ovh\/index.php\/rollator-deambulateur-carbon-ultralight\/","title":{"rendered":"Rollator d\u00e9ambulateur Carbon Ultralight"},"content":{"rendered":"\n<p><a href=\"https:\/\/bastideparis.fr\/ro49090-ovh\/index.php\/showroom-exterieur\/\">Retour<\/a><\/p>\n\n\n\n<p class=\"has-larger-font-size\">Rollator d\u00e9ambulateur Carbon Ultralight <\/p>\n\n\n<style>.kb-row-layout-id3916_57f977-eb > .kt-row-column-wrap{align-content:start;}:where(.kb-row-layout-id3916_57f977-eb > .kt-row-column-wrap) > .wp-block-kadence-column{justify-content:start;}.kb-row-layout-id3916_57f977-eb > .kt-row-column-wrap{column-gap:var(--global-kb-gap-md, 2rem);row-gap:var(--global-kb-gap-md, 2rem);padding-top:var(--global-kb-spacing-sm, 1.5rem);padding-bottom:var(--global-kb-spacing-sm, 1.5rem);grid-template-columns:repeat(2, minmax(0, 1fr));}.kb-row-layout-id3916_57f977-eb > .kt-row-layout-overlay{opacity:0.30;}@media all and (max-width: 1024px){.kb-row-layout-id3916_57f977-eb > .kt-row-column-wrap{grid-template-columns:repeat(2, minmax(0, 1fr));}}@media all and (max-width: 767px){.kb-row-layout-id3916_57f977-eb > .kt-row-column-wrap{grid-template-columns:minmax(0, 1fr);}}<\/style><div class=\"kb-row-layout-wrap kb-row-layout-id3916_57f977-eb alignnone wp-block-kadence-rowlayout\"><div class=\"kt-row-column-wrap kt-has-2-columns kt-row-layout-equal kt-tab-layout-inherit kt-mobile-layout-row kt-row-valign-top\">\n<style>.kadence-column3916_8ff8d2-d6 > .kt-inside-inner-col,.kadence-column3916_8ff8d2-d6 > .kt-inside-inner-col:before{border-top-left-radius:0px;border-top-right-radius:0px;border-bottom-right-radius:0px;border-bottom-left-radius:0px;}.kadence-column3916_8ff8d2-d6 > .kt-inside-inner-col{column-gap:var(--global-kb-gap-sm, 1rem);}.kadence-column3916_8ff8d2-d6 > .kt-inside-inner-col{flex-direction:column;}.kadence-column3916_8ff8d2-d6 > .kt-inside-inner-col > .aligncenter{width:100%;}.kadence-column3916_8ff8d2-d6 > .kt-inside-inner-col:before{opacity:0.3;}.kadence-column3916_8ff8d2-d6{position:relative;}@media all and (max-width: 1024px){.kadence-column3916_8ff8d2-d6 > .kt-inside-inner-col{flex-direction:column;justify-content:center;}}@media all and (max-width: 767px){.kadence-column3916_8ff8d2-d6 > .kt-inside-inner-col{flex-direction:column;justify-content:center;}}<\/style>\n<div class=\"wp-block-kadence-column kadence-column3916_8ff8d2-d6\"><div class=\"kt-inside-inner-col\"><div class=\"wp-block-image\">\n<figure class=\"aligncenter size-full\"><img loading=\"lazy\" decoding=\"async\" width=\"360\" height=\"360\" src=\"https:\/\/bastideparis.fr\/ro49090-ovh\/wp-content\/uploads\/2024\/03\/CARBON-ULTRALIGHT.webp\" alt=\"\" class=\"wp-image-2680\" srcset=\"https:\/\/bastideparis.fr\/ro49090-ovh\/wp-content\/uploads\/2024\/03\/CARBON-ULTRALIGHT.webp 360w, https:\/\/bastideparis.fr\/ro49090-ovh\/wp-content\/uploads\/2024\/03\/CARBON-ULTRALIGHT-300x300.webp 300w, https:\/\/bastideparis.fr\/ro49090-ovh\/wp-content\/uploads\/2024\/03\/CARBON-ULTRALIGHT-150x150.webp 150w\" sizes=\"auto, (max-width: 360px) 100vw, 360px\" \/><\/figure>\n<\/div><\/div><\/div>\n\n\n<style>.kadence-column3916_02da56-aa > .kt-inside-inner-col,.kadence-column3916_02da56-aa > .kt-inside-inner-col:before{border-top-left-radius:0px;border-top-right-radius:0px;border-bottom-right-radius:0px;border-bottom-left-radius:0px;}.kadence-column3916_02da56-aa > .kt-inside-inner-col{column-gap:var(--global-kb-gap-sm, 1rem);}.kadence-column3916_02da56-aa > .kt-inside-inner-col{flex-direction:column;}.kadence-column3916_02da56-aa > .kt-inside-inner-col > .aligncenter{width:100%;}.kadence-column3916_02da56-aa > .kt-inside-inner-col:before{opacity:0.3;}.kadence-column3916_02da56-aa{position:relative;}@media all and (max-width: 1024px){.kadence-column3916_02da56-aa > .kt-inside-inner-col{flex-direction:column;justify-content:center;}}@media all and (max-width: 767px){.kadence-column3916_02da56-aa > .kt-inside-inner-col{flex-direction:column;justify-content:center;}}<\/style>\n<div class=\"wp-block-kadence-column kadence-column3916_02da56-aa\"><div class=\"kt-inside-inner-col\">\n<p><strong>Rollator d\u00e9ambulateur Carbon Ultralight &#8211; 698\u20ac (une prise en charge de 53,81\u20ac est possible avec une ordonnance)<br>Coloris : noir, rouge ou beige.<\/strong><\/p>\n\n\n\n<h2 class=\"wp-block-heading\">Description du produit<\/h2>\n\n\n\n<h3 class=\"wp-block-heading\">Un rollator maniable et tout terrain<\/h3>\n\n\n\n<p>Le&nbsp;<strong>rollator Carbon ultralight<\/strong>&nbsp;est un d\u00e9ambulateur&nbsp;<strong>ultra l\u00e9ger&nbsp;<\/strong>au look design et moderne.<\/p>\n\n\n\n<p>Avec ses poign\u00e9es&nbsp;<strong>ergonomiques&nbsp;<\/strong>vers l\u2019avant, il est plus maniable et la pr\u00e9hension est facilit\u00e9e.&nbsp;<\/p>\n\n\n\n<p>L\u2019acc\u00e8s au frein est beaucoup plus simple.&nbsp;<\/p>\n\n\n\n<p>Sa composition en&nbsp;<strong>fibre de carbone<\/strong>&nbsp;fait de ce d\u00e9ambulateur l\u2019un des plus&nbsp;<strong>l\u00e9gers de sa cat\u00e9gorie<\/strong>.&nbsp;<\/p>\n<\/div><\/div>\n\n<\/div><\/div>\n\n<style>.kb-row-layout-id3916_bb92b0-91 > .kt-row-column-wrap{align-content:start;}:where(.kb-row-layout-id3916_bb92b0-91 > .kt-row-column-wrap) > .wp-block-kadence-column{justify-content:start;}.kb-row-layout-id3916_bb92b0-91 > .kt-row-column-wrap{column-gap:var(--global-kb-gap-md, 2rem);row-gap:var(--global-kb-gap-md, 2rem);padding-top:var(--global-kb-spacing-sm, 1.5rem);padding-bottom:var(--global-kb-spacing-sm, 1.5rem);grid-template-columns:repeat(2, minmax(0, 1fr));}.kb-row-layout-id3916_bb92b0-91 > .kt-row-layout-overlay{opacity:0.30;}@media all and (max-width: 1024px){.kb-row-layout-id3916_bb92b0-91 > .kt-row-column-wrap{grid-template-columns:repeat(2, minmax(0, 1fr));}}@media all and (max-width: 767px){.kb-row-layout-id3916_bb92b0-91 > .kt-row-column-wrap{grid-template-columns:minmax(0, 1fr);}}<\/style><div class=\"kb-row-layout-wrap kb-row-layout-id3916_bb92b0-91 alignnone wp-block-kadence-rowlayout\"><div class=\"kt-row-column-wrap kt-has-2-columns kt-row-layout-equal kt-tab-layout-inherit kt-mobile-layout-row kt-row-valign-top\">\n<style>.kadence-column3916_9faeff-eb > .kt-inside-inner-col,.kadence-column3916_9faeff-eb > .kt-inside-inner-col:before{border-top-left-radius:0px;border-top-right-radius:0px;border-bottom-right-radius:0px;border-bottom-left-radius:0px;}.kadence-column3916_9faeff-eb > .kt-inside-inner-col{column-gap:var(--global-kb-gap-sm, 1rem);}.kadence-column3916_9faeff-eb > .kt-inside-inner-col{flex-direction:column;}.kadence-column3916_9faeff-eb > .kt-inside-inner-col > .aligncenter{width:100%;}.kadence-column3916_9faeff-eb > .kt-inside-inner-col:before{opacity:0.3;}.kadence-column3916_9faeff-eb{position:relative;}@media all and (max-width: 1024px){.kadence-column3916_9faeff-eb > .kt-inside-inner-col{flex-direction:column;justify-content:center;}}@media all and (max-width: 767px){.kadence-column3916_9faeff-eb > .kt-inside-inner-col{flex-direction:column;justify-content:center;}}<\/style>\n<div class=\"wp-block-kadence-column kadence-column3916_9faeff-eb\"><div class=\"kt-inside-inner-col\">\n<h3 class=\"wp-block-heading\">Caract\u00e9ristiques techniques du rollator Carbon ultralight<\/h3>\n\n\n\n<ul class=\"wp-block-list\">\n<li>Pliable<\/li>\n\n\n\n<li>Largeur d\u2019assise\u00a0: 42 cm<\/li>\n\n\n\n<li>Hauteur de l\u2019assise\u00a0: 60 cm<\/li>\n\n\n\n<li>Largeur totale\u00a0: 63 cm<\/li>\n\n\n\n<li>Largeur du rollator pli\u00e9\u00a0: 25 cm<\/li>\n\n\n\n<li>Hauteur totale\u00a0: de 79 \u00e0 91 cm<\/li>\n\n\n\n<li>Poids maximum utilisateur\u00a0: 130 kg<\/li>\n\n\n\n<li>Poids du rollator\u00a0: 4.8 kg<\/li>\n\n\n\n<li>Livr\u00e9 avec\u00a01 sacoche<\/li>\n\n\n\n<li>Disponibles en 3 coloris\u00a0: Noir, Beige, Rouge<\/li>\n<\/ul>\n<\/div><\/div>\n\n\n<style>.kadence-column3916_96041f-13 > .kt-inside-inner-col,.kadence-column3916_96041f-13 > .kt-inside-inner-col:before{border-top-left-radius:0px;border-top-right-radius:0px;border-bottom-right-radius:0px;border-bottom-left-radius:0px;}.kadence-column3916_96041f-13 > .kt-inside-inner-col{column-gap:var(--global-kb-gap-sm, 1rem);}.kadence-column3916_96041f-13 > .kt-inside-inner-col{flex-direction:column;}.kadence-column3916_96041f-13 > .kt-inside-inner-col > .aligncenter{width:100%;}.kadence-column3916_96041f-13 > .kt-inside-inner-col:before{opacity:0.3;}.kadence-column3916_96041f-13{position:relative;}@media all and (max-width: 1024px){.kadence-column3916_96041f-13 > .kt-inside-inner-col{flex-direction:column;justify-content:center;}}@media all and (max-width: 767px){.kadence-column3916_96041f-13 > .kt-inside-inner-col{flex-direction:column;justify-content:center;}}<\/style>\n<div class=\"wp-block-kadence-column kadence-column3916_96041f-13\"><div class=\"kt-inside-inner-col\"><\/div><\/div>\n\n<\/div><\/div>","protected":false},"excerpt":{"rendered":"<p>Retour Rollator d\u00e9ambulateur Carbon Ultralight Rollator d\u00e9ambulateur Carbon Ultralight &#8211; 698\u20ac (une prise en charge de 53,81\u20ac est possible avec une ordonnance)Coloris : noir, rouge ou beige. Description du produit Un rollator maniable et tout terrain Le&nbsp;rollator Carbon ultralight&nbsp;est un d\u00e9ambulateur&nbsp;ultra l\u00e9ger&nbsp;au look design et moderne. Avec ses poign\u00e9es&nbsp;ergonomiques&nbsp;vers l\u2019avant, il est plus maniable et&#8230;<\/p>\n","protected":false},"author":1,"featured_media":0,"parent":0,"menu_order":0,"comment_status":"closed","ping_status":"closed","template":"","meta":{"content-type":"","_kad_post_transparent":"","_kad_post_title":"hide","_kad_post_layout":"","_kad_post_sidebar_id":"","_kad_post_content_style":"","_kad_post_vertical_padding":"","_kad_post_feature":"","_kad_post_feature_position":"","_kad_post_header":false,"_kad_post_footer":false,"footnotes":""},"class_list":["post-3916","page","type-page","status-publish","hentry"],"_links":{"self":[{"href":"https:\/\/bastideparis.fr\/ro49090-ovh\/index.php\/wp-json\/wp\/v2\/pages\/3916","targetHints":{"allow":["GET"]}}],"collection":[{"href":"https:\/\/bastideparis.fr\/ro49090-ovh\/index.php\/wp-json\/wp\/v2\/pages"}],"about":[{"href":"https:\/\/bastideparis.fr\/ro49090-ovh\/index.php\/wp-json\/wp\/v2\/types\/page"}],"author":[{"embeddable":true,"href":"https:\/\/bastideparis.fr\/ro49090-ovh\/index.php\/wp-json\/wp\/v2\/users\/1"}],"replies":[{"embeddable":true,"href":"https:\/\/bastideparis.fr\/ro49090-ovh\/index.php\/wp-json\/wp\/v2\/comments?post=3916"}],"version-history":[{"count":1,"href":"https:\/\/bastideparis.fr\/ro49090-ovh\/index.php\/wp-json\/wp\/v2\/pages\/3916\/revisions"}],"predecessor-version":[{"id":3917,"href":"https:\/\/bastideparis.fr\/ro49090-ovh\/index.php\/wp-json\/wp\/v2\/pages\/3916\/revisions\/3917"}],"wp:attachment":[{"href":"https:\/\/bastideparis.fr\/ro49090-ovh\/index.php\/wp-json\/wp\/v2\/media?parent=3916"}],"curies":[{"name":"wp","href":"https:\/\/api.w.org\/{rel}","templated":true}]}}