{"id":3967,"date":"2024-06-20T10:14:55","date_gmt":"2024-06-20T08:14:55","guid":{"rendered":"https:\/\/bastideparis.fr\/ro49090-ovh\/?page_id=3967"},"modified":"2024-06-20T10:15:18","modified_gmt":"2024-06-20T08:15:18","slug":"assiette-ronde-avec-rebord","status":"publish","type":"page","link":"https:\/\/bastideparis.fr\/ro49090-ovh\/index.php\/assiette-ronde-avec-rebord\/","title":{"rendered":"Assiette ronde avec rebord"},"content":{"rendered":"\n<p><a href=\"https:\/\/bastideparis.fr\/ro49090-ovh\/index.php\/showroom-cuisine\/\">Retour<\/a><\/p>\n\n\n\n<p class=\"has-larger-font-size\">Assiette ronde avec rebord<\/p>\n\n\n<style>.kb-row-layout-id3967_261b31-7a > .kt-row-column-wrap{align-content:start;}:where(.kb-row-layout-id3967_261b31-7a > .kt-row-column-wrap) > .wp-block-kadence-column{justify-content:start;}.kb-row-layout-id3967_261b31-7a > .kt-row-column-wrap{column-gap:var(--global-kb-gap-md, 2rem);row-gap:var(--global-kb-gap-md, 2rem);padding-top:var(--global-kb-spacing-sm, 1.5rem);padding-bottom:var(--global-kb-spacing-sm, 1.5rem);grid-template-columns:repeat(2, minmax(0, 1fr));}.kb-row-layout-id3967_261b31-7a > .kt-row-layout-overlay{opacity:0.30;}@media all and (max-width: 1024px){.kb-row-layout-id3967_261b31-7a > .kt-row-column-wrap{grid-template-columns:repeat(2, minmax(0, 1fr));}}@media all and (max-width: 767px){.kb-row-layout-id3967_261b31-7a > .kt-row-column-wrap{grid-template-columns:minmax(0, 1fr);}}<\/style><div class=\"kb-row-layout-wrap kb-row-layout-id3967_261b31-7a alignnone wp-block-kadence-rowlayout\"><div class=\"kt-row-column-wrap kt-has-2-columns kt-row-layout-equal kt-tab-layout-inherit kt-mobile-layout-row kt-row-valign-top\">\n<style>.kadence-column3967_85014a-43 > .kt-inside-inner-col,.kadence-column3967_85014a-43 > .kt-inside-inner-col:before{border-top-left-radius:0px;border-top-right-radius:0px;border-bottom-right-radius:0px;border-bottom-left-radius:0px;}.kadence-column3967_85014a-43 > .kt-inside-inner-col{column-gap:var(--global-kb-gap-sm, 1rem);}.kadence-column3967_85014a-43 > .kt-inside-inner-col{flex-direction:column;}.kadence-column3967_85014a-43 > .kt-inside-inner-col > .aligncenter{width:100%;}.kadence-column3967_85014a-43 > .kt-inside-inner-col:before{opacity:0.3;}.kadence-column3967_85014a-43{position:relative;}@media all and (max-width: 1024px){.kadence-column3967_85014a-43 > .kt-inside-inner-col{flex-direction:column;justify-content:center;}}@media all and (max-width: 767px){.kadence-column3967_85014a-43 > .kt-inside-inner-col{flex-direction:column;justify-content:center;}}<\/style>\n<div class=\"wp-block-kadence-column kadence-column3967_85014a-43\"><div class=\"kt-inside-inner-col\"><div class=\"wp-block-image\">\n<figure class=\"aligncenter size-full\"><img loading=\"lazy\" decoding=\"async\" width=\"360\" height=\"360\" src=\"https:\/\/bastideparis.fr\/ro49090-ovh\/wp-content\/uploads\/2024\/02\/ASSIETTE-RONDE-AVEC-REBORD.webp\" alt=\"\" class=\"wp-image-2455\" srcset=\"https:\/\/bastideparis.fr\/ro49090-ovh\/wp-content\/uploads\/2024\/02\/ASSIETTE-RONDE-AVEC-REBORD.webp 360w, https:\/\/bastideparis.fr\/ro49090-ovh\/wp-content\/uploads\/2024\/02\/ASSIETTE-RONDE-AVEC-REBORD-300x300.webp 300w, https:\/\/bastideparis.fr\/ro49090-ovh\/wp-content\/uploads\/2024\/02\/ASSIETTE-RONDE-AVEC-REBORD-150x150.webp 150w\" sizes=\"auto, (max-width: 360px) 100vw, 360px\" \/><\/figure>\n<\/div><\/div><\/div>\n\n\n<style>.kadence-column3967_1c83f0-04 > .kt-inside-inner-col,.kadence-column3967_1c83f0-04 > .kt-inside-inner-col:before{border-top-left-radius:0px;border-top-right-radius:0px;border-bottom-right-radius:0px;border-bottom-left-radius:0px;}.kadence-column3967_1c83f0-04 > .kt-inside-inner-col{column-gap:var(--global-kb-gap-sm, 1rem);}.kadence-column3967_1c83f0-04 > .kt-inside-inner-col{flex-direction:column;}.kadence-column3967_1c83f0-04 > .kt-inside-inner-col > .aligncenter{width:100%;}.kadence-column3967_1c83f0-04 > .kt-inside-inner-col:before{opacity:0.3;}.kadence-column3967_1c83f0-04{position:relative;}@media all and (max-width: 1024px){.kadence-column3967_1c83f0-04 > .kt-inside-inner-col{flex-direction:column;justify-content:center;}}@media all and (max-width: 767px){.kadence-column3967_1c83f0-04 > .kt-inside-inner-col{flex-direction:column;justify-content:center;}}<\/style>\n<div class=\"wp-block-kadence-column kadence-column3967_1c83f0-04\"><div class=\"kt-inside-inner-col\">\n<p><strong>Assiette ronde avec rebord &#8211; 12,95\u20ac<br>R\u00e9f\u00e9rence : 113191<\/strong><\/p>\n\n\n\n<h2 class=\"wp-block-heading\">Description du produit<\/h2>\n\n\n\n<p>L\u2019assiette ronde avec rebord sur\u00e9lev\u00e9 en plastique est de forme asym\u00e9trique. Elle permet aux personnes ne pouvant utiliser qu\u2019une main ou ayant une coordination de motricit\u00e9 limit\u00e9e de manger sans difficult\u00e9.<\/p>\n\n\n\n<h2 class=\"wp-block-heading\">Une assiette pratique et ing\u00e9nieuse<\/h2>\n\n\n\n<p>Cette assiette permet de manger simplement gr\u00e2ce \u00e0 ses rebords sur\u00e9lev\u00e9s. Dot\u00e9e de bouchons antid\u00e9rapants elle tient bien en place.<br>R\u00e9siste aux micro-ondes.<\/p>\n<\/div><\/div>\n\n<\/div><\/div>","protected":false},"excerpt":{"rendered":"<p>Retour Assiette ronde avec rebord Assiette ronde avec rebord &#8211; 12,95\u20acR\u00e9f\u00e9rence : 113191 Description du produit L\u2019assiette ronde avec rebord sur\u00e9lev\u00e9 en plastique est de forme asym\u00e9trique. Elle permet aux personnes ne pouvant utiliser qu\u2019une main ou ayant une coordination de motricit\u00e9 limit\u00e9e de manger sans difficult\u00e9. Une assiette pratique et ing\u00e9nieuse Cette assiette permet&#8230;<\/p>\n","protected":false},"author":1,"featured_media":0,"parent":0,"menu_order":0,"comment_status":"closed","ping_status":"closed","template":"","meta":{"content-type":"","_kad_post_transparent":"","_kad_post_title":"hide","_kad_post_layout":"","_kad_post_sidebar_id":"","_kad_post_content_style":"","_kad_post_vertical_padding":"","_kad_post_feature":"","_kad_post_feature_position":"","_kad_post_header":false,"_kad_post_footer":false,"footnotes":""},"class_list":["post-3967","page","type-page","status-publish","hentry"],"_links":{"self":[{"href":"https:\/\/bastideparis.fr\/ro49090-ovh\/index.php\/wp-json\/wp\/v2\/pages\/3967","targetHints":{"allow":["GET"]}}],"collection":[{"href":"https:\/\/bastideparis.fr\/ro49090-ovh\/index.php\/wp-json\/wp\/v2\/pages"}],"about":[{"href":"https:\/\/bastideparis.fr\/ro49090-ovh\/index.php\/wp-json\/wp\/v2\/types\/page"}],"author":[{"embeddable":true,"href":"https:\/\/bastideparis.fr\/ro49090-ovh\/index.php\/wp-json\/wp\/v2\/users\/1"}],"replies":[{"embeddable":true,"href":"https:\/\/bastideparis.fr\/ro49090-ovh\/index.php\/wp-json\/wp\/v2\/comments?post=3967"}],"version-history":[{"count":1,"href":"https:\/\/bastideparis.fr\/ro49090-ovh\/index.php\/wp-json\/wp\/v2\/pages\/3967\/revisions"}],"predecessor-version":[{"id":3968,"href":"https:\/\/bastideparis.fr\/ro49090-ovh\/index.php\/wp-json\/wp\/v2\/pages\/3967\/revisions\/3968"}],"wp:attachment":[{"href":"https:\/\/bastideparis.fr\/ro49090-ovh\/index.php\/wp-json\/wp\/v2\/media?parent=3967"}],"curies":[{"name":"wp","href":"https:\/\/api.w.org\/{rel}","templated":true}]}}