{"id":3970,"date":"2024-06-20T10:17:54","date_gmt":"2024-06-20T08:17:54","guid":{"rendered":"https:\/\/bastideparis.fr\/ro49090-ovh\/?page_id=3970"},"modified":"2024-06-20T10:17:54","modified_gmt":"2024-06-20T08:17:54","slug":"rebord-dassiette","status":"publish","type":"page","link":"https:\/\/bastideparis.fr\/ro49090-ovh\/index.php\/rebord-dassiette\/","title":{"rendered":"Rebord d&rsquo;assiette"},"content":{"rendered":"\n<p><a href=\"https:\/\/bastideparis.fr\/ro49090-ovh\/index.php\/showroom-cuisine\/\">Retour<\/a><\/p>\n\n\n\n<p class=\"has-larger-font-size\">Rebord d&rsquo;assiette<\/p>\n\n\n<style>.kb-row-layout-id3970_8a55cb-0c > .kt-row-column-wrap{align-content:start;}:where(.kb-row-layout-id3970_8a55cb-0c > .kt-row-column-wrap) > .wp-block-kadence-column{justify-content:start;}.kb-row-layout-id3970_8a55cb-0c > .kt-row-column-wrap{column-gap:var(--global-kb-gap-md, 2rem);row-gap:var(--global-kb-gap-md, 2rem);padding-top:var(--global-kb-spacing-sm, 1.5rem);padding-bottom:var(--global-kb-spacing-sm, 1.5rem);grid-template-columns:repeat(2, minmax(0, 1fr));}.kb-row-layout-id3970_8a55cb-0c > .kt-row-layout-overlay{opacity:0.30;}@media all and (max-width: 1024px){.kb-row-layout-id3970_8a55cb-0c > .kt-row-column-wrap{grid-template-columns:repeat(2, minmax(0, 1fr));}}@media all and (max-width: 767px){.kb-row-layout-id3970_8a55cb-0c > .kt-row-column-wrap{grid-template-columns:minmax(0, 1fr);}}<\/style><div class=\"kb-row-layout-wrap kb-row-layout-id3970_8a55cb-0c alignnone wp-block-kadence-rowlayout\"><div class=\"kt-row-column-wrap kt-has-2-columns kt-row-layout-equal kt-tab-layout-inherit kt-mobile-layout-row kt-row-valign-top\">\n<style>.kadence-column3970_a9eda3-80 > .kt-inside-inner-col,.kadence-column3970_a9eda3-80 > .kt-inside-inner-col:before{border-top-left-radius:0px;border-top-right-radius:0px;border-bottom-right-radius:0px;border-bottom-left-radius:0px;}.kadence-column3970_a9eda3-80 > .kt-inside-inner-col{column-gap:var(--global-kb-gap-sm, 1rem);}.kadence-column3970_a9eda3-80 > .kt-inside-inner-col{flex-direction:column;}.kadence-column3970_a9eda3-80 > .kt-inside-inner-col > .aligncenter{width:100%;}.kadence-column3970_a9eda3-80 > .kt-inside-inner-col:before{opacity:0.3;}.kadence-column3970_a9eda3-80{position:relative;}@media all and (max-width: 1024px){.kadence-column3970_a9eda3-80 > .kt-inside-inner-col{flex-direction:column;justify-content:center;}}@media all and (max-width: 767px){.kadence-column3970_a9eda3-80 > .kt-inside-inner-col{flex-direction:column;justify-content:center;}}<\/style>\n<div class=\"wp-block-kadence-column kadence-column3970_a9eda3-80\"><div class=\"kt-inside-inner-col\"><div class=\"wp-block-image\">\n<figure class=\"aligncenter size-full\"><img loading=\"lazy\" decoding=\"async\" width=\"360\" height=\"255\" src=\"https:\/\/bastideparis.fr\/ro49090-ovh\/wp-content\/uploads\/2024\/02\/REBORD-D4ASSIETTE.webp\" alt=\"\" class=\"wp-image-2456\" srcset=\"https:\/\/bastideparis.fr\/ro49090-ovh\/wp-content\/uploads\/2024\/02\/REBORD-D4ASSIETTE.webp 360w, https:\/\/bastideparis.fr\/ro49090-ovh\/wp-content\/uploads\/2024\/02\/REBORD-D4ASSIETTE-300x213.webp 300w\" sizes=\"auto, (max-width: 360px) 100vw, 360px\" \/><\/figure>\n<\/div><\/div><\/div>\n\n\n<style>.kadence-column3970_d1a099-95 > .kt-inside-inner-col,.kadence-column3970_d1a099-95 > .kt-inside-inner-col:before{border-top-left-radius:0px;border-top-right-radius:0px;border-bottom-right-radius:0px;border-bottom-left-radius:0px;}.kadence-column3970_d1a099-95 > .kt-inside-inner-col{column-gap:var(--global-kb-gap-sm, 1rem);}.kadence-column3970_d1a099-95 > .kt-inside-inner-col{flex-direction:column;}.kadence-column3970_d1a099-95 > .kt-inside-inner-col > .aligncenter{width:100%;}.kadence-column3970_d1a099-95 > .kt-inside-inner-col:before{opacity:0.3;}.kadence-column3970_d1a099-95{position:relative;}@media all and (max-width: 1024px){.kadence-column3970_d1a099-95 > .kt-inside-inner-col{flex-direction:column;justify-content:center;}}@media all and (max-width: 767px){.kadence-column3970_d1a099-95 > .kt-inside-inner-col{flex-direction:column;justify-content:center;}}<\/style>\n<div class=\"wp-block-kadence-column kadence-column3970_d1a099-95\"><div class=\"kt-inside-inner-col\">\n<p><strong>Rebord d&rsquo;assiette &#8211; 3,90\u20ac<br>R\u00e9f\u00e9rence : 190580<\/strong><\/p>\n\n\n\n<h2 class=\"wp-block-heading\">Description du produit<\/h2>\n\n\n\n<p>Ce&nbsp;<strong>rebord d\u2019assiette<\/strong>&nbsp;en poly\u00e9thyl\u00e8ne&nbsp;<strong>l\u00e9ger et flexible<\/strong>, se fixe facilement (<strong>3 clips<\/strong>) sur toute assiette plate standard. Le&nbsp;<strong>rebord d\u2019assiette incurv\u00e9<\/strong>&nbsp;est id\u00e9al pour les personnes qui se nourrissent d\u2019une seule main, puisqu\u2019il agit comme but\u00e9e et aide ainsi l\u2019utilisateur \u00e0 collecter sa nourriture. Il emp\u00eache les aliments de tomber hors de l\u2019assiette, et&nbsp;<strong>minimise ainsi le gaspillage.&nbsp;<\/strong>Convient pour les assiettes de diam\u00e8tre ext\u00e9rieur&nbsp;<strong>190 \u00e0 254mm.<\/strong><\/p>\n\n\n\n<h2 class=\"wp-block-heading\">CARACTERISTIQUES du rebord d&rsquo;assiette<\/h2>\n\n\n\n<ul class=\"wp-block-list\">\n<li>Garanti lave-vaisselle et micro-ondes<\/li>\n\n\n\n<li>Poids : 45g<\/li>\n\n\n\n<li>Vendu \u00e0 l&rsquo;unit\u00e9<\/li>\n<\/ul>\n<\/div><\/div>\n\n<\/div><\/div>","protected":false},"excerpt":{"rendered":"<p>Retour Rebord d&rsquo;assiette Rebord d&rsquo;assiette &#8211; 3,90\u20acR\u00e9f\u00e9rence : 190580 Description du produit Ce&nbsp;rebord d\u2019assiette&nbsp;en poly\u00e9thyl\u00e8ne&nbsp;l\u00e9ger et flexible, se fixe facilement (3 clips) sur toute assiette plate standard. Le&nbsp;rebord d\u2019assiette incurv\u00e9&nbsp;est id\u00e9al pour les personnes qui se nourrissent d\u2019une seule main, puisqu\u2019il agit comme but\u00e9e et aide ainsi l\u2019utilisateur \u00e0 collecter sa nourriture. Il emp\u00eache les&#8230;<\/p>\n","protected":false},"author":1,"featured_media":0,"parent":0,"menu_order":0,"comment_status":"closed","ping_status":"closed","template":"","meta":{"content-type":"","_kad_post_transparent":"","_kad_post_title":"hide","_kad_post_layout":"","_kad_post_sidebar_id":"","_kad_post_content_style":"","_kad_post_vertical_padding":"","_kad_post_feature":"","_kad_post_feature_position":"","_kad_post_header":false,"_kad_post_footer":false,"footnotes":""},"class_list":["post-3970","page","type-page","status-publish","hentry"],"_links":{"self":[{"href":"https:\/\/bastideparis.fr\/ro49090-ovh\/index.php\/wp-json\/wp\/v2\/pages\/3970","targetHints":{"allow":["GET"]}}],"collection":[{"href":"https:\/\/bastideparis.fr\/ro49090-ovh\/index.php\/wp-json\/wp\/v2\/pages"}],"about":[{"href":"https:\/\/bastideparis.fr\/ro49090-ovh\/index.php\/wp-json\/wp\/v2\/types\/page"}],"author":[{"embeddable":true,"href":"https:\/\/bastideparis.fr\/ro49090-ovh\/index.php\/wp-json\/wp\/v2\/users\/1"}],"replies":[{"embeddable":true,"href":"https:\/\/bastideparis.fr\/ro49090-ovh\/index.php\/wp-json\/wp\/v2\/comments?post=3970"}],"version-history":[{"count":1,"href":"https:\/\/bastideparis.fr\/ro49090-ovh\/index.php\/wp-json\/wp\/v2\/pages\/3970\/revisions"}],"predecessor-version":[{"id":3971,"href":"https:\/\/bastideparis.fr\/ro49090-ovh\/index.php\/wp-json\/wp\/v2\/pages\/3970\/revisions\/3971"}],"wp:attachment":[{"href":"https:\/\/bastideparis.fr\/ro49090-ovh\/index.php\/wp-json\/wp\/v2\/media?parent=3970"}],"curies":[{"name":"wp","href":"https:\/\/api.w.org\/{rel}","templated":true}]}}