{"id":3974,"date":"2024-06-20T10:21:26","date_gmt":"2024-06-20T08:21:26","guid":{"rendered":"https:\/\/bastideparis.fr\/ro49090-ovh\/?page_id=3974"},"modified":"2024-06-20T10:21:26","modified_gmt":"2024-06-20T08:21:26","slug":"couverts-torsogrip","status":"publish","type":"page","link":"https:\/\/bastideparis.fr\/ro49090-ovh\/index.php\/couverts-torsogrip\/","title":{"rendered":"Couverts Torsogrip"},"content":{"rendered":"\n<p><a href=\"https:\/\/bastideparis.fr\/ro49090-ovh\/index.php\/showroom-cuisine\/\">Retour<\/a><\/p>\n\n\n\n<p class=\"has-larger-font-size\">Couverts Torsogrip<\/p>\n\n\n<style>.kb-row-layout-id3974_a60544-e6 > .kt-row-column-wrap{align-content:start;}:where(.kb-row-layout-id3974_a60544-e6 > .kt-row-column-wrap) > .wp-block-kadence-column{justify-content:start;}.kb-row-layout-id3974_a60544-e6 > .kt-row-column-wrap{column-gap:var(--global-kb-gap-md, 2rem);row-gap:var(--global-kb-gap-md, 2rem);padding-top:var(--global-kb-spacing-sm, 1.5rem);grid-template-columns:repeat(2, minmax(0, 1fr));}.kb-row-layout-id3974_a60544-e6 > .kt-row-layout-overlay{opacity:0.30;}@media all and (max-width: 1024px){.kb-row-layout-id3974_a60544-e6 > .kt-row-column-wrap{grid-template-columns:repeat(2, minmax(0, 1fr));}}@media all and (max-width: 767px){.kb-row-layout-id3974_a60544-e6 > .kt-row-column-wrap{grid-template-columns:minmax(0, 1fr);}}<\/style><div class=\"kb-row-layout-wrap kb-row-layout-id3974_a60544-e6 alignnone wp-block-kadence-rowlayout\"><div class=\"kt-row-column-wrap kt-has-2-columns kt-row-layout-equal kt-tab-layout-inherit kt-mobile-layout-row kt-row-valign-top\">\n<style>.kadence-column3974_8e3132-65 > .kt-inside-inner-col,.kadence-column3974_8e3132-65 > .kt-inside-inner-col:before{border-top-left-radius:0px;border-top-right-radius:0px;border-bottom-right-radius:0px;border-bottom-left-radius:0px;}.kadence-column3974_8e3132-65 > .kt-inside-inner-col{column-gap:var(--global-kb-gap-sm, 1rem);}.kadence-column3974_8e3132-65 > .kt-inside-inner-col{flex-direction:column;}.kadence-column3974_8e3132-65 > .kt-inside-inner-col > .aligncenter{width:100%;}.kadence-column3974_8e3132-65 > .kt-inside-inner-col:before{opacity:0.3;}.kadence-column3974_8e3132-65{position:relative;}@media all and (max-width: 1024px){.kadence-column3974_8e3132-65 > .kt-inside-inner-col{flex-direction:column;justify-content:center;}}@media all and (max-width: 767px){.kadence-column3974_8e3132-65 > .kt-inside-inner-col{flex-direction:column;justify-content:center;}}<\/style>\n<div class=\"wp-block-kadence-column kadence-column3974_8e3132-65\"><div class=\"kt-inside-inner-col\"><div class=\"wp-block-image\">\n<figure class=\"aligncenter size-full\"><img loading=\"lazy\" decoding=\"async\" width=\"360\" height=\"360\" src=\"https:\/\/bastideparis.fr\/ro49090-ovh\/wp-content\/uploads\/2024\/02\/COUVERTSTORSOGRIP.webp\" alt=\"\" class=\"wp-image-2457\" srcset=\"https:\/\/bastideparis.fr\/ro49090-ovh\/wp-content\/uploads\/2024\/02\/COUVERTSTORSOGRIP.webp 360w, https:\/\/bastideparis.fr\/ro49090-ovh\/wp-content\/uploads\/2024\/02\/COUVERTSTORSOGRIP-300x300.webp 300w, https:\/\/bastideparis.fr\/ro49090-ovh\/wp-content\/uploads\/2024\/02\/COUVERTSTORSOGRIP-150x150.webp 150w\" sizes=\"auto, (max-width: 360px) 100vw, 360px\" \/><\/figure>\n<\/div><\/div><\/div>\n\n\n<style>.kadence-column3974_416f7c-fa > .kt-inside-inner-col,.kadence-column3974_416f7c-fa > .kt-inside-inner-col:before{border-top-left-radius:0px;border-top-right-radius:0px;border-bottom-right-radius:0px;border-bottom-left-radius:0px;}.kadence-column3974_416f7c-fa > .kt-inside-inner-col{column-gap:var(--global-kb-gap-sm, 1rem);}.kadence-column3974_416f7c-fa > .kt-inside-inner-col{flex-direction:column;}.kadence-column3974_416f7c-fa > .kt-inside-inner-col > .aligncenter{width:100%;}.kadence-column3974_416f7c-fa > .kt-inside-inner-col:before{opacity:0.3;}.kadence-column3974_416f7c-fa{position:relative;}@media all and (max-width: 1024px){.kadence-column3974_416f7c-fa > .kt-inside-inner-col{flex-direction:column;justify-content:center;}}@media all and (max-width: 767px){.kadence-column3974_416f7c-fa > .kt-inside-inner-col{flex-direction:column;justify-content:center;}}<\/style>\n<div class=\"wp-block-kadence-column kadence-column3974_416f7c-fa\"><div class=\"kt-inside-inner-col\">\n<p><strong>Couverts Torsogrip &#8211; 8,90\u20ac<\/strong><\/p>\n\n\n\n<p>Manche en caoutchouc antid\u00e9rapant<\/p>\n\n\n\n<ul class=\"wp-block-list\">\n<li>Am\u00e9liore la pr\u00e9hension<\/li>\n\n\n\n<li>Manche en caoutchouc moul\u00e9, antid\u00e9rapant<\/li>\n\n\n\n<li>Couvert en inox \u00e9pais<\/li>\n<\/ul>\n<\/div><\/div>\n\n<\/div><\/div>\n\n<style>.kb-row-layout-id3974_f75de5-e8 > .kt-row-column-wrap{align-content:start;}:where(.kb-row-layout-id3974_f75de5-e8 > .kt-row-column-wrap) > .wp-block-kadence-column{justify-content:start;}.kb-row-layout-id3974_f75de5-e8 > .kt-row-column-wrap{column-gap:var(--global-kb-gap-md, 2rem);row-gap:var(--global-kb-gap-md, 2rem);padding-top:var(--global-kb-spacing-sm, 1.5rem);padding-bottom:var(--global-kb-spacing-sm, 1.5rem);grid-template-columns:repeat(2, minmax(0, 1fr));}.kb-row-layout-id3974_f75de5-e8 > .kt-row-layout-overlay{opacity:0.30;}@media all and (max-width: 1024px){.kb-row-layout-id3974_f75de5-e8 > .kt-row-column-wrap{grid-template-columns:repeat(2, minmax(0, 1fr));}}@media all and (max-width: 767px){.kb-row-layout-id3974_f75de5-e8 > .kt-row-column-wrap{grid-template-columns:minmax(0, 1fr);}}<\/style><div class=\"kb-row-layout-wrap kb-row-layout-id3974_f75de5-e8 alignnone wp-block-kadence-rowlayout\"><div class=\"kt-row-column-wrap kt-has-2-columns kt-row-layout-equal kt-tab-layout-inherit kt-mobile-layout-row kt-row-valign-top\">\n<style>.kadence-column3974_2e0e33-39 > .kt-inside-inner-col,.kadence-column3974_2e0e33-39 > .kt-inside-inner-col:before{border-top-left-radius:0px;border-top-right-radius:0px;border-bottom-right-radius:0px;border-bottom-left-radius:0px;}.kadence-column3974_2e0e33-39 > .kt-inside-inner-col{column-gap:var(--global-kb-gap-sm, 1rem);}.kadence-column3974_2e0e33-39 > .kt-inside-inner-col{flex-direction:column;}.kadence-column3974_2e0e33-39 > .kt-inside-inner-col > .aligncenter{width:100%;}.kadence-column3974_2e0e33-39 > .kt-inside-inner-col:before{opacity:0.3;}.kadence-column3974_2e0e33-39{position:relative;}@media all and (max-width: 1024px){.kadence-column3974_2e0e33-39 > .kt-inside-inner-col{flex-direction:column;justify-content:center;}}@media all and (max-width: 767px){.kadence-column3974_2e0e33-39 > .kt-inside-inner-col{flex-direction:column;justify-content:center;}}<\/style>\n<div class=\"wp-block-kadence-column kadence-column3974_2e0e33-39\"><div class=\"kt-inside-inner-col\">\n<h2 class=\"wp-block-heading\">Caract\u00e9ristiques techniques du couteau Torsogrip<\/h2>\n\n\n\n<ul class=\"wp-block-list\">\n<li>Longueur totale\u00a0: 20,50 cm<\/li>\n\n\n\n<li>Longueur du manche\u00a0: 11 cm<\/li>\n\n\n\n<li>Poids total\u00a0: 115 grammes<\/li>\n<\/ul>\n\n\n\n<h2 class=\"wp-block-heading\">Caract\u00e9ristiques techniques de la fourchette Torsogrip<\/h2>\n\n\n\n<ul class=\"wp-block-list\">\n<li>Longueur totale\u00a0: 20,50 cm<\/li>\n\n\n\n<li>Longueur du manche\u00a0: 11 cm<\/li>\n\n\n\n<li>Poids total\u00a0: 115 grammes<\/li>\n<\/ul>\n<\/div><\/div>\n\n\n<style>.kadence-column3974_d99651-c5 > .kt-inside-inner-col,.kadence-column3974_d99651-c5 > .kt-inside-inner-col:before{border-top-left-radius:0px;border-top-right-radius:0px;border-bottom-right-radius:0px;border-bottom-left-radius:0px;}.kadence-column3974_d99651-c5 > .kt-inside-inner-col{column-gap:var(--global-kb-gap-sm, 1rem);}.kadence-column3974_d99651-c5 > .kt-inside-inner-col{flex-direction:column;}.kadence-column3974_d99651-c5 > .kt-inside-inner-col > .aligncenter{width:100%;}.kadence-column3974_d99651-c5 > .kt-inside-inner-col:before{opacity:0.3;}.kadence-column3974_d99651-c5{position:relative;}@media all and (max-width: 1024px){.kadence-column3974_d99651-c5 > .kt-inside-inner-col{flex-direction:column;justify-content:center;}}@media all and (max-width: 767px){.kadence-column3974_d99651-c5 > .kt-inside-inner-col{flex-direction:column;justify-content:center;}}<\/style>\n<div class=\"wp-block-kadence-column kadence-column3974_d99651-c5\"><div class=\"kt-inside-inner-col\">\n<h2 class=\"wp-block-heading\">Caract\u00e9ristiques techniques de la cuill\u00e8re \u00e0 soupe Torsogrip<\/h2>\n\n\n\n<ul class=\"wp-block-list\">\n<li>Longueur totale&nbsp;: 20,50 cm<\/li>\n\n\n\n<li>Longueur du manche&nbsp;: 11 cm<\/li>\n\n\n\n<li>Poids total&nbsp;: 115 grammes<\/li>\n<\/ul>\n\n\n\n<h2 class=\"wp-block-heading\">Caract\u00e9ristiques techniques de la petite cuill\u00e8re Torsogrip<\/h2>\n\n\n\n<ul class=\"wp-block-list\">\n<li>Longueur totale&nbsp;: 20,50 cm<\/li>\n\n\n\n<li>Longueur du manche&nbsp;: 11 cm<\/li>\n\n\n\n<li>Poids total&nbsp;: 115 grammes<\/li>\n<\/ul>\n<\/div><\/div>\n\n<\/div><\/div>","protected":false},"excerpt":{"rendered":"<p>Retour Couverts Torsogrip Couverts Torsogrip &#8211; 8,90\u20ac Manche en caoutchouc antid\u00e9rapant Caract\u00e9ristiques techniques du couteau Torsogrip Caract\u00e9ristiques techniques de la fourchette Torsogrip Caract\u00e9ristiques techniques de la cuill\u00e8re \u00e0 soupe Torsogrip Caract\u00e9ristiques techniques de la petite cuill\u00e8re Torsogrip<\/p>\n","protected":false},"author":1,"featured_media":0,"parent":0,"menu_order":0,"comment_status":"closed","ping_status":"closed","template":"","meta":{"content-type":"","_kad_post_transparent":"","_kad_post_title":"hide","_kad_post_layout":"","_kad_post_sidebar_id":"","_kad_post_content_style":"","_kad_post_vertical_padding":"","_kad_post_feature":"","_kad_post_feature_position":"","_kad_post_header":false,"_kad_post_footer":false,"footnotes":""},"class_list":["post-3974","page","type-page","status-publish","hentry"],"_links":{"self":[{"href":"https:\/\/bastideparis.fr\/ro49090-ovh\/index.php\/wp-json\/wp\/v2\/pages\/3974","targetHints":{"allow":["GET"]}}],"collection":[{"href":"https:\/\/bastideparis.fr\/ro49090-ovh\/index.php\/wp-json\/wp\/v2\/pages"}],"about":[{"href":"https:\/\/bastideparis.fr\/ro49090-ovh\/index.php\/wp-json\/wp\/v2\/types\/page"}],"author":[{"embeddable":true,"href":"https:\/\/bastideparis.fr\/ro49090-ovh\/index.php\/wp-json\/wp\/v2\/users\/1"}],"replies":[{"embeddable":true,"href":"https:\/\/bastideparis.fr\/ro49090-ovh\/index.php\/wp-json\/wp\/v2\/comments?post=3974"}],"version-history":[{"count":1,"href":"https:\/\/bastideparis.fr\/ro49090-ovh\/index.php\/wp-json\/wp\/v2\/pages\/3974\/revisions"}],"predecessor-version":[{"id":3975,"href":"https:\/\/bastideparis.fr\/ro49090-ovh\/index.php\/wp-json\/wp\/v2\/pages\/3974\/revisions\/3975"}],"wp:attachment":[{"href":"https:\/\/bastideparis.fr\/ro49090-ovh\/index.php\/wp-json\/wp\/v2\/media?parent=3974"}],"curies":[{"name":"wp","href":"https:\/\/api.w.org\/{rel}","templated":true}]}}