{"id":3977,"date":"2024-06-20T10:26:22","date_gmt":"2024-06-20T08:26:22","guid":{"rendered":"https:\/\/bastideparis.fr\/ro49090-ovh\/?page_id=3977"},"modified":"2024-06-20T10:29:29","modified_gmt":"2024-06-20T08:29:29","slug":"chaise-haute-de-douche-ou-de-cuisine","status":"publish","type":"page","link":"https:\/\/bastideparis.fr\/ro49090-ovh\/index.php\/chaise-haute-de-douche-ou-de-cuisine\/","title":{"rendered":"CHAISE HAUTE DE DOUCHE OU DE CUISINE"},"content":{"rendered":"\n<p><a href=\"https:\/\/bastideparis.fr\/ro49090-ovh\/index.php\/showroom-cuisine\/\">Retour<\/a><\/p>\n\n\n\n<p class=\"has-larger-font-size\">CHAISE HAUTE DE DOUCHE OU DE CUISINE<\/p>\n\n\n<style>.kb-row-layout-id3977_67706e-76 > .kt-row-column-wrap{align-content:start;}:where(.kb-row-layout-id3977_67706e-76 > .kt-row-column-wrap) > .wp-block-kadence-column{justify-content:start;}.kb-row-layout-id3977_67706e-76 > .kt-row-column-wrap{column-gap:var(--global-kb-gap-md, 2rem);row-gap:var(--global-kb-gap-md, 2rem);padding-top:var(--global-kb-spacing-sm, 1.5rem);padding-bottom:var(--global-kb-spacing-sm, 1.5rem);grid-template-columns:repeat(2, minmax(0, 1fr));}.kb-row-layout-id3977_67706e-76 > .kt-row-layout-overlay{opacity:0.30;}@media all and (max-width: 1024px){.kb-row-layout-id3977_67706e-76 > .kt-row-column-wrap{grid-template-columns:repeat(2, minmax(0, 1fr));}}@media all and (max-width: 767px){.kb-row-layout-id3977_67706e-76 > .kt-row-column-wrap{grid-template-columns:minmax(0, 1fr);}}<\/style><div class=\"kb-row-layout-wrap kb-row-layout-id3977_67706e-76 alignnone wp-block-kadence-rowlayout\"><div class=\"kt-row-column-wrap kt-has-2-columns kt-row-layout-equal kt-tab-layout-inherit kt-mobile-layout-row kt-row-valign-top\">\n<style>.kadence-column3977_f68083-9b > .kt-inside-inner-col,.kadence-column3977_f68083-9b > .kt-inside-inner-col:before{border-top-left-radius:0px;border-top-right-radius:0px;border-bottom-right-radius:0px;border-bottom-left-radius:0px;}.kadence-column3977_f68083-9b > .kt-inside-inner-col{column-gap:var(--global-kb-gap-sm, 1rem);}.kadence-column3977_f68083-9b > .kt-inside-inner-col{flex-direction:column;}.kadence-column3977_f68083-9b > .kt-inside-inner-col > .aligncenter{width:100%;}.kadence-column3977_f68083-9b > .kt-inside-inner-col:before{opacity:0.3;}.kadence-column3977_f68083-9b{position:relative;}@media all and (max-width: 1024px){.kadence-column3977_f68083-9b > .kt-inside-inner-col{flex-direction:column;justify-content:center;}}@media all and (max-width: 767px){.kadence-column3977_f68083-9b > .kt-inside-inner-col{flex-direction:column;justify-content:center;}}<\/style>\n<div class=\"wp-block-kadence-column kadence-column3977_f68083-9b\"><div class=\"kt-inside-inner-col\"><div class=\"wp-block-image\">\n<figure class=\"aligncenter size-full\"><img loading=\"lazy\" decoding=\"async\" width=\"800\" height=\"800\" src=\"https:\/\/bastideparis.fr\/ro49090-ovh\/wp-content\/uploads\/2024\/02\/CHAISE-HAUTE-1.webp\" alt=\"\" class=\"wp-image-2458\" srcset=\"https:\/\/bastideparis.fr\/ro49090-ovh\/wp-content\/uploads\/2024\/02\/CHAISE-HAUTE-1.webp 800w, https:\/\/bastideparis.fr\/ro49090-ovh\/wp-content\/uploads\/2024\/02\/CHAISE-HAUTE-1-300x300.webp 300w, https:\/\/bastideparis.fr\/ro49090-ovh\/wp-content\/uploads\/2024\/02\/CHAISE-HAUTE-1-150x150.webp 150w, https:\/\/bastideparis.fr\/ro49090-ovh\/wp-content\/uploads\/2024\/02\/CHAISE-HAUTE-1-768x768.webp 768w\" sizes=\"auto, (max-width: 800px) 100vw, 800px\" \/><\/figure>\n<\/div><\/div><\/div>\n\n\n<style>.kadence-column3977_41a1fd-e2 > .kt-inside-inner-col,.kadence-column3977_41a1fd-e2 > .kt-inside-inner-col:before{border-top-left-radius:0px;border-top-right-radius:0px;border-bottom-right-radius:0px;border-bottom-left-radius:0px;}.kadence-column3977_41a1fd-e2 > .kt-inside-inner-col{column-gap:var(--global-kb-gap-sm, 1rem);}.kadence-column3977_41a1fd-e2 > .kt-inside-inner-col{flex-direction:column;}.kadence-column3977_41a1fd-e2 > .kt-inside-inner-col > .aligncenter{width:100%;}.kadence-column3977_41a1fd-e2 > .kt-inside-inner-col:before{opacity:0.3;}.kadence-column3977_41a1fd-e2{position:relative;}@media all and (max-width: 1024px){.kadence-column3977_41a1fd-e2 > .kt-inside-inner-col{flex-direction:column;justify-content:center;}}@media all and (max-width: 767px){.kadence-column3977_41a1fd-e2 > .kt-inside-inner-col{flex-direction:column;justify-content:center;}}<\/style>\n<div class=\"wp-block-kadence-column kadence-column3977_41a1fd-e2\"><div class=\"kt-inside-inner-col\">\n<p><strong>CHAISE HAUTE DE DOUCHE OU DE CUISINE &#8211; 99,95\u20ac<br>R\u00e9f\u00e9rence : 112099<\/strong><\/p>\n\n\n\n<h2 class=\"wp-block-heading\">Description du produit<\/h2>\n\n\n\n<p><strong>La chaise haute de cuisine&nbsp;<\/strong><em>IDENTITES<\/em>&nbsp;permet aux&nbsp;<strong>personnes faibles<\/strong>&nbsp;de pouvoir continuer \u00e0 pr\u00e9parer les repas, faire la vaisselle, repasser etc.<\/p>\n\n\n\n<h2 class=\"wp-block-heading\">Une chaise 2 en 1 pour une double fonctionnalit\u00e9<\/h2>\n\n\n\n<p>La chaise haute cuisine facilite votre quotidien avec son assise inclinable vers l\u2019avant. L\u2019assise et le dossier sont r\u00e9alis\u00e9s en&nbsp;<strong>mati\u00e8re souple et imperm\u00e9able<\/strong>. Cette mati\u00e8re sp\u00e9ciale permet d\u2019utiliser la chaise haute en tant que chaise de douche.<\/p>\n\n\n\n<h2 class=\"wp-block-heading\">Caract\u00e9ristiques de la chaise haute de cuisine &nbsp;<\/h2>\n\n\n\n<ul class=\"wp-block-list\">\n<li>Dimensions de la chaise\u00a0: 58\u00d741 cm<\/li>\n\n\n\n<li>Dimensions assise\u00a0: 36\u00d729 cm<\/li>\n\n\n\n<li>Hauteur de la chaise\u00a0: r\u00e9glable de 52 \u00e0 67 cm<\/li>\n\n\n\n<li>Largeur entre accoudoirs 47 cm<\/li>\n\n\n\n<li>Poids 5,3 Kg<\/li>\n\n\n\n<li>Poids maximum autoris\u00e9 172 Kg<\/li>\n\n\n\n<li>Chaise 2 en 1<\/li>\n<\/ul>\n<\/div><\/div>\n\n<\/div><\/div>","protected":false},"excerpt":{"rendered":"<p>Retour CHAISE HAUTE DE DOUCHE OU DE CUISINE CHAISE HAUTE DE DOUCHE OU DE CUISINE &#8211; 99,95\u20acR\u00e9f\u00e9rence : 112099 Description du produit La chaise haute de cuisine&nbsp;IDENTITES&nbsp;permet aux&nbsp;personnes faibles&nbsp;de pouvoir continuer \u00e0 pr\u00e9parer les repas, faire la vaisselle, repasser etc. Une chaise 2 en 1 pour une double fonctionnalit\u00e9 La chaise haute cuisine facilite votre&#8230;<\/p>\n","protected":false},"author":1,"featured_media":0,"parent":0,"menu_order":0,"comment_status":"closed","ping_status":"closed","template":"","meta":{"content-type":"","_kad_post_transparent":"","_kad_post_title":"hide","_kad_post_layout":"","_kad_post_sidebar_id":"","_kad_post_content_style":"","_kad_post_vertical_padding":"","_kad_post_feature":"","_kad_post_feature_position":"","_kad_post_header":false,"_kad_post_footer":false,"footnotes":""},"class_list":["post-3977","page","type-page","status-publish","hentry"],"_links":{"self":[{"href":"https:\/\/bastideparis.fr\/ro49090-ovh\/index.php\/wp-json\/wp\/v2\/pages\/3977","targetHints":{"allow":["GET"]}}],"collection":[{"href":"https:\/\/bastideparis.fr\/ro49090-ovh\/index.php\/wp-json\/wp\/v2\/pages"}],"about":[{"href":"https:\/\/bastideparis.fr\/ro49090-ovh\/index.php\/wp-json\/wp\/v2\/types\/page"}],"author":[{"embeddable":true,"href":"https:\/\/bastideparis.fr\/ro49090-ovh\/index.php\/wp-json\/wp\/v2\/users\/1"}],"replies":[{"embeddable":true,"href":"https:\/\/bastideparis.fr\/ro49090-ovh\/index.php\/wp-json\/wp\/v2\/comments?post=3977"}],"version-history":[{"count":2,"href":"https:\/\/bastideparis.fr\/ro49090-ovh\/index.php\/wp-json\/wp\/v2\/pages\/3977\/revisions"}],"predecessor-version":[{"id":3984,"href":"https:\/\/bastideparis.fr\/ro49090-ovh\/index.php\/wp-json\/wp\/v2\/pages\/3977\/revisions\/3984"}],"wp:attachment":[{"href":"https:\/\/bastideparis.fr\/ro49090-ovh\/index.php\/wp-json\/wp\/v2\/media?parent=3977"}],"curies":[{"name":"wp","href":"https:\/\/api.w.org\/{rel}","templated":true}]}}