{"id":3996,"date":"2024-06-20T10:48:18","date_gmt":"2024-06-20T08:48:18","guid":{"rendered":"https:\/\/bastideparis.fr\/ro49090-ovh\/?page_id=3996"},"modified":"2024-06-20T10:48:18","modified_gmt":"2024-06-20T08:48:18","slug":"tasse-ergo","status":"publish","type":"page","link":"https:\/\/bastideparis.fr\/ro49090-ovh\/index.php\/tasse-ergo\/","title":{"rendered":"Tasse ERGO"},"content":{"rendered":"\n<p><a href=\"https:\/\/bastideparis.fr\/ro49090-ovh\/index.php\/showroom-cuisine\/\">Retour<\/a><\/p>\n\n\n\n<p class=\"has-larger-font-size\">Tasse ERGO<\/p>\n\n\n<style>.kb-row-layout-id3996_85315e-0f > .kt-row-column-wrap{align-content:start;}:where(.kb-row-layout-id3996_85315e-0f > .kt-row-column-wrap) > .wp-block-kadence-column{justify-content:start;}.kb-row-layout-id3996_85315e-0f > .kt-row-column-wrap{column-gap:var(--global-kb-gap-md, 2rem);row-gap:var(--global-kb-gap-md, 2rem);padding-top:var(--global-kb-spacing-sm, 1.5rem);padding-bottom:var(--global-kb-spacing-sm, 1.5rem);grid-template-columns:repeat(2, minmax(0, 1fr));}.kb-row-layout-id3996_85315e-0f > .kt-row-layout-overlay{opacity:0.30;}@media all and (max-width: 1024px){.kb-row-layout-id3996_85315e-0f > .kt-row-column-wrap{grid-template-columns:repeat(2, minmax(0, 1fr));}}@media all and (max-width: 767px){.kb-row-layout-id3996_85315e-0f > .kt-row-column-wrap{grid-template-columns:minmax(0, 1fr);}}<\/style><div class=\"kb-row-layout-wrap kb-row-layout-id3996_85315e-0f alignnone wp-block-kadence-rowlayout\"><div class=\"kt-row-column-wrap kt-has-2-columns kt-row-layout-equal kt-tab-layout-inherit kt-mobile-layout-row kt-row-valign-top\">\n<style>.kadence-column3996_6c24c4-31 > .kt-inside-inner-col,.kadence-column3996_6c24c4-31 > .kt-inside-inner-col:before{border-top-left-radius:0px;border-top-right-radius:0px;border-bottom-right-radius:0px;border-bottom-left-radius:0px;}.kadence-column3996_6c24c4-31 > .kt-inside-inner-col{column-gap:var(--global-kb-gap-sm, 1rem);}.kadence-column3996_6c24c4-31 > .kt-inside-inner-col{flex-direction:column;}.kadence-column3996_6c24c4-31 > .kt-inside-inner-col > .aligncenter{width:100%;}.kadence-column3996_6c24c4-31 > .kt-inside-inner-col:before{opacity:0.3;}.kadence-column3996_6c24c4-31{position:relative;}@media all and (max-width: 1024px){.kadence-column3996_6c24c4-31 > .kt-inside-inner-col{flex-direction:column;justify-content:center;}}@media all and (max-width: 767px){.kadence-column3996_6c24c4-31 > .kt-inside-inner-col{flex-direction:column;justify-content:center;}}<\/style>\n<div class=\"wp-block-kadence-column kadence-column3996_6c24c4-31\"><div class=\"kt-inside-inner-col\"><div class=\"wp-block-image\">\n<figure class=\"aligncenter size-full\"><img loading=\"lazy\" decoding=\"async\" width=\"360\" height=\"360\" src=\"https:\/\/bastideparis.fr\/ro49090-ovh\/wp-content\/uploads\/2024\/02\/TASSE-ERGO.webp\" alt=\"\" class=\"wp-image-2462\" srcset=\"https:\/\/bastideparis.fr\/ro49090-ovh\/wp-content\/uploads\/2024\/02\/TASSE-ERGO.webp 360w, https:\/\/bastideparis.fr\/ro49090-ovh\/wp-content\/uploads\/2024\/02\/TASSE-ERGO-300x300.webp 300w, https:\/\/bastideparis.fr\/ro49090-ovh\/wp-content\/uploads\/2024\/02\/TASSE-ERGO-150x150.webp 150w\" sizes=\"auto, (max-width: 360px) 100vw, 360px\" \/><\/figure>\n<\/div><\/div><\/div>\n\n\n<style>.kadence-column3996_ce6028-99 > .kt-inside-inner-col,.kadence-column3996_ce6028-99 > .kt-inside-inner-col:before{border-top-left-radius:0px;border-top-right-radius:0px;border-bottom-right-radius:0px;border-bottom-left-radius:0px;}.kadence-column3996_ce6028-99 > .kt-inside-inner-col{column-gap:var(--global-kb-gap-sm, 1rem);}.kadence-column3996_ce6028-99 > .kt-inside-inner-col{flex-direction:column;}.kadence-column3996_ce6028-99 > .kt-inside-inner-col > .aligncenter{width:100%;}.kadence-column3996_ce6028-99 > .kt-inside-inner-col:before{opacity:0.3;}.kadence-column3996_ce6028-99{position:relative;}@media all and (max-width: 1024px){.kadence-column3996_ce6028-99 > .kt-inside-inner-col{flex-direction:column;justify-content:center;}}@media all and (max-width: 767px){.kadence-column3996_ce6028-99 > .kt-inside-inner-col{flex-direction:column;justify-content:center;}}<\/style>\n<div class=\"wp-block-kadence-column kadence-column3996_ce6028-99\"><div class=\"kt-inside-inner-col\">\n<p><strong>Tasse ERGO &#8211; 11,90\u20ac<br>R\u00e9f\u00e9rence : 112104<\/strong><\/p>\n\n\n\n<h2 class=\"wp-block-heading\">Description du produit<\/h2>\n\n\n\n<p><strong>La tasse ergonomique&nbsp;<\/strong><em>IDENTITES<\/em>&nbsp;est une aide technique pour&nbsp;<strong>les personnes malades. La tasse est quasi-incassable<\/strong>&nbsp;et poss\u00e8de une anse&nbsp;<strong>tr\u00e8s large<\/strong>&nbsp;<strong>facile \u00e0 prendre en main<\/strong>, ainsi qu\u2019un support pour l\u2019autre main.<\/p>\n\n\n\n<h2 class=\"wp-block-heading\">Tasse ergonomique et pratique<\/h2>\n\n\n\n<p>La tasse ergonomique est gradu\u00e9e et permet une&nbsp;<strong>grande contenance de 30 cl<\/strong>. Elle dispose d\u2019une anse suppl\u00e9mentaire pour \u00eatre stable.<\/p>\n<\/div><\/div>\n\n<\/div><\/div>\n\n<style>.kb-row-layout-id3996_433ea5-09 > .kt-row-column-wrap{align-content:start;}:where(.kb-row-layout-id3996_433ea5-09 > .kt-row-column-wrap) > .wp-block-kadence-column{justify-content:start;}.kb-row-layout-id3996_433ea5-09 > .kt-row-column-wrap{column-gap:var(--global-kb-gap-md, 2rem);row-gap:var(--global-kb-gap-md, 2rem);padding-top:var(--global-kb-spacing-sm, 1.5rem);padding-bottom:var(--global-kb-spacing-sm, 1.5rem);grid-template-columns:repeat(2, minmax(0, 1fr));}.kb-row-layout-id3996_433ea5-09 > .kt-row-layout-overlay{opacity:0.30;}@media all and (max-width: 1024px){.kb-row-layout-id3996_433ea5-09 > .kt-row-column-wrap{grid-template-columns:repeat(2, minmax(0, 1fr));}}@media all and (max-width: 767px){.kb-row-layout-id3996_433ea5-09 > .kt-row-column-wrap{grid-template-columns:minmax(0, 1fr);}}<\/style><div class=\"kb-row-layout-wrap kb-row-layout-id3996_433ea5-09 alignnone wp-block-kadence-rowlayout\"><div class=\"kt-row-column-wrap kt-has-2-columns kt-row-layout-equal kt-tab-layout-inherit kt-mobile-layout-row kt-row-valign-top\">\n<style>.kadence-column3996_e5e8d0-af > .kt-inside-inner-col,.kadence-column3996_e5e8d0-af > .kt-inside-inner-col:before{border-top-left-radius:0px;border-top-right-radius:0px;border-bottom-right-radius:0px;border-bottom-left-radius:0px;}.kadence-column3996_e5e8d0-af > .kt-inside-inner-col{column-gap:var(--global-kb-gap-sm, 1rem);}.kadence-column3996_e5e8d0-af > .kt-inside-inner-col{flex-direction:column;}.kadence-column3996_e5e8d0-af > .kt-inside-inner-col > .aligncenter{width:100%;}.kadence-column3996_e5e8d0-af > .kt-inside-inner-col:before{opacity:0.3;}.kadence-column3996_e5e8d0-af{position:relative;}@media all and (max-width: 1024px){.kadence-column3996_e5e8d0-af > .kt-inside-inner-col{flex-direction:column;justify-content:center;}}@media all and (max-width: 767px){.kadence-column3996_e5e8d0-af > .kt-inside-inner-col{flex-direction:column;justify-content:center;}}<\/style>\n<div class=\"wp-block-kadence-column kadence-column3996_e5e8d0-af\"><div class=\"kt-inside-inner-col\">\n<h2 class=\"wp-block-heading\">Recommandations d\u2019utilisation de la tasse ergonomique<\/h2>\n\n\n\n<p>Nous recommandons la tasse quasi-incassable&nbsp;<strong>aux personnes h\u00e9mipl\u00e9giques ou aussi les personnes \u00e2g\u00e9es faibles.<\/strong><\/p>\n\n\n\n<h2 class=\"wp-block-heading\">Caract\u00e9ristiques de la tasse ergonomique<\/h2>\n\n\n\n<ul class=\"wp-block-list\">\n<li>Diam\u00e8tre bas 5,5 cm<\/li>\n\n\n\n<li>Diam\u00e8tre haut 10 cm<\/li>\n\n\n\n<li>Hauteur 10 cm<\/li>\n\n\n\n<li>5 coloris&nbsp;: bleu, framboise, orange, verte et transparente<\/li>\n\n\n\n<li>Option d\u2019un couvercle \u00e0 bec&nbsp;<\/li>\n\n\n\n<li>En cas de chute sur carrelage&nbsp;: aucun effet.<\/li>\n<\/ul>\n<\/div><\/div>\n\n\n<style>.kadence-column3996_c27919-ef > .kt-inside-inner-col,.kadence-column3996_c27919-ef > .kt-inside-inner-col:before{border-top-left-radius:0px;border-top-right-radius:0px;border-bottom-right-radius:0px;border-bottom-left-radius:0px;}.kadence-column3996_c27919-ef > .kt-inside-inner-col{column-gap:var(--global-kb-gap-sm, 1rem);}.kadence-column3996_c27919-ef > .kt-inside-inner-col{flex-direction:column;}.kadence-column3996_c27919-ef > .kt-inside-inner-col > .aligncenter{width:100%;}.kadence-column3996_c27919-ef > .kt-inside-inner-col:before{opacity:0.3;}.kadence-column3996_c27919-ef{position:relative;}@media all and (max-width: 1024px){.kadence-column3996_c27919-ef > .kt-inside-inner-col{flex-direction:column;justify-content:center;}}@media all and (max-width: 767px){.kadence-column3996_c27919-ef > .kt-inside-inner-col{flex-direction:column;justify-content:center;}}<\/style>\n<div class=\"wp-block-kadence-column kadence-column3996_c27919-ef\"><div class=\"kt-inside-inner-col\"><\/div><\/div>\n\n<\/div><\/div>","protected":false},"excerpt":{"rendered":"<p>Retour Tasse ERGO Tasse ERGO &#8211; 11,90\u20acR\u00e9f\u00e9rence : 112104 Description du produit La tasse ergonomique&nbsp;IDENTITES&nbsp;est une aide technique pour&nbsp;les personnes malades. La tasse est quasi-incassable&nbsp;et poss\u00e8de une anse&nbsp;tr\u00e8s large&nbsp;facile \u00e0 prendre en main, ainsi qu\u2019un support pour l\u2019autre main. Tasse ergonomique et pratique La tasse ergonomique est gradu\u00e9e et permet une&nbsp;grande contenance de 30 cl&#8230;.<\/p>\n","protected":false},"author":1,"featured_media":0,"parent":0,"menu_order":0,"comment_status":"closed","ping_status":"closed","template":"","meta":{"content-type":"","_kad_post_transparent":"","_kad_post_title":"hide","_kad_post_layout":"","_kad_post_sidebar_id":"","_kad_post_content_style":"","_kad_post_vertical_padding":"","_kad_post_feature":"","_kad_post_feature_position":"","_kad_post_header":false,"_kad_post_footer":false,"footnotes":""},"class_list":["post-3996","page","type-page","status-publish","hentry"],"_links":{"self":[{"href":"https:\/\/bastideparis.fr\/ro49090-ovh\/index.php\/wp-json\/wp\/v2\/pages\/3996","targetHints":{"allow":["GET"]}}],"collection":[{"href":"https:\/\/bastideparis.fr\/ro49090-ovh\/index.php\/wp-json\/wp\/v2\/pages"}],"about":[{"href":"https:\/\/bastideparis.fr\/ro49090-ovh\/index.php\/wp-json\/wp\/v2\/types\/page"}],"author":[{"embeddable":true,"href":"https:\/\/bastideparis.fr\/ro49090-ovh\/index.php\/wp-json\/wp\/v2\/users\/1"}],"replies":[{"embeddable":true,"href":"https:\/\/bastideparis.fr\/ro49090-ovh\/index.php\/wp-json\/wp\/v2\/comments?post=3996"}],"version-history":[{"count":1,"href":"https:\/\/bastideparis.fr\/ro49090-ovh\/index.php\/wp-json\/wp\/v2\/pages\/3996\/revisions"}],"predecessor-version":[{"id":3997,"href":"https:\/\/bastideparis.fr\/ro49090-ovh\/index.php\/wp-json\/wp\/v2\/pages\/3996\/revisions\/3997"}],"wp:attachment":[{"href":"https:\/\/bastideparis.fr\/ro49090-ovh\/index.php\/wp-json\/wp\/v2\/media?parent=3996"}],"curies":[{"name":"wp","href":"https:\/\/api.w.org\/{rel}","templated":true}]}}