{"id":4002,"date":"2024-06-20T10:54:44","date_gmt":"2024-06-20T08:54:44","guid":{"rendered":"https:\/\/bastideparis.fr\/ro49090-ovh\/?page_id=4002"},"modified":"2024-06-20T10:54:44","modified_gmt":"2024-06-20T08:54:44","slug":"verre-avec-decoupe-nasale-incolore","status":"publish","type":"page","link":"https:\/\/bastideparis.fr\/ro49090-ovh\/index.php\/verre-avec-decoupe-nasale-incolore\/","title":{"rendered":"Verre avec d\u00e9coupe nasale incolore"},"content":{"rendered":"\n<p><a href=\"https:\/\/bastideparis.fr\/ro49090-ovh\/index.php\/showroom-cuisine\/\">Retour<\/a><\/p>\n\n\n\n<p class=\"has-larger-font-size\">Verre avec d\u00e9coupe nasale incolore<\/p>\n\n\n<style>.kb-row-layout-id4002_d94446-68 > .kt-row-column-wrap{align-content:start;}:where(.kb-row-layout-id4002_d94446-68 > .kt-row-column-wrap) > .wp-block-kadence-column{justify-content:start;}.kb-row-layout-id4002_d94446-68 > .kt-row-column-wrap{column-gap:var(--global-kb-gap-md, 2rem);row-gap:var(--global-kb-gap-md, 2rem);padding-top:var(--global-kb-spacing-sm, 1.5rem);padding-bottom:var(--global-kb-spacing-sm, 1.5rem);grid-template-columns:repeat(2, minmax(0, 1fr));}.kb-row-layout-id4002_d94446-68 > .kt-row-layout-overlay{opacity:0.30;}@media all and (max-width: 1024px){.kb-row-layout-id4002_d94446-68 > .kt-row-column-wrap{grid-template-columns:repeat(2, minmax(0, 1fr));}}@media all and (max-width: 767px){.kb-row-layout-id4002_d94446-68 > .kt-row-column-wrap{grid-template-columns:minmax(0, 1fr);}}<\/style><div class=\"kb-row-layout-wrap kb-row-layout-id4002_d94446-68 alignnone wp-block-kadence-rowlayout\"><div class=\"kt-row-column-wrap kt-has-2-columns kt-row-layout-equal kt-tab-layout-inherit kt-mobile-layout-row kt-row-valign-top\">\n<style>.kadence-column4002_983705-45 > .kt-inside-inner-col,.kadence-column4002_983705-45 > .kt-inside-inner-col:before{border-top-left-radius:0px;border-top-right-radius:0px;border-bottom-right-radius:0px;border-bottom-left-radius:0px;}.kadence-column4002_983705-45 > .kt-inside-inner-col{column-gap:var(--global-kb-gap-sm, 1rem);}.kadence-column4002_983705-45 > .kt-inside-inner-col{flex-direction:column;}.kadence-column4002_983705-45 > .kt-inside-inner-col > .aligncenter{width:100%;}.kadence-column4002_983705-45 > .kt-inside-inner-col:before{opacity:0.3;}.kadence-column4002_983705-45{position:relative;}@media all and (max-width: 1024px){.kadence-column4002_983705-45 > .kt-inside-inner-col{flex-direction:column;justify-content:center;}}@media all and (max-width: 767px){.kadence-column4002_983705-45 > .kt-inside-inner-col{flex-direction:column;justify-content:center;}}<\/style>\n<div class=\"wp-block-kadence-column kadence-column4002_983705-45\"><div class=\"kt-inside-inner-col\"><div class=\"wp-block-image\">\n<figure class=\"aligncenter size-full\"><img loading=\"lazy\" decoding=\"async\" width=\"360\" height=\"360\" src=\"https:\/\/bastideparis.fr\/ro49090-ovh\/wp-content\/uploads\/2024\/02\/DECOUPE-NASALE.webp\" alt=\"\" class=\"wp-image-2464\" srcset=\"https:\/\/bastideparis.fr\/ro49090-ovh\/wp-content\/uploads\/2024\/02\/DECOUPE-NASALE.webp 360w, https:\/\/bastideparis.fr\/ro49090-ovh\/wp-content\/uploads\/2024\/02\/DECOUPE-NASALE-300x300.webp 300w, https:\/\/bastideparis.fr\/ro49090-ovh\/wp-content\/uploads\/2024\/02\/DECOUPE-NASALE-150x150.webp 150w\" sizes=\"auto, (max-width: 360px) 100vw, 360px\" \/><\/figure>\n<\/div><\/div><\/div>\n\n\n<style>.kadence-column4002_5c7805-17 > .kt-inside-inner-col,.kadence-column4002_5c7805-17 > .kt-inside-inner-col:before{border-top-left-radius:0px;border-top-right-radius:0px;border-bottom-right-radius:0px;border-bottom-left-radius:0px;}.kadence-column4002_5c7805-17 > .kt-inside-inner-col{column-gap:var(--global-kb-gap-sm, 1rem);}.kadence-column4002_5c7805-17 > .kt-inside-inner-col{flex-direction:column;}.kadence-column4002_5c7805-17 > .kt-inside-inner-col > .aligncenter{width:100%;}.kadence-column4002_5c7805-17 > .kt-inside-inner-col:before{opacity:0.3;}.kadence-column4002_5c7805-17{position:relative;}@media all and (max-width: 1024px){.kadence-column4002_5c7805-17 > .kt-inside-inner-col{flex-direction:column;justify-content:center;}}@media all and (max-width: 767px){.kadence-column4002_5c7805-17 > .kt-inside-inner-col{flex-direction:column;justify-content:center;}}<\/style>\n<div class=\"wp-block-kadence-column kadence-column4002_5c7805-17\"><div class=\"kt-inside-inner-col\">\n<p><strong>Verre avec d\u00e9coupe nasale incolore &#8211; 4,95\u20ac<br>R\u00e9f\u00e9rence : 112046<\/strong><\/p>\n\n\n\n<h2 class=\"wp-block-heading\">Description du produit<\/h2>\n\n\n\n<p>Le&nbsp;<strong>gobelet avec d\u00e9coupe nasale<\/strong>&nbsp;ergo est tr\u00e8s utile pour les personnes ayant des difficult\u00e9s \u00e0 pencher la t\u00eate en arri\u00e8re ou \u00e0 \u00e9tendre la nuque. La forme ergonomique du gobelet vous permet de boire tout en gardant la t\u00eate droite. Pour faciliter la pr\u00e9hension, sa forme est anatomique et est l\u00e9g\u00e8rement cr\u00e9nel\u00e9.<\/p>\n\n\n\n<h2 class=\"wp-block-heading\">Caract\u00e9ristiques du gobelet \u00e0 d\u00e9coupe nasale ergo<\/h2>\n\n\n\n<ul class=\"wp-block-list\">\n<li>Compatible avec un lave vaisselle<\/li>\n\n\n\n<li>Compatible avec le micro-ondes<\/li>\n\n\n\n<li>Contenance\u00a0: 27 cl<\/li>\n\n\n\n<li>Hauteur 12,5cm<\/li>\n\n\n\n<li>Diam\u00e8tre\u00a0: 5,5 cm \u00e0 8,5 cm<\/li>\n<\/ul>\n<\/div><\/div>\n\n<\/div><\/div>","protected":false},"excerpt":{"rendered":"<p>Retour Verre avec d\u00e9coupe nasale incolore Verre avec d\u00e9coupe nasale incolore &#8211; 4,95\u20acR\u00e9f\u00e9rence : 112046 Description du produit Le&nbsp;gobelet avec d\u00e9coupe nasale&nbsp;ergo est tr\u00e8s utile pour les personnes ayant des difficult\u00e9s \u00e0 pencher la t\u00eate en arri\u00e8re ou \u00e0 \u00e9tendre la nuque. La forme ergonomique du gobelet vous permet de boire tout en gardant la&#8230;<\/p>\n","protected":false},"author":1,"featured_media":0,"parent":0,"menu_order":0,"comment_status":"closed","ping_status":"closed","template":"","meta":{"content-type":"","_kad_post_transparent":"","_kad_post_title":"hide","_kad_post_layout":"","_kad_post_sidebar_id":"","_kad_post_content_style":"","_kad_post_vertical_padding":"","_kad_post_feature":"","_kad_post_feature_position":"","_kad_post_header":false,"_kad_post_footer":false,"footnotes":""},"class_list":["post-4002","page","type-page","status-publish","hentry"],"_links":{"self":[{"href":"https:\/\/bastideparis.fr\/ro49090-ovh\/index.php\/wp-json\/wp\/v2\/pages\/4002","targetHints":{"allow":["GET"]}}],"collection":[{"href":"https:\/\/bastideparis.fr\/ro49090-ovh\/index.php\/wp-json\/wp\/v2\/pages"}],"about":[{"href":"https:\/\/bastideparis.fr\/ro49090-ovh\/index.php\/wp-json\/wp\/v2\/types\/page"}],"author":[{"embeddable":true,"href":"https:\/\/bastideparis.fr\/ro49090-ovh\/index.php\/wp-json\/wp\/v2\/users\/1"}],"replies":[{"embeddable":true,"href":"https:\/\/bastideparis.fr\/ro49090-ovh\/index.php\/wp-json\/wp\/v2\/comments?post=4002"}],"version-history":[{"count":1,"href":"https:\/\/bastideparis.fr\/ro49090-ovh\/index.php\/wp-json\/wp\/v2\/pages\/4002\/revisions"}],"predecessor-version":[{"id":4003,"href":"https:\/\/bastideparis.fr\/ro49090-ovh\/index.php\/wp-json\/wp\/v2\/pages\/4002\/revisions\/4003"}],"wp:attachment":[{"href":"https:\/\/bastideparis.fr\/ro49090-ovh\/index.php\/wp-json\/wp\/v2\/media?parent=4002"}],"curies":[{"name":"wp","href":"https:\/\/api.w.org\/{rel}","templated":true}]}}