{"id":4007,"date":"2024-06-20T10:58:08","date_gmt":"2024-06-20T08:58:08","guid":{"rendered":"https:\/\/bastideparis.fr\/ro49090-ovh\/?page_id=4007"},"modified":"2024-06-20T10:58:09","modified_gmt":"2024-06-20T08:58:09","slug":"gobelet-plastique","status":"publish","type":"page","link":"https:\/\/bastideparis.fr\/ro49090-ovh\/index.php\/gobelet-plastique\/","title":{"rendered":"Gobelet plastique"},"content":{"rendered":"\n<p><a href=\"https:\/\/bastideparis.fr\/ro49090-ovh\/index.php\/showroom-cuisine\/\">Retour<\/a><\/p>\n\n\n\n<p class=\"has-larger-font-size\">Gobelet plastique<\/p>\n\n\n<style>.kb-row-layout-id4007_7d710b-9a > .kt-row-column-wrap{align-content:start;}:where(.kb-row-layout-id4007_7d710b-9a > .kt-row-column-wrap) > .wp-block-kadence-column{justify-content:start;}.kb-row-layout-id4007_7d710b-9a > .kt-row-column-wrap{column-gap:var(--global-kb-gap-md, 2rem);row-gap:var(--global-kb-gap-md, 2rem);padding-top:var(--global-kb-spacing-sm, 1.5rem);padding-bottom:var(--global-kb-spacing-sm, 1.5rem);grid-template-columns:repeat(2, minmax(0, 1fr));}.kb-row-layout-id4007_7d710b-9a > .kt-row-layout-overlay{opacity:0.30;}@media all and (max-width: 1024px){.kb-row-layout-id4007_7d710b-9a > .kt-row-column-wrap{grid-template-columns:repeat(2, minmax(0, 1fr));}}@media all and (max-width: 767px){.kb-row-layout-id4007_7d710b-9a > .kt-row-column-wrap{grid-template-columns:minmax(0, 1fr);}}<\/style><div class=\"kb-row-layout-wrap kb-row-layout-id4007_7d710b-9a alignnone wp-block-kadence-rowlayout\"><div class=\"kt-row-column-wrap kt-has-2-columns kt-row-layout-equal kt-tab-layout-inherit kt-mobile-layout-row kt-row-valign-top\">\n<style>.kadence-column4007_86b7cb-d0 > .kt-inside-inner-col,.kadence-column4007_86b7cb-d0 > .kt-inside-inner-col:before{border-top-left-radius:0px;border-top-right-radius:0px;border-bottom-right-radius:0px;border-bottom-left-radius:0px;}.kadence-column4007_86b7cb-d0 > .kt-inside-inner-col{column-gap:var(--global-kb-gap-sm, 1rem);}.kadence-column4007_86b7cb-d0 > .kt-inside-inner-col{flex-direction:column;}.kadence-column4007_86b7cb-d0 > .kt-inside-inner-col > .aligncenter{width:100%;}.kadence-column4007_86b7cb-d0 > .kt-inside-inner-col:before{opacity:0.3;}.kadence-column4007_86b7cb-d0{position:relative;}@media all and (max-width: 1024px){.kadence-column4007_86b7cb-d0 > .kt-inside-inner-col{flex-direction:column;justify-content:center;}}@media all and (max-width: 767px){.kadence-column4007_86b7cb-d0 > .kt-inside-inner-col{flex-direction:column;justify-content:center;}}<\/style>\n<div class=\"wp-block-kadence-column kadence-column4007_86b7cb-d0\"><div class=\"kt-inside-inner-col\"><div class=\"wp-block-image\">\n<figure class=\"aligncenter size-full\"><img loading=\"lazy\" decoding=\"async\" width=\"800\" height=\"800\" src=\"https:\/\/bastideparis.fr\/ro49090-ovh\/wp-content\/uploads\/2024\/06\/gobelet-plastique.webp\" alt=\"\" class=\"wp-image-4005\" srcset=\"https:\/\/bastideparis.fr\/ro49090-ovh\/wp-content\/uploads\/2024\/06\/gobelet-plastique.webp 800w, https:\/\/bastideparis.fr\/ro49090-ovh\/wp-content\/uploads\/2024\/06\/gobelet-plastique-300x300.webp 300w, https:\/\/bastideparis.fr\/ro49090-ovh\/wp-content\/uploads\/2024\/06\/gobelet-plastique-150x150.webp 150w, https:\/\/bastideparis.fr\/ro49090-ovh\/wp-content\/uploads\/2024\/06\/gobelet-plastique-768x768.webp 768w\" sizes=\"auto, (max-width: 800px) 100vw, 800px\" \/><\/figure>\n<\/div><\/div><\/div>\n\n\n<style>.kadence-column4007_520546-bc > .kt-inside-inner-col,.kadence-column4007_520546-bc > .kt-inside-inner-col:before{border-top-left-radius:0px;border-top-right-radius:0px;border-bottom-right-radius:0px;border-bottom-left-radius:0px;}.kadence-column4007_520546-bc > .kt-inside-inner-col{column-gap:var(--global-kb-gap-sm, 1rem);}.kadence-column4007_520546-bc > .kt-inside-inner-col{flex-direction:column;}.kadence-column4007_520546-bc > .kt-inside-inner-col > .aligncenter{width:100%;}.kadence-column4007_520546-bc > .kt-inside-inner-col:before{opacity:0.3;}.kadence-column4007_520546-bc{position:relative;}@media all and (max-width: 1024px){.kadence-column4007_520546-bc > .kt-inside-inner-col{flex-direction:column;justify-content:center;}}@media all and (max-width: 767px){.kadence-column4007_520546-bc > .kt-inside-inner-col{flex-direction:column;justify-content:center;}}<\/style>\n<div class=\"wp-block-kadence-column kadence-column4007_520546-bc\"><div class=\"kt-inside-inner-col\">\n<p><strong>Gobelet plastique &#8211; 3,90\u20ac<br>R\u00e9f\u00e9rence : 117122<\/strong><\/p>\n\n\n\n<h2 class=\"wp-block-heading\">Description du produit<\/h2>\n\n\n\n<p>Le&nbsp;<strong>gobelet plastique<\/strong>&nbsp;deux en un avec d\u00e9coupe nasale est \u00e9quip\u00e9 de graduations en millilitres pour faciliter la mesure des liquides. Il est dot\u00e9 d&rsquo;un couvercle et d&rsquo;une paille int\u00e9gr\u00e9s, offrant ainsi une solution pratique pour boire sans risque de renversement. Id\u00e9al pour les personnes n\u00e9cessitant une assistance, ce verre permet une prise de liquide ais\u00e9e et s\u00e9curis\u00e9e.<\/p>\n\n\n\n<h2 class=\"wp-block-heading\">Caract\u00e9ristiques techniques du gobelet plastique<\/h2>\n\n\n\n<ul class=\"wp-block-list\">\n<li>Hauteur 115 mm<\/li>\n\n\n\n<li>Diam\u00e8tre 78 mm<\/li>\n\n\n\n<li>Contenance 0,25 L<\/li>\n\n\n\n<li>Mati\u00e8re PP<\/li>\n\n\n\n<li>Couleur Vert<\/li>\n\n\n\n<li>Poids 0.045 kg\u00a0<\/li>\n<\/ul>\n<\/div><\/div>\n\n<\/div><\/div>","protected":false},"excerpt":{"rendered":"<p>Retour Gobelet plastique Gobelet plastique &#8211; 3,90\u20acR\u00e9f\u00e9rence : 117122 Description du produit Le&nbsp;gobelet plastique&nbsp;deux en un avec d\u00e9coupe nasale est \u00e9quip\u00e9 de graduations en millilitres pour faciliter la mesure des liquides. Il est dot\u00e9 d&rsquo;un couvercle et d&rsquo;une paille int\u00e9gr\u00e9s, offrant ainsi une solution pratique pour boire sans risque de renversement. Id\u00e9al pour les personnes&#8230;<\/p>\n","protected":false},"author":1,"featured_media":0,"parent":0,"menu_order":0,"comment_status":"closed","ping_status":"closed","template":"","meta":{"content-type":"","_kad_post_transparent":"","_kad_post_title":"hide","_kad_post_layout":"","_kad_post_sidebar_id":"","_kad_post_content_style":"","_kad_post_vertical_padding":"","_kad_post_feature":"","_kad_post_feature_position":"","_kad_post_header":false,"_kad_post_footer":false,"footnotes":""},"class_list":["post-4007","page","type-page","status-publish","hentry"],"_links":{"self":[{"href":"https:\/\/bastideparis.fr\/ro49090-ovh\/index.php\/wp-json\/wp\/v2\/pages\/4007","targetHints":{"allow":["GET"]}}],"collection":[{"href":"https:\/\/bastideparis.fr\/ro49090-ovh\/index.php\/wp-json\/wp\/v2\/pages"}],"about":[{"href":"https:\/\/bastideparis.fr\/ro49090-ovh\/index.php\/wp-json\/wp\/v2\/types\/page"}],"author":[{"embeddable":true,"href":"https:\/\/bastideparis.fr\/ro49090-ovh\/index.php\/wp-json\/wp\/v2\/users\/1"}],"replies":[{"embeddable":true,"href":"https:\/\/bastideparis.fr\/ro49090-ovh\/index.php\/wp-json\/wp\/v2\/comments?post=4007"}],"version-history":[{"count":1,"href":"https:\/\/bastideparis.fr\/ro49090-ovh\/index.php\/wp-json\/wp\/v2\/pages\/4007\/revisions"}],"predecessor-version":[{"id":4008,"href":"https:\/\/bastideparis.fr\/ro49090-ovh\/index.php\/wp-json\/wp\/v2\/pages\/4007\/revisions\/4008"}],"wp:attachment":[{"href":"https:\/\/bastideparis.fr\/ro49090-ovh\/index.php\/wp-json\/wp\/v2\/media?parent=4007"}],"curies":[{"name":"wp","href":"https:\/\/api.w.org\/{rel}","templated":true}]}}