{"id":4014,"date":"2024-06-20T11:07:21","date_gmt":"2024-06-20T09:07:21","guid":{"rendered":"https:\/\/bastideparis.fr\/ro49090-ovh\/?page_id=4014"},"modified":"2024-06-20T11:07:22","modified_gmt":"2024-06-20T09:07:22","slug":"ouvre-bocal-electrique-one-touch","status":"publish","type":"page","link":"https:\/\/bastideparis.fr\/ro49090-ovh\/index.php\/ouvre-bocal-electrique-one-touch\/","title":{"rendered":"Ouvre-bocal \u00e9lectrique One Touch"},"content":{"rendered":"\n<p><a href=\"https:\/\/bastideparis.fr\/ro49090-ovh\/index.php\/showroom-cuisine\/\">Retour<\/a><\/p>\n\n\n\n<p class=\"has-larger-font-size\">Ouvre-bocal \u00e9lectrique One Touch<\/p>\n\n\n<style>.kb-row-layout-id4014_dc9990-7a > .kt-row-column-wrap{align-content:start;}:where(.kb-row-layout-id4014_dc9990-7a > .kt-row-column-wrap) > .wp-block-kadence-column{justify-content:start;}.kb-row-layout-id4014_dc9990-7a > .kt-row-column-wrap{column-gap:var(--global-kb-gap-md, 2rem);row-gap:var(--global-kb-gap-md, 2rem);padding-top:var(--global-kb-spacing-sm, 1.5rem);padding-bottom:var(--global-kb-spacing-sm, 1.5rem);grid-template-columns:repeat(2, minmax(0, 1fr));}.kb-row-layout-id4014_dc9990-7a > .kt-row-layout-overlay{opacity:0.30;}@media all and (max-width: 1024px){.kb-row-layout-id4014_dc9990-7a > .kt-row-column-wrap{grid-template-columns:repeat(2, minmax(0, 1fr));}}@media all and (max-width: 767px){.kb-row-layout-id4014_dc9990-7a > .kt-row-column-wrap{grid-template-columns:minmax(0, 1fr);}}<\/style><div class=\"kb-row-layout-wrap kb-row-layout-id4014_dc9990-7a alignnone wp-block-kadence-rowlayout\"><div class=\"kt-row-column-wrap kt-has-2-columns kt-row-layout-equal kt-tab-layout-inherit kt-mobile-layout-row kt-row-valign-top\">\n<style>.kadence-column4014_fed5e1-a3 > .kt-inside-inner-col,.kadence-column4014_fed5e1-a3 > .kt-inside-inner-col:before{border-top-left-radius:0px;border-top-right-radius:0px;border-bottom-right-radius:0px;border-bottom-left-radius:0px;}.kadence-column4014_fed5e1-a3 > .kt-inside-inner-col{column-gap:var(--global-kb-gap-sm, 1rem);}.kadence-column4014_fed5e1-a3 > .kt-inside-inner-col{flex-direction:column;}.kadence-column4014_fed5e1-a3 > .kt-inside-inner-col > .aligncenter{width:100%;}.kadence-column4014_fed5e1-a3 > .kt-inside-inner-col:before{opacity:0.3;}.kadence-column4014_fed5e1-a3{position:relative;}@media all and (max-width: 1024px){.kadence-column4014_fed5e1-a3 > .kt-inside-inner-col{flex-direction:column;justify-content:center;}}@media all and (max-width: 767px){.kadence-column4014_fed5e1-a3 > .kt-inside-inner-col{flex-direction:column;justify-content:center;}}<\/style>\n<div class=\"wp-block-kadence-column kadence-column4014_fed5e1-a3\"><div class=\"kt-inside-inner-col\"><div class=\"wp-block-image\">\n<figure class=\"aligncenter size-full\"><img loading=\"lazy\" decoding=\"async\" width=\"360\" height=\"360\" src=\"https:\/\/bastideparis.fr\/ro49090-ovh\/wp-content\/uploads\/2024\/02\/OUVRE-BOCAL.webp\" alt=\"\" class=\"wp-image-2470\" srcset=\"https:\/\/bastideparis.fr\/ro49090-ovh\/wp-content\/uploads\/2024\/02\/OUVRE-BOCAL.webp 360w, https:\/\/bastideparis.fr\/ro49090-ovh\/wp-content\/uploads\/2024\/02\/OUVRE-BOCAL-300x300.webp 300w, https:\/\/bastideparis.fr\/ro49090-ovh\/wp-content\/uploads\/2024\/02\/OUVRE-BOCAL-150x150.webp 150w\" sizes=\"auto, (max-width: 360px) 100vw, 360px\" \/><\/figure>\n<\/div><\/div><\/div>\n\n\n<style>.kadence-column4014_7e5a18-8d > .kt-inside-inner-col,.kadence-column4014_7e5a18-8d > .kt-inside-inner-col:before{border-top-left-radius:0px;border-top-right-radius:0px;border-bottom-right-radius:0px;border-bottom-left-radius:0px;}.kadence-column4014_7e5a18-8d > .kt-inside-inner-col{column-gap:var(--global-kb-gap-sm, 1rem);}.kadence-column4014_7e5a18-8d > .kt-inside-inner-col{flex-direction:column;}.kadence-column4014_7e5a18-8d > .kt-inside-inner-col > .aligncenter{width:100%;}.kadence-column4014_7e5a18-8d > .kt-inside-inner-col:before{opacity:0.3;}.kadence-column4014_7e5a18-8d{position:relative;}@media all and (max-width: 1024px){.kadence-column4014_7e5a18-8d > .kt-inside-inner-col{flex-direction:column;justify-content:center;}}@media all and (max-width: 767px){.kadence-column4014_7e5a18-8d > .kt-inside-inner-col{flex-direction:column;justify-content:center;}}<\/style>\n<div class=\"wp-block-kadence-column kadence-column4014_7e5a18-8d\"><div class=\"kt-inside-inner-col\">\n<p><strong>Ouvre-bocal \u00e9lectrique One Touch &#8211; 37,99\u20ac<br>R\u00e9f\u00e9rence : 114101<\/strong><\/p>\n\n\n\n<h2 class=\"wp-block-heading\">Description du produit<\/h2>\n\n\n\n<p>Cet&nbsp;<strong>ouvre bocal One Touch<\/strong>&nbsp;d\u00e9visse tous les bocaux, m\u00eame les plus r\u00e9calcitrants.&nbsp;<strong>Ultra facile<\/strong>, il suffit de poser l&rsquo;appareil sur le bocal \u00e0 ouvrir, puis d&rsquo;appuyer sur le bouton. Les m\u00e2choires de l\u2019appareil se resserrent, d\u00e9visse automatiquement le couvercle, et&nbsp;<strong>l\u2019appareil s\u2019arr\u00eate de lui-m\u00eame<\/strong>&nbsp;lorsque le couvercle est desserr\u00e9.<\/p>\n\n\n\n<h2 class=\"wp-block-heading\">CARACTERISTIQUES de l&rsquo;ouvre-bocal \u00e9lectrique One Touch&nbsp;<\/h2>\n\n\n\n<ul class=\"wp-block-list\">\n<li>Adaptable sur couvercle de 28 \u00e0 103 mm<\/li>\n\n\n\n<li>Fonctionne avec 2 piles super alcalines LR06 (non fournies)<\/li>\n\n\n\n<li>Poids\u00a0: 315 g<\/li>\n\n\n\n<li>Dimensions\u00a0: 18.6 x 19 x 6.8 cm<\/li>\n\n\n\n<li>Garanti 1 an<\/li>\n\n\n\n<li>Dans la m\u00eame gamme, voir aussi l&rsquo;ouvre-bo\u00eete<\/li>\n<\/ul>\n<\/div><\/div>\n\n<\/div><\/div>","protected":false},"excerpt":{"rendered":"<p>Retour Ouvre-bocal \u00e9lectrique One Touch Ouvre-bocal \u00e9lectrique One Touch &#8211; 37,99\u20acR\u00e9f\u00e9rence : 114101 Description du produit Cet&nbsp;ouvre bocal One Touch&nbsp;d\u00e9visse tous les bocaux, m\u00eame les plus r\u00e9calcitrants.&nbsp;Ultra facile, il suffit de poser l&rsquo;appareil sur le bocal \u00e0 ouvrir, puis d&rsquo;appuyer sur le bouton. Les m\u00e2choires de l\u2019appareil se resserrent, d\u00e9visse automatiquement le couvercle, et&nbsp;l\u2019appareil s\u2019arr\u00eate&#8230;<\/p>\n","protected":false},"author":1,"featured_media":0,"parent":0,"menu_order":0,"comment_status":"closed","ping_status":"closed","template":"","meta":{"content-type":"","_kad_post_transparent":"","_kad_post_title":"hide","_kad_post_layout":"","_kad_post_sidebar_id":"","_kad_post_content_style":"","_kad_post_vertical_padding":"","_kad_post_feature":"","_kad_post_feature_position":"","_kad_post_header":false,"_kad_post_footer":false,"footnotes":""},"class_list":["post-4014","page","type-page","status-publish","hentry"],"_links":{"self":[{"href":"https:\/\/bastideparis.fr\/ro49090-ovh\/index.php\/wp-json\/wp\/v2\/pages\/4014","targetHints":{"allow":["GET"]}}],"collection":[{"href":"https:\/\/bastideparis.fr\/ro49090-ovh\/index.php\/wp-json\/wp\/v2\/pages"}],"about":[{"href":"https:\/\/bastideparis.fr\/ro49090-ovh\/index.php\/wp-json\/wp\/v2\/types\/page"}],"author":[{"embeddable":true,"href":"https:\/\/bastideparis.fr\/ro49090-ovh\/index.php\/wp-json\/wp\/v2\/users\/1"}],"replies":[{"embeddable":true,"href":"https:\/\/bastideparis.fr\/ro49090-ovh\/index.php\/wp-json\/wp\/v2\/comments?post=4014"}],"version-history":[{"count":1,"href":"https:\/\/bastideparis.fr\/ro49090-ovh\/index.php\/wp-json\/wp\/v2\/pages\/4014\/revisions"}],"predecessor-version":[{"id":4015,"href":"https:\/\/bastideparis.fr\/ro49090-ovh\/index.php\/wp-json\/wp\/v2\/pages\/4014\/revisions\/4015"}],"wp:attachment":[{"href":"https:\/\/bastideparis.fr\/ro49090-ovh\/index.php\/wp-json\/wp\/v2\/media?parent=4014"}],"curies":[{"name":"wp","href":"https:\/\/api.w.org\/{rel}","templated":true}]}}