{"id":4020,"date":"2024-06-20T11:14:42","date_gmt":"2024-06-20T09:14:42","guid":{"rendered":"https:\/\/bastideparis.fr\/ro49090-ovh\/?page_id=4020"},"modified":"2024-06-20T11:14:43","modified_gmt":"2024-06-20T09:14:43","slug":"ouvre-bouteille-multi-usage","status":"publish","type":"page","link":"https:\/\/bastideparis.fr\/ro49090-ovh\/index.php\/ouvre-bouteille-multi-usage\/","title":{"rendered":"Ouvre bouteille multi-usage"},"content":{"rendered":"\n<p><a href=\"https:\/\/bastideparis.fr\/ro49090-ovh\/index.php\/showroom-cuisine\/\">Retour<\/a><\/p>\n\n\n\n<p class=\"has-larger-font-size\">Ouvre bouteille multi-usage<\/p>\n\n\n<style>.kb-row-layout-id4020_83840e-1c > .kt-row-column-wrap{align-content:start;}:where(.kb-row-layout-id4020_83840e-1c > .kt-row-column-wrap) > .wp-block-kadence-column{justify-content:start;}.kb-row-layout-id4020_83840e-1c > .kt-row-column-wrap{column-gap:var(--global-kb-gap-md, 2rem);row-gap:var(--global-kb-gap-md, 2rem);padding-top:var(--global-kb-spacing-sm, 1.5rem);padding-bottom:var(--global-kb-spacing-sm, 1.5rem);grid-template-columns:repeat(2, minmax(0, 1fr));}.kb-row-layout-id4020_83840e-1c > .kt-row-layout-overlay{opacity:0.30;}@media all and (max-width: 1024px){.kb-row-layout-id4020_83840e-1c > .kt-row-column-wrap{grid-template-columns:repeat(2, minmax(0, 1fr));}}@media all and (max-width: 767px){.kb-row-layout-id4020_83840e-1c > .kt-row-column-wrap{grid-template-columns:minmax(0, 1fr);}}<\/style><div class=\"kb-row-layout-wrap kb-row-layout-id4020_83840e-1c alignnone wp-block-kadence-rowlayout\"><div class=\"kt-row-column-wrap kt-has-2-columns kt-row-layout-equal kt-tab-layout-inherit kt-mobile-layout-row kt-row-valign-top\">\n<style>.kadence-column4020_969a27-1a > .kt-inside-inner-col,.kadence-column4020_969a27-1a > .kt-inside-inner-col:before{border-top-left-radius:0px;border-top-right-radius:0px;border-bottom-right-radius:0px;border-bottom-left-radius:0px;}.kadence-column4020_969a27-1a > .kt-inside-inner-col{column-gap:var(--global-kb-gap-sm, 1rem);}.kadence-column4020_969a27-1a > .kt-inside-inner-col{flex-direction:column;}.kadence-column4020_969a27-1a > .kt-inside-inner-col > .aligncenter{width:100%;}.kadence-column4020_969a27-1a > .kt-inside-inner-col:before{opacity:0.3;}.kadence-column4020_969a27-1a{position:relative;}@media all and (max-width: 1024px){.kadence-column4020_969a27-1a > .kt-inside-inner-col{flex-direction:column;justify-content:center;}}@media all and (max-width: 767px){.kadence-column4020_969a27-1a > .kt-inside-inner-col{flex-direction:column;justify-content:center;}}<\/style>\n<div class=\"wp-block-kadence-column kadence-column4020_969a27-1a\"><div class=\"kt-inside-inner-col\"><div class=\"wp-block-image\">\n<figure class=\"aligncenter size-full\"><img loading=\"lazy\" decoding=\"async\" width=\"360\" height=\"360\" src=\"https:\/\/bastideparis.fr\/ro49090-ovh\/wp-content\/uploads\/2024\/02\/OUVRE-BOUTEILLE.webp\" alt=\"\" class=\"wp-image-2468\" srcset=\"https:\/\/bastideparis.fr\/ro49090-ovh\/wp-content\/uploads\/2024\/02\/OUVRE-BOUTEILLE.webp 360w, https:\/\/bastideparis.fr\/ro49090-ovh\/wp-content\/uploads\/2024\/02\/OUVRE-BOUTEILLE-300x300.webp 300w, https:\/\/bastideparis.fr\/ro49090-ovh\/wp-content\/uploads\/2024\/02\/OUVRE-BOUTEILLE-150x150.webp 150w\" sizes=\"auto, (max-width: 360px) 100vw, 360px\" \/><\/figure>\n<\/div><\/div><\/div>\n\n\n<style>.kadence-column4020_3bcd61-dd > .kt-inside-inner-col,.kadence-column4020_3bcd61-dd > .kt-inside-inner-col:before{border-top-left-radius:0px;border-top-right-radius:0px;border-bottom-right-radius:0px;border-bottom-left-radius:0px;}.kadence-column4020_3bcd61-dd > .kt-inside-inner-col{column-gap:var(--global-kb-gap-sm, 1rem);}.kadence-column4020_3bcd61-dd > .kt-inside-inner-col{flex-direction:column;}.kadence-column4020_3bcd61-dd > .kt-inside-inner-col > .aligncenter{width:100%;}.kadence-column4020_3bcd61-dd > .kt-inside-inner-col:before{opacity:0.3;}.kadence-column4020_3bcd61-dd{position:relative;}@media all and (max-width: 1024px){.kadence-column4020_3bcd61-dd > .kt-inside-inner-col{flex-direction:column;justify-content:center;}}@media all and (max-width: 767px){.kadence-column4020_3bcd61-dd > .kt-inside-inner-col{flex-direction:column;justify-content:center;}}<\/style>\n<div class=\"wp-block-kadence-column kadence-column4020_3bcd61-dd\"><div class=\"kt-inside-inner-col\">\n<p><strong>Ouvre bouteille multi-usage &#8211; 7,90\u20ac<br>R\u00e9f\u00e9rence : 104899<\/strong><\/p>\n\n\n\n<h2 class=\"wp-block-heading\">Description du produit<\/h2>\n\n\n\n<p>Cet&nbsp;<strong>ouvre bouteille multi-usage<\/strong>&nbsp;est con\u00e7u pour d\u00e9capsuler, d\u00e9visser les bouchons et ouvrir les canettes en toute simplicit\u00e9.<\/p>\n\n\n\n<p>De par&nbsp;<strong>son poids tr\u00e8s l\u00e9ger<\/strong>, vous pouvez&nbsp;<strong>emporter&nbsp;<\/strong>cet ouvre bouteille multi-usage partout.<\/p>\n\n\n\n<p>Cet ouvre bouteille est \u00e9quip\u00e9 de deux parties color\u00e9es en&nbsp;<strong>mati\u00e8re antid\u00e9rapante<\/strong>&nbsp;situ\u00e9es&nbsp;<strong>de chaque c\u00f4t\u00e9<\/strong>&nbsp;de la poign\u00e9e pour une meilleure prise en main.<\/p>\n\n\n\n<h2 class=\"wp-block-heading\">CARACTERISTIQUES de l&rsquo;ouvre bouteille<\/h2>\n\n\n\n<ul class=\"wp-block-list\">\n<li>Poids\u00a0: 42 grammes<\/li>\n<\/ul>\n<\/div><\/div>\n\n<\/div><\/div>","protected":false},"excerpt":{"rendered":"<p>Retour Ouvre bouteille multi-usage Ouvre bouteille multi-usage &#8211; 7,90\u20acR\u00e9f\u00e9rence : 104899 Description du produit Cet&nbsp;ouvre bouteille multi-usage&nbsp;est con\u00e7u pour d\u00e9capsuler, d\u00e9visser les bouchons et ouvrir les canettes en toute simplicit\u00e9. De par&nbsp;son poids tr\u00e8s l\u00e9ger, vous pouvez&nbsp;emporter&nbsp;cet ouvre bouteille multi-usage partout. Cet ouvre bouteille est \u00e9quip\u00e9 de deux parties color\u00e9es en&nbsp;mati\u00e8re antid\u00e9rapante&nbsp;situ\u00e9es&nbsp;de chaque c\u00f4t\u00e9&nbsp;de la&#8230;<\/p>\n","protected":false},"author":1,"featured_media":0,"parent":0,"menu_order":0,"comment_status":"closed","ping_status":"closed","template":"","meta":{"content-type":"","_kad_post_transparent":"","_kad_post_title":"hide","_kad_post_layout":"","_kad_post_sidebar_id":"","_kad_post_content_style":"","_kad_post_vertical_padding":"","_kad_post_feature":"","_kad_post_feature_position":"","_kad_post_header":false,"_kad_post_footer":false,"footnotes":""},"class_list":["post-4020","page","type-page","status-publish","hentry"],"_links":{"self":[{"href":"https:\/\/bastideparis.fr\/ro49090-ovh\/index.php\/wp-json\/wp\/v2\/pages\/4020","targetHints":{"allow":["GET"]}}],"collection":[{"href":"https:\/\/bastideparis.fr\/ro49090-ovh\/index.php\/wp-json\/wp\/v2\/pages"}],"about":[{"href":"https:\/\/bastideparis.fr\/ro49090-ovh\/index.php\/wp-json\/wp\/v2\/types\/page"}],"author":[{"embeddable":true,"href":"https:\/\/bastideparis.fr\/ro49090-ovh\/index.php\/wp-json\/wp\/v2\/users\/1"}],"replies":[{"embeddable":true,"href":"https:\/\/bastideparis.fr\/ro49090-ovh\/index.php\/wp-json\/wp\/v2\/comments?post=4020"}],"version-history":[{"count":1,"href":"https:\/\/bastideparis.fr\/ro49090-ovh\/index.php\/wp-json\/wp\/v2\/pages\/4020\/revisions"}],"predecessor-version":[{"id":4021,"href":"https:\/\/bastideparis.fr\/ro49090-ovh\/index.php\/wp-json\/wp\/v2\/pages\/4020\/revisions\/4021"}],"wp:attachment":[{"href":"https:\/\/bastideparis.fr\/ro49090-ovh\/index.php\/wp-json\/wp\/v2\/media?parent=4020"}],"curies":[{"name":"wp","href":"https:\/\/api.w.org\/{rel}","templated":true}]}}