{"id":4029,"date":"2024-06-20T11:28:59","date_gmt":"2024-06-20T09:28:59","guid":{"rendered":"https:\/\/bastideparis.fr\/ro49090-ovh\/?page_id=4029"},"modified":"2024-06-20T11:28:59","modified_gmt":"2024-06-20T09:28:59","slug":"gelodiet-eau-gelifiee","status":"publish","type":"page","link":"https:\/\/bastideparis.fr\/ro49090-ovh\/index.php\/gelodiet-eau-gelifiee\/","title":{"rendered":"GELODIET &#8211; EAU GELIFI\u00c9E"},"content":{"rendered":"\n<p><a href=\"https:\/\/bastideparis.fr\/ro49090-ovh\/index.php\/showroom-cuisine\/\">Retour<\/a><\/p>\n\n\n\n<p class=\"has-larger-font-size\">GELODIET &#8211; EAU GELIFI\u00c9E (avec ou sans sucres)<\/p>\n\n\n<style>.kb-row-layout-id4029_030118-6b > .kt-row-column-wrap{align-content:center;}:where(.kb-row-layout-id4029_030118-6b > .kt-row-column-wrap) > .wp-block-kadence-column{justify-content:center;}.kb-row-layout-id4029_030118-6b > .kt-row-column-wrap{column-gap:var(--global-kb-gap-md, 2rem);row-gap:var(--global-kb-gap-md, 2rem);padding-top:var(--global-kb-spacing-sm, 1.5rem);padding-bottom:var(--global-kb-spacing-sm, 1.5rem);grid-template-columns:repeat(2, minmax(0, 1fr));}.kb-row-layout-id4029_030118-6b > .kt-row-layout-overlay{opacity:0.30;}@media all and (max-width: 1024px){.kb-row-layout-id4029_030118-6b > .kt-row-column-wrap{grid-template-columns:repeat(2, minmax(0, 1fr));}}@media all and (max-width: 767px){.kb-row-layout-id4029_030118-6b > .kt-row-column-wrap{grid-template-columns:minmax(0, 1fr);}}<\/style><div class=\"kb-row-layout-wrap kb-row-layout-id4029_030118-6b alignnone wp-block-kadence-rowlayout\"><div class=\"kt-row-column-wrap kt-has-2-columns kt-row-layout-equal kt-tab-layout-inherit kt-mobile-layout-row kt-row-valign-middle\">\n<style>.kadence-column4029_8ec21e-eb > .kt-inside-inner-col,.kadence-column4029_8ec21e-eb > .kt-inside-inner-col:before{border-top-left-radius:0px;border-top-right-radius:0px;border-bottom-right-radius:0px;border-bottom-left-radius:0px;}.kadence-column4029_8ec21e-eb > .kt-inside-inner-col{column-gap:var(--global-kb-gap-sm, 1rem);}.kadence-column4029_8ec21e-eb > .kt-inside-inner-col{flex-direction:column;}.kadence-column4029_8ec21e-eb > .kt-inside-inner-col > .aligncenter{width:100%;}.kadence-column4029_8ec21e-eb > .kt-inside-inner-col:before{opacity:0.3;}.kadence-column4029_8ec21e-eb{position:relative;}@media all and (max-width: 1024px){.kadence-column4029_8ec21e-eb > .kt-inside-inner-col{flex-direction:column;justify-content:center;}}@media all and (max-width: 767px){.kadence-column4029_8ec21e-eb > .kt-inside-inner-col{flex-direction:column;justify-content:center;}}<\/style>\n<div class=\"wp-block-kadence-column kadence-column4029_8ec21e-eb\"><div class=\"kt-inside-inner-col\"><div class=\"wp-block-image\">\n<figure class=\"aligncenter size-full\"><img loading=\"lazy\" decoding=\"async\" width=\"500\" height=\"385\" src=\"https:\/\/bastideparis.fr\/ro49090-ovh\/wp-content\/uploads\/2024\/02\/fraise.jpg\" alt=\"\" class=\"wp-image-2482\" srcset=\"https:\/\/bastideparis.fr\/ro49090-ovh\/wp-content\/uploads\/2024\/02\/fraise.jpg 500w, https:\/\/bastideparis.fr\/ro49090-ovh\/wp-content\/uploads\/2024\/02\/fraise-300x231.jpg 300w\" sizes=\"auto, (max-width: 500px) 100vw, 500px\" \/><\/figure>\n<\/div><\/div><\/div>\n\n\n<style>.kadence-column4029_cd88fa-6d > .kt-inside-inner-col,.kadence-column4029_cd88fa-6d > .kt-inside-inner-col:before{border-top-left-radius:0px;border-top-right-radius:0px;border-bottom-right-radius:0px;border-bottom-left-radius:0px;}.kadence-column4029_cd88fa-6d > .kt-inside-inner-col{column-gap:var(--global-kb-gap-sm, 1rem);}.kadence-column4029_cd88fa-6d > .kt-inside-inner-col{flex-direction:column;}.kadence-column4029_cd88fa-6d > .kt-inside-inner-col > .aligncenter{width:100%;}.kadence-column4029_cd88fa-6d > .kt-inside-inner-col:before{opacity:0.3;}.kadence-column4029_cd88fa-6d{position:relative;}@media all and (max-width: 1024px){.kadence-column4029_cd88fa-6d > .kt-inside-inner-col{flex-direction:column;justify-content:center;}}@media all and (max-width: 767px){.kadence-column4029_cd88fa-6d > .kt-inside-inner-col{flex-direction:column;justify-content:center;}}<\/style>\n<div class=\"wp-block-kadence-column kadence-column4029_cd88fa-6d\"><div class=\"kt-inside-inner-col\">\n<p><strong>GELODIET &#8211; EAU GELIFI\u00c9E (avec ou sans sucres)<\/strong><\/p>\n\n\n\n<p>3,60\u20ac le pack de 4 pots<br>21,60\u20ac le carton de 24 pots<\/p>\n\n\n\n<p>Go\u00fbts : fraise, grenadine, pomme, fruits du verger.<br>Go\u00fbts sans sucres : orange, th\u00e9 \u00e0 la p\u00eache, menthe, cola.<\/p>\n\n\n\n<ul class=\"wp-block-list\">\n<li>Troubles de la d\u00e9glutition<\/li>\n\n\n\n<li>Pr\u00eate \u00e0 l&#8217;emploi<\/li>\n\n\n\n<li>Sans gluten<\/li>\n\n\n\n<li>Texture ferme<\/li>\n\n\n\n<li>Epaississants (gomme xanthane, gomme de caroube, pectine)<\/li>\n\n\n\n<li>Plusieurs ar\u00f4mes disponibles<\/li>\n\n\n\n<li><strong>Pots de 120 g<\/strong><\/li>\n<\/ul>\n\n\n\n<p><br><\/p>\n<\/div><\/div>\n\n<\/div><\/div>","protected":false},"excerpt":{"rendered":"<p>Retour GELODIET &#8211; EAU GELIFI\u00c9E (avec ou sans sucres) GELODIET &#8211; EAU GELIFI\u00c9E (avec ou sans sucres) 3,60\u20ac le pack de 4 pots21,60\u20ac le carton de 24 pots Go\u00fbts : fraise, grenadine, pomme, fruits du verger.Go\u00fbts sans sucres : orange, th\u00e9 \u00e0 la p\u00eache, menthe, cola.<\/p>\n","protected":false},"author":1,"featured_media":0,"parent":0,"menu_order":0,"comment_status":"closed","ping_status":"closed","template":"","meta":{"content-type":"","_kad_post_transparent":"","_kad_post_title":"hide","_kad_post_layout":"","_kad_post_sidebar_id":"","_kad_post_content_style":"","_kad_post_vertical_padding":"","_kad_post_feature":"","_kad_post_feature_position":"","_kad_post_header":false,"_kad_post_footer":false,"footnotes":""},"class_list":["post-4029","page","type-page","status-publish","hentry"],"_links":{"self":[{"href":"https:\/\/bastideparis.fr\/ro49090-ovh\/index.php\/wp-json\/wp\/v2\/pages\/4029","targetHints":{"allow":["GET"]}}],"collection":[{"href":"https:\/\/bastideparis.fr\/ro49090-ovh\/index.php\/wp-json\/wp\/v2\/pages"}],"about":[{"href":"https:\/\/bastideparis.fr\/ro49090-ovh\/index.php\/wp-json\/wp\/v2\/types\/page"}],"author":[{"embeddable":true,"href":"https:\/\/bastideparis.fr\/ro49090-ovh\/index.php\/wp-json\/wp\/v2\/users\/1"}],"replies":[{"embeddable":true,"href":"https:\/\/bastideparis.fr\/ro49090-ovh\/index.php\/wp-json\/wp\/v2\/comments?post=4029"}],"version-history":[{"count":1,"href":"https:\/\/bastideparis.fr\/ro49090-ovh\/index.php\/wp-json\/wp\/v2\/pages\/4029\/revisions"}],"predecessor-version":[{"id":4030,"href":"https:\/\/bastideparis.fr\/ro49090-ovh\/index.php\/wp-json\/wp\/v2\/pages\/4029\/revisions\/4030"}],"wp:attachment":[{"href":"https:\/\/bastideparis.fr\/ro49090-ovh\/index.php\/wp-json\/wp\/v2\/media?parent=4029"}],"curies":[{"name":"wp","href":"https:\/\/api.w.org\/{rel}","templated":true}]}}