{"id":4036,"date":"2024-06-20T11:46:47","date_gmt":"2024-06-20T09:46:47","guid":{"rendered":"https:\/\/bastideparis.fr\/ro49090-ovh\/?page_id=4036"},"modified":"2024-06-20T11:46:47","modified_gmt":"2024-06-20T09:46:47","slug":"siege-de-bain-pivotant-ergobain-classic","status":"publish","type":"page","link":"https:\/\/bastideparis.fr\/ro49090-ovh\/index.php\/siege-de-bain-pivotant-ergobain-classic\/","title":{"rendered":"Si\u00e8ge de bain pivotant Ergobain Classic"},"content":{"rendered":"\n<p><a href=\"https:\/\/bastideparis.fr\/ro49090-ovh\/index.php\/showroom-virtuel\/salle-de-bains\/\">Retour<\/a><\/p>\n\n\n\n<p class=\"has-larger-font-size\">Si\u00e8ge de bain pivotant Ergobain Classic<\/p>\n\n\n<style>.kb-row-layout-id4036_705428-6f > .kt-row-column-wrap{align-content:start;}:where(.kb-row-layout-id4036_705428-6f > .kt-row-column-wrap) > .wp-block-kadence-column{justify-content:start;}.kb-row-layout-id4036_705428-6f > .kt-row-column-wrap{column-gap:var(--global-kb-gap-md, 2rem);row-gap:var(--global-kb-gap-md, 2rem);padding-top:var(--global-kb-spacing-sm, 1.5rem);padding-bottom:var(--global-kb-spacing-sm, 1.5rem);grid-template-columns:repeat(2, minmax(0, 1fr));}.kb-row-layout-id4036_705428-6f > .kt-row-layout-overlay{opacity:0.30;}@media all and (max-width: 1024px){.kb-row-layout-id4036_705428-6f > .kt-row-column-wrap{grid-template-columns:repeat(2, minmax(0, 1fr));}}@media all and (max-width: 767px){.kb-row-layout-id4036_705428-6f > .kt-row-column-wrap{grid-template-columns:minmax(0, 1fr);}}<\/style><div class=\"kb-row-layout-wrap kb-row-layout-id4036_705428-6f alignnone wp-block-kadence-rowlayout\"><div class=\"kt-row-column-wrap kt-has-2-columns kt-row-layout-equal kt-tab-layout-inherit kt-mobile-layout-row kt-row-valign-top\">\n<style>.kadence-column4036_be89ac-0c > .kt-inside-inner-col,.kadence-column4036_be89ac-0c > .kt-inside-inner-col:before{border-top-left-radius:0px;border-top-right-radius:0px;border-bottom-right-radius:0px;border-bottom-left-radius:0px;}.kadence-column4036_be89ac-0c > .kt-inside-inner-col{column-gap:var(--global-kb-gap-sm, 1rem);}.kadence-column4036_be89ac-0c > .kt-inside-inner-col{flex-direction:column;}.kadence-column4036_be89ac-0c > .kt-inside-inner-col > .aligncenter{width:100%;}.kadence-column4036_be89ac-0c > .kt-inside-inner-col:before{opacity:0.3;}.kadence-column4036_be89ac-0c{position:relative;}@media all and (max-width: 1024px){.kadence-column4036_be89ac-0c > .kt-inside-inner-col{flex-direction:column;justify-content:center;}}@media all and (max-width: 767px){.kadence-column4036_be89ac-0c > .kt-inside-inner-col{flex-direction:column;justify-content:center;}}<\/style>\n<div class=\"wp-block-kadence-column kadence-column4036_be89ac-0c\"><div class=\"kt-inside-inner-col\"><div class=\"wp-block-image\">\n<figure class=\"aligncenter size-full\"><img loading=\"lazy\" decoding=\"async\" width=\"360\" height=\"360\" src=\"https:\/\/bastideparis.fr\/ro49090-ovh\/wp-content\/uploads\/2024\/02\/ergobain-classis.webp\" alt=\"\" class=\"wp-image-2183\" srcset=\"https:\/\/bastideparis.fr\/ro49090-ovh\/wp-content\/uploads\/2024\/02\/ergobain-classis.webp 360w, https:\/\/bastideparis.fr\/ro49090-ovh\/wp-content\/uploads\/2024\/02\/ergobain-classis-300x300.webp 300w, https:\/\/bastideparis.fr\/ro49090-ovh\/wp-content\/uploads\/2024\/02\/ergobain-classis-150x150.webp 150w\" sizes=\"auto, (max-width: 360px) 100vw, 360px\" \/><\/figure>\n<\/div><\/div><\/div>\n\n\n<style>.kadence-column4036_8356e3-73 > .kt-inside-inner-col,.kadence-column4036_8356e3-73 > .kt-inside-inner-col:before{border-top-left-radius:0px;border-top-right-radius:0px;border-bottom-right-radius:0px;border-bottom-left-radius:0px;}.kadence-column4036_8356e3-73 > .kt-inside-inner-col{column-gap:var(--global-kb-gap-sm, 1rem);}.kadence-column4036_8356e3-73 > .kt-inside-inner-col{flex-direction:column;}.kadence-column4036_8356e3-73 > .kt-inside-inner-col > .aligncenter{width:100%;}.kadence-column4036_8356e3-73 > .kt-inside-inner-col:before{opacity:0.3;}.kadence-column4036_8356e3-73{position:relative;}@media all and (max-width: 1024px){.kadence-column4036_8356e3-73 > .kt-inside-inner-col{flex-direction:column;justify-content:center;}}@media all and (max-width: 767px){.kadence-column4036_8356e3-73 > .kt-inside-inner-col{flex-direction:column;justify-content:center;}}<\/style>\n<div class=\"wp-block-kadence-column kadence-column4036_8356e3-73\"><div class=\"kt-inside-inner-col\">\n<p><strong>Si\u00e8ge de bain pivotant Ergobain Classic &#8211; 229\u20ac<br>R\u00e9f\u00e9rence : 113755<\/strong><\/p>\n\n\n\n<h2 class=\"wp-block-heading\">Description du produit<\/h2>\n\n\n\n<p>Le\u00a0<strong>si\u00e8ge de bain<\/strong>\u00a0Confort Ergobain, s\u00e9curise et facilite l\u2019acc\u00e8s \u00e0 votre baignoire. Entrez et sortez sans risques dans votre baignoire gr\u00e2ce \u00e0 son assise pivotante Pour faciliter le transfert, le si\u00e8ge de baignoire pivotant est muni d\u2019accoudoirs escamotables.<\/p>\n\n\n\n<p><em>*ce produit ne peut pas b\u00e9n\u00e9ficier d&rsquo;une prise en charge par l&rsquo;assurance maladie.<\/em><\/p>\n<\/div><\/div>\n\n<\/div><\/div>\n\n<style>.kb-row-layout-id4036_3ecccd-b1 > .kt-row-column-wrap{align-content:start;}:where(.kb-row-layout-id4036_3ecccd-b1 > .kt-row-column-wrap) > .wp-block-kadence-column{justify-content:start;}.kb-row-layout-id4036_3ecccd-b1 > .kt-row-column-wrap{column-gap:var(--global-kb-gap-md, 2rem);row-gap:var(--global-kb-gap-md, 2rem);padding-top:var(--global-kb-spacing-sm, 1.5rem);padding-bottom:var(--global-kb-spacing-sm, 1.5rem);grid-template-columns:repeat(2, minmax(0, 1fr));}.kb-row-layout-id4036_3ecccd-b1 > .kt-row-layout-overlay{opacity:0.30;}@media all and (max-width: 1024px){.kb-row-layout-id4036_3ecccd-b1 > .kt-row-column-wrap{grid-template-columns:repeat(2, minmax(0, 1fr));}}@media all and (max-width: 767px){.kb-row-layout-id4036_3ecccd-b1 > .kt-row-column-wrap{grid-template-columns:minmax(0, 1fr);}}<\/style><div class=\"kb-row-layout-wrap kb-row-layout-id4036_3ecccd-b1 alignnone wp-block-kadence-rowlayout\"><div class=\"kt-row-column-wrap kt-has-2-columns kt-row-layout-equal kt-tab-layout-inherit kt-mobile-layout-row kt-row-valign-top\">\n<style>.kadence-column4036_6d1b55-3d > .kt-inside-inner-col,.kadence-column4036_6d1b55-3d > .kt-inside-inner-col:before{border-top-left-radius:0px;border-top-right-radius:0px;border-bottom-right-radius:0px;border-bottom-left-radius:0px;}.kadence-column4036_6d1b55-3d > .kt-inside-inner-col{column-gap:var(--global-kb-gap-sm, 1rem);}.kadence-column4036_6d1b55-3d > .kt-inside-inner-col{flex-direction:column;}.kadence-column4036_6d1b55-3d > .kt-inside-inner-col > .aligncenter{width:100%;}.kadence-column4036_6d1b55-3d > .kt-inside-inner-col:before{opacity:0.3;}.kadence-column4036_6d1b55-3d{position:relative;}@media all and (max-width: 1024px){.kadence-column4036_6d1b55-3d > .kt-inside-inner-col{flex-direction:column;justify-content:center;}}@media all and (max-width: 767px){.kadence-column4036_6d1b55-3d > .kt-inside-inner-col{flex-direction:column;justify-content:center;}}<\/style>\n<div class=\"wp-block-kadence-column kadence-column4036_6d1b55-3d\"><div class=\"kt-inside-inner-col\">\n<h2 class=\"wp-block-heading\">Un si\u00e8ge de bain pivotant et s\u00e9curis\u00e9<\/h2>\n\n\n\n<p>Une fois positionn\u00e9, le si\u00e8ge de bain est parfaitement stabilis\u00e9 par les 3<strong>&nbsp;axes lat\u00e9raux.&nbsp;<\/strong>La&nbsp;<strong>s\u00e9curit\u00e9<\/strong>&nbsp;passe \u00e9galement par un rev\u00eatement antid\u00e9rapant pr\u00e9sent sur l\u2019assise du si\u00e8ge, con\u00e7u en plastique moul\u00e9.<\/p>\n\n\n\n<h2 class=\"wp-block-heading\">Un transfert facilit\u00e9 par les accoudoirs escamotables<\/h2>\n\n\n\n<p>Le\u00a0<strong>si\u00e8ge de bain pivotant<\/strong>\u00a0permet de vous orienter en toute s\u00e9curit\u00e9 gr\u00e2ce \u00e0 son axe rotatif \u00e0 360\u00b0. Avant de vous asseoir lever les accoudoirs et clipser pour appr\u00e9cier une douche en toute s\u00e9curit\u00e9.<\/p>\n\n\n\n<h2 class=\"wp-block-heading\">UN SI\u00c8GE DE BAIN FACILE D\u2019ENTRETIEN<\/h2>\n\n\n\n<p>Le&nbsp;<strong>si\u00e8ge de bain pivotant<\/strong>&nbsp;est \u00e9quip\u00e9 d\u2019accoudoirs mais aussi de trous sur l\u2019assise afin d\u2019\u00e9vacuer l\u2019eau. L\u2019utilisation d\u2019epoxy, pour les accoudoirs, et de plastique moul\u00e9, au niveau de l\u2019assise, permet un&nbsp;<strong>entretien facile et une bonne hygi\u00e8ne permanente<\/strong>. Le nettoyage de ce si\u00e8ge de baignoire se fait par un passage \u00e0 l\u2019eau savonneuse et par une d\u00e9sinfection avec une dilution chlor\u00e9e ou un a\u00e9rosol d\u00e9sinfectant.<\/p>\n<\/div><\/div>\n\n\n<style>.kadence-column4036_4c8c4e-0f > .kt-inside-inner-col,.kadence-column4036_4c8c4e-0f > .kt-inside-inner-col:before{border-top-left-radius:0px;border-top-right-radius:0px;border-bottom-right-radius:0px;border-bottom-left-radius:0px;}.kadence-column4036_4c8c4e-0f > .kt-inside-inner-col{column-gap:var(--global-kb-gap-sm, 1rem);}.kadence-column4036_4c8c4e-0f > .kt-inside-inner-col{flex-direction:column;}.kadence-column4036_4c8c4e-0f > .kt-inside-inner-col > .aligncenter{width:100%;}.kadence-column4036_4c8c4e-0f > .kt-inside-inner-col:before{opacity:0.3;}.kadence-column4036_4c8c4e-0f{position:relative;}@media all and (max-width: 1024px){.kadence-column4036_4c8c4e-0f > .kt-inside-inner-col{flex-direction:column;justify-content:center;}}@media all and (max-width: 767px){.kadence-column4036_4c8c4e-0f > .kt-inside-inner-col{flex-direction:column;justify-content:center;}}<\/style>\n<div class=\"wp-block-kadence-column kadence-column4036_4c8c4e-0f\"><div class=\"kt-inside-inner-col\">\n<h2 class=\"wp-block-heading\">CARACTERISTIQUES DU SI\u00c8GE DE BAIN ERGOBAIN<\/h2>\n\n\n\n<ul class=\"wp-block-list\">\n<li>Largeur hors tout: 73 cm<\/li>\n\n\n\n<li>Largeur d\u2019assise : 46 cm<\/li>\n\n\n\n<li>Profondeur d\u2019assise : 35 cm<\/li>\n\n\n\n<li>Hauteur des accoudoirs : 20 cm<\/li>\n\n\n\n<li>Poids maximum utilisateur : 130 kg<\/li>\n\n\n\n<li>Poids du si\u00e8ge : 6 kg<\/li>\n<\/ul>\n\n\n\n<h2 class=\"wp-block-heading\">COMMENT INSTALLER LE SI\u00c8GE DE BAIN&nbsp;ERGOBAIN<\/h2>\n\n\n\n<ul class=\"wp-block-list\">\n<li>Posez le si\u00e8ge sur les rebords de la baignoire en veillant \u00e0 ce qu&rsquo;il soit bien stable.<\/li>\n\n\n\n<li>Pour faire pivoter le si\u00e8ge, il suffit de lever la manette de verouillage plac\u00e9e sous le si\u00e8ge.<\/li>\n\n\n\n<li>Pour stabiliser le si\u00e8ge, enfoncez la manette de verouillage.<\/li>\n\n\n\n<li>Le si\u00e8ge de bain\u00a0ergobain est en 2 parties. Il suffit juste de relier le socle \u00e0 l\u2019assise par un \u00e9crou.<\/li>\n<\/ul>\n<\/div><\/div>\n\n<\/div><\/div>","protected":false},"excerpt":{"rendered":"<p>Retour Si\u00e8ge de bain pivotant Ergobain Classic Si\u00e8ge de bain pivotant Ergobain Classic &#8211; 229\u20acR\u00e9f\u00e9rence : 113755 Description du produit Le\u00a0si\u00e8ge de bain\u00a0Confort Ergobain, s\u00e9curise et facilite l\u2019acc\u00e8s \u00e0 votre baignoire. Entrez et sortez sans risques dans votre baignoire gr\u00e2ce \u00e0 son assise pivotante Pour faciliter le transfert, le si\u00e8ge de baignoire pivotant est muni&#8230;<\/p>\n","protected":false},"author":1,"featured_media":0,"parent":0,"menu_order":0,"comment_status":"closed","ping_status":"closed","template":"","meta":{"content-type":"","_kad_post_transparent":"","_kad_post_title":"hide","_kad_post_layout":"","_kad_post_sidebar_id":"","_kad_post_content_style":"","_kad_post_vertical_padding":"","_kad_post_feature":"","_kad_post_feature_position":"","_kad_post_header":false,"_kad_post_footer":false,"footnotes":""},"class_list":["post-4036","page","type-page","status-publish","hentry"],"_links":{"self":[{"href":"https:\/\/bastideparis.fr\/ro49090-ovh\/index.php\/wp-json\/wp\/v2\/pages\/4036","targetHints":{"allow":["GET"]}}],"collection":[{"href":"https:\/\/bastideparis.fr\/ro49090-ovh\/index.php\/wp-json\/wp\/v2\/pages"}],"about":[{"href":"https:\/\/bastideparis.fr\/ro49090-ovh\/index.php\/wp-json\/wp\/v2\/types\/page"}],"author":[{"embeddable":true,"href":"https:\/\/bastideparis.fr\/ro49090-ovh\/index.php\/wp-json\/wp\/v2\/users\/1"}],"replies":[{"embeddable":true,"href":"https:\/\/bastideparis.fr\/ro49090-ovh\/index.php\/wp-json\/wp\/v2\/comments?post=4036"}],"version-history":[{"count":1,"href":"https:\/\/bastideparis.fr\/ro49090-ovh\/index.php\/wp-json\/wp\/v2\/pages\/4036\/revisions"}],"predecessor-version":[{"id":4037,"href":"https:\/\/bastideparis.fr\/ro49090-ovh\/index.php\/wp-json\/wp\/v2\/pages\/4036\/revisions\/4037"}],"wp:attachment":[{"href":"https:\/\/bastideparis.fr\/ro49090-ovh\/index.php\/wp-json\/wp\/v2\/media?parent=4036"}],"curies":[{"name":"wp","href":"https:\/\/api.w.org\/{rel}","templated":true}]}}