{"id":4039,"date":"2024-06-20T11:59:33","date_gmt":"2024-06-20T09:59:33","guid":{"rendered":"https:\/\/bastideparis.fr\/ro49090-ovh\/?page_id=4039"},"modified":"2024-06-20T11:59:33","modified_gmt":"2024-06-20T09:59:33","slug":"siege-de-bain-pivotant-azalee","status":"publish","type":"page","link":"https:\/\/bastideparis.fr\/ro49090-ovh\/index.php\/siege-de-bain-pivotant-azalee\/","title":{"rendered":"Si\u00e8ge de bain pivotant Azal\u00e9e"},"content":{"rendered":"\n<p><a href=\"https:\/\/bastideparis.fr\/ro49090-ovh\/index.php\/showroom-virtuel\/salle-de-bains\/\">Retour<\/a><\/p>\n\n\n\n<p class=\"has-larger-font-size\">Si\u00e8ge de bain pivotant Azal\u00e9e<\/p>\n\n\n<style>.kb-row-layout-id4039_83a0bd-6f > .kt-row-column-wrap{align-content:start;}:where(.kb-row-layout-id4039_83a0bd-6f > .kt-row-column-wrap) > .wp-block-kadence-column{justify-content:start;}.kb-row-layout-id4039_83a0bd-6f > .kt-row-column-wrap{column-gap:var(--global-kb-gap-md, 2rem);row-gap:var(--global-kb-gap-md, 2rem);padding-top:var(--global-kb-spacing-sm, 1.5rem);padding-bottom:var(--global-kb-spacing-sm, 1.5rem);grid-template-columns:repeat(2, minmax(0, 1fr));}.kb-row-layout-id4039_83a0bd-6f > .kt-row-layout-overlay{opacity:0.30;}@media all and (max-width: 1024px){.kb-row-layout-id4039_83a0bd-6f > .kt-row-column-wrap{grid-template-columns:repeat(2, minmax(0, 1fr));}}@media all and (max-width: 767px){.kb-row-layout-id4039_83a0bd-6f > .kt-row-column-wrap{grid-template-columns:minmax(0, 1fr);}}<\/style><div class=\"kb-row-layout-wrap kb-row-layout-id4039_83a0bd-6f alignnone wp-block-kadence-rowlayout\"><div class=\"kt-row-column-wrap kt-has-2-columns kt-row-layout-equal kt-tab-layout-inherit kt-mobile-layout-row kt-row-valign-top\">\n<style>.kadence-column4039_748114-15 > .kt-inside-inner-col,.kadence-column4039_748114-15 > .kt-inside-inner-col:before{border-top-left-radius:0px;border-top-right-radius:0px;border-bottom-right-radius:0px;border-bottom-left-radius:0px;}.kadence-column4039_748114-15 > .kt-inside-inner-col{column-gap:var(--global-kb-gap-sm, 1rem);}.kadence-column4039_748114-15 > .kt-inside-inner-col{flex-direction:column;}.kadence-column4039_748114-15 > .kt-inside-inner-col > .aligncenter{width:100%;}.kadence-column4039_748114-15 > .kt-inside-inner-col:before{opacity:0.3;}.kadence-column4039_748114-15{position:relative;}@media all and (max-width: 1024px){.kadence-column4039_748114-15 > .kt-inside-inner-col{flex-direction:column;justify-content:center;}}@media all and (max-width: 767px){.kadence-column4039_748114-15 > .kt-inside-inner-col{flex-direction:column;justify-content:center;}}<\/style>\n<div class=\"wp-block-kadence-column kadence-column4039_748114-15\"><div class=\"kt-inside-inner-col\"><div class=\"wp-block-image\">\n<figure class=\"aligncenter size-full\"><img loading=\"lazy\" decoding=\"async\" width=\"360\" height=\"360\" src=\"https:\/\/bastideparis.fr\/ro49090-ovh\/wp-content\/uploads\/2024\/02\/chaise-pivotante-azalee.webp\" alt=\"\" class=\"wp-image-2184\" srcset=\"https:\/\/bastideparis.fr\/ro49090-ovh\/wp-content\/uploads\/2024\/02\/chaise-pivotante-azalee.webp 360w, https:\/\/bastideparis.fr\/ro49090-ovh\/wp-content\/uploads\/2024\/02\/chaise-pivotante-azalee-300x300.webp 300w, https:\/\/bastideparis.fr\/ro49090-ovh\/wp-content\/uploads\/2024\/02\/chaise-pivotante-azalee-150x150.webp 150w\" sizes=\"auto, (max-width: 360px) 100vw, 360px\" \/><\/figure>\n<\/div><\/div><\/div>\n\n\n<style>.kadence-column4039_08b0d2-9d > .kt-inside-inner-col,.kadence-column4039_08b0d2-9d > .kt-inside-inner-col:before{border-top-left-radius:0px;border-top-right-radius:0px;border-bottom-right-radius:0px;border-bottom-left-radius:0px;}.kadence-column4039_08b0d2-9d > .kt-inside-inner-col{column-gap:var(--global-kb-gap-sm, 1rem);}.kadence-column4039_08b0d2-9d > .kt-inside-inner-col{flex-direction:column;}.kadence-column4039_08b0d2-9d > .kt-inside-inner-col > .aligncenter{width:100%;}.kadence-column4039_08b0d2-9d > .kt-inside-inner-col:before{opacity:0.3;}.kadence-column4039_08b0d2-9d{position:relative;}@media all and (max-width: 1024px){.kadence-column4039_08b0d2-9d > .kt-inside-inner-col{flex-direction:column;justify-content:center;}}@media all and (max-width: 767px){.kadence-column4039_08b0d2-9d > .kt-inside-inner-col{flex-direction:column;justify-content:center;}}<\/style>\n<div class=\"wp-block-kadence-column kadence-column4039_08b0d2-9d\"><div class=\"kt-inside-inner-col\">\n<p><strong>Si\u00e8ge de bain pivotant Azal\u00e9e &#8211; 99\u20ac <br>R\u00e9f\u00e9rence : 115704<\/strong><\/p>\n\n\n\n<h2 class=\"wp-block-heading\">Description du produit<\/h2>\n\n\n\n<p>Gr\u00e2ce \u00e0 son syst\u00e8me rotatif \u00e0 360\u00b0,&nbsp;<strong>le si\u00e8ge de bain pivotant<\/strong>&nbsp;permet&nbsp;<strong>d\u2019acc\u00e9der<\/strong>&nbsp;plus&nbsp;<strong>facilement<\/strong>&nbsp;\u00e0 votre&nbsp;<strong>baignoire<\/strong>. Vous pourrez ainsi rentrer et sortir de votre baignoire sans difficult\u00e9s et surtout sans risques.<\/p>\n\n\n\n<p>Une fois install\u00e9, le\u00a0<strong>si\u00e8ge<\/strong>\u00a0de bain est parfaitement\u00a0<strong>stabilis\u00e9<\/strong>\u00a0par les 2 axes de stabilisation lat\u00e9raux ainsi que par les supports ext\u00e9rieurs qui sont\u00a0<strong>antid\u00e9rapants<\/strong>. La s\u00e9curit\u00e9 passe \u00e9galement par un\u00a0<strong>rev\u00eatement antid\u00e9rapant<\/strong>\u00a0pr\u00e9sent sur l\u2019<strong>assise<\/strong>\u00a0du si\u00e8ge, con\u00e7u en plastique moul\u00e9.<\/p>\n\n\n\n<p><em>*cet article ne peut pas b\u00e9n\u00e9ficier d&rsquo;une prise en charge par la s\u00e9curit\u00e9 sociale. <\/em><\/p>\n<\/div><\/div>\n\n<\/div><\/div>\n\n<style>.kb-row-layout-id4039_58ccc0-42 > .kt-row-column-wrap{align-content:start;}:where(.kb-row-layout-id4039_58ccc0-42 > .kt-row-column-wrap) > .wp-block-kadence-column{justify-content:start;}.kb-row-layout-id4039_58ccc0-42 > .kt-row-column-wrap{column-gap:var(--global-kb-gap-md, 2rem);row-gap:var(--global-kb-gap-md, 2rem);padding-top:var(--global-kb-spacing-sm, 1.5rem);padding-bottom:var(--global-kb-spacing-sm, 1.5rem);grid-template-columns:repeat(2, minmax(0, 1fr));}.kb-row-layout-id4039_58ccc0-42 > .kt-row-layout-overlay{opacity:0.30;}@media all and (max-width: 1024px){.kb-row-layout-id4039_58ccc0-42 > .kt-row-column-wrap{grid-template-columns:repeat(2, minmax(0, 1fr));}}@media all and (max-width: 767px){.kb-row-layout-id4039_58ccc0-42 > .kt-row-column-wrap{grid-template-columns:minmax(0, 1fr);}}<\/style><div class=\"kb-row-layout-wrap kb-row-layout-id4039_58ccc0-42 alignnone wp-block-kadence-rowlayout\"><div class=\"kt-row-column-wrap kt-has-2-columns kt-row-layout-equal kt-tab-layout-inherit kt-mobile-layout-row kt-row-valign-top\">\n<style>.kadence-column4039_4b624e-a9 > .kt-inside-inner-col,.kadence-column4039_4b624e-a9 > .kt-inside-inner-col:before{border-top-left-radius:0px;border-top-right-radius:0px;border-bottom-right-radius:0px;border-bottom-left-radius:0px;}.kadence-column4039_4b624e-a9 > .kt-inside-inner-col{column-gap:var(--global-kb-gap-sm, 1rem);}.kadence-column4039_4b624e-a9 > .kt-inside-inner-col{flex-direction:column;}.kadence-column4039_4b624e-a9 > .kt-inside-inner-col > .aligncenter{width:100%;}.kadence-column4039_4b624e-a9 > .kt-inside-inner-col:before{opacity:0.3;}.kadence-column4039_4b624e-a9{position:relative;}@media all and (max-width: 1024px){.kadence-column4039_4b624e-a9 > .kt-inside-inner-col{flex-direction:column;justify-content:center;}}@media all and (max-width: 767px){.kadence-column4039_4b624e-a9 > .kt-inside-inner-col{flex-direction:column;justify-content:center;}}<\/style>\n<div class=\"wp-block-kadence-column kadence-column4039_4b624e-a9\"><div class=\"kt-inside-inner-col\">\n<h2 class=\"wp-block-heading\">Pour un positionnement s\u00e9curis\u00e9<\/h2>\n\n\n\n<p>Le&nbsp;<strong>si\u00e8ge<\/strong>&nbsp;de bain pivotant permet de&nbsp;<strong>changer<\/strong>&nbsp;facilement de&nbsp;<strong>position<\/strong>&nbsp;via son&nbsp;<strong>axe rotatif \u00e0 360<\/strong>\u00b0. Un cran, tous les 90\u00b0, permet de maintenir la s\u00e9curit\u00e9 et la stabilit\u00e9 de cet accessoire de douche. De plus, ce mod\u00e8le est \u00e9quip\u00e9 d\u2019accoudoirs mais aussi de trous sur l\u2019assise afin d\u2019\u00e9vacuer l\u2019eau.<\/p>\n\n\n\n<h2 class=\"wp-block-heading\">Un si\u00e8ge de de bain facile d\u2019entretien<\/h2>\n\n\n\n<p>L\u2019utilisation d\u2019epoxy, pour les accoudoirs, et de plastique moul\u00e9, au niveau de l\u2019assise, permet un&nbsp;<strong>entretien facile<\/strong>&nbsp;et une&nbsp;<strong>bonne hygi\u00e8ne permanente<\/strong>. Le nettoyage de ce si\u00e8ge de baignoire se fait par un passage \u00e0 l\u2019eau savonneuse et par une d\u00e9sinfection avec une dilution chlor\u00e9e ou un a\u00e9rosol d\u00e9sinfectant.<\/p>\n\n\n\n<p><strong>Important<\/strong>&nbsp;: ce si\u00e8ge ne convient qu\u2019aux&nbsp;<strong>baignoires<\/strong>&nbsp;disposant&nbsp;<strong>d\u2019une largeur maximale de 70 cm<\/strong>&nbsp;et supporte une&nbsp;<strong>personne<\/strong>&nbsp;jusqu\u2019\u00e0&nbsp;<strong>100 kg<\/strong>.&nbsp;<\/p>\n<\/div><\/div>\n\n\n<style>.kadence-column4039_6f8b55-12 > .kt-inside-inner-col,.kadence-column4039_6f8b55-12 > .kt-inside-inner-col:before{border-top-left-radius:0px;border-top-right-radius:0px;border-bottom-right-radius:0px;border-bottom-left-radius:0px;}.kadence-column4039_6f8b55-12 > .kt-inside-inner-col{column-gap:var(--global-kb-gap-sm, 1rem);}.kadence-column4039_6f8b55-12 > .kt-inside-inner-col{flex-direction:column;}.kadence-column4039_6f8b55-12 > .kt-inside-inner-col > .aligncenter{width:100%;}.kadence-column4039_6f8b55-12 > .kt-inside-inner-col:before{opacity:0.3;}.kadence-column4039_6f8b55-12{position:relative;}@media all and (max-width: 1024px){.kadence-column4039_6f8b55-12 > .kt-inside-inner-col{flex-direction:column;justify-content:center;}}@media all and (max-width: 767px){.kadence-column4039_6f8b55-12 > .kt-inside-inner-col{flex-direction:column;justify-content:center;}}<\/style>\n<div class=\"wp-block-kadence-column kadence-column4039_6f8b55-12\"><div class=\"kt-inside-inner-col\">\n<h2 class=\"wp-block-heading\">CARACTERISTIQUES du fauteuil de baignoire<\/h2>\n\n\n\n<ul class=\"wp-block-list\">\n<li>Longueur hors tout : 73 cm<\/li>\n\n\n\n<li>Profondeur : 51 cm<\/li>\n\n\n\n<li>Dimensions de l\u2019assise (l x p x h) : 40.4 x 47 x 35.3 cm<\/li>\n\n\n\n<li>R\u00e9glage des stabilisateurs de 49.5 \u00e0 63.5 cm<\/li>\n\n\n\n<li>Poids maximal utilisateur : 100 Kg<\/li>\n\n\n\n<li>Poids : 4.5 Kg<\/li>\n<\/ul>\n<\/div><\/div>\n\n<\/div><\/div>","protected":false},"excerpt":{"rendered":"<p>Retour Si\u00e8ge de bain pivotant Azal\u00e9e Si\u00e8ge de bain pivotant Azal\u00e9e &#8211; 99\u20ac R\u00e9f\u00e9rence : 115704 Description du produit Gr\u00e2ce \u00e0 son syst\u00e8me rotatif \u00e0 360\u00b0,&nbsp;le si\u00e8ge de bain pivotant&nbsp;permet&nbsp;d\u2019acc\u00e9der&nbsp;plus&nbsp;facilement&nbsp;\u00e0 votre&nbsp;baignoire. Vous pourrez ainsi rentrer et sortir de votre baignoire sans difficult\u00e9s et surtout sans risques. Une fois install\u00e9, le\u00a0si\u00e8ge\u00a0de bain est parfaitement\u00a0stabilis\u00e9\u00a0par les 2&#8230;<\/p>\n","protected":false},"author":1,"featured_media":0,"parent":0,"menu_order":0,"comment_status":"closed","ping_status":"closed","template":"","meta":{"content-type":"","_kad_post_transparent":"","_kad_post_title":"hide","_kad_post_layout":"","_kad_post_sidebar_id":"","_kad_post_content_style":"","_kad_post_vertical_padding":"","_kad_post_feature":"","_kad_post_feature_position":"","_kad_post_header":false,"_kad_post_footer":false,"footnotes":""},"class_list":["post-4039","page","type-page","status-publish","hentry"],"_links":{"self":[{"href":"https:\/\/bastideparis.fr\/ro49090-ovh\/index.php\/wp-json\/wp\/v2\/pages\/4039","targetHints":{"allow":["GET"]}}],"collection":[{"href":"https:\/\/bastideparis.fr\/ro49090-ovh\/index.php\/wp-json\/wp\/v2\/pages"}],"about":[{"href":"https:\/\/bastideparis.fr\/ro49090-ovh\/index.php\/wp-json\/wp\/v2\/types\/page"}],"author":[{"embeddable":true,"href":"https:\/\/bastideparis.fr\/ro49090-ovh\/index.php\/wp-json\/wp\/v2\/users\/1"}],"replies":[{"embeddable":true,"href":"https:\/\/bastideparis.fr\/ro49090-ovh\/index.php\/wp-json\/wp\/v2\/comments?post=4039"}],"version-history":[{"count":1,"href":"https:\/\/bastideparis.fr\/ro49090-ovh\/index.php\/wp-json\/wp\/v2\/pages\/4039\/revisions"}],"predecessor-version":[{"id":4040,"href":"https:\/\/bastideparis.fr\/ro49090-ovh\/index.php\/wp-json\/wp\/v2\/pages\/4039\/revisions\/4040"}],"wp:attachment":[{"href":"https:\/\/bastideparis.fr\/ro49090-ovh\/index.php\/wp-json\/wp\/v2\/media?parent=4039"}],"curies":[{"name":"wp","href":"https:\/\/api.w.org\/{rel}","templated":true}]}}