{"id":4043,"date":"2024-06-20T12:03:27","date_gmt":"2024-06-20T10:03:27","guid":{"rendered":"https:\/\/bastideparis.fr\/ro49090-ovh\/?page_id=4043"},"modified":"2024-06-20T12:03:27","modified_gmt":"2024-06-20T10:03:27","slug":"planche-de-bain-camelia","status":"publish","type":"page","link":"https:\/\/bastideparis.fr\/ro49090-ovh\/index.php\/planche-de-bain-camelia\/","title":{"rendered":"Planche de bain Cam\u00e9lia"},"content":{"rendered":"\n<p><a href=\"https:\/\/bastideparis.fr\/ro49090-ovh\/index.php\/showroom-virtuel\/salle-de-bains\/\">Retour<\/a><\/p>\n\n\n\n<p class=\"has-larger-font-size\">Planche de bain Cam\u00e9lia<\/p>\n\n\n<style>.kb-row-layout-id4043_8d7d66-9e > .kt-row-column-wrap{align-content:start;}:where(.kb-row-layout-id4043_8d7d66-9e > .kt-row-column-wrap) > .wp-block-kadence-column{justify-content:start;}.kb-row-layout-id4043_8d7d66-9e > .kt-row-column-wrap{column-gap:var(--global-kb-gap-md, 2rem);row-gap:var(--global-kb-gap-md, 2rem);padding-top:var(--global-kb-spacing-sm, 1.5rem);padding-bottom:var(--global-kb-spacing-sm, 1.5rem);grid-template-columns:repeat(2, minmax(0, 1fr));}.kb-row-layout-id4043_8d7d66-9e > .kt-row-layout-overlay{opacity:0.30;}@media all and (max-width: 1024px){.kb-row-layout-id4043_8d7d66-9e > .kt-row-column-wrap{grid-template-columns:repeat(2, minmax(0, 1fr));}}@media all and (max-width: 767px){.kb-row-layout-id4043_8d7d66-9e > .kt-row-column-wrap{grid-template-columns:minmax(0, 1fr);}}<\/style><div class=\"kb-row-layout-wrap kb-row-layout-id4043_8d7d66-9e alignnone wp-block-kadence-rowlayout\"><div class=\"kt-row-column-wrap kt-has-2-columns kt-row-layout-equal kt-tab-layout-inherit kt-mobile-layout-row kt-row-valign-top\">\n<style>.kadence-column4043_9dd871-4a > .kt-inside-inner-col,.kadence-column4043_9dd871-4a > .kt-inside-inner-col:before{border-top-left-radius:0px;border-top-right-radius:0px;border-bottom-right-radius:0px;border-bottom-left-radius:0px;}.kadence-column4043_9dd871-4a > .kt-inside-inner-col{column-gap:var(--global-kb-gap-sm, 1rem);}.kadence-column4043_9dd871-4a > .kt-inside-inner-col{flex-direction:column;}.kadence-column4043_9dd871-4a > .kt-inside-inner-col > .aligncenter{width:100%;}.kadence-column4043_9dd871-4a > .kt-inside-inner-col:before{opacity:0.3;}.kadence-column4043_9dd871-4a{position:relative;}@media all and (max-width: 1024px){.kadence-column4043_9dd871-4a > .kt-inside-inner-col{flex-direction:column;justify-content:center;}}@media all and (max-width: 767px){.kadence-column4043_9dd871-4a > .kt-inside-inner-col{flex-direction:column;justify-content:center;}}<\/style>\n<div class=\"wp-block-kadence-column kadence-column4043_9dd871-4a\"><div class=\"kt-inside-inner-col\"><div class=\"wp-block-image\">\n<figure class=\"aligncenter size-full\"><img loading=\"lazy\" decoding=\"async\" width=\"360\" height=\"360\" src=\"https:\/\/bastideparis.fr\/ro49090-ovh\/wp-content\/uploads\/2024\/02\/planche-de-bain-XL.webp\" alt=\"\" class=\"wp-image-2186\" srcset=\"https:\/\/bastideparis.fr\/ro49090-ovh\/wp-content\/uploads\/2024\/02\/planche-de-bain-XL.webp 360w, https:\/\/bastideparis.fr\/ro49090-ovh\/wp-content\/uploads\/2024\/02\/planche-de-bain-XL-300x300.webp 300w, https:\/\/bastideparis.fr\/ro49090-ovh\/wp-content\/uploads\/2024\/02\/planche-de-bain-XL-150x150.webp 150w\" sizes=\"auto, (max-width: 360px) 100vw, 360px\" \/><\/figure>\n<\/div><\/div><\/div>\n\n\n<style>.kadence-column4043_3edcb1-07 > .kt-inside-inner-col,.kadence-column4043_3edcb1-07 > .kt-inside-inner-col:before{border-top-left-radius:0px;border-top-right-radius:0px;border-bottom-right-radius:0px;border-bottom-left-radius:0px;}.kadence-column4043_3edcb1-07 > .kt-inside-inner-col{column-gap:var(--global-kb-gap-sm, 1rem);}.kadence-column4043_3edcb1-07 > .kt-inside-inner-col{flex-direction:column;}.kadence-column4043_3edcb1-07 > .kt-inside-inner-col > .aligncenter{width:100%;}.kadence-column4043_3edcb1-07 > .kt-inside-inner-col:before{opacity:0.3;}.kadence-column4043_3edcb1-07{position:relative;}@media all and (max-width: 1024px){.kadence-column4043_3edcb1-07 > .kt-inside-inner-col{flex-direction:column;justify-content:center;}}@media all and (max-width: 767px){.kadence-column4043_3edcb1-07 > .kt-inside-inner-col{flex-direction:column;justify-content:center;}}<\/style>\n<div class=\"wp-block-kadence-column kadence-column4043_3edcb1-07\"><div class=\"kt-inside-inner-col\">\n<p><strong>Planche de bain Cam\u00e9lia &#8211; 29,90\u20ac<br>R\u00e9f\u00e9rence : 115707<\/strong><\/p>\n\n\n\n<h2 class=\"wp-block-heading\">Description du produit<\/h2>\n\n\n\n<p>Con\u00e7ue pour toujours plus de confort et de stabilit\u00e9 lors de votre toilette, la\u00a0<strong>planche de bain Cam\u00e9lia\u00a0<\/strong><em>Dupont M\u00e9dical<\/em>\u00a0se r\u00e8gle avec ses\u00a0<strong>4 patins de fixation<\/strong>\u00a0et s\u2019adapte aux diff\u00e9rentes formes de baignoires. Son r<strong>ev\u00eatement antid\u00e9rapant<\/strong>\u00a0permet de s\u00e9curiser l\u2019acc\u00e8s \u00e0 la baignoire, les perforations facilitent l\u2019\u00e9coulement de l\u2019eau et permettent un\u00a0<strong>s\u00e9chage rapide<\/strong>\u00a0de la planche de bain.<\/p>\n\n\n\n<p><em>*cet article ne peut pas b\u00e9n\u00e9ficier d&rsquo;une prise en charge par l&rsquo;assurance maladie<\/em><\/p>\n<\/div><\/div>\n\n<\/div><\/div>\n\n<style>.kb-row-layout-id4043_e5aef5-b4 > .kt-row-column-wrap{align-content:start;}:where(.kb-row-layout-id4043_e5aef5-b4 > .kt-row-column-wrap) > .wp-block-kadence-column{justify-content:start;}.kb-row-layout-id4043_e5aef5-b4 > .kt-row-column-wrap{column-gap:var(--global-kb-gap-md, 2rem);row-gap:var(--global-kb-gap-md, 2rem);padding-top:var(--global-kb-spacing-sm, 1.5rem);padding-bottom:var(--global-kb-spacing-sm, 1.5rem);grid-template-columns:repeat(2, minmax(0, 1fr));}.kb-row-layout-id4043_e5aef5-b4 > .kt-row-layout-overlay{opacity:0.30;}@media all and (max-width: 1024px){.kb-row-layout-id4043_e5aef5-b4 > .kt-row-column-wrap{grid-template-columns:repeat(2, minmax(0, 1fr));}}@media all and (max-width: 767px){.kb-row-layout-id4043_e5aef5-b4 > .kt-row-column-wrap{grid-template-columns:minmax(0, 1fr);}}<\/style><div class=\"kb-row-layout-wrap kb-row-layout-id4043_e5aef5-b4 alignnone wp-block-kadence-rowlayout\"><div class=\"kt-row-column-wrap kt-has-2-columns kt-row-layout-equal kt-tab-layout-inherit kt-mobile-layout-row kt-row-valign-top\">\n<style>.kadence-column4043_3ef140-81 > .kt-inside-inner-col,.kadence-column4043_3ef140-81 > .kt-inside-inner-col:before{border-top-left-radius:0px;border-top-right-radius:0px;border-bottom-right-radius:0px;border-bottom-left-radius:0px;}.kadence-column4043_3ef140-81 > .kt-inside-inner-col{column-gap:var(--global-kb-gap-sm, 1rem);}.kadence-column4043_3ef140-81 > .kt-inside-inner-col{flex-direction:column;}.kadence-column4043_3ef140-81 > .kt-inside-inner-col > .aligncenter{width:100%;}.kadence-column4043_3ef140-81 > .kt-inside-inner-col:before{opacity:0.3;}.kadence-column4043_3ef140-81{position:relative;}@media all and (max-width: 1024px){.kadence-column4043_3ef140-81 > .kt-inside-inner-col{flex-direction:column;justify-content:center;}}@media all and (max-width: 767px){.kadence-column4043_3ef140-81 > .kt-inside-inner-col{flex-direction:column;justify-content:center;}}<\/style>\n<div class=\"wp-block-kadence-column kadence-column4043_3ef140-81\"><div class=\"kt-inside-inner-col\">\n<h2 class=\"wp-block-heading\">UNE PLANCHE DE BAIN QUI S\u2019ADAPTE A VOTRE BAIGNOIRE<\/h2>\n\n\n\n<p>Avec son\u00a0<strong>assise ergonomique<\/strong>, et sa d\u00e9coupe sym\u00e9trique, la planche de bain Cam\u00e9lia s\u2019adapte \u00e0 quasiment toutes les configurations de baignoires. Positionnez et d\u00e9placez l\u00e0 ais\u00e9ment \u00e0 l\u2019aide de sa\u00a0<strong>poign\u00e9e anatomique<\/strong>.<\/p>\n\n\n\n<p>Les rebords de la baignoire doivent mesurer au minimum 5 centim\u00e8tres de large pour pouvoir placer la planche dessus en toute s\u00e9curit\u00e9.<\/p>\n<\/div><\/div>\n\n\n<style>.kadence-column4043_472799-db > .kt-inside-inner-col,.kadence-column4043_472799-db > .kt-inside-inner-col:before{border-top-left-radius:0px;border-top-right-radius:0px;border-bottom-right-radius:0px;border-bottom-left-radius:0px;}.kadence-column4043_472799-db > .kt-inside-inner-col{column-gap:var(--global-kb-gap-sm, 1rem);}.kadence-column4043_472799-db > .kt-inside-inner-col{flex-direction:column;}.kadence-column4043_472799-db > .kt-inside-inner-col > .aligncenter{width:100%;}.kadence-column4043_472799-db > .kt-inside-inner-col:before{opacity:0.3;}.kadence-column4043_472799-db{position:relative;}@media all and (max-width: 1024px){.kadence-column4043_472799-db > .kt-inside-inner-col{flex-direction:column;justify-content:center;}}@media all and (max-width: 767px){.kadence-column4043_472799-db > .kt-inside-inner-col{flex-direction:column;justify-content:center;}}<\/style>\n<div class=\"wp-block-kadence-column kadence-column4043_472799-db\"><div class=\"kt-inside-inner-col\">\n<h2 class=\"wp-block-heading\">CARACT\u00c9RISTIQUES TECHNIQUES DE LA PLANCHE DE BAIN<\/h2>\n\n\n\n<ul class=\"wp-block-list\">\n<li>Longueur : 69 cm<\/li>\n\n\n\n<li>Largeur : 34,7 &#8211; 27 &#8211; 30 cm<\/li>\n\n\n\n<li>Hauteur de la planche nu : 3,8 cm<\/li>\n\n\n\n<li>R\u00e9glage des but\u00e9es : 37,5 \u00e0 57,5 cm<\/li>\n\n\n\n<li>Poids maximal utilisateur : 163 Kg<\/li>\n\n\n\n<li>Poids : 2,8 Kg<\/li>\n<\/ul>\n<\/div><\/div>\n\n<\/div><\/div>","protected":false},"excerpt":{"rendered":"<p>Retour Planche de bain Cam\u00e9lia Planche de bain Cam\u00e9lia &#8211; 29,90\u20acR\u00e9f\u00e9rence : 115707 Description du produit Con\u00e7ue pour toujours plus de confort et de stabilit\u00e9 lors de votre toilette, la\u00a0planche de bain Cam\u00e9lia\u00a0Dupont M\u00e9dical\u00a0se r\u00e8gle avec ses\u00a04 patins de fixation\u00a0et s\u2019adapte aux diff\u00e9rentes formes de baignoires. Son rev\u00eatement antid\u00e9rapant\u00a0permet de s\u00e9curiser l\u2019acc\u00e8s \u00e0 la baignoire,&#8230;<\/p>\n","protected":false},"author":1,"featured_media":0,"parent":0,"menu_order":0,"comment_status":"closed","ping_status":"closed","template":"","meta":{"content-type":"","_kad_post_transparent":"","_kad_post_title":"hide","_kad_post_layout":"","_kad_post_sidebar_id":"","_kad_post_content_style":"","_kad_post_vertical_padding":"","_kad_post_feature":"","_kad_post_feature_position":"","_kad_post_header":false,"_kad_post_footer":false,"footnotes":""},"class_list":["post-4043","page","type-page","status-publish","hentry"],"_links":{"self":[{"href":"https:\/\/bastideparis.fr\/ro49090-ovh\/index.php\/wp-json\/wp\/v2\/pages\/4043","targetHints":{"allow":["GET"]}}],"collection":[{"href":"https:\/\/bastideparis.fr\/ro49090-ovh\/index.php\/wp-json\/wp\/v2\/pages"}],"about":[{"href":"https:\/\/bastideparis.fr\/ro49090-ovh\/index.php\/wp-json\/wp\/v2\/types\/page"}],"author":[{"embeddable":true,"href":"https:\/\/bastideparis.fr\/ro49090-ovh\/index.php\/wp-json\/wp\/v2\/users\/1"}],"replies":[{"embeddable":true,"href":"https:\/\/bastideparis.fr\/ro49090-ovh\/index.php\/wp-json\/wp\/v2\/comments?post=4043"}],"version-history":[{"count":1,"href":"https:\/\/bastideparis.fr\/ro49090-ovh\/index.php\/wp-json\/wp\/v2\/pages\/4043\/revisions"}],"predecessor-version":[{"id":4044,"href":"https:\/\/bastideparis.fr\/ro49090-ovh\/index.php\/wp-json\/wp\/v2\/pages\/4043\/revisions\/4044"}],"wp:attachment":[{"href":"https:\/\/bastideparis.fr\/ro49090-ovh\/index.php\/wp-json\/wp\/v2\/media?parent=4043"}],"curies":[{"name":"wp","href":"https:\/\/api.w.org\/{rel}","templated":true}]}}