{"id":4049,"date":"2024-06-20T12:10:22","date_gmt":"2024-06-20T10:10:22","guid":{"rendered":"https:\/\/bastideparis.fr\/ro49090-ovh\/?page_id=4049"},"modified":"2024-06-20T12:10:23","modified_gmt":"2024-06-20T10:10:23","slug":"siege-de-bain-sicile-30-cm","status":"publish","type":"page","link":"https:\/\/bastideparis.fr\/ro49090-ovh\/index.php\/siege-de-bain-sicile-30-cm\/","title":{"rendered":"Si\u00e8ge de bain Sicile 30 cm"},"content":{"rendered":"\n<p><a href=\"https:\/\/bastideparis.fr\/ro49090-ovh\/index.php\/showroom-virtuel\/salle-de-bains\/\">Retour<\/a><\/p>\n\n\n\n<p class=\"has-larger-font-size\">Si\u00e8ge de bain Sicile 30 cm<\/p>\n\n\n<style>.kb-row-layout-id4049_9061ed-5e > .kt-row-column-wrap{align-content:start;}:where(.kb-row-layout-id4049_9061ed-5e > .kt-row-column-wrap) > .wp-block-kadence-column{justify-content:start;}.kb-row-layout-id4049_9061ed-5e > .kt-row-column-wrap{column-gap:var(--global-kb-gap-md, 2rem);row-gap:var(--global-kb-gap-md, 2rem);padding-top:var(--global-kb-spacing-sm, 1.5rem);padding-bottom:var(--global-kb-spacing-sm, 1.5rem);grid-template-columns:repeat(2, minmax(0, 1fr));}.kb-row-layout-id4049_9061ed-5e > .kt-row-layout-overlay{opacity:0.30;}@media all and (max-width: 1024px){.kb-row-layout-id4049_9061ed-5e > .kt-row-column-wrap{grid-template-columns:repeat(2, minmax(0, 1fr));}}@media all and (max-width: 767px){.kb-row-layout-id4049_9061ed-5e > .kt-row-column-wrap{grid-template-columns:minmax(0, 1fr);}}<\/style><div class=\"kb-row-layout-wrap kb-row-layout-id4049_9061ed-5e alignnone wp-block-kadence-rowlayout\"><div class=\"kt-row-column-wrap kt-has-2-columns kt-row-layout-equal kt-tab-layout-inherit kt-mobile-layout-row kt-row-valign-top\">\n<style>.kadence-column4049_7936e0-58 > .kt-inside-inner-col,.kadence-column4049_7936e0-58 > .kt-inside-inner-col:before{border-top-left-radius:0px;border-top-right-radius:0px;border-bottom-right-radius:0px;border-bottom-left-radius:0px;}.kadence-column4049_7936e0-58 > .kt-inside-inner-col{column-gap:var(--global-kb-gap-sm, 1rem);}.kadence-column4049_7936e0-58 > .kt-inside-inner-col{flex-direction:column;}.kadence-column4049_7936e0-58 > .kt-inside-inner-col > .aligncenter{width:100%;}.kadence-column4049_7936e0-58 > .kt-inside-inner-col:before{opacity:0.3;}.kadence-column4049_7936e0-58{position:relative;}@media all and (max-width: 1024px){.kadence-column4049_7936e0-58 > .kt-inside-inner-col{flex-direction:column;justify-content:center;}}@media all and (max-width: 767px){.kadence-column4049_7936e0-58 > .kt-inside-inner-col{flex-direction:column;justify-content:center;}}<\/style>\n<div class=\"wp-block-kadence-column kadence-column4049_7936e0-58\"><div class=\"kt-inside-inner-col\"><div class=\"wp-block-image\">\n<figure class=\"aligncenter size-full\"><img loading=\"lazy\" decoding=\"async\" width=\"360\" height=\"360\" src=\"https:\/\/bastideparis.fr\/ro49090-ovh\/wp-content\/uploads\/2024\/02\/siege-sicile.webp\" alt=\"\" class=\"wp-image-2187\" srcset=\"https:\/\/bastideparis.fr\/ro49090-ovh\/wp-content\/uploads\/2024\/02\/siege-sicile.webp 360w, https:\/\/bastideparis.fr\/ro49090-ovh\/wp-content\/uploads\/2024\/02\/siege-sicile-300x300.webp 300w, https:\/\/bastideparis.fr\/ro49090-ovh\/wp-content\/uploads\/2024\/02\/siege-sicile-150x150.webp 150w\" sizes=\"auto, (max-width: 360px) 100vw, 360px\" \/><\/figure>\n<\/div><\/div><\/div>\n\n\n<style>.kadence-column4049_ac3353-b3 > .kt-inside-inner-col,.kadence-column4049_ac3353-b3 > .kt-inside-inner-col:before{border-top-left-radius:0px;border-top-right-radius:0px;border-bottom-right-radius:0px;border-bottom-left-radius:0px;}.kadence-column4049_ac3353-b3 > .kt-inside-inner-col{column-gap:var(--global-kb-gap-sm, 1rem);}.kadence-column4049_ac3353-b3 > .kt-inside-inner-col{flex-direction:column;}.kadence-column4049_ac3353-b3 > .kt-inside-inner-col > .aligncenter{width:100%;}.kadence-column4049_ac3353-b3 > .kt-inside-inner-col:before{opacity:0.3;}.kadence-column4049_ac3353-b3{position:relative;}@media all and (max-width: 1024px){.kadence-column4049_ac3353-b3 > .kt-inside-inner-col{flex-direction:column;justify-content:center;}}@media all and (max-width: 767px){.kadence-column4049_ac3353-b3 > .kt-inside-inner-col{flex-direction:column;justify-content:center;}}<\/style>\n<div class=\"wp-block-kadence-column kadence-column4049_ac3353-b3\"><div class=\"kt-inside-inner-col\">\n<p><strong>Si\u00e8ge de bain Sicile 30 cm &#8211; 64,90\u20ac<br>R\u00e9f\u00e9rence : 116129<\/strong><\/p>\n\n\n\n<h2 class=\"wp-block-heading\">Description du produit<\/h2>\n\n\n\n<p>Le si\u00e8ge de bain Sicile est robuste, il se positionne au fond de votre baignoire pour vous donner une assise plus haute. Il vous permet d&rsquo;\u00eatre confortablement install\u00e9 et de vous relever plus facilement. Son assise \u00e0 lattes permet \u00e0 l&rsquo;eau de s&rsquo;\u00e9couler rapidement.<\/p>\n\n\n\n<h2 class=\"wp-block-heading\">Caract\u00e9ristiques du si\u00e8ge de bain Sicile&nbsp;<\/h2>\n\n\n\n<ul class=\"wp-block-list\">\n<li>Fixation par 4 larges ventouses<\/li>\n\n\n\n<li>Dimensions assis : larg. 45 x prof. 29 x haut. 30 cm<\/li>\n\n\n\n<li>Largeur hors tout entre les ventouses 32,5 cm<\/li>\n\n\n\n<li>Garantie 2 ans<\/li>\n\n\n\n<li>Poids max. autoris\u00e9 190 kg<\/li>\n<\/ul>\n<\/div><\/div>\n\n<\/div><\/div>","protected":false},"excerpt":{"rendered":"<p>Retour Si\u00e8ge de bain Sicile 30 cm Si\u00e8ge de bain Sicile 30 cm &#8211; 64,90\u20acR\u00e9f\u00e9rence : 116129 Description du produit Le si\u00e8ge de bain Sicile est robuste, il se positionne au fond de votre baignoire pour vous donner une assise plus haute. Il vous permet d&rsquo;\u00eatre confortablement install\u00e9 et de vous relever plus facilement. Son&#8230;<\/p>\n","protected":false},"author":1,"featured_media":0,"parent":0,"menu_order":0,"comment_status":"closed","ping_status":"closed","template":"","meta":{"content-type":"","_kad_post_transparent":"","_kad_post_title":"hide","_kad_post_layout":"","_kad_post_sidebar_id":"","_kad_post_content_style":"","_kad_post_vertical_padding":"","_kad_post_feature":"","_kad_post_feature_position":"","_kad_post_header":false,"_kad_post_footer":false,"footnotes":""},"class_list":["post-4049","page","type-page","status-publish","hentry"],"_links":{"self":[{"href":"https:\/\/bastideparis.fr\/ro49090-ovh\/index.php\/wp-json\/wp\/v2\/pages\/4049","targetHints":{"allow":["GET"]}}],"collection":[{"href":"https:\/\/bastideparis.fr\/ro49090-ovh\/index.php\/wp-json\/wp\/v2\/pages"}],"about":[{"href":"https:\/\/bastideparis.fr\/ro49090-ovh\/index.php\/wp-json\/wp\/v2\/types\/page"}],"author":[{"embeddable":true,"href":"https:\/\/bastideparis.fr\/ro49090-ovh\/index.php\/wp-json\/wp\/v2\/users\/1"}],"replies":[{"embeddable":true,"href":"https:\/\/bastideparis.fr\/ro49090-ovh\/index.php\/wp-json\/wp\/v2\/comments?post=4049"}],"version-history":[{"count":1,"href":"https:\/\/bastideparis.fr\/ro49090-ovh\/index.php\/wp-json\/wp\/v2\/pages\/4049\/revisions"}],"predecessor-version":[{"id":4050,"href":"https:\/\/bastideparis.fr\/ro49090-ovh\/index.php\/wp-json\/wp\/v2\/pages\/4049\/revisions\/4050"}],"wp:attachment":[{"href":"https:\/\/bastideparis.fr\/ro49090-ovh\/index.php\/wp-json\/wp\/v2\/media?parent=4049"}],"curies":[{"name":"wp","href":"https:\/\/api.w.org\/{rel}","templated":true}]}}