{"id":4052,"date":"2024-06-20T12:11:53","date_gmt":"2024-06-20T10:11:53","guid":{"rendered":"https:\/\/bastideparis.fr\/ro49090-ovh\/?page_id=4052"},"modified":"2024-06-20T12:11:53","modified_gmt":"2024-06-20T10:11:53","slug":"tapis-de-baignoire-90-x-40-cm","status":"publish","type":"page","link":"https:\/\/bastideparis.fr\/ro49090-ovh\/index.php\/tapis-de-baignoire-90-x-40-cm\/","title":{"rendered":"Tapis de baignoire 90 x 40 cm"},"content":{"rendered":"\n<p><a href=\"https:\/\/bastideparis.fr\/ro49090-ovh\/index.php\/showroom-virtuel\/salle-de-bains\/\">Retour<\/a><\/p>\n\n\n\n<p class=\"has-larger-font-size\">Tapis de baignoire 90 x 40 cm<\/p>\n\n\n<style>.kb-row-layout-id4052_65ed8f-ca > .kt-row-column-wrap{align-content:start;}:where(.kb-row-layout-id4052_65ed8f-ca > .kt-row-column-wrap) > .wp-block-kadence-column{justify-content:start;}.kb-row-layout-id4052_65ed8f-ca > .kt-row-column-wrap{column-gap:var(--global-kb-gap-md, 2rem);row-gap:var(--global-kb-gap-md, 2rem);padding-top:var(--global-kb-spacing-sm, 1.5rem);padding-bottom:var(--global-kb-spacing-sm, 1.5rem);grid-template-columns:repeat(2, minmax(0, 1fr));}.kb-row-layout-id4052_65ed8f-ca > .kt-row-layout-overlay{opacity:0.30;}@media all and (max-width: 1024px){.kb-row-layout-id4052_65ed8f-ca > .kt-row-column-wrap{grid-template-columns:repeat(2, minmax(0, 1fr));}}@media all and (max-width: 767px){.kb-row-layout-id4052_65ed8f-ca > .kt-row-column-wrap{grid-template-columns:minmax(0, 1fr);}}<\/style><div class=\"kb-row-layout-wrap kb-row-layout-id4052_65ed8f-ca alignnone wp-block-kadence-rowlayout\"><div class=\"kt-row-column-wrap kt-has-2-columns kt-row-layout-equal kt-tab-layout-inherit kt-mobile-layout-row kt-row-valign-top\">\n<style>.kadence-column4052_b3e5cb-20 > .kt-inside-inner-col,.kadence-column4052_b3e5cb-20 > .kt-inside-inner-col:before{border-top-left-radius:0px;border-top-right-radius:0px;border-bottom-right-radius:0px;border-bottom-left-radius:0px;}.kadence-column4052_b3e5cb-20 > .kt-inside-inner-col{column-gap:var(--global-kb-gap-sm, 1rem);}.kadence-column4052_b3e5cb-20 > .kt-inside-inner-col{flex-direction:column;}.kadence-column4052_b3e5cb-20 > .kt-inside-inner-col > .aligncenter{width:100%;}.kadence-column4052_b3e5cb-20 > .kt-inside-inner-col:before{opacity:0.3;}.kadence-column4052_b3e5cb-20{position:relative;}@media all and (max-width: 1024px){.kadence-column4052_b3e5cb-20 > .kt-inside-inner-col{flex-direction:column;justify-content:center;}}@media all and (max-width: 767px){.kadence-column4052_b3e5cb-20 > .kt-inside-inner-col{flex-direction:column;justify-content:center;}}<\/style>\n<div class=\"wp-block-kadence-column kadence-column4052_b3e5cb-20\"><div class=\"kt-inside-inner-col\"><div class=\"wp-block-image\">\n<figure class=\"aligncenter size-full\"><img loading=\"lazy\" decoding=\"async\" width=\"360\" height=\"360\" src=\"https:\/\/bastideparis.fr\/ro49090-ovh\/wp-content\/uploads\/2024\/02\/tapis-de-baignoire-bleu-90.webp\" alt=\"\" class=\"wp-image-2188\" srcset=\"https:\/\/bastideparis.fr\/ro49090-ovh\/wp-content\/uploads\/2024\/02\/tapis-de-baignoire-bleu-90.webp 360w, https:\/\/bastideparis.fr\/ro49090-ovh\/wp-content\/uploads\/2024\/02\/tapis-de-baignoire-bleu-90-300x300.webp 300w, https:\/\/bastideparis.fr\/ro49090-ovh\/wp-content\/uploads\/2024\/02\/tapis-de-baignoire-bleu-90-150x150.webp 150w\" sizes=\"auto, (max-width: 360px) 100vw, 360px\" \/><\/figure>\n<\/div><\/div><\/div>\n\n\n<style>.kadence-column4052_89f8ce-03 > .kt-inside-inner-col,.kadence-column4052_89f8ce-03 > .kt-inside-inner-col:before{border-top-left-radius:0px;border-top-right-radius:0px;border-bottom-right-radius:0px;border-bottom-left-radius:0px;}.kadence-column4052_89f8ce-03 > .kt-inside-inner-col{column-gap:var(--global-kb-gap-sm, 1rem);}.kadence-column4052_89f8ce-03 > .kt-inside-inner-col{flex-direction:column;}.kadence-column4052_89f8ce-03 > .kt-inside-inner-col > .aligncenter{width:100%;}.kadence-column4052_89f8ce-03 > .kt-inside-inner-col:before{opacity:0.3;}.kadence-column4052_89f8ce-03{position:relative;}@media all and (max-width: 1024px){.kadence-column4052_89f8ce-03 > .kt-inside-inner-col{flex-direction:column;justify-content:center;}}@media all and (max-width: 767px){.kadence-column4052_89f8ce-03 > .kt-inside-inner-col{flex-direction:column;justify-content:center;}}<\/style>\n<div class=\"wp-block-kadence-column kadence-column4052_89f8ce-03\"><div class=\"kt-inside-inner-col\">\n<p><strong>Tapis de baignoire 90 x 40 cm &#8211; 13,90\u20ac<br>R\u00e9f\u00e9rence : 103629<\/strong><\/p>\n\n\n\n<h2 class=\"wp-block-heading\">Description du produit<\/h2>\n\n\n\n<p>Ce&nbsp;<strong>tapis de bain antid\u00e9rapant<\/strong>&nbsp;se fixe au fond de la baignoire par de multiples ventouses, \u00e9vitant ainsi de glisser.<\/p>\n\n\n\n<h2 class=\"wp-block-heading\">Caract\u00e9ristiques du tapis de baignoire<\/h2>\n\n\n\n<ul class=\"wp-block-list\">\n<li>Dimensions\u00a0: 90 x 40 cm<\/li>\n<\/ul>\n<\/div><\/div>\n\n<\/div><\/div>","protected":false},"excerpt":{"rendered":"<p>Retour Tapis de baignoire 90 x 40 cm Tapis de baignoire 90 x 40 cm &#8211; 13,90\u20acR\u00e9f\u00e9rence : 103629 Description du produit Ce&nbsp;tapis de bain antid\u00e9rapant&nbsp;se fixe au fond de la baignoire par de multiples ventouses, \u00e9vitant ainsi de glisser. Caract\u00e9ristiques du tapis de baignoire<\/p>\n","protected":false},"author":1,"featured_media":0,"parent":0,"menu_order":0,"comment_status":"closed","ping_status":"closed","template":"","meta":{"content-type":"","_kad_post_transparent":"","_kad_post_title":"hide","_kad_post_layout":"","_kad_post_sidebar_id":"","_kad_post_content_style":"","_kad_post_vertical_padding":"","_kad_post_feature":"","_kad_post_feature_position":"","_kad_post_header":false,"_kad_post_footer":false,"footnotes":""},"class_list":["post-4052","page","type-page","status-publish","hentry"],"_links":{"self":[{"href":"https:\/\/bastideparis.fr\/ro49090-ovh\/index.php\/wp-json\/wp\/v2\/pages\/4052","targetHints":{"allow":["GET"]}}],"collection":[{"href":"https:\/\/bastideparis.fr\/ro49090-ovh\/index.php\/wp-json\/wp\/v2\/pages"}],"about":[{"href":"https:\/\/bastideparis.fr\/ro49090-ovh\/index.php\/wp-json\/wp\/v2\/types\/page"}],"author":[{"embeddable":true,"href":"https:\/\/bastideparis.fr\/ro49090-ovh\/index.php\/wp-json\/wp\/v2\/users\/1"}],"replies":[{"embeddable":true,"href":"https:\/\/bastideparis.fr\/ro49090-ovh\/index.php\/wp-json\/wp\/v2\/comments?post=4052"}],"version-history":[{"count":1,"href":"https:\/\/bastideparis.fr\/ro49090-ovh\/index.php\/wp-json\/wp\/v2\/pages\/4052\/revisions"}],"predecessor-version":[{"id":4053,"href":"https:\/\/bastideparis.fr\/ro49090-ovh\/index.php\/wp-json\/wp\/v2\/pages\/4052\/revisions\/4053"}],"wp:attachment":[{"href":"https:\/\/bastideparis.fr\/ro49090-ovh\/index.php\/wp-json\/wp\/v2\/media?parent=4052"}],"curies":[{"name":"wp","href":"https:\/\/api.w.org\/{rel}","templated":true}]}}