{"id":4058,"date":"2024-06-20T12:17:48","date_gmt":"2024-06-20T10:17:48","guid":{"rendered":"https:\/\/bastideparis.fr\/ro49090-ovh\/?page_id=4058"},"modified":"2024-06-20T12:17:48","modified_gmt":"2024-06-20T10:17:48","slug":"marche-pied-avec-poignee-balneo-200-pour-baignoire","status":"publish","type":"page","link":"https:\/\/bastideparis.fr\/ro49090-ovh\/index.php\/marche-pied-avec-poignee-balneo-200-pour-baignoire\/","title":{"rendered":"Marche-pied avec poign\u00e9e Balneo 200 pour baignoire"},"content":{"rendered":"\n<p><a href=\"https:\/\/bastideparis.fr\/ro49090-ovh\/index.php\/showroom-virtuel\/salle-de-bains\/\">Retour<\/a><\/p>\n\n\n\n<p class=\"has-larger-font-size\">Marche-pied avec poign\u00e9e Balneo 200 pour baignoire<\/p>\n\n\n<style>.kb-row-layout-id4058_6b7cb2-ec > .kt-row-column-wrap{align-content:start;}:where(.kb-row-layout-id4058_6b7cb2-ec > .kt-row-column-wrap) > .wp-block-kadence-column{justify-content:start;}.kb-row-layout-id4058_6b7cb2-ec > .kt-row-column-wrap{column-gap:var(--global-kb-gap-md, 2rem);row-gap:var(--global-kb-gap-md, 2rem);padding-top:var(--global-kb-spacing-sm, 1.5rem);padding-bottom:var(--global-kb-spacing-sm, 1.5rem);grid-template-columns:repeat(2, minmax(0, 1fr));}.kb-row-layout-id4058_6b7cb2-ec > .kt-row-layout-overlay{opacity:0.30;}@media all and (max-width: 1024px){.kb-row-layout-id4058_6b7cb2-ec > .kt-row-column-wrap{grid-template-columns:repeat(2, minmax(0, 1fr));}}@media all and (max-width: 767px){.kb-row-layout-id4058_6b7cb2-ec > .kt-row-column-wrap{grid-template-columns:minmax(0, 1fr);}}<\/style><div class=\"kb-row-layout-wrap kb-row-layout-id4058_6b7cb2-ec alignnone wp-block-kadence-rowlayout\"><div class=\"kt-row-column-wrap kt-has-2-columns kt-row-layout-equal kt-tab-layout-inherit kt-mobile-layout-row kt-row-valign-top\">\n<style>.kadence-column4058_3ac9dc-7f > .kt-inside-inner-col,.kadence-column4058_3ac9dc-7f > .kt-inside-inner-col:before{border-top-left-radius:0px;border-top-right-radius:0px;border-bottom-right-radius:0px;border-bottom-left-radius:0px;}.kadence-column4058_3ac9dc-7f > .kt-inside-inner-col{column-gap:var(--global-kb-gap-sm, 1rem);}.kadence-column4058_3ac9dc-7f > .kt-inside-inner-col{flex-direction:column;}.kadence-column4058_3ac9dc-7f > .kt-inside-inner-col > .aligncenter{width:100%;}.kadence-column4058_3ac9dc-7f > .kt-inside-inner-col:before{opacity:0.3;}.kadence-column4058_3ac9dc-7f{position:relative;}@media all and (max-width: 1024px){.kadence-column4058_3ac9dc-7f > .kt-inside-inner-col{flex-direction:column;justify-content:center;}}@media all and (max-width: 767px){.kadence-column4058_3ac9dc-7f > .kt-inside-inner-col{flex-direction:column;justify-content:center;}}<\/style>\n<div class=\"wp-block-kadence-column kadence-column4058_3ac9dc-7f\"><div class=\"kt-inside-inner-col\"><div class=\"wp-block-image\">\n<figure class=\"aligncenter size-full\"><img loading=\"lazy\" decoding=\"async\" width=\"360\" height=\"360\" src=\"https:\/\/bastideparis.fr\/ro49090-ovh\/wp-content\/uploads\/2024\/02\/marhce-pied-balneo.webp\" alt=\"\" class=\"wp-image-2190\" srcset=\"https:\/\/bastideparis.fr\/ro49090-ovh\/wp-content\/uploads\/2024\/02\/marhce-pied-balneo.webp 360w, https:\/\/bastideparis.fr\/ro49090-ovh\/wp-content\/uploads\/2024\/02\/marhce-pied-balneo-300x300.webp 300w, https:\/\/bastideparis.fr\/ro49090-ovh\/wp-content\/uploads\/2024\/02\/marhce-pied-balneo-150x150.webp 150w\" sizes=\"auto, (max-width: 360px) 100vw, 360px\" \/><\/figure>\n<\/div><\/div><\/div>\n\n\n<style>.kadence-column4058_132eda-30 > .kt-inside-inner-col,.kadence-column4058_132eda-30 > .kt-inside-inner-col:before{border-top-left-radius:0px;border-top-right-radius:0px;border-bottom-right-radius:0px;border-bottom-left-radius:0px;}.kadence-column4058_132eda-30 > .kt-inside-inner-col{column-gap:var(--global-kb-gap-sm, 1rem);}.kadence-column4058_132eda-30 > .kt-inside-inner-col{flex-direction:column;}.kadence-column4058_132eda-30 > .kt-inside-inner-col > .aligncenter{width:100%;}.kadence-column4058_132eda-30 > .kt-inside-inner-col:before{opacity:0.3;}.kadence-column4058_132eda-30{position:relative;}@media all and (max-width: 1024px){.kadence-column4058_132eda-30 > .kt-inside-inner-col{flex-direction:column;justify-content:center;}}@media all and (max-width: 767px){.kadence-column4058_132eda-30 > .kt-inside-inner-col{flex-direction:column;justify-content:center;}}<\/style>\n<div class=\"wp-block-kadence-column kadence-column4058_132eda-30\"><div class=\"kt-inside-inner-col\">\n<p><strong>Marche-pied avec poign\u00e9e Balneo 200 pour baignoire &#8211; 130\u20ac<br>R\u00e9f\u00e9rence : 110013<\/strong><\/p>\n\n\n\n<h2 class=\"wp-block-heading\">Description du produit<\/h2>\n\n\n\n<p><strong>Balneo 200<\/strong>&nbsp;est un produit tr\u00e8s pratique, con\u00e7u pour vous&nbsp;<strong>faciliter le transfert<\/strong>, lorsque vous&nbsp;<strong>entrez<\/strong>&nbsp;ou&nbsp;<strong>sortez<\/strong>&nbsp;de votre&nbsp;<strong>baignoire<\/strong>.&nbsp;<strong>Enti\u00e8rement r\u00e9glable<\/strong>, le marche pied de bain peut se positionner \u00e0 droite ou \u00e0 gauche de la poign\u00e9e, suivant la configuration de votre&nbsp;<strong>salle de bain<\/strong>. Pour plus de&nbsp;<strong>s\u00e9curit\u00e9<\/strong>&nbsp;le marche pied est&nbsp;<strong>anti-d\u00e9rapant<\/strong>. Le marche pied Balneo 200 est&nbsp;<strong>compatible avec toutes les baignoires<\/strong>&nbsp;ayant une \u00e9paisseur de 7.5 cm \u00e0 10.5 cm&nbsp;<\/p>\n<\/div><\/div>\n\n<\/div><\/div>\n\n<style>.kb-row-layout-id4058_e9c4b8-48 > .kt-row-column-wrap{align-content:start;}:where(.kb-row-layout-id4058_e9c4b8-48 > .kt-row-column-wrap) > .wp-block-kadence-column{justify-content:start;}.kb-row-layout-id4058_e9c4b8-48 > .kt-row-column-wrap{column-gap:var(--global-kb-gap-md, 2rem);row-gap:var(--global-kb-gap-md, 2rem);padding-top:var(--global-kb-spacing-sm, 1.5rem);padding-bottom:var(--global-kb-spacing-sm, 1.5rem);grid-template-columns:repeat(2, minmax(0, 1fr));}.kb-row-layout-id4058_e9c4b8-48 > .kt-row-layout-overlay{opacity:0.30;}@media all and (max-width: 1024px){.kb-row-layout-id4058_e9c4b8-48 > .kt-row-column-wrap{grid-template-columns:repeat(2, minmax(0, 1fr));}}@media all and (max-width: 767px){.kb-row-layout-id4058_e9c4b8-48 > .kt-row-column-wrap{grid-template-columns:minmax(0, 1fr);}}<\/style><div class=\"kb-row-layout-wrap kb-row-layout-id4058_e9c4b8-48 alignnone wp-block-kadence-rowlayout\"><div class=\"kt-row-column-wrap kt-has-2-columns kt-row-layout-equal kt-tab-layout-inherit kt-mobile-layout-row kt-row-valign-top\">\n<style>.kadence-column4058_408bef-da > .kt-inside-inner-col,.kadence-column4058_408bef-da > .kt-inside-inner-col:before{border-top-left-radius:0px;border-top-right-radius:0px;border-bottom-right-radius:0px;border-bottom-left-radius:0px;}.kadence-column4058_408bef-da > .kt-inside-inner-col{column-gap:var(--global-kb-gap-sm, 1rem);}.kadence-column4058_408bef-da > .kt-inside-inner-col{flex-direction:column;}.kadence-column4058_408bef-da > .kt-inside-inner-col > .aligncenter{width:100%;}.kadence-column4058_408bef-da > .kt-inside-inner-col:before{opacity:0.3;}.kadence-column4058_408bef-da{position:relative;}@media all and (max-width: 1024px){.kadence-column4058_408bef-da > .kt-inside-inner-col{flex-direction:column;justify-content:center;}}@media all and (max-width: 767px){.kadence-column4058_408bef-da > .kt-inside-inner-col{flex-direction:column;justify-content:center;}}<\/style>\n<div class=\"wp-block-kadence-column kadence-column4058_408bef-da\"><div class=\"kt-inside-inner-col\">\n<h2 class=\"wp-block-heading\">Dimensions de la poign\u00e9e de baignoire<\/h2>\n\n\n\n<ul class=\"wp-block-list\">\n<li>R\u00e9glable en hauteur\u00a0: de 83 cm \u00e0 103 cm<\/li>\n\n\n\n<li>Largeur de la poign\u00e9e\u00a0: 36cm<\/li>\n<\/ul>\n\n\n\n<h2 class=\"wp-block-heading\">Dimensions de la marche de bain<\/h2>\n\n\n\n<ul class=\"wp-block-list\">\n<li>Longueur x largeur\u00a0: 30 cm x 45 cm<\/li>\n\n\n\n<li>Hauteur de la marche\u00a0: 21 cm<\/li>\n<\/ul>\n<\/div><\/div>\n\n\n<style>.kadence-column4058_7146aa-68 > .kt-inside-inner-col,.kadence-column4058_7146aa-68 > .kt-inside-inner-col:before{border-top-left-radius:0px;border-top-right-radius:0px;border-bottom-right-radius:0px;border-bottom-left-radius:0px;}.kadence-column4058_7146aa-68 > .kt-inside-inner-col{column-gap:var(--global-kb-gap-sm, 1rem);}.kadence-column4058_7146aa-68 > .kt-inside-inner-col{flex-direction:column;}.kadence-column4058_7146aa-68 > .kt-inside-inner-col > .aligncenter{width:100%;}.kadence-column4058_7146aa-68 > .kt-inside-inner-col:before{opacity:0.3;}.kadence-column4058_7146aa-68{position:relative;}@media all and (max-width: 1024px){.kadence-column4058_7146aa-68 > .kt-inside-inner-col{flex-direction:column;justify-content:center;}}@media all and (max-width: 767px){.kadence-column4058_7146aa-68 > .kt-inside-inner-col{flex-direction:column;justify-content:center;}}<\/style>\n<div class=\"wp-block-kadence-column kadence-column4058_7146aa-68\"><div class=\"kt-inside-inner-col\">\n<h2 class=\"wp-block-heading\">Caract\u00e9ristiques techniques de l&rsquo;aide au bain<\/h2>\n\n\n\n<ul class=\"wp-block-list\">\n<li>Finition\u00a0: Epoxy bleu<\/li>\n\n\n\n<li>Rotule de blocage avec vis en inox<\/li>\n\n\n\n<li>Manchette poign\u00e9e en PVC<\/li>\n\n\n\n<li>Marche en polypropyl\u00e8ne<\/li>\n\n\n\n<li>Poids\u00a0: 4.3 kg<\/li>\n\n\n\n<li>Poids max\u00a0: 100 kg<\/li>\n<\/ul>\n<\/div><\/div>\n\n<\/div><\/div>","protected":false},"excerpt":{"rendered":"<p>Retour Marche-pied avec poign\u00e9e Balneo 200 pour baignoire Marche-pied avec poign\u00e9e Balneo 200 pour baignoire &#8211; 130\u20acR\u00e9f\u00e9rence : 110013 Description du produit Balneo 200&nbsp;est un produit tr\u00e8s pratique, con\u00e7u pour vous&nbsp;faciliter le transfert, lorsque vous&nbsp;entrez&nbsp;ou&nbsp;sortez&nbsp;de votre&nbsp;baignoire.&nbsp;Enti\u00e8rement r\u00e9glable, le marche pied de bain peut se positionner \u00e0 droite ou \u00e0 gauche de la poign\u00e9e, suivant la&#8230;<\/p>\n","protected":false},"author":1,"featured_media":0,"parent":0,"menu_order":0,"comment_status":"closed","ping_status":"closed","template":"","meta":{"content-type":"","_kad_post_transparent":"","_kad_post_title":"hide","_kad_post_layout":"","_kad_post_sidebar_id":"","_kad_post_content_style":"","_kad_post_vertical_padding":"","_kad_post_feature":"","_kad_post_feature_position":"","_kad_post_header":false,"_kad_post_footer":false,"footnotes":""},"class_list":["post-4058","page","type-page","status-publish","hentry"],"_links":{"self":[{"href":"https:\/\/bastideparis.fr\/ro49090-ovh\/index.php\/wp-json\/wp\/v2\/pages\/4058","targetHints":{"allow":["GET"]}}],"collection":[{"href":"https:\/\/bastideparis.fr\/ro49090-ovh\/index.php\/wp-json\/wp\/v2\/pages"}],"about":[{"href":"https:\/\/bastideparis.fr\/ro49090-ovh\/index.php\/wp-json\/wp\/v2\/types\/page"}],"author":[{"embeddable":true,"href":"https:\/\/bastideparis.fr\/ro49090-ovh\/index.php\/wp-json\/wp\/v2\/users\/1"}],"replies":[{"embeddable":true,"href":"https:\/\/bastideparis.fr\/ro49090-ovh\/index.php\/wp-json\/wp\/v2\/comments?post=4058"}],"version-history":[{"count":1,"href":"https:\/\/bastideparis.fr\/ro49090-ovh\/index.php\/wp-json\/wp\/v2\/pages\/4058\/revisions"}],"predecessor-version":[{"id":4060,"href":"https:\/\/bastideparis.fr\/ro49090-ovh\/index.php\/wp-json\/wp\/v2\/pages\/4058\/revisions\/4060"}],"wp:attachment":[{"href":"https:\/\/bastideparis.fr\/ro49090-ovh\/index.php\/wp-json\/wp\/v2\/media?parent=4058"}],"curies":[{"name":"wp","href":"https:\/\/api.w.org\/{rel}","templated":true}]}}