{"id":4062,"date":"2024-06-20T12:21:43","date_gmt":"2024-06-20T10:21:43","guid":{"rendered":"https:\/\/bastideparis.fr\/ro49090-ovh\/?page_id=4062"},"modified":"2024-06-20T12:21:44","modified_gmt":"2024-06-20T10:21:44","slug":"siege-elevateur-de-bain-kogia-invacare","status":"publish","type":"page","link":"https:\/\/bastideparis.fr\/ro49090-ovh\/index.php\/siege-elevateur-de-bain-kogia-invacare\/","title":{"rendered":"Si\u00e8ge \u00e9l\u00e9vateur de bain Kogia Invacare"},"content":{"rendered":"\n<p><a href=\"https:\/\/bastideparis.fr\/ro49090-ovh\/index.php\/showroom-virtuel\/salle-de-bains\/\">Retour<\/a><\/p>\n\n\n\n<p class=\"has-larger-font-size\">Si\u00e8ge \u00e9l\u00e9vateur de bain Kogia Invacare<\/p>\n\n\n<style>.kb-row-layout-id4062_5f34a5-5e > .kt-row-column-wrap{align-content:start;}:where(.kb-row-layout-id4062_5f34a5-5e > .kt-row-column-wrap) > .wp-block-kadence-column{justify-content:start;}.kb-row-layout-id4062_5f34a5-5e > .kt-row-column-wrap{column-gap:var(--global-kb-gap-md, 2rem);row-gap:var(--global-kb-gap-md, 2rem);padding-top:var(--global-kb-spacing-sm, 1.5rem);padding-bottom:var(--global-kb-spacing-sm, 1.5rem);grid-template-columns:repeat(2, minmax(0, 1fr));}.kb-row-layout-id4062_5f34a5-5e > .kt-row-layout-overlay{opacity:0.30;}@media all and (max-width: 1024px){.kb-row-layout-id4062_5f34a5-5e > .kt-row-column-wrap{grid-template-columns:repeat(2, minmax(0, 1fr));}}@media all and (max-width: 767px){.kb-row-layout-id4062_5f34a5-5e > .kt-row-column-wrap{grid-template-columns:minmax(0, 1fr);}}<\/style><div class=\"kb-row-layout-wrap kb-row-layout-id4062_5f34a5-5e alignnone wp-block-kadence-rowlayout\"><div class=\"kt-row-column-wrap kt-has-2-columns kt-row-layout-equal kt-tab-layout-inherit kt-mobile-layout-row kt-row-valign-top\">\n<style>.kadence-column4062_ae8a06-ce > .kt-inside-inner-col,.kadence-column4062_ae8a06-ce > .kt-inside-inner-col:before{border-top-left-radius:0px;border-top-right-radius:0px;border-bottom-right-radius:0px;border-bottom-left-radius:0px;}.kadence-column4062_ae8a06-ce > .kt-inside-inner-col{column-gap:var(--global-kb-gap-sm, 1rem);}.kadence-column4062_ae8a06-ce > .kt-inside-inner-col{flex-direction:column;}.kadence-column4062_ae8a06-ce > .kt-inside-inner-col > .aligncenter{width:100%;}.kadence-column4062_ae8a06-ce > .kt-inside-inner-col:before{opacity:0.3;}.kadence-column4062_ae8a06-ce{position:relative;}@media all and (max-width: 1024px){.kadence-column4062_ae8a06-ce > .kt-inside-inner-col{flex-direction:column;justify-content:center;}}@media all and (max-width: 767px){.kadence-column4062_ae8a06-ce > .kt-inside-inner-col{flex-direction:column;justify-content:center;}}<\/style>\n<div class=\"wp-block-kadence-column kadence-column4062_ae8a06-ce\"><div class=\"kt-inside-inner-col\"><div class=\"wp-block-image\">\n<figure class=\"aligncenter size-full\"><img loading=\"lazy\" decoding=\"async\" width=\"360\" height=\"360\" src=\"https:\/\/bastideparis.fr\/ro49090-ovh\/wp-content\/uploads\/2024\/02\/kogia.webp\" alt=\"\" class=\"wp-image-2193\" srcset=\"https:\/\/bastideparis.fr\/ro49090-ovh\/wp-content\/uploads\/2024\/02\/kogia.webp 360w, https:\/\/bastideparis.fr\/ro49090-ovh\/wp-content\/uploads\/2024\/02\/kogia-300x300.webp 300w, https:\/\/bastideparis.fr\/ro49090-ovh\/wp-content\/uploads\/2024\/02\/kogia-150x150.webp 150w\" sizes=\"auto, (max-width: 360px) 100vw, 360px\" \/><\/figure>\n<\/div><\/div><\/div>\n\n\n<style>.kadence-column4062_6a1e70-5a > .kt-inside-inner-col,.kadence-column4062_6a1e70-5a > .kt-inside-inner-col:before{border-top-left-radius:0px;border-top-right-radius:0px;border-bottom-right-radius:0px;border-bottom-left-radius:0px;}.kadence-column4062_6a1e70-5a > .kt-inside-inner-col{column-gap:var(--global-kb-gap-sm, 1rem);}.kadence-column4062_6a1e70-5a > .kt-inside-inner-col{flex-direction:column;}.kadence-column4062_6a1e70-5a > .kt-inside-inner-col > .aligncenter{width:100%;}.kadence-column4062_6a1e70-5a > .kt-inside-inner-col:before{opacity:0.3;}.kadence-column4062_6a1e70-5a{position:relative;}@media all and (max-width: 1024px){.kadence-column4062_6a1e70-5a > .kt-inside-inner-col{flex-direction:column;justify-content:center;}}@media all and (max-width: 767px){.kadence-column4062_6a1e70-5a > .kt-inside-inner-col{flex-direction:column;justify-content:center;}}<\/style>\n<div class=\"wp-block-kadence-column kadence-column4062_6a1e70-5a\"><div class=\"kt-inside-inner-col\">\n<p><strong>Si\u00e8ge \u00e9l\u00e9vateur de bain Kogia Invacare &#8211; 349\u20ac<br>R\u00e9f\u00e9rence : 111743<\/strong><\/p>\n\n\n\n<h2 class=\"wp-block-heading\">Description du produit<\/h2>\n\n\n\n<p>Le\u00a0<strong>si\u00e8ge \u00e9l\u00e9vateur de bain Kogia<\/strong>\u00a0permet aux personnes handicap\u00e9es ou \u00e0 mobilit\u00e9 r\u00e9duite de retrouver le plaisir du bain. Faites-vous assister en douceur avec l\u2019\u00e9l\u00e9vateur de bain Kogia pour entrer et sortir de votre baignoire.<\/p>\n\n\n\n<p><em>*ce dispositif ne peut pas b\u00e9n\u00e9ficier d&rsquo;une prise en charge par la s\u00e9curit\u00e9 sociale.<\/em><\/p>\n<\/div><\/div>\n\n<\/div><\/div>\n\n<style>.kb-row-layout-id4062_4ebf10-b5 > .kt-row-column-wrap{align-content:start;}:where(.kb-row-layout-id4062_4ebf10-b5 > .kt-row-column-wrap) > .wp-block-kadence-column{justify-content:start;}.kb-row-layout-id4062_4ebf10-b5 > .kt-row-column-wrap{column-gap:var(--global-kb-gap-md, 2rem);row-gap:var(--global-kb-gap-md, 2rem);padding-top:var(--global-kb-spacing-sm, 1.5rem);padding-bottom:var(--global-kb-spacing-sm, 1.5rem);}.kb-row-layout-id4062_4ebf10-b5 > .kt-row-column-wrap > div:not(.added-for-specificity){grid-column:initial;}.kb-row-layout-id4062_4ebf10-b5 > .kt-row-column-wrap{grid-template-columns:repeat(3, minmax(0, 1fr));}.kb-row-layout-id4062_4ebf10-b5 > .kt-row-layout-overlay{opacity:0.30;}@media all and (max-width: 1024px){.kb-row-layout-id4062_4ebf10-b5 > .kt-row-column-wrap > div:not(.added-for-specificity){grid-column:initial;}}@media all and (max-width: 1024px){.kb-row-layout-id4062_4ebf10-b5 > .kt-row-column-wrap{grid-template-columns:repeat(3, minmax(0, 1fr));}}@media all and (max-width: 767px){.kb-row-layout-id4062_4ebf10-b5 > .kt-row-column-wrap > div:not(.added-for-specificity){grid-column:initial;}.kb-row-layout-id4062_4ebf10-b5 > .kt-row-column-wrap{grid-template-columns:minmax(0, 1fr);}}<\/style><div class=\"kb-row-layout-wrap kb-row-layout-id4062_4ebf10-b5 alignnone wp-block-kadence-rowlayout\"><div class=\"kt-row-column-wrap kt-has-3-columns kt-row-layout-equal kt-tab-layout-inherit kt-mobile-layout-row kt-row-valign-top\">\n<style>.kadence-column4062_f37ad8-89 > .kt-inside-inner-col,.kadence-column4062_f37ad8-89 > .kt-inside-inner-col:before{border-top-left-radius:0px;border-top-right-radius:0px;border-bottom-right-radius:0px;border-bottom-left-radius:0px;}.kadence-column4062_f37ad8-89 > .kt-inside-inner-col{column-gap:var(--global-kb-gap-sm, 1rem);}.kadence-column4062_f37ad8-89 > .kt-inside-inner-col{flex-direction:column;}.kadence-column4062_f37ad8-89 > .kt-inside-inner-col > .aligncenter{width:100%;}.kadence-column4062_f37ad8-89 > .kt-inside-inner-col:before{opacity:0.3;}.kadence-column4062_f37ad8-89{position:relative;}@media all and (max-width: 1024px){.kadence-column4062_f37ad8-89 > .kt-inside-inner-col{flex-direction:column;justify-content:center;}}@media all and (max-width: 767px){.kadence-column4062_f37ad8-89 > .kt-inside-inner-col{flex-direction:column;justify-content:center;}}<\/style>\n<div class=\"wp-block-kadence-column kadence-column4062_f37ad8-89\"><div class=\"kt-inside-inner-col\">\n<h2 class=\"wp-block-heading\">Un si\u00e8ge \u00e9l\u00e9vateur de bain s\u00fbr et confortable<\/h2>\n\n\n\n<p>La structure&nbsp;<strong>stable et robuste<\/strong>&nbsp;de l\u2019\u00e9l\u00e9vateur de bain Kogia, vous permet de prendre votre bain en toute s\u00e9r\u00e9nit\u00e9. Utilisez sa t\u00e9l\u00e9commande simple d\u2019utilisation pour vous d\u00e9placer en toute fluidit\u00e9. La capacit\u00e9 du si\u00e8ge \u00e0 descendre \u00e0 6 cm au fond de la baignoire permet une immersion totale des jambes.<\/p>\n<\/div><\/div>\n\n\n<style>.kadence-column4062_51cb9b-09 > .kt-inside-inner-col,.kadence-column4062_51cb9b-09 > .kt-inside-inner-col:before{border-top-left-radius:0px;border-top-right-radius:0px;border-bottom-right-radius:0px;border-bottom-left-radius:0px;}.kadence-column4062_51cb9b-09 > .kt-inside-inner-col{column-gap:var(--global-kb-gap-sm, 1rem);}.kadence-column4062_51cb9b-09 > .kt-inside-inner-col{flex-direction:column;}.kadence-column4062_51cb9b-09 > .kt-inside-inner-col > .aligncenter{width:100%;}.kadence-column4062_51cb9b-09 > .kt-inside-inner-col:before{opacity:0.3;}.kadence-column4062_51cb9b-09{position:relative;}@media all and (max-width: 1024px){.kadence-column4062_51cb9b-09 > .kt-inside-inner-col{flex-direction:column;justify-content:center;}}@media all and (max-width: 767px){.kadence-column4062_51cb9b-09 > .kt-inside-inner-col{flex-direction:column;justify-content:center;}}<\/style>\n<div class=\"wp-block-kadence-column kadence-column4062_51cb9b-09\"><div class=\"kt-inside-inner-col\">\n<h2 class=\"wp-block-heading\">Avantages de&nbsp;l\u2019\u00e9l\u00e9vateur&nbsp;de bain<\/h2>\n\n\n\n<ol class=\"wp-block-list\">\n<li>Acc\u00e8s de la baignoire en toute s\u00e9curit\u00e9<\/li>\n\n\n\n<li>El\u00e9vation fluide montage tr\u00e8s simple et sans outil<\/li>\n\n\n\n<li>Housse lavable en machine \u00e0 60\u00b0 (<strong>housse non incluse<\/strong>)<\/li>\n<\/ol>\n<\/div><\/div>\n\n\n<style>.kadence-column4062_f330a1-c7 > .kt-inside-inner-col,.kadence-column4062_f330a1-c7 > .kt-inside-inner-col:before{border-top-left-radius:0px;border-top-right-radius:0px;border-bottom-right-radius:0px;border-bottom-left-radius:0px;}.kadence-column4062_f330a1-c7 > .kt-inside-inner-col{column-gap:var(--global-kb-gap-sm, 1rem);}.kadence-column4062_f330a1-c7 > .kt-inside-inner-col{flex-direction:column;}.kadence-column4062_f330a1-c7 > .kt-inside-inner-col > .aligncenter{width:100%;}.kadence-column4062_f330a1-c7 > .kt-inside-inner-col:before{opacity:0.3;}.kadence-column4062_f330a1-c7{position:relative;}@media all and (max-width: 1024px){.kadence-column4062_f330a1-c7 > .kt-inside-inner-col{flex-direction:column;justify-content:center;}}@media all and (max-width: 767px){.kadence-column4062_f330a1-c7 > .kt-inside-inner-col{flex-direction:column;justify-content:center;}}<\/style>\n<div class=\"wp-block-kadence-column kadence-column4062_f330a1-c7\"><div class=\"kt-inside-inner-col\">\n<h2 class=\"wp-block-heading\">Caract\u00e9ristiques de l\u2019\u00e9l\u00e9vateur&nbsp;de bain Kogia<\/h2>\n\n\n\n<ul class=\"wp-block-list\">\n<li>Angle d&rsquo;inclinaison maximum du dossier : 40\u00b0.<\/li>\n\n\n\n<li>Hauteur d\u2019assise : 6 cm \u00e0 42 cm.<\/li>\n\n\n\n<li>Hauteur du dossier : 66 cm.<\/li>\n\n\n\n<li>Largeur d\u2019assise : 37 cm.<\/li>\n\n\n\n<li>Largeur d\u2019assise avec rabats lat\u00e9raux pli\u00e9s vers l\u2019ext\u00e9rieur : 71.5 cm<\/li>\n\n\n\n<li>Largeur du dossier : 37 cm.<\/li>\n\n\n\n<li>Longueur d\u2019assise : 45 cm.<\/li>\n\n\n\n<li>Charge maximale\u00a0: 140 kg<\/li>\n<\/ul>\n<\/div><\/div>\n\n<\/div><\/div>","protected":false},"excerpt":{"rendered":"<p>Retour Si\u00e8ge \u00e9l\u00e9vateur de bain Kogia Invacare Si\u00e8ge \u00e9l\u00e9vateur de bain Kogia Invacare &#8211; 349\u20acR\u00e9f\u00e9rence : 111743 Description du produit Le\u00a0si\u00e8ge \u00e9l\u00e9vateur de bain Kogia\u00a0permet aux personnes handicap\u00e9es ou \u00e0 mobilit\u00e9 r\u00e9duite de retrouver le plaisir du bain. Faites-vous assister en douceur avec l\u2019\u00e9l\u00e9vateur de bain Kogia pour entrer et sortir de votre baignoire. *ce&#8230;<\/p>\n","protected":false},"author":1,"featured_media":0,"parent":0,"menu_order":0,"comment_status":"closed","ping_status":"closed","template":"","meta":{"content-type":"","_kad_post_transparent":"","_kad_post_title":"hide","_kad_post_layout":"","_kad_post_sidebar_id":"","_kad_post_content_style":"","_kad_post_vertical_padding":"","_kad_post_feature":"","_kad_post_feature_position":"","_kad_post_header":false,"_kad_post_footer":false,"footnotes":""},"class_list":["post-4062","page","type-page","status-publish","hentry"],"_links":{"self":[{"href":"https:\/\/bastideparis.fr\/ro49090-ovh\/index.php\/wp-json\/wp\/v2\/pages\/4062","targetHints":{"allow":["GET"]}}],"collection":[{"href":"https:\/\/bastideparis.fr\/ro49090-ovh\/index.php\/wp-json\/wp\/v2\/pages"}],"about":[{"href":"https:\/\/bastideparis.fr\/ro49090-ovh\/index.php\/wp-json\/wp\/v2\/types\/page"}],"author":[{"embeddable":true,"href":"https:\/\/bastideparis.fr\/ro49090-ovh\/index.php\/wp-json\/wp\/v2\/users\/1"}],"replies":[{"embeddable":true,"href":"https:\/\/bastideparis.fr\/ro49090-ovh\/index.php\/wp-json\/wp\/v2\/comments?post=4062"}],"version-history":[{"count":1,"href":"https:\/\/bastideparis.fr\/ro49090-ovh\/index.php\/wp-json\/wp\/v2\/pages\/4062\/revisions"}],"predecessor-version":[{"id":4063,"href":"https:\/\/bastideparis.fr\/ro49090-ovh\/index.php\/wp-json\/wp\/v2\/pages\/4062\/revisions\/4063"}],"wp:attachment":[{"href":"https:\/\/bastideparis.fr\/ro49090-ovh\/index.php\/wp-json\/wp\/v2\/media?parent=4062"}],"curies":[{"name":"wp","href":"https:\/\/api.w.org\/{rel}","templated":true}]}}