{"id":4069,"date":"2024-06-20T12:30:29","date_gmt":"2024-06-20T10:30:29","guid":{"rendered":"https:\/\/bastideparis.fr\/ro49090-ovh\/?page_id=4069"},"modified":"2024-06-20T12:30:29","modified_gmt":"2024-06-20T10:30:29","slug":"marche-pied-pour-baignoire-aquatec-step-bleu-invacare","status":"publish","type":"page","link":"https:\/\/bastideparis.fr\/ro49090-ovh\/index.php\/marche-pied-pour-baignoire-aquatec-step-bleu-invacare\/","title":{"rendered":"Marche pied pour baignoire Aquatec Step bleu Invacare"},"content":{"rendered":"\n<p><a href=\"https:\/\/bastideparis.fr\/ro49090-ovh\/index.php\/showroom-virtuel\/salle-de-bains\/\">Retour<\/a><\/p>\n\n\n\n<p class=\"has-larger-font-size\">Marche pied pour baignoire Aquatec Step bleu Invacare<\/p>\n\n\n<style>.kb-row-layout-id4069_2c9cdc-06 > .kt-row-column-wrap{align-content:start;}:where(.kb-row-layout-id4069_2c9cdc-06 > .kt-row-column-wrap) > .wp-block-kadence-column{justify-content:start;}.kb-row-layout-id4069_2c9cdc-06 > .kt-row-column-wrap{column-gap:var(--global-kb-gap-md, 2rem);row-gap:var(--global-kb-gap-md, 2rem);padding-top:var(--global-kb-spacing-sm, 1.5rem);padding-bottom:var(--global-kb-spacing-sm, 1.5rem);grid-template-columns:repeat(2, minmax(0, 1fr));}.kb-row-layout-id4069_2c9cdc-06 > .kt-row-layout-overlay{opacity:0.30;}@media all and (max-width: 1024px){.kb-row-layout-id4069_2c9cdc-06 > .kt-row-column-wrap{grid-template-columns:repeat(2, minmax(0, 1fr));}}@media all and (max-width: 767px){.kb-row-layout-id4069_2c9cdc-06 > .kt-row-column-wrap{grid-template-columns:minmax(0, 1fr);}}<\/style><div class=\"kb-row-layout-wrap kb-row-layout-id4069_2c9cdc-06 alignnone wp-block-kadence-rowlayout\"><div class=\"kt-row-column-wrap kt-has-2-columns kt-row-layout-equal kt-tab-layout-inherit kt-mobile-layout-row kt-row-valign-top\">\n<style>.kadence-column4069_fa0cf9-02 > .kt-inside-inner-col,.kadence-column4069_fa0cf9-02 > .kt-inside-inner-col:before{border-top-left-radius:0px;border-top-right-radius:0px;border-bottom-right-radius:0px;border-bottom-left-radius:0px;}.kadence-column4069_fa0cf9-02 > .kt-inside-inner-col{column-gap:var(--global-kb-gap-sm, 1rem);}.kadence-column4069_fa0cf9-02 > .kt-inside-inner-col{flex-direction:column;}.kadence-column4069_fa0cf9-02 > .kt-inside-inner-col > .aligncenter{width:100%;}.kadence-column4069_fa0cf9-02 > .kt-inside-inner-col:before{opacity:0.3;}.kadence-column4069_fa0cf9-02{position:relative;}@media all and (max-width: 1024px){.kadence-column4069_fa0cf9-02 > .kt-inside-inner-col{flex-direction:column;justify-content:center;}}@media all and (max-width: 767px){.kadence-column4069_fa0cf9-02 > .kt-inside-inner-col{flex-direction:column;justify-content:center;}}<\/style>\n<div class=\"wp-block-kadence-column kadence-column4069_fa0cf9-02\"><div class=\"kt-inside-inner-col\"><div class=\"wp-block-image\">\n<figure class=\"aligncenter size-full\"><img loading=\"lazy\" decoding=\"async\" width=\"800\" height=\"800\" src=\"https:\/\/bastideparis.fr\/ro49090-ovh\/wp-content\/uploads\/2023\/10\/marche-pied-aquate.webp\" alt=\"\" class=\"wp-image-986\" srcset=\"https:\/\/bastideparis.fr\/ro49090-ovh\/wp-content\/uploads\/2023\/10\/marche-pied-aquate.webp 800w, https:\/\/bastideparis.fr\/ro49090-ovh\/wp-content\/uploads\/2023\/10\/marche-pied-aquate-300x300.webp 300w, https:\/\/bastideparis.fr\/ro49090-ovh\/wp-content\/uploads\/2023\/10\/marche-pied-aquate-150x150.webp 150w, https:\/\/bastideparis.fr\/ro49090-ovh\/wp-content\/uploads\/2023\/10\/marche-pied-aquate-768x768.webp 768w\" sizes=\"auto, (max-width: 800px) 100vw, 800px\" \/><\/figure>\n<\/div><\/div><\/div>\n\n\n<style>.kadence-column4069_b3163c-dc > .kt-inside-inner-col,.kadence-column4069_b3163c-dc > .kt-inside-inner-col:before{border-top-left-radius:0px;border-top-right-radius:0px;border-bottom-right-radius:0px;border-bottom-left-radius:0px;}.kadence-column4069_b3163c-dc > .kt-inside-inner-col{column-gap:var(--global-kb-gap-sm, 1rem);}.kadence-column4069_b3163c-dc > .kt-inside-inner-col{flex-direction:column;}.kadence-column4069_b3163c-dc > .kt-inside-inner-col > .aligncenter{width:100%;}.kadence-column4069_b3163c-dc > .kt-inside-inner-col:before{opacity:0.3;}.kadence-column4069_b3163c-dc{position:relative;}@media all and (max-width: 1024px){.kadence-column4069_b3163c-dc > .kt-inside-inner-col{flex-direction:column;justify-content:center;}}@media all and (max-width: 767px){.kadence-column4069_b3163c-dc > .kt-inside-inner-col{flex-direction:column;justify-content:center;}}<\/style>\n<div class=\"wp-block-kadence-column kadence-column4069_b3163c-dc\"><div class=\"kt-inside-inner-col\">\n<p><strong>Marche pied pour baignoire Aquatec Step bleu Invacare &#8211; 43,90\u20ac<br>R\u00e9f\u00e9rence : 105528<\/strong><\/p>\n\n\n\n<h2 class=\"wp-block-heading\">Description du produit<\/h2>\n\n\n\n<p>Entrez et sortez plus facilement de la baignoire gr\u00e2ce au marche pied Aquatec. Son&nbsp;<strong>rev\u00eatement antid\u00e9rapant<\/strong>&nbsp;est&nbsp;<strong>d\u00e9houssable<\/strong>&nbsp;et&nbsp;<strong>lavable en machine<\/strong>.<\/p>\n\n\n\n<h2 class=\"wp-block-heading\">CARACTERISTIQUES de la marche de bain<\/h2>\n\n\n\n<ul class=\"wp-block-list\">\n<li>Poids maxi: 150 Kg.\u00a0<\/li>\n\n\n\n<li>Dim: 40 x 30 x 16,5 cm<\/li>\n<\/ul>\n<\/div><\/div>\n\n<\/div><\/div>","protected":false},"excerpt":{"rendered":"<p>Retour Marche pied pour baignoire Aquatec Step bleu Invacare Marche pied pour baignoire Aquatec Step bleu Invacare &#8211; 43,90\u20acR\u00e9f\u00e9rence : 105528 Description du produit Entrez et sortez plus facilement de la baignoire gr\u00e2ce au marche pied Aquatec. Son&nbsp;rev\u00eatement antid\u00e9rapant&nbsp;est&nbsp;d\u00e9houssable&nbsp;et&nbsp;lavable en machine. CARACTERISTIQUES de la marche de bain<\/p>\n","protected":false},"author":1,"featured_media":0,"parent":0,"menu_order":0,"comment_status":"closed","ping_status":"closed","template":"","meta":{"content-type":"","_kad_post_transparent":"","_kad_post_title":"hide","_kad_post_layout":"","_kad_post_sidebar_id":"","_kad_post_content_style":"","_kad_post_vertical_padding":"","_kad_post_feature":"","_kad_post_feature_position":"","_kad_post_header":false,"_kad_post_footer":false,"footnotes":""},"class_list":["post-4069","page","type-page","status-publish","hentry"],"_links":{"self":[{"href":"https:\/\/bastideparis.fr\/ro49090-ovh\/index.php\/wp-json\/wp\/v2\/pages\/4069","targetHints":{"allow":["GET"]}}],"collection":[{"href":"https:\/\/bastideparis.fr\/ro49090-ovh\/index.php\/wp-json\/wp\/v2\/pages"}],"about":[{"href":"https:\/\/bastideparis.fr\/ro49090-ovh\/index.php\/wp-json\/wp\/v2\/types\/page"}],"author":[{"embeddable":true,"href":"https:\/\/bastideparis.fr\/ro49090-ovh\/index.php\/wp-json\/wp\/v2\/users\/1"}],"replies":[{"embeddable":true,"href":"https:\/\/bastideparis.fr\/ro49090-ovh\/index.php\/wp-json\/wp\/v2\/comments?post=4069"}],"version-history":[{"count":1,"href":"https:\/\/bastideparis.fr\/ro49090-ovh\/index.php\/wp-json\/wp\/v2\/pages\/4069\/revisions"}],"predecessor-version":[{"id":4070,"href":"https:\/\/bastideparis.fr\/ro49090-ovh\/index.php\/wp-json\/wp\/v2\/pages\/4069\/revisions\/4070"}],"wp:attachment":[{"href":"https:\/\/bastideparis.fr\/ro49090-ovh\/index.php\/wp-json\/wp\/v2\/media?parent=4069"}],"curies":[{"name":"wp","href":"https:\/\/api.w.org\/{rel}","templated":true}]}}