{"id":4074,"date":"2024-06-20T12:42:49","date_gmt":"2024-06-20T10:42:49","guid":{"rendered":"https:\/\/bastideparis.fr\/ro49090-ovh\/?page_id=4074"},"modified":"2024-06-20T12:43:35","modified_gmt":"2024-06-20T10:43:35","slug":"chaise-de-douche-modulaire-aquatec-pico-ac-invacare","status":"publish","type":"page","link":"https:\/\/bastideparis.fr\/ro49090-ovh\/index.php\/chaise-de-douche-modulaire-aquatec-pico-ac-invacare\/","title":{"rendered":"Chaise de douche modulaire Aquatec Pico AC Invacare"},"content":{"rendered":"\n<p><a href=\"https:\/\/bastideparis.fr\/ro49090-ovh\/index.php\/showroom-virtuel\/salle-de-bains\/\">Retour<\/a><\/p>\n\n\n\n<p class=\"has-larger-font-size\">Chaise de douche modulaire Aquatec Pico AC Invacare<\/p>\n\n\n<style>.kb-row-layout-id4074_384546-32 > .kt-row-column-wrap{align-content:start;}:where(.kb-row-layout-id4074_384546-32 > .kt-row-column-wrap) > .wp-block-kadence-column{justify-content:start;}.kb-row-layout-id4074_384546-32 > .kt-row-column-wrap{column-gap:var(--global-kb-gap-md, 2rem);row-gap:var(--global-kb-gap-md, 2rem);padding-top:var(--global-kb-spacing-sm, 1.5rem);padding-bottom:var(--global-kb-spacing-sm, 1.5rem);grid-template-columns:repeat(2, minmax(0, 1fr));}.kb-row-layout-id4074_384546-32 > .kt-row-layout-overlay{opacity:0.30;}@media all and (max-width: 1024px){.kb-row-layout-id4074_384546-32 > .kt-row-column-wrap{grid-template-columns:repeat(2, minmax(0, 1fr));}}@media all and (max-width: 767px){.kb-row-layout-id4074_384546-32 > .kt-row-column-wrap{grid-template-columns:minmax(0, 1fr);}}<\/style><div class=\"kb-row-layout-wrap kb-row-layout-id4074_384546-32 alignnone wp-block-kadence-rowlayout\"><div class=\"kt-row-column-wrap kt-has-2-columns kt-row-layout-equal kt-tab-layout-inherit kt-mobile-layout-row kt-row-valign-top\">\n<style>.kadence-column4074_75a395-e4 > .kt-inside-inner-col,.kadence-column4074_75a395-e4 > .kt-inside-inner-col:before{border-top-left-radius:0px;border-top-right-radius:0px;border-bottom-right-radius:0px;border-bottom-left-radius:0px;}.kadence-column4074_75a395-e4 > .kt-inside-inner-col{column-gap:var(--global-kb-gap-sm, 1rem);}.kadence-column4074_75a395-e4 > .kt-inside-inner-col{flex-direction:column;}.kadence-column4074_75a395-e4 > .kt-inside-inner-col > .aligncenter{width:100%;}.kadence-column4074_75a395-e4 > .kt-inside-inner-col:before{opacity:0.3;}.kadence-column4074_75a395-e4{position:relative;}@media all and (max-width: 1024px){.kadence-column4074_75a395-e4 > .kt-inside-inner-col{flex-direction:column;justify-content:center;}}@media all and (max-width: 767px){.kadence-column4074_75a395-e4 > .kt-inside-inner-col{flex-direction:column;justify-content:center;}}<\/style>\n<div class=\"wp-block-kadence-column kadence-column4074_75a395-e4\"><div class=\"kt-inside-inner-col\"><div class=\"wp-block-image\">\n<figure class=\"aligncenter size-full\"><img loading=\"lazy\" decoding=\"async\" width=\"682\" height=\"682\" src=\"https:\/\/bastideparis.fr\/ro49090-ovh\/wp-content\/uploads\/2024\/06\/Chaise-PICO.webp\" alt=\"\" class=\"wp-image-4072\" srcset=\"https:\/\/bastideparis.fr\/ro49090-ovh\/wp-content\/uploads\/2024\/06\/Chaise-PICO.webp 682w, https:\/\/bastideparis.fr\/ro49090-ovh\/wp-content\/uploads\/2024\/06\/Chaise-PICO-300x300.webp 300w, https:\/\/bastideparis.fr\/ro49090-ovh\/wp-content\/uploads\/2024\/06\/Chaise-PICO-150x150.webp 150w\" sizes=\"auto, (max-width: 682px) 100vw, 682px\" \/><\/figure>\n<\/div><\/div><\/div>\n\n\n<style>.kadence-column4074_d1b613-ca > .kt-inside-inner-col,.kadence-column4074_d1b613-ca > .kt-inside-inner-col:before{border-top-left-radius:0px;border-top-right-radius:0px;border-bottom-right-radius:0px;border-bottom-left-radius:0px;}.kadence-column4074_d1b613-ca > .kt-inside-inner-col{column-gap:var(--global-kb-gap-sm, 1rem);}.kadence-column4074_d1b613-ca > .kt-inside-inner-col{flex-direction:column;}.kadence-column4074_d1b613-ca > .kt-inside-inner-col > .aligncenter{width:100%;}.kadence-column4074_d1b613-ca > .kt-inside-inner-col:before{opacity:0.3;}.kadence-column4074_d1b613-ca{position:relative;}@media all and (max-width: 1024px){.kadence-column4074_d1b613-ca > .kt-inside-inner-col{flex-direction:column;justify-content:center;}}@media all and (max-width: 767px){.kadence-column4074_d1b613-ca > .kt-inside-inner-col{flex-direction:column;justify-content:center;}}<\/style>\n<div class=\"wp-block-kadence-column kadence-column4074_d1b613-ca\"><div class=\"kt-inside-inner-col\">\n<p><strong>Chaise de douche modulaire Aquatec Pico AC Invacare &#8211; 94\u20ac<br>R\u00e9f\u00e9rence : 106163<\/strong><\/p>\n\n\n\n<h2 class=\"wp-block-heading\">Description du produit<\/h2>\n\n\n\n<p>La&nbsp;<strong>chaise de douche modulaire<\/strong>&nbsp;<em>Invacare<\/em>&nbsp;Aquatec&nbsp;<strong>Pico<\/strong>&nbsp;est&nbsp;modulable&nbsp;en 3 configurations. Otez le dossier pour transformer la chaise de douche Pico en&nbsp;<strong>tabouret de douche<\/strong>. Les accoudoirs sont eux aussi escamotable. L\u2019assise est&nbsp;<strong>anti-d\u00e9rapante<\/strong>&nbsp;pour une utilisation confortable en toute s\u00e9curit\u00e9. La hauteur d\u2019assise est ajustable de 42,5 cm \u00e0 57,5 cm. Les pieds ventous\u00e9s assurent une excellente stabilit\u00e9 sur le carrelage de salle de bain ou de votre douche. La d\u00e9coupe anatomique de la chaise de douche Aquatec Pico permet de&nbsp;<strong>faciliter la toilette intime<\/strong>. En retirant le dossier, la d\u00e9coupe intime peut \u00eatre plac\u00e9e \u00e0 l&rsquo;avant ou \u00e0 l&rsquo;arri\u00e8re.<\/p>\n<\/div><\/div>\n\n<\/div><\/div>\n\n<style>.kb-row-layout-id4074_c90409-cf > .kt-row-column-wrap{align-content:start;}:where(.kb-row-layout-id4074_c90409-cf > .kt-row-column-wrap) > .wp-block-kadence-column{justify-content:start;}.kb-row-layout-id4074_c90409-cf > .kt-row-column-wrap{column-gap:var(--global-kb-gap-md, 2rem);row-gap:var(--global-kb-gap-md, 2rem);padding-top:var(--global-kb-spacing-sm, 1.5rem);padding-bottom:var(--global-kb-spacing-sm, 1.5rem);}.kb-row-layout-id4074_c90409-cf > .kt-row-column-wrap > div:not(.added-for-specificity){grid-column:initial;}.kb-row-layout-id4074_c90409-cf > .kt-row-column-wrap{grid-template-columns:repeat(3, minmax(0, 1fr));}.kb-row-layout-id4074_c90409-cf > .kt-row-layout-overlay{opacity:0.30;}@media all and (max-width: 1024px){.kb-row-layout-id4074_c90409-cf > .kt-row-column-wrap > div:not(.added-for-specificity){grid-column:initial;}}@media all and (max-width: 1024px){.kb-row-layout-id4074_c90409-cf > .kt-row-column-wrap{grid-template-columns:repeat(3, minmax(0, 1fr));}}@media all and (max-width: 767px){.kb-row-layout-id4074_c90409-cf > .kt-row-column-wrap > div:not(.added-for-specificity){grid-column:initial;}.kb-row-layout-id4074_c90409-cf > .kt-row-column-wrap{grid-template-columns:minmax(0, 1fr);}}<\/style><div class=\"kb-row-layout-wrap kb-row-layout-id4074_c90409-cf alignnone wp-block-kadence-rowlayout\"><div class=\"kt-row-column-wrap kt-has-3-columns kt-row-layout-equal kt-tab-layout-inherit kt-mobile-layout-row kt-row-valign-top\">\n<style>.kadence-column4074_70d10e-ea > .kt-inside-inner-col,.kadence-column4074_70d10e-ea > .kt-inside-inner-col:before{border-top-left-radius:0px;border-top-right-radius:0px;border-bottom-right-radius:0px;border-bottom-left-radius:0px;}.kadence-column4074_70d10e-ea > .kt-inside-inner-col{column-gap:var(--global-kb-gap-sm, 1rem);}.kadence-column4074_70d10e-ea > .kt-inside-inner-col{flex-direction:column;}.kadence-column4074_70d10e-ea > .kt-inside-inner-col > .aligncenter{width:100%;}.kadence-column4074_70d10e-ea > .kt-inside-inner-col:before{opacity:0.3;}.kadence-column4074_70d10e-ea{position:relative;}@media all and (max-width: 1024px){.kadence-column4074_70d10e-ea > .kt-inside-inner-col{flex-direction:column;justify-content:center;}}@media all and (max-width: 767px){.kadence-column4074_70d10e-ea > .kt-inside-inner-col{flex-direction:column;justify-content:center;}}<\/style>\n<div class=\"wp-block-kadence-column kadence-column4074_70d10e-ea\"><div class=\"kt-inside-inner-col\">\n<h2 class=\"wp-block-heading\">Une chaise de douche modulable facile \u00e0 assembler<\/h2>\n\n\n\n<p>Pour faciliter le transfert ou l&rsquo;assise sur le tabouret ou la chaise de douche clipser ou d\u00e9clipser les accoudoirs en toute simplicit\u00e9.&nbsp;<strong>L\u00e9ger<\/strong>&nbsp;et&nbsp;<strong>robuste<\/strong>, ce si\u00e8ge b\u00e9n\u00e9ficie d\u2019une excellent confort et d&rsquo;une bonne dur\u00e9e de vie. Le si\u00e8ge de douche se transporte et se range sans difficult\u00e9.<\/p>\n<\/div><\/div>\n\n\n<style>.kadence-column4074_38d736-10 > .kt-inside-inner-col,.kadence-column4074_38d736-10 > .kt-inside-inner-col:before{border-top-left-radius:0px;border-top-right-radius:0px;border-bottom-right-radius:0px;border-bottom-left-radius:0px;}.kadence-column4074_38d736-10 > .kt-inside-inner-col{column-gap:var(--global-kb-gap-sm, 1rem);}.kadence-column4074_38d736-10 > .kt-inside-inner-col{flex-direction:column;}.kadence-column4074_38d736-10 > .kt-inside-inner-col > .aligncenter{width:100%;}.kadence-column4074_38d736-10 > .kt-inside-inner-col:before{opacity:0.3;}.kadence-column4074_38d736-10{position:relative;}@media all and (max-width: 1024px){.kadence-column4074_38d736-10 > .kt-inside-inner-col{flex-direction:column;justify-content:center;}}@media all and (max-width: 767px){.kadence-column4074_38d736-10 > .kt-inside-inner-col{flex-direction:column;justify-content:center;}}<\/style>\n<div class=\"wp-block-kadence-column kadence-column4074_38d736-10\"><div class=\"kt-inside-inner-col\">\n<h2 class=\"wp-block-heading\">Un si\u00e8ge de douche enti\u00e8rement modulable<\/h2>\n\n\n\n<p>L&rsquo;assise du tabouret de douche est&nbsp;<strong>r\u00e9glable en hauteur<\/strong>&nbsp;de 42,5 \u00e0 57,5 cm, pour plus de confort. Le&nbsp;<strong>dossier<\/strong>&nbsp;est&nbsp;<strong>amovible<\/strong>&nbsp;est permet de placer la d\u00e9coupe intime \u00e0 l\u2019avant ou \u00e0 l\u2019arri\u00e8re de la chaise. Pour s\u2019adapter aux douches les plus \u00e9troites, les accoudoirs sont \u00e9galement amovibles.<\/p>\n<\/div><\/div>\n\n\n<style>.kadence-column4074_e1ca08-41 > .kt-inside-inner-col,.kadence-column4074_e1ca08-41 > .kt-inside-inner-col:before{border-top-left-radius:0px;border-top-right-radius:0px;border-bottom-right-radius:0px;border-bottom-left-radius:0px;}.kadence-column4074_e1ca08-41 > .kt-inside-inner-col{column-gap:var(--global-kb-gap-sm, 1rem);}.kadence-column4074_e1ca08-41 > .kt-inside-inner-col{flex-direction:column;}.kadence-column4074_e1ca08-41 > .kt-inside-inner-col > .aligncenter{width:100%;}.kadence-column4074_e1ca08-41 > .kt-inside-inner-col:before{opacity:0.3;}.kadence-column4074_e1ca08-41{position:relative;}@media all and (max-width: 1024px){.kadence-column4074_e1ca08-41 > .kt-inside-inner-col{flex-direction:column;justify-content:center;}}@media all and (max-width: 767px){.kadence-column4074_e1ca08-41 > .kt-inside-inner-col{flex-direction:column;justify-content:center;}}<\/style>\n<div class=\"wp-block-kadence-column kadence-column4074_e1ca08-41\"><div class=\"kt-inside-inner-col\">\n<h2 class=\"wp-block-heading\">Caract\u00e9ristiques techniques de la chaise de douche Aquatec Pico<\/h2>\n\n\n\n<ul class=\"wp-block-list\">\n<li><strong>Hauteur minimum du si\u00e8ge :<\/strong>\u00a042,5 cm<\/li>\n\n\n\n<li><strong>Hauteur maximum du si\u00e8ge :<\/strong>\u00a057,5 cm<\/li>\n\n\n\n<li><strong>Largeur du si\u00e8ge :<\/strong>\u00a043 cm<\/li>\n\n\n\n<li><strong>Profondeur du si\u00e8ge :<\/strong>\u00a042 cm<\/li>\n\n\n\n<li><strong>Largeur totale :<\/strong>\u00a057,5 cm<\/li>\n\n\n\n<li><strong>Profondeur totale :<\/strong>\u00a052 cm<\/li>\n\n\n\n<li><strong>Hauteur totale minimum :<\/strong>\u00a082,5 cm<\/li>\n\n\n\n<li><strong>Hauteur totale maximum :<\/strong>\u00a097,5 cm<\/li>\n\n\n\n<li><strong>Largeur entre les accoudoirs :<\/strong>\u00a043 cm<\/li>\n\n\n\n<li><strong>Poids total :<\/strong>\u00a04,9 kg<\/li>\n\n\n\n<li><strong>Poids maximum utilisateur :<\/strong>\u00a0160 kg<\/li>\n<\/ul>\n<\/div><\/div>\n\n<\/div><\/div>","protected":false},"excerpt":{"rendered":"<p>Retour Chaise de douche modulaire Aquatec Pico AC Invacare Chaise de douche modulaire Aquatec Pico AC Invacare &#8211; 94\u20acR\u00e9f\u00e9rence : 106163 Description du produit La&nbsp;chaise de douche modulaire&nbsp;Invacare&nbsp;Aquatec&nbsp;Pico&nbsp;est&nbsp;modulable&nbsp;en 3 configurations. Otez le dossier pour transformer la chaise de douche Pico en&nbsp;tabouret de douche. Les accoudoirs sont eux aussi escamotable. L\u2019assise est&nbsp;anti-d\u00e9rapante&nbsp;pour une utilisation confortable en&#8230;<\/p>\n","protected":false},"author":1,"featured_media":0,"parent":0,"menu_order":0,"comment_status":"closed","ping_status":"closed","template":"","meta":{"content-type":"","_kad_post_transparent":"","_kad_post_title":"hide","_kad_post_layout":"","_kad_post_sidebar_id":"","_kad_post_content_style":"","_kad_post_vertical_padding":"","_kad_post_feature":"","_kad_post_feature_position":"","_kad_post_header":false,"_kad_post_footer":false,"footnotes":""},"class_list":["post-4074","page","type-page","status-publish","hentry"],"_links":{"self":[{"href":"https:\/\/bastideparis.fr\/ro49090-ovh\/index.php\/wp-json\/wp\/v2\/pages\/4074","targetHints":{"allow":["GET"]}}],"collection":[{"href":"https:\/\/bastideparis.fr\/ro49090-ovh\/index.php\/wp-json\/wp\/v2\/pages"}],"about":[{"href":"https:\/\/bastideparis.fr\/ro49090-ovh\/index.php\/wp-json\/wp\/v2\/types\/page"}],"author":[{"embeddable":true,"href":"https:\/\/bastideparis.fr\/ro49090-ovh\/index.php\/wp-json\/wp\/v2\/users\/1"}],"replies":[{"embeddable":true,"href":"https:\/\/bastideparis.fr\/ro49090-ovh\/index.php\/wp-json\/wp\/v2\/comments?post=4074"}],"version-history":[{"count":2,"href":"https:\/\/bastideparis.fr\/ro49090-ovh\/index.php\/wp-json\/wp\/v2\/pages\/4074\/revisions"}],"predecessor-version":[{"id":4076,"href":"https:\/\/bastideparis.fr\/ro49090-ovh\/index.php\/wp-json\/wp\/v2\/pages\/4074\/revisions\/4076"}],"wp:attachment":[{"href":"https:\/\/bastideparis.fr\/ro49090-ovh\/index.php\/wp-json\/wp\/v2\/media?parent=4074"}],"curies":[{"name":"wp","href":"https:\/\/api.w.org\/{rel}","templated":true}]}}