{"id":4079,"date":"2024-06-20T12:46:37","date_gmt":"2024-06-20T10:46:37","guid":{"rendered":"https:\/\/bastideparis.fr\/ro49090-ovh\/?page_id=4079"},"modified":"2024-06-20T12:46:38","modified_gmt":"2024-06-20T10:46:38","slug":"chaise-de-douche-pliable-tobago","status":"publish","type":"page","link":"https:\/\/bastideparis.fr\/ro49090-ovh\/index.php\/chaise-de-douche-pliable-tobago\/","title":{"rendered":"Chaise de douche pliable Tobago"},"content":{"rendered":"\n<p><a href=\"https:\/\/bastideparis.fr\/ro49090-ovh\/index.php\/showroom-virtuel\/salle-de-bains\/\">Retour<\/a><\/p>\n\n\n\n<p class=\"has-larger-font-size\">Chaise de douche pliable Tobago<\/p>\n\n\n<style>.kb-row-layout-id4079_55b68e-1c > .kt-row-column-wrap{align-content:start;}:where(.kb-row-layout-id4079_55b68e-1c > .kt-row-column-wrap) > .wp-block-kadence-column{justify-content:start;}.kb-row-layout-id4079_55b68e-1c > .kt-row-column-wrap{column-gap:var(--global-kb-gap-md, 2rem);row-gap:var(--global-kb-gap-md, 2rem);padding-top:var(--global-kb-spacing-sm, 1.5rem);padding-bottom:var(--global-kb-spacing-sm, 1.5rem);grid-template-columns:repeat(2, minmax(0, 1fr));}.kb-row-layout-id4079_55b68e-1c > .kt-row-layout-overlay{opacity:0.30;}@media all and (max-width: 1024px){.kb-row-layout-id4079_55b68e-1c > .kt-row-column-wrap{grid-template-columns:repeat(2, minmax(0, 1fr));}}@media all and (max-width: 767px){.kb-row-layout-id4079_55b68e-1c > .kt-row-column-wrap{grid-template-columns:minmax(0, 1fr);}}<\/style><div class=\"kb-row-layout-wrap kb-row-layout-id4079_55b68e-1c alignnone wp-block-kadence-rowlayout\"><div class=\"kt-row-column-wrap kt-has-2-columns kt-row-layout-equal kt-tab-layout-inherit kt-mobile-layout-row kt-row-valign-top\">\n<style>.kadence-column4079_11b68b-99 > .kt-inside-inner-col,.kadence-column4079_11b68b-99 > .kt-inside-inner-col:before{border-top-left-radius:0px;border-top-right-radius:0px;border-bottom-right-radius:0px;border-bottom-left-radius:0px;}.kadence-column4079_11b68b-99 > .kt-inside-inner-col{column-gap:var(--global-kb-gap-sm, 1rem);}.kadence-column4079_11b68b-99 > .kt-inside-inner-col{flex-direction:column;}.kadence-column4079_11b68b-99 > .kt-inside-inner-col > .aligncenter{width:100%;}.kadence-column4079_11b68b-99 > .kt-inside-inner-col:before{opacity:0.3;}.kadence-column4079_11b68b-99{position:relative;}@media all and (max-width: 1024px){.kadence-column4079_11b68b-99 > .kt-inside-inner-col{flex-direction:column;justify-content:center;}}@media all and (max-width: 767px){.kadence-column4079_11b68b-99 > .kt-inside-inner-col{flex-direction:column;justify-content:center;}}<\/style>\n<div class=\"wp-block-kadence-column kadence-column4079_11b68b-99\"><div class=\"kt-inside-inner-col\"><div class=\"wp-block-image\">\n<figure class=\"aligncenter size-full\"><img loading=\"lazy\" decoding=\"async\" width=\"270\" height=\"360\" src=\"https:\/\/bastideparis.fr\/ro49090-ovh\/wp-content\/uploads\/2024\/02\/chaise-coquelicot.webp\" alt=\"\" class=\"wp-image-2197\" srcset=\"https:\/\/bastideparis.fr\/ro49090-ovh\/wp-content\/uploads\/2024\/02\/chaise-coquelicot.webp 270w, https:\/\/bastideparis.fr\/ro49090-ovh\/wp-content\/uploads\/2024\/02\/chaise-coquelicot-225x300.webp 225w\" sizes=\"auto, (max-width: 270px) 100vw, 270px\" \/><\/figure>\n<\/div><\/div><\/div>\n\n\n<style>.kadence-column4079_08a9a6-35 > .kt-inside-inner-col,.kadence-column4079_08a9a6-35 > .kt-inside-inner-col:before{border-top-left-radius:0px;border-top-right-radius:0px;border-bottom-right-radius:0px;border-bottom-left-radius:0px;}.kadence-column4079_08a9a6-35 > .kt-inside-inner-col{column-gap:var(--global-kb-gap-sm, 1rem);}.kadence-column4079_08a9a6-35 > .kt-inside-inner-col{flex-direction:column;}.kadence-column4079_08a9a6-35 > .kt-inside-inner-col > .aligncenter{width:100%;}.kadence-column4079_08a9a6-35 > .kt-inside-inner-col:before{opacity:0.3;}.kadence-column4079_08a9a6-35{position:relative;}@media all and (max-width: 1024px){.kadence-column4079_08a9a6-35 > .kt-inside-inner-col{flex-direction:column;justify-content:center;}}@media all and (max-width: 767px){.kadence-column4079_08a9a6-35 > .kt-inside-inner-col{flex-direction:column;justify-content:center;}}<\/style>\n<div class=\"wp-block-kadence-column kadence-column4079_08a9a6-35\"><div class=\"kt-inside-inner-col\">\n<p><strong>Chaise de douche pliable Tobago &#8211; 99\u20ac<br>R\u00e9f\u00e9rence : 112100<\/strong><\/p>\n\n\n\n<h2 class=\"wp-block-heading\">Description du produit<\/h2>\n\n\n\n<p>La&nbsp;<strong>chaise de douche pliable Tobago<\/strong>&nbsp;peut \u00eatre utilis\u00e9e pour la douche. Elle<strong>&nbsp;s\u00e9curise la toilette<\/strong>&nbsp;et permet d\u2019\u00eatre confortablement install\u00e9 pendant la douche.<\/p>\n\n\n\n<h2 class=\"wp-block-heading\">Chaise de douche ergonomique et pliable<\/h2>\n\n\n\n<p>Tr\u00e8s pratique, la&nbsp;<strong>chaise de douche Tobago<\/strong>&nbsp;se plie en quelques secondes. Son&nbsp;<strong>assise ergonomique<\/strong>&nbsp;apporte un grand confort en position assise. Elle comprend une&nbsp;<strong>d\u00e9coupe \u00e0 l\u2019avant<\/strong>&nbsp;pour faciliter l\u2019hygi\u00e8ne intime.<\/p>\n<\/div><\/div>\n\n<\/div><\/div>\n\n<style>.kb-row-layout-id4079_b52c14-08 > .kt-row-column-wrap{align-content:start;}:where(.kb-row-layout-id4079_b52c14-08 > .kt-row-column-wrap) > .wp-block-kadence-column{justify-content:start;}.kb-row-layout-id4079_b52c14-08 > .kt-row-column-wrap{column-gap:var(--global-kb-gap-md, 2rem);row-gap:var(--global-kb-gap-md, 2rem);padding-top:var(--global-kb-spacing-sm, 1.5rem);padding-bottom:var(--global-kb-spacing-sm, 1.5rem);grid-template-columns:repeat(2, minmax(0, 1fr));}.kb-row-layout-id4079_b52c14-08 > .kt-row-layout-overlay{opacity:0.30;}@media all and (max-width: 1024px){.kb-row-layout-id4079_b52c14-08 > .kt-row-column-wrap{grid-template-columns:repeat(2, minmax(0, 1fr));}}@media all and (max-width: 767px){.kb-row-layout-id4079_b52c14-08 > .kt-row-column-wrap{grid-template-columns:minmax(0, 1fr);}}<\/style><div class=\"kb-row-layout-wrap kb-row-layout-id4079_b52c14-08 alignnone wp-block-kadence-rowlayout\"><div class=\"kt-row-column-wrap kt-has-2-columns kt-row-layout-equal kt-tab-layout-inherit kt-mobile-layout-row kt-row-valign-top\">\n<style>.kadence-column4079_f3378d-1e > .kt-inside-inner-col,.kadence-column4079_f3378d-1e > .kt-inside-inner-col:before{border-top-left-radius:0px;border-top-right-radius:0px;border-bottom-right-radius:0px;border-bottom-left-radius:0px;}.kadence-column4079_f3378d-1e > .kt-inside-inner-col{column-gap:var(--global-kb-gap-sm, 1rem);}.kadence-column4079_f3378d-1e > .kt-inside-inner-col{flex-direction:column;}.kadence-column4079_f3378d-1e > .kt-inside-inner-col > .aligncenter{width:100%;}.kadence-column4079_f3378d-1e > .kt-inside-inner-col:before{opacity:0.3;}.kadence-column4079_f3378d-1e{position:relative;}@media all and (max-width: 1024px){.kadence-column4079_f3378d-1e > .kt-inside-inner-col{flex-direction:column;justify-content:center;}}@media all and (max-width: 767px){.kadence-column4079_f3378d-1e > .kt-inside-inner-col{flex-direction:column;justify-content:center;}}<\/style>\n<div class=\"wp-block-kadence-column kadence-column4079_f3378d-1e\"><div class=\"kt-inside-inner-col\">\n<h2 class=\"wp-block-heading\">Caract\u00e9ristiques de la chaise de douche pliable Tobago<\/h2>\n\n\n\n<ul class=\"wp-block-list\">\n<li>Dimensions assise\u00a0(largeur x profondeur x hauteur)\u00a0: 41 x 40 x 46 \u00e0 53 cm<\/li>\n\n\n\n<li>Hauteur des accoudoirs\u00a0: 20 cm<\/li>\n\n\n\n<li>Largeur entre les accoudoirs\u00a0: 48 cm<\/li>\n\n\n\n<li>Poids maximum autoris\u00e9\u00a0: 110 kg<\/li>\n\n\n\n<li>Chaise pli\u00e9e dans l&#8217;emballage: H95 x L17 x l 51 cm<\/li>\n\n\n\n<li>Poids de la chaise: 5,8 kg<\/li>\n<\/ul>\n<\/div><\/div>\n\n\n<style>.kadence-column4079_7ba2d6-ca > .kt-inside-inner-col,.kadence-column4079_7ba2d6-ca > .kt-inside-inner-col:before{border-top-left-radius:0px;border-top-right-radius:0px;border-bottom-right-radius:0px;border-bottom-left-radius:0px;}.kadence-column4079_7ba2d6-ca > .kt-inside-inner-col{column-gap:var(--global-kb-gap-sm, 1rem);}.kadence-column4079_7ba2d6-ca > .kt-inside-inner-col{flex-direction:column;}.kadence-column4079_7ba2d6-ca > .kt-inside-inner-col > .aligncenter{width:100%;}.kadence-column4079_7ba2d6-ca > .kt-inside-inner-col:before{opacity:0.3;}.kadence-column4079_7ba2d6-ca{position:relative;}@media all and (max-width: 1024px){.kadence-column4079_7ba2d6-ca > .kt-inside-inner-col{flex-direction:column;justify-content:center;}}@media all and (max-width: 767px){.kadence-column4079_7ba2d6-ca > .kt-inside-inner-col{flex-direction:column;justify-content:center;}}<\/style>\n<div class=\"wp-block-kadence-column kadence-column4079_7ba2d6-ca\"><div class=\"kt-inside-inner-col\">\n<h2 class=\"wp-block-heading\">Si\u00e8ge de douche avec poign\u00e9e de transport pratique<\/h2>\n\n\n\n<p>La chaise de douche peut \u00eatre d\u00e9plac\u00e9e facilement gr\u00e2ce \u00e0&nbsp;<strong>sa poign\u00e9e de transport<\/strong>&nbsp;au niveau du dossier. La chaise de douche&nbsp;<strong>se r\u00e8gle en hauteur<\/strong>&nbsp;et&nbsp;<strong>s\u2019adapte ainsi \u00e0 chaque morphologie.<\/strong><\/p>\n<\/div><\/div>\n\n<\/div><\/div>","protected":false},"excerpt":{"rendered":"<p>Retour Chaise de douche pliable Tobago Chaise de douche pliable Tobago &#8211; 99\u20acR\u00e9f\u00e9rence : 112100 Description du produit La&nbsp;chaise de douche pliable Tobago&nbsp;peut \u00eatre utilis\u00e9e pour la douche. Elle&nbsp;s\u00e9curise la toilette&nbsp;et permet d\u2019\u00eatre confortablement install\u00e9 pendant la douche. Chaise de douche ergonomique et pliable Tr\u00e8s pratique, la&nbsp;chaise de douche Tobago&nbsp;se plie en quelques secondes. Son&nbsp;assise&#8230;<\/p>\n","protected":false},"author":1,"featured_media":0,"parent":0,"menu_order":0,"comment_status":"closed","ping_status":"closed","template":"","meta":{"content-type":"","_kad_post_transparent":"","_kad_post_title":"hide","_kad_post_layout":"","_kad_post_sidebar_id":"","_kad_post_content_style":"","_kad_post_vertical_padding":"","_kad_post_feature":"","_kad_post_feature_position":"","_kad_post_header":false,"_kad_post_footer":false,"footnotes":""},"class_list":["post-4079","page","type-page","status-publish","hentry"],"_links":{"self":[{"href":"https:\/\/bastideparis.fr\/ro49090-ovh\/index.php\/wp-json\/wp\/v2\/pages\/4079","targetHints":{"allow":["GET"]}}],"collection":[{"href":"https:\/\/bastideparis.fr\/ro49090-ovh\/index.php\/wp-json\/wp\/v2\/pages"}],"about":[{"href":"https:\/\/bastideparis.fr\/ro49090-ovh\/index.php\/wp-json\/wp\/v2\/types\/page"}],"author":[{"embeddable":true,"href":"https:\/\/bastideparis.fr\/ro49090-ovh\/index.php\/wp-json\/wp\/v2\/users\/1"}],"replies":[{"embeddable":true,"href":"https:\/\/bastideparis.fr\/ro49090-ovh\/index.php\/wp-json\/wp\/v2\/comments?post=4079"}],"version-history":[{"count":1,"href":"https:\/\/bastideparis.fr\/ro49090-ovh\/index.php\/wp-json\/wp\/v2\/pages\/4079\/revisions"}],"predecessor-version":[{"id":4080,"href":"https:\/\/bastideparis.fr\/ro49090-ovh\/index.php\/wp-json\/wp\/v2\/pages\/4079\/revisions\/4080"}],"wp:attachment":[{"href":"https:\/\/bastideparis.fr\/ro49090-ovh\/index.php\/wp-json\/wp\/v2\/media?parent=4079"}],"curies":[{"name":"wp","href":"https:\/\/api.w.org\/{rel}","templated":true}]}}