{"id":4082,"date":"2024-06-20T12:49:21","date_gmt":"2024-06-20T10:49:21","guid":{"rendered":"https:\/\/bastideparis.fr\/ro49090-ovh\/?page_id=4082"},"modified":"2024-06-20T12:49:28","modified_gmt":"2024-06-20T10:49:28","slug":"chaise-de-douche-bleuet-av-decoupe-anato","status":"publish","type":"page","link":"https:\/\/bastideparis.fr\/ro49090-ovh\/index.php\/chaise-de-douche-bleuet-av-decoupe-anato\/","title":{"rendered":"CHAISE DE DOUCHE BLEUET AV DECOUPE ANATO"},"content":{"rendered":"\n<p><a href=\"https:\/\/bastideparis.fr\/ro49090-ovh\/index.php\/showroom-virtuel\/salle-de-bains\/\">Retour<\/a><\/p>\n\n\n\n<p class=\"has-larger-font-size\">CHAISE DE DOUCHE BLEUET AVEC DECOUPE ANATOMIQUE<\/p>\n\n\n<style>.kb-row-layout-id4082_df9e11-7f > .kt-row-column-wrap{align-content:start;}:where(.kb-row-layout-id4082_df9e11-7f > .kt-row-column-wrap) > .wp-block-kadence-column{justify-content:start;}.kb-row-layout-id4082_df9e11-7f > .kt-row-column-wrap{column-gap:var(--global-kb-gap-md, 2rem);row-gap:var(--global-kb-gap-md, 2rem);padding-top:var(--global-kb-spacing-sm, 1.5rem);padding-bottom:var(--global-kb-spacing-sm, 1.5rem);grid-template-columns:repeat(2, minmax(0, 1fr));}.kb-row-layout-id4082_df9e11-7f > .kt-row-layout-overlay{opacity:0.30;}@media all and (max-width: 1024px){.kb-row-layout-id4082_df9e11-7f > .kt-row-column-wrap{grid-template-columns:repeat(2, minmax(0, 1fr));}}@media all and (max-width: 767px){.kb-row-layout-id4082_df9e11-7f > .kt-row-column-wrap{grid-template-columns:minmax(0, 1fr);}}<\/style><div class=\"kb-row-layout-wrap kb-row-layout-id4082_df9e11-7f alignnone wp-block-kadence-rowlayout\"><div class=\"kt-row-column-wrap kt-has-2-columns kt-row-layout-equal kt-tab-layout-inherit kt-mobile-layout-row kt-row-valign-top\">\n<style>.kadence-column4082_7c5720-b1 > .kt-inside-inner-col,.kadence-column4082_7c5720-b1 > .kt-inside-inner-col:before{border-top-left-radius:0px;border-top-right-radius:0px;border-bottom-right-radius:0px;border-bottom-left-radius:0px;}.kadence-column4082_7c5720-b1 > .kt-inside-inner-col{column-gap:var(--global-kb-gap-sm, 1rem);}.kadence-column4082_7c5720-b1 > .kt-inside-inner-col{flex-direction:column;}.kadence-column4082_7c5720-b1 > .kt-inside-inner-col > .aligncenter{width:100%;}.kadence-column4082_7c5720-b1 > .kt-inside-inner-col:before{opacity:0.3;}.kadence-column4082_7c5720-b1{position:relative;}@media all and (max-width: 1024px){.kadence-column4082_7c5720-b1 > .kt-inside-inner-col{flex-direction:column;justify-content:center;}}@media all and (max-width: 767px){.kadence-column4082_7c5720-b1 > .kt-inside-inner-col{flex-direction:column;justify-content:center;}}<\/style>\n<div class=\"wp-block-kadence-column kadence-column4082_7c5720-b1\"><div class=\"kt-inside-inner-col\">\n<figure class=\"wp-block-image size-full\"><img loading=\"lazy\" decoding=\"async\" width=\"360\" height=\"359\" src=\"https:\/\/bastideparis.fr\/ro49090-ovh\/wp-content\/uploads\/2024\/02\/chaise-bleuet.webp\" alt=\"\" class=\"wp-image-2198\" srcset=\"https:\/\/bastideparis.fr\/ro49090-ovh\/wp-content\/uploads\/2024\/02\/chaise-bleuet.webp 360w, https:\/\/bastideparis.fr\/ro49090-ovh\/wp-content\/uploads\/2024\/02\/chaise-bleuet-300x300.webp 300w, https:\/\/bastideparis.fr\/ro49090-ovh\/wp-content\/uploads\/2024\/02\/chaise-bleuet-150x150.webp 150w\" sizes=\"auto, (max-width: 360px) 100vw, 360px\" \/><\/figure>\n<\/div><\/div>\n\n\n<style>.kadence-column4082_232bf0-6f > .kt-inside-inner-col,.kadence-column4082_232bf0-6f > .kt-inside-inner-col:before{border-top-left-radius:0px;border-top-right-radius:0px;border-bottom-right-radius:0px;border-bottom-left-radius:0px;}.kadence-column4082_232bf0-6f > .kt-inside-inner-col{column-gap:var(--global-kb-gap-sm, 1rem);}.kadence-column4082_232bf0-6f > .kt-inside-inner-col{flex-direction:column;}.kadence-column4082_232bf0-6f > .kt-inside-inner-col > .aligncenter{width:100%;}.kadence-column4082_232bf0-6f > .kt-inside-inner-col:before{opacity:0.3;}.kadence-column4082_232bf0-6f{position:relative;}@media all and (max-width: 1024px){.kadence-column4082_232bf0-6f > .kt-inside-inner-col{flex-direction:column;justify-content:center;}}@media all and (max-width: 767px){.kadence-column4082_232bf0-6f > .kt-inside-inner-col{flex-direction:column;justify-content:center;}}<\/style>\n<div class=\"wp-block-kadence-column kadence-column4082_232bf0-6f\"><div class=\"kt-inside-inner-col\">\n<p><strong>CHAISE DE DOUCHE BLEUET AVEC DECOUPE ANATOMIQUE &#8211; 54,90\u20ac<br>R\u00e9f\u00e9rence : 115713<\/strong><\/p>\n\n\n\n<p>R\u00e9glable en hauteur par boutons poussoirs, 8 positions tous les 2 cm.<br>Assise arrondie antid\u00e9rapante \u00e9pousant les formes du corps pour un meilleur confort.<br>D\u00e9coupe anatomique pour faciliter l\u2019hygi\u00e8ne intime.<br>Confort et s\u00e9curit\u00e9 gr\u00e2ce \u00e0 ses 2 poignets lat\u00e9rales.<br>Embout antid\u00e9rapant pour plus de stabilit\u00e9.<br>Dossier avec poign\u00e9e qui permet de manipuler ais\u00e9ment la chaise.<\/p>\n<\/div><\/div>\n\n<\/div><\/div>\n\n<style>.kb-row-layout-id4082_f64d01-d1 > .kt-row-column-wrap{align-content:start;}:where(.kb-row-layout-id4082_f64d01-d1 > .kt-row-column-wrap) > .wp-block-kadence-column{justify-content:start;}.kb-row-layout-id4082_f64d01-d1 > .kt-row-column-wrap{column-gap:var(--global-kb-gap-md, 2rem);row-gap:var(--global-kb-gap-md, 2rem);padding-top:var(--global-kb-spacing-sm, 1.5rem);padding-bottom:var(--global-kb-spacing-sm, 1.5rem);grid-template-columns:repeat(2, minmax(0, 1fr));}.kb-row-layout-id4082_f64d01-d1 > .kt-row-layout-overlay{opacity:0.30;}@media all and (max-width: 1024px){.kb-row-layout-id4082_f64d01-d1 > .kt-row-column-wrap{grid-template-columns:repeat(2, minmax(0, 1fr));}}@media all and (max-width: 767px){.kb-row-layout-id4082_f64d01-d1 > .kt-row-column-wrap{grid-template-columns:minmax(0, 1fr);}}<\/style><div class=\"kb-row-layout-wrap kb-row-layout-id4082_f64d01-d1 alignnone wp-block-kadence-rowlayout\"><div class=\"kt-row-column-wrap kt-has-2-columns kt-row-layout-equal kt-tab-layout-inherit kt-mobile-layout-row kt-row-valign-top\">\n<style>.kadence-column4082_d930a0-1c > .kt-inside-inner-col,.kadence-column4082_d930a0-1c > .kt-inside-inner-col:before{border-top-left-radius:0px;border-top-right-radius:0px;border-bottom-right-radius:0px;border-bottom-left-radius:0px;}.kadence-column4082_d930a0-1c > .kt-inside-inner-col{column-gap:var(--global-kb-gap-sm, 1rem);}.kadence-column4082_d930a0-1c > .kt-inside-inner-col{flex-direction:column;}.kadence-column4082_d930a0-1c > .kt-inside-inner-col > .aligncenter{width:100%;}.kadence-column4082_d930a0-1c > .kt-inside-inner-col:before{opacity:0.3;}.kadence-column4082_d930a0-1c{position:relative;}@media all and (max-width: 1024px){.kadence-column4082_d930a0-1c > .kt-inside-inner-col{flex-direction:column;justify-content:center;}}@media all and (max-width: 767px){.kadence-column4082_d930a0-1c > .kt-inside-inner-col{flex-direction:column;justify-content:center;}}<\/style>\n<div class=\"wp-block-kadence-column kadence-column4082_d930a0-1c\"><div class=\"kt-inside-inner-col\">\n<h2 class=\"wp-block-heading\">Caract\u00e9ristiques<\/h2>\n\n\n\n<p>Hauteur r\u00e9glable de 37 \u00e0 54 cm<br>Dimensions assises L x p : 48 x 33 cm<br>Poids 2.8 Kg<br>Coloris : Montants aluminium \/ Si\u00e8ge blanc<br>Poids maximum support\u00e9 : 100 kg<\/p>\n<\/div><\/div>\n\n\n<style>.kadence-column4082_e6e7e5-d9 > .kt-inside-inner-col,.kadence-column4082_e6e7e5-d9 > .kt-inside-inner-col:before{border-top-left-radius:0px;border-top-right-radius:0px;border-bottom-right-radius:0px;border-bottom-left-radius:0px;}.kadence-column4082_e6e7e5-d9 > .kt-inside-inner-col{column-gap:var(--global-kb-gap-sm, 1rem);}.kadence-column4082_e6e7e5-d9 > .kt-inside-inner-col{flex-direction:column;}.kadence-column4082_e6e7e5-d9 > .kt-inside-inner-col > .aligncenter{width:100%;}.kadence-column4082_e6e7e5-d9 > .kt-inside-inner-col:before{opacity:0.3;}.kadence-column4082_e6e7e5-d9{position:relative;}@media all and (max-width: 1024px){.kadence-column4082_e6e7e5-d9 > .kt-inside-inner-col{flex-direction:column;justify-content:center;}}@media all and (max-width: 767px){.kadence-column4082_e6e7e5-d9 > .kt-inside-inner-col{flex-direction:column;justify-content:center;}}<\/style>\n<div class=\"wp-block-kadence-column kadence-column4082_e6e7e5-d9\"><div class=\"kt-inside-inner-col\"><\/div><\/div>\n\n<\/div><\/div>","protected":false},"excerpt":{"rendered":"<p>Retour CHAISE DE DOUCHE BLEUET AVEC DECOUPE ANATOMIQUE CHAISE DE DOUCHE BLEUET AVEC DECOUPE ANATOMIQUE &#8211; 54,90\u20acR\u00e9f\u00e9rence : 115713 R\u00e9glable en hauteur par boutons poussoirs, 8 positions tous les 2 cm.Assise arrondie antid\u00e9rapante \u00e9pousant les formes du corps pour un meilleur confort.D\u00e9coupe anatomique pour faciliter l\u2019hygi\u00e8ne intime.Confort et s\u00e9curit\u00e9 gr\u00e2ce \u00e0 ses 2 poignets lat\u00e9rales.Embout&#8230;<\/p>\n","protected":false},"author":1,"featured_media":0,"parent":0,"menu_order":0,"comment_status":"closed","ping_status":"closed","template":"","meta":{"content-type":"","_kad_post_transparent":"","_kad_post_title":"hide","_kad_post_layout":"","_kad_post_sidebar_id":"","_kad_post_content_style":"","_kad_post_vertical_padding":"","_kad_post_feature":"","_kad_post_feature_position":"","_kad_post_header":false,"_kad_post_footer":false,"footnotes":""},"class_list":["post-4082","page","type-page","status-publish","hentry"],"_links":{"self":[{"href":"https:\/\/bastideparis.fr\/ro49090-ovh\/index.php\/wp-json\/wp\/v2\/pages\/4082","targetHints":{"allow":["GET"]}}],"collection":[{"href":"https:\/\/bastideparis.fr\/ro49090-ovh\/index.php\/wp-json\/wp\/v2\/pages"}],"about":[{"href":"https:\/\/bastideparis.fr\/ro49090-ovh\/index.php\/wp-json\/wp\/v2\/types\/page"}],"author":[{"embeddable":true,"href":"https:\/\/bastideparis.fr\/ro49090-ovh\/index.php\/wp-json\/wp\/v2\/users\/1"}],"replies":[{"embeddable":true,"href":"https:\/\/bastideparis.fr\/ro49090-ovh\/index.php\/wp-json\/wp\/v2\/comments?post=4082"}],"version-history":[{"count":2,"href":"https:\/\/bastideparis.fr\/ro49090-ovh\/index.php\/wp-json\/wp\/v2\/pages\/4082\/revisions"}],"predecessor-version":[{"id":4084,"href":"https:\/\/bastideparis.fr\/ro49090-ovh\/index.php\/wp-json\/wp\/v2\/pages\/4082\/revisions\/4084"}],"wp:attachment":[{"href":"https:\/\/bastideparis.fr\/ro49090-ovh\/index.php\/wp-json\/wp\/v2\/media?parent=4082"}],"curies":[{"name":"wp","href":"https:\/\/api.w.org\/{rel}","templated":true}]}}