{"id":4089,"date":"2024-06-20T13:11:48","date_gmt":"2024-06-20T11:11:48","guid":{"rendered":"https:\/\/bastideparis.fr\/ro49090-ovh\/?page_id=4089"},"modified":"2024-06-20T13:11:49","modified_gmt":"2024-06-20T11:11:49","slug":"chaise-de-douche-rotative-swing","status":"publish","type":"page","link":"https:\/\/bastideparis.fr\/ro49090-ovh\/index.php\/chaise-de-douche-rotative-swing\/","title":{"rendered":"Chaise de douche rotative Swing"},"content":{"rendered":"\n<p><a href=\"https:\/\/bastideparis.fr\/ro49090-ovh\/index.php\/showroom-virtuel\/salle-de-bains\/\">Retour<\/a><\/p>\n\n\n\n<p class=\"has-larger-font-size\">Chaise de douche rotative Swing<\/p>\n\n\n<style>.kb-row-layout-id4089_df0912-cb > .kt-row-column-wrap{align-content:start;}:where(.kb-row-layout-id4089_df0912-cb > .kt-row-column-wrap) > .wp-block-kadence-column{justify-content:start;}.kb-row-layout-id4089_df0912-cb > .kt-row-column-wrap{column-gap:var(--global-kb-gap-md, 2rem);row-gap:var(--global-kb-gap-md, 2rem);padding-top:var(--global-kb-spacing-sm, 1.5rem);padding-bottom:var(--global-kb-spacing-sm, 1.5rem);grid-template-columns:repeat(2, minmax(0, 1fr));}.kb-row-layout-id4089_df0912-cb > .kt-row-layout-overlay{opacity:0.30;}@media all and (max-width: 1024px){.kb-row-layout-id4089_df0912-cb > .kt-row-column-wrap{grid-template-columns:repeat(2, minmax(0, 1fr));}}@media all and (max-width: 767px){.kb-row-layout-id4089_df0912-cb > .kt-row-column-wrap{grid-template-columns:minmax(0, 1fr);}}<\/style><div class=\"kb-row-layout-wrap kb-row-layout-id4089_df0912-cb alignnone wp-block-kadence-rowlayout\"><div class=\"kt-row-column-wrap kt-has-2-columns kt-row-layout-equal kt-tab-layout-inherit kt-mobile-layout-row kt-row-valign-top\">\n<style>.kadence-column4089_1a51f2-29 > .kt-inside-inner-col,.kadence-column4089_1a51f2-29 > .kt-inside-inner-col:before{border-top-left-radius:0px;border-top-right-radius:0px;border-bottom-right-radius:0px;border-bottom-left-radius:0px;}.kadence-column4089_1a51f2-29 > .kt-inside-inner-col{column-gap:var(--global-kb-gap-sm, 1rem);}.kadence-column4089_1a51f2-29 > .kt-inside-inner-col{flex-direction:column;}.kadence-column4089_1a51f2-29 > .kt-inside-inner-col > .aligncenter{width:100%;}.kadence-column4089_1a51f2-29 > .kt-inside-inner-col:before{opacity:0.3;}.kadence-column4089_1a51f2-29{position:relative;}@media all and (max-width: 1024px){.kadence-column4089_1a51f2-29 > .kt-inside-inner-col{flex-direction:column;justify-content:center;}}@media all and (max-width: 767px){.kadence-column4089_1a51f2-29 > .kt-inside-inner-col{flex-direction:column;justify-content:center;}}<\/style>\n<div class=\"wp-block-kadence-column kadence-column4089_1a51f2-29\"><div class=\"kt-inside-inner-col\"><div class=\"wp-block-image\">\n<figure class=\"aligncenter size-full\"><img loading=\"lazy\" decoding=\"async\" width=\"360\" height=\"360\" src=\"https:\/\/bastideparis.fr\/ro49090-ovh\/wp-content\/uploads\/2024\/02\/hciase-swing.webp\" alt=\"\" class=\"wp-image-2201\" srcset=\"https:\/\/bastideparis.fr\/ro49090-ovh\/wp-content\/uploads\/2024\/02\/hciase-swing.webp 360w, https:\/\/bastideparis.fr\/ro49090-ovh\/wp-content\/uploads\/2024\/02\/hciase-swing-300x300.webp 300w, https:\/\/bastideparis.fr\/ro49090-ovh\/wp-content\/uploads\/2024\/02\/hciase-swing-150x150.webp 150w\" sizes=\"auto, (max-width: 360px) 100vw, 360px\" \/><\/figure>\n<\/div><\/div><\/div>\n\n\n<style>.kadence-column4089_74b118-7c > .kt-inside-inner-col,.kadence-column4089_74b118-7c > .kt-inside-inner-col:before{border-top-left-radius:0px;border-top-right-radius:0px;border-bottom-right-radius:0px;border-bottom-left-radius:0px;}.kadence-column4089_74b118-7c > .kt-inside-inner-col{column-gap:var(--global-kb-gap-sm, 1rem);}.kadence-column4089_74b118-7c > .kt-inside-inner-col{flex-direction:column;}.kadence-column4089_74b118-7c > .kt-inside-inner-col > .aligncenter{width:100%;}.kadence-column4089_74b118-7c > .kt-inside-inner-col:before{opacity:0.3;}.kadence-column4089_74b118-7c{position:relative;}@media all and (max-width: 1024px){.kadence-column4089_74b118-7c > .kt-inside-inner-col{flex-direction:column;justify-content:center;}}@media all and (max-width: 767px){.kadence-column4089_74b118-7c > .kt-inside-inner-col{flex-direction:column;justify-content:center;}}<\/style>\n<div class=\"wp-block-kadence-column kadence-column4089_74b118-7c\"><div class=\"kt-inside-inner-col\">\n<p><strong>Chaise de douche rotative Swing &#8211; 249,90\u20ac<br>R\u00e9f\u00e9rence : 112086<\/strong><\/p>\n\n\n\n<h2 class=\"wp-block-heading\">Description du produit<\/h2>\n\n\n\n<p>La&nbsp;<strong>chaise de douche rotative<\/strong>&nbsp;est sp\u00e9cialement con\u00e7ue pour une<strong>&nbsp;utilisation dans la douche<\/strong>. Pratique, le si\u00e8ge de douche pivotant permet de&nbsp;<strong>prendre sa toilette en toute s\u00e9curit\u00e9.<\/strong><\/p>\n<\/div><\/div>\n\n<\/div><\/div>\n\n<style>.kb-row-layout-id4089_3e12d1-0e > .kt-row-column-wrap{align-content:start;}:where(.kb-row-layout-id4089_3e12d1-0e > .kt-row-column-wrap) > .wp-block-kadence-column{justify-content:start;}.kb-row-layout-id4089_3e12d1-0e > .kt-row-column-wrap{column-gap:var(--global-kb-gap-md, 2rem);row-gap:var(--global-kb-gap-md, 2rem);padding-top:var(--global-kb-spacing-sm, 1.5rem);padding-bottom:var(--global-kb-spacing-sm, 1.5rem);grid-template-columns:repeat(2, minmax(0, 1fr));}.kb-row-layout-id4089_3e12d1-0e > .kt-row-layout-overlay{opacity:0.30;}@media all and (max-width: 1024px){.kb-row-layout-id4089_3e12d1-0e > .kt-row-column-wrap{grid-template-columns:repeat(2, minmax(0, 1fr));}}@media all and (max-width: 767px){.kb-row-layout-id4089_3e12d1-0e > .kt-row-column-wrap{grid-template-columns:minmax(0, 1fr);}}<\/style><div class=\"kb-row-layout-wrap kb-row-layout-id4089_3e12d1-0e alignnone wp-block-kadence-rowlayout\"><div class=\"kt-row-column-wrap kt-has-2-columns kt-row-layout-equal kt-tab-layout-inherit kt-mobile-layout-row kt-row-valign-top\">\n<style>.kadence-column4089_982bcc-94 > .kt-inside-inner-col,.kadence-column4089_982bcc-94 > .kt-inside-inner-col:before{border-top-left-radius:0px;border-top-right-radius:0px;border-bottom-right-radius:0px;border-bottom-left-radius:0px;}.kadence-column4089_982bcc-94 > .kt-inside-inner-col{column-gap:var(--global-kb-gap-sm, 1rem);}.kadence-column4089_982bcc-94 > .kt-inside-inner-col{flex-direction:column;}.kadence-column4089_982bcc-94 > .kt-inside-inner-col > .aligncenter{width:100%;}.kadence-column4089_982bcc-94 > .kt-inside-inner-col:before{opacity:0.3;}.kadence-column4089_982bcc-94{position:relative;}@media all and (max-width: 1024px){.kadence-column4089_982bcc-94 > .kt-inside-inner-col{flex-direction:column;justify-content:center;}}@media all and (max-width: 767px){.kadence-column4089_982bcc-94 > .kt-inside-inner-col{flex-direction:column;justify-content:center;}}<\/style>\n<div class=\"wp-block-kadence-column kadence-column4089_982bcc-94\"><div class=\"kt-inside-inner-col\">\n<h2 class=\"wp-block-heading\">Chaise de douche avec assise pivotante<\/h2>\n\n\n\n<p>Le si\u00e8ge de douche swing dispose&nbsp;<strong>d\u2019accoudoirs escamotables<\/strong>&nbsp;et&nbsp;<strong>d\u2019une assise pivotante<\/strong>&nbsp;pour faciliter le transfert. Son assise et son dossier sont particuli\u00e8rement confortables.<\/p>\n\n\n\n<h2 class=\"wp-block-heading\">Si\u00e8ge de douche ing\u00e9nieux et s\u00fbr<\/h2>\n\n\n\n<p>Le si\u00e8ge de douche comprend une&nbsp;<strong>manette de verrouillage<\/strong>&nbsp;qui permet de&nbsp;<strong>bloquer l\u2019assise pivotante<\/strong>&nbsp;lorsque vous le souhaitez. Vous pouvez r\u00e9glez la hauteur du si\u00e8ge gr\u00e2ce aux pieds t\u00e9l\u00e9scopiques.<\/p>\n<\/div><\/div>\n\n\n<style>.kadence-column4089_4f04b6-a4 > .kt-inside-inner-col,.kadence-column4089_4f04b6-a4 > .kt-inside-inner-col:before{border-top-left-radius:0px;border-top-right-radius:0px;border-bottom-right-radius:0px;border-bottom-left-radius:0px;}.kadence-column4089_4f04b6-a4 > .kt-inside-inner-col{column-gap:var(--global-kb-gap-sm, 1rem);}.kadence-column4089_4f04b6-a4 > .kt-inside-inner-col{flex-direction:column;}.kadence-column4089_4f04b6-a4 > .kt-inside-inner-col > .aligncenter{width:100%;}.kadence-column4089_4f04b6-a4 > .kt-inside-inner-col:before{opacity:0.3;}.kadence-column4089_4f04b6-a4{position:relative;}@media all and (max-width: 1024px){.kadence-column4089_4f04b6-a4 > .kt-inside-inner-col{flex-direction:column;justify-content:center;}}@media all and (max-width: 767px){.kadence-column4089_4f04b6-a4 > .kt-inside-inner-col{flex-direction:column;justify-content:center;}}<\/style>\n<div class=\"wp-block-kadence-column kadence-column4089_4f04b6-a4\"><div class=\"kt-inside-inner-col\">\n<h2 class=\"wp-block-heading\">Dimensions&nbsp;de la chaise de douche&nbsp;rotative<\/h2>\n\n\n\n<ul class=\"wp-block-list\">\n<li>Hauteur r\u00e9glable assise \/ sol\u00a0: 46.5 &#8211; 56.5 cm<\/li>\n\n\n\n<li>Hauteur dossier: 42 cm<\/li>\n\n\n\n<li>Dimensions assise: L x l x h : 40 x 33.5 x 4.5 cm<\/li>\n\n\n\n<li>Largeur entre accourdoirs: 41 cm<\/li>\n\n\n\n<li>DImensions entre les pieds: L x l : 46.5 x 50<\/li>\n\n\n\n<li>Hauteur de la chaise: 78\/88 cm<\/li>\n\n\n\n<li>Poids\u00a0: 6.6 kg<\/li>\n\n\n\n<li>Poids support\u00e9\u00a0: 100 kg<\/li>\n<\/ul>\n<\/div><\/div>\n\n<\/div><\/div>","protected":false},"excerpt":{"rendered":"<p>Retour Chaise de douche rotative Swing Chaise de douche rotative Swing &#8211; 249,90\u20acR\u00e9f\u00e9rence : 112086 Description du produit La&nbsp;chaise de douche rotative&nbsp;est sp\u00e9cialement con\u00e7ue pour une&nbsp;utilisation dans la douche. Pratique, le si\u00e8ge de douche pivotant permet de&nbsp;prendre sa toilette en toute s\u00e9curit\u00e9. Chaise de douche avec assise pivotante Le si\u00e8ge de douche swing dispose&nbsp;d\u2019accoudoirs escamotables&nbsp;et&nbsp;d\u2019une&#8230;<\/p>\n","protected":false},"author":1,"featured_media":0,"parent":0,"menu_order":0,"comment_status":"closed","ping_status":"closed","template":"","meta":{"content-type":"","_kad_post_transparent":"","_kad_post_title":"hide","_kad_post_layout":"","_kad_post_sidebar_id":"","_kad_post_content_style":"","_kad_post_vertical_padding":"","_kad_post_feature":"","_kad_post_feature_position":"","_kad_post_header":false,"_kad_post_footer":false,"footnotes":""},"class_list":["post-4089","page","type-page","status-publish","hentry"],"_links":{"self":[{"href":"https:\/\/bastideparis.fr\/ro49090-ovh\/index.php\/wp-json\/wp\/v2\/pages\/4089","targetHints":{"allow":["GET"]}}],"collection":[{"href":"https:\/\/bastideparis.fr\/ro49090-ovh\/index.php\/wp-json\/wp\/v2\/pages"}],"about":[{"href":"https:\/\/bastideparis.fr\/ro49090-ovh\/index.php\/wp-json\/wp\/v2\/types\/page"}],"author":[{"embeddable":true,"href":"https:\/\/bastideparis.fr\/ro49090-ovh\/index.php\/wp-json\/wp\/v2\/users\/1"}],"replies":[{"embeddable":true,"href":"https:\/\/bastideparis.fr\/ro49090-ovh\/index.php\/wp-json\/wp\/v2\/comments?post=4089"}],"version-history":[{"count":1,"href":"https:\/\/bastideparis.fr\/ro49090-ovh\/index.php\/wp-json\/wp\/v2\/pages\/4089\/revisions"}],"predecessor-version":[{"id":4090,"href":"https:\/\/bastideparis.fr\/ro49090-ovh\/index.php\/wp-json\/wp\/v2\/pages\/4089\/revisions\/4090"}],"wp:attachment":[{"href":"https:\/\/bastideparis.fr\/ro49090-ovh\/index.php\/wp-json\/wp\/v2\/media?parent=4089"}],"curies":[{"name":"wp","href":"https:\/\/api.w.org\/{rel}","templated":true}]}}