{"id":4095,"date":"2024-06-20T13:18:45","date_gmt":"2024-06-20T11:18:45","guid":{"rendered":"https:\/\/bastideparis.fr\/ro49090-ovh\/?page_id=4095"},"modified":"2024-06-20T13:18:57","modified_gmt":"2024-06-20T11:18:57","slug":"tabouret-de-douche-avec-decoupe-anatomique-muguet","status":"publish","type":"page","link":"https:\/\/bastideparis.fr\/ro49090-ovh\/index.php\/tabouret-de-douche-avec-decoupe-anatomique-muguet\/","title":{"rendered":"Tabouret de douche avec d\u00e9coupe anatomique Muguet"},"content":{"rendered":"\n<p><a href=\"https:\/\/bastideparis.fr\/ro49090-ovh\/index.php\/showroom-virtuel\/salle-de-bains\/\">Retour<\/a><\/p>\n\n\n\n<p class=\"has-larger-font-size\">Tabouret de douche avec d\u00e9coupe anatomique Muguet<\/p>\n\n\n<style>.kb-row-layout-id4095_3986ab-dd > .kt-row-column-wrap{align-content:start;}:where(.kb-row-layout-id4095_3986ab-dd > .kt-row-column-wrap) > .wp-block-kadence-column{justify-content:start;}.kb-row-layout-id4095_3986ab-dd > .kt-row-column-wrap{column-gap:var(--global-kb-gap-md, 2rem);row-gap:var(--global-kb-gap-md, 2rem);padding-top:var(--global-kb-spacing-sm, 1.5rem);padding-bottom:var(--global-kb-spacing-sm, 1.5rem);grid-template-columns:repeat(2, minmax(0, 1fr));}.kb-row-layout-id4095_3986ab-dd > .kt-row-layout-overlay{opacity:0.30;}@media all and (max-width: 1024px){.kb-row-layout-id4095_3986ab-dd > .kt-row-column-wrap{grid-template-columns:repeat(2, minmax(0, 1fr));}}@media all and (max-width: 767px){.kb-row-layout-id4095_3986ab-dd > .kt-row-column-wrap{grid-template-columns:minmax(0, 1fr);}}<\/style><div class=\"kb-row-layout-wrap kb-row-layout-id4095_3986ab-dd alignnone wp-block-kadence-rowlayout\"><div class=\"kt-row-column-wrap kt-has-2-columns kt-row-layout-equal kt-tab-layout-inherit kt-mobile-layout-row kt-row-valign-top\">\n<style>.kadence-column4095_31a74d-a8 > .kt-inside-inner-col,.kadence-column4095_31a74d-a8 > .kt-inside-inner-col:before{border-top-left-radius:0px;border-top-right-radius:0px;border-bottom-right-radius:0px;border-bottom-left-radius:0px;}.kadence-column4095_31a74d-a8 > .kt-inside-inner-col{column-gap:var(--global-kb-gap-sm, 1rem);}.kadence-column4095_31a74d-a8 > .kt-inside-inner-col{flex-direction:column;}.kadence-column4095_31a74d-a8 > .kt-inside-inner-col > .aligncenter{width:100%;}.kadence-column4095_31a74d-a8 > .kt-inside-inner-col:before{opacity:0.3;}.kadence-column4095_31a74d-a8{position:relative;}@media all and (max-width: 1024px){.kadence-column4095_31a74d-a8 > .kt-inside-inner-col{flex-direction:column;justify-content:center;}}@media all and (max-width: 767px){.kadence-column4095_31a74d-a8 > .kt-inside-inner-col{flex-direction:column;justify-content:center;}}<\/style>\n<div class=\"wp-block-kadence-column kadence-column4095_31a74d-a8\"><div class=\"kt-inside-inner-col\"><div class=\"wp-block-image\">\n<figure class=\"aligncenter size-full\"><img loading=\"lazy\" decoding=\"async\" width=\"360\" height=\"360\" src=\"https:\/\/bastideparis.fr\/ro49090-ovh\/wp-content\/uploads\/2024\/02\/tabouret-muguet.webp\" alt=\"\" class=\"wp-image-2203\" srcset=\"https:\/\/bastideparis.fr\/ro49090-ovh\/wp-content\/uploads\/2024\/02\/tabouret-muguet.webp 360w, https:\/\/bastideparis.fr\/ro49090-ovh\/wp-content\/uploads\/2024\/02\/tabouret-muguet-300x300.webp 300w, https:\/\/bastideparis.fr\/ro49090-ovh\/wp-content\/uploads\/2024\/02\/tabouret-muguet-150x150.webp 150w\" sizes=\"auto, (max-width: 360px) 100vw, 360px\" \/><\/figure>\n<\/div><\/div><\/div>\n\n\n<style>.kadence-column4095_16409a-6f > .kt-inside-inner-col,.kadence-column4095_16409a-6f > .kt-inside-inner-col:before{border-top-left-radius:0px;border-top-right-radius:0px;border-bottom-right-radius:0px;border-bottom-left-radius:0px;}.kadence-column4095_16409a-6f > .kt-inside-inner-col{column-gap:var(--global-kb-gap-sm, 1rem);}.kadence-column4095_16409a-6f > .kt-inside-inner-col{flex-direction:column;}.kadence-column4095_16409a-6f > .kt-inside-inner-col > .aligncenter{width:100%;}.kadence-column4095_16409a-6f > .kt-inside-inner-col:before{opacity:0.3;}.kadence-column4095_16409a-6f{position:relative;}@media all and (max-width: 1024px){.kadence-column4095_16409a-6f > .kt-inside-inner-col{flex-direction:column;justify-content:center;}}@media all and (max-width: 767px){.kadence-column4095_16409a-6f > .kt-inside-inner-col{flex-direction:column;justify-content:center;}}<\/style>\n<div class=\"wp-block-kadence-column kadence-column4095_16409a-6f\"><div class=\"kt-inside-inner-col\">\n<p><strong>Tabouret de douche avec d\u00e9coupe anatomique Muguet &#8211; 39,90\u20ac<br>R\u00e9f\u00e9rence : 115714<\/strong><\/p>\n\n\n\n<h2 class=\"wp-block-heading\">Description du produit<\/h2>\n\n\n\n<p>Le&nbsp;<strong>tabouret de douche Muguet<\/strong>&nbsp;est con\u00e7u pour une utilisation dans la douche. Le tabouret permet de&nbsp;<strong>prendre sa douche en toute s\u00e9curit\u00e9<\/strong>&nbsp;et stabilit\u00e9.<\/p>\n\n\n\n<h2 class=\"wp-block-heading\">Tabouret de douche gris pratique et s\u00fbr<\/h2>\n\n\n\n<p>Pour plus de s\u00e9curit\u00e9 le tabouret de douche dispose d\u2019une&nbsp;<strong>large assise avec rev\u00eatement antid\u00e9rapant<\/strong>.<\/p>\n<\/div><\/div>\n\n<\/div><\/div>\n\n<style>.kb-row-layout-id4095_3ab530-33 > .kt-row-column-wrap{align-content:start;}:where(.kb-row-layout-id4095_3ab530-33 > .kt-row-column-wrap) > .wp-block-kadence-column{justify-content:start;}.kb-row-layout-id4095_3ab530-33 > .kt-row-column-wrap{column-gap:var(--global-kb-gap-md, 2rem);row-gap:var(--global-kb-gap-md, 2rem);padding-top:var(--global-kb-spacing-sm, 1.5rem);padding-bottom:var(--global-kb-spacing-sm, 1.5rem);grid-template-columns:repeat(2, minmax(0, 1fr));}.kb-row-layout-id4095_3ab530-33 > .kt-row-layout-overlay{opacity:0.30;}@media all and (max-width: 1024px){.kb-row-layout-id4095_3ab530-33 > .kt-row-column-wrap{grid-template-columns:repeat(2, minmax(0, 1fr));}}@media all and (max-width: 767px){.kb-row-layout-id4095_3ab530-33 > .kt-row-column-wrap{grid-template-columns:minmax(0, 1fr);}}<\/style><div class=\"kb-row-layout-wrap kb-row-layout-id4095_3ab530-33 alignnone wp-block-kadence-rowlayout\"><div class=\"kt-row-column-wrap kt-has-2-columns kt-row-layout-equal kt-tab-layout-inherit kt-mobile-layout-row kt-row-valign-top\">\n<style>.kadence-column4095_3df8bc-d4 > .kt-inside-inner-col,.kadence-column4095_3df8bc-d4 > .kt-inside-inner-col:before{border-top-left-radius:0px;border-top-right-radius:0px;border-bottom-right-radius:0px;border-bottom-left-radius:0px;}.kadence-column4095_3df8bc-d4 > .kt-inside-inner-col{column-gap:var(--global-kb-gap-sm, 1rem);}.kadence-column4095_3df8bc-d4 > .kt-inside-inner-col{flex-direction:column;}.kadence-column4095_3df8bc-d4 > .kt-inside-inner-col > .aligncenter{width:100%;}.kadence-column4095_3df8bc-d4 > .kt-inside-inner-col:before{opacity:0.3;}.kadence-column4095_3df8bc-d4{position:relative;}@media all and (max-width: 1024px){.kadence-column4095_3df8bc-d4 > .kt-inside-inner-col{flex-direction:column;justify-content:center;}}@media all and (max-width: 767px){.kadence-column4095_3df8bc-d4 > .kt-inside-inner-col{flex-direction:column;justify-content:center;}}<\/style>\n<div class=\"wp-block-kadence-column kadence-column4095_3df8bc-d4\"><div class=\"kt-inside-inner-col\">\n<h2 class=\"wp-block-heading\">Tabouret de douche ergonomique et confortable<\/h2>\n\n\n\n<p>Pour plus de confort le tabouret de douche comprend des caoutchoucs antid\u00e9rapants. Pratique, le tabouret poss\u00e8de<strong>&nbsp;4 pieds r\u00e9tractables et r\u00e9glables.<\/strong><\/p>\n<\/div><\/div>\n\n\n<style>.kadence-column4095_75bf32-05 > .kt-inside-inner-col,.kadence-column4095_75bf32-05 > .kt-inside-inner-col:before{border-top-left-radius:0px;border-top-right-radius:0px;border-bottom-right-radius:0px;border-bottom-left-radius:0px;}.kadence-column4095_75bf32-05 > .kt-inside-inner-col{column-gap:var(--global-kb-gap-sm, 1rem);}.kadence-column4095_75bf32-05 > .kt-inside-inner-col{flex-direction:column;}.kadence-column4095_75bf32-05 > .kt-inside-inner-col > .aligncenter{width:100%;}.kadence-column4095_75bf32-05 > .kt-inside-inner-col:before{opacity:0.3;}.kadence-column4095_75bf32-05{position:relative;}@media all and (max-width: 1024px){.kadence-column4095_75bf32-05 > .kt-inside-inner-col{flex-direction:column;justify-content:center;}}@media all and (max-width: 767px){.kadence-column4095_75bf32-05 > .kt-inside-inner-col{flex-direction:column;justify-content:center;}}<\/style>\n<div class=\"wp-block-kadence-column kadence-column4095_75bf32-05\"><div class=\"kt-inside-inner-col\">\n<h2 class=\"wp-block-heading\">Caract\u00e9ristiques du tabouret de douche Muguet<\/h2>\n\n\n\n<ul class=\"wp-block-list\">\n<li>Hauteur ajustable de 34 \u00e0 45 cm<\/li>\n\n\n\n<li>Dimensions de l\u2019assise : l 40 x L 37 cm<\/li>\n\n\n\n<li>Poids maximal utilisateur : 100 kg<\/li>\n<\/ul>\n<\/div><\/div>\n\n<\/div><\/div>","protected":false},"excerpt":{"rendered":"<p>Retour Tabouret de douche avec d\u00e9coupe anatomique Muguet Tabouret de douche avec d\u00e9coupe anatomique Muguet &#8211; 39,90\u20acR\u00e9f\u00e9rence : 115714 Description du produit Le&nbsp;tabouret de douche Muguet&nbsp;est con\u00e7u pour une utilisation dans la douche. Le tabouret permet de&nbsp;prendre sa douche en toute s\u00e9curit\u00e9&nbsp;et stabilit\u00e9. Tabouret de douche gris pratique et s\u00fbr Pour plus de s\u00e9curit\u00e9 le&#8230;<\/p>\n","protected":false},"author":1,"featured_media":0,"parent":0,"menu_order":0,"comment_status":"closed","ping_status":"closed","template":"","meta":{"content-type":"","_kad_post_transparent":"","_kad_post_title":"hide","_kad_post_layout":"","_kad_post_sidebar_id":"","_kad_post_content_style":"","_kad_post_vertical_padding":"","_kad_post_feature":"","_kad_post_feature_position":"","_kad_post_header":false,"_kad_post_footer":false,"footnotes":""},"class_list":["post-4095","page","type-page","status-publish","hentry"],"_links":{"self":[{"href":"https:\/\/bastideparis.fr\/ro49090-ovh\/index.php\/wp-json\/wp\/v2\/pages\/4095","targetHints":{"allow":["GET"]}}],"collection":[{"href":"https:\/\/bastideparis.fr\/ro49090-ovh\/index.php\/wp-json\/wp\/v2\/pages"}],"about":[{"href":"https:\/\/bastideparis.fr\/ro49090-ovh\/index.php\/wp-json\/wp\/v2\/types\/page"}],"author":[{"embeddable":true,"href":"https:\/\/bastideparis.fr\/ro49090-ovh\/index.php\/wp-json\/wp\/v2\/users\/1"}],"replies":[{"embeddable":true,"href":"https:\/\/bastideparis.fr\/ro49090-ovh\/index.php\/wp-json\/wp\/v2\/comments?post=4095"}],"version-history":[{"count":2,"href":"https:\/\/bastideparis.fr\/ro49090-ovh\/index.php\/wp-json\/wp\/v2\/pages\/4095\/revisions"}],"predecessor-version":[{"id":4097,"href":"https:\/\/bastideparis.fr\/ro49090-ovh\/index.php\/wp-json\/wp\/v2\/pages\/4095\/revisions\/4097"}],"wp:attachment":[{"href":"https:\/\/bastideparis.fr\/ro49090-ovh\/index.php\/wp-json\/wp\/v2\/media?parent=4095"}],"curies":[{"name":"wp","href":"https:\/\/api.w.org\/{rel}","templated":true}]}}