{"id":4099,"date":"2024-06-20T13:21:25","date_gmt":"2024-06-20T11:21:25","guid":{"rendered":"https:\/\/bastideparis.fr\/ro49090-ovh\/?page_id=4099"},"modified":"2024-06-20T13:21:25","modified_gmt":"2024-06-20T11:21:25","slug":"tabouret-douche-oeillet","status":"publish","type":"page","link":"https:\/\/bastideparis.fr\/ro49090-ovh\/index.php\/tabouret-douche-oeillet\/","title":{"rendered":"TABOURET DOUCHE OEILLET"},"content":{"rendered":"\n<p><a href=\"https:\/\/bastideparis.fr\/ro49090-ovh\/index.php\/showroom-virtuel\/salle-de-bains\/\">Retour<\/a><\/p>\n\n\n\n<p class=\"has-larger-font-size\">TABOURET DOUCHE OEILLET<\/p>\n\n\n<style>.kb-row-layout-id4099_ed446e-fc > .kt-row-column-wrap{align-content:start;}:where(.kb-row-layout-id4099_ed446e-fc > .kt-row-column-wrap) > .wp-block-kadence-column{justify-content:start;}.kb-row-layout-id4099_ed446e-fc > .kt-row-column-wrap{column-gap:var(--global-kb-gap-md, 2rem);row-gap:var(--global-kb-gap-md, 2rem);padding-top:var(--global-kb-spacing-sm, 1.5rem);padding-bottom:var(--global-kb-spacing-sm, 1.5rem);grid-template-columns:repeat(2, minmax(0, 1fr));}.kb-row-layout-id4099_ed446e-fc > .kt-row-layout-overlay{opacity:0.30;}@media all and (max-width: 1024px){.kb-row-layout-id4099_ed446e-fc > .kt-row-column-wrap{grid-template-columns:repeat(2, minmax(0, 1fr));}}@media all and (max-width: 767px){.kb-row-layout-id4099_ed446e-fc > .kt-row-column-wrap{grid-template-columns:minmax(0, 1fr);}}<\/style><div class=\"kb-row-layout-wrap kb-row-layout-id4099_ed446e-fc alignnone wp-block-kadence-rowlayout\"><div class=\"kt-row-column-wrap kt-has-2-columns kt-row-layout-equal kt-tab-layout-inherit kt-mobile-layout-row kt-row-valign-top\">\n<style>.kadence-column4099_f9f916-ca > .kt-inside-inner-col,.kadence-column4099_f9f916-ca > .kt-inside-inner-col:before{border-top-left-radius:0px;border-top-right-radius:0px;border-bottom-right-radius:0px;border-bottom-left-radius:0px;}.kadence-column4099_f9f916-ca > .kt-inside-inner-col{column-gap:var(--global-kb-gap-sm, 1rem);}.kadence-column4099_f9f916-ca > .kt-inside-inner-col{flex-direction:column;}.kadence-column4099_f9f916-ca > .kt-inside-inner-col > .aligncenter{width:100%;}.kadence-column4099_f9f916-ca > .kt-inside-inner-col:before{opacity:0.3;}.kadence-column4099_f9f916-ca{position:relative;}@media all and (max-width: 1024px){.kadence-column4099_f9f916-ca > .kt-inside-inner-col{flex-direction:column;justify-content:center;}}@media all and (max-width: 767px){.kadence-column4099_f9f916-ca > .kt-inside-inner-col{flex-direction:column;justify-content:center;}}<\/style>\n<div class=\"wp-block-kadence-column kadence-column4099_f9f916-ca\"><div class=\"kt-inside-inner-col\"><div class=\"wp-block-image\">\n<figure class=\"aligncenter size-full\"><img loading=\"lazy\" decoding=\"async\" width=\"339\" height=\"360\" src=\"https:\/\/bastideparis.fr\/ro49090-ovh\/wp-content\/uploads\/2024\/02\/tabouret-oeillet.webp\" alt=\"\" class=\"wp-image-2204\" srcset=\"https:\/\/bastideparis.fr\/ro49090-ovh\/wp-content\/uploads\/2024\/02\/tabouret-oeillet.webp 339w, https:\/\/bastideparis.fr\/ro49090-ovh\/wp-content\/uploads\/2024\/02\/tabouret-oeillet-283x300.webp 283w\" sizes=\"auto, (max-width: 339px) 100vw, 339px\" \/><\/figure>\n<\/div><\/div><\/div>\n\n\n<style>.kadence-column4099_e5e3fd-da > .kt-inside-inner-col,.kadence-column4099_e5e3fd-da > .kt-inside-inner-col:before{border-top-left-radius:0px;border-top-right-radius:0px;border-bottom-right-radius:0px;border-bottom-left-radius:0px;}.kadence-column4099_e5e3fd-da > .kt-inside-inner-col{column-gap:var(--global-kb-gap-sm, 1rem);}.kadence-column4099_e5e3fd-da > .kt-inside-inner-col{flex-direction:column;}.kadence-column4099_e5e3fd-da > .kt-inside-inner-col > .aligncenter{width:100%;}.kadence-column4099_e5e3fd-da > .kt-inside-inner-col:before{opacity:0.3;}.kadence-column4099_e5e3fd-da{position:relative;}@media all and (max-width: 1024px){.kadence-column4099_e5e3fd-da > .kt-inside-inner-col{flex-direction:column;justify-content:center;}}@media all and (max-width: 767px){.kadence-column4099_e5e3fd-da > .kt-inside-inner-col{flex-direction:column;justify-content:center;}}<\/style>\n<div class=\"wp-block-kadence-column kadence-column4099_e5e3fd-da\"><div class=\"kt-inside-inner-col\">\n<p><strong>TABOURET DOUCHE OEILLET &#8211; 34,90\u20ac<br>R\u00e9f\u00e9rence : 115706<\/strong><\/p>\n\n\n\n<h2 class=\"wp-block-heading\">Description du produit<\/h2>\n\n\n\n<p>R\u00e9glable en hauteur par boutons poussoirs, 8 positions tous les 2 cm.<br>Assise arrondie \u00e9pousant les formes du corps pour un meilleur confort.<br>Confort et s\u00e9curit\u00e9 gr\u00e2ce \u00e0 ses 2 poignets lat\u00e9rales.<br>Embout antid\u00e9rapant pour plus de stabilit\u00e9.<\/p>\n<\/div><\/div>\n\n<\/div><\/div>\n\n<style>.kb-row-layout-id4099_fc1c56-49 > .kt-row-column-wrap{align-content:start;}:where(.kb-row-layout-id4099_fc1c56-49 > .kt-row-column-wrap) > .wp-block-kadence-column{justify-content:start;}.kb-row-layout-id4099_fc1c56-49 > .kt-row-column-wrap{column-gap:var(--global-kb-gap-md, 2rem);row-gap:var(--global-kb-gap-md, 2rem);padding-top:var(--global-kb-spacing-sm, 1.5rem);padding-bottom:var(--global-kb-spacing-sm, 1.5rem);grid-template-columns:repeat(2, minmax(0, 1fr));}.kb-row-layout-id4099_fc1c56-49 > .kt-row-layout-overlay{opacity:0.30;}@media all and (max-width: 1024px){.kb-row-layout-id4099_fc1c56-49 > .kt-row-column-wrap{grid-template-columns:repeat(2, minmax(0, 1fr));}}@media all and (max-width: 767px){.kb-row-layout-id4099_fc1c56-49 > .kt-row-column-wrap{grid-template-columns:minmax(0, 1fr);}}<\/style><div class=\"kb-row-layout-wrap kb-row-layout-id4099_fc1c56-49 alignnone wp-block-kadence-rowlayout\"><div class=\"kt-row-column-wrap kt-has-2-columns kt-row-layout-equal kt-tab-layout-inherit kt-mobile-layout-row kt-row-valign-top\">\n<style>.kadence-column4099_bd6767-e2 > .kt-inside-inner-col,.kadence-column4099_bd6767-e2 > .kt-inside-inner-col:before{border-top-left-radius:0px;border-top-right-radius:0px;border-bottom-right-radius:0px;border-bottom-left-radius:0px;}.kadence-column4099_bd6767-e2 > .kt-inside-inner-col{column-gap:var(--global-kb-gap-sm, 1rem);}.kadence-column4099_bd6767-e2 > .kt-inside-inner-col{flex-direction:column;}.kadence-column4099_bd6767-e2 > .kt-inside-inner-col > .aligncenter{width:100%;}.kadence-column4099_bd6767-e2 > .kt-inside-inner-col:before{opacity:0.3;}.kadence-column4099_bd6767-e2{position:relative;}@media all and (max-width: 1024px){.kadence-column4099_bd6767-e2 > .kt-inside-inner-col{flex-direction:column;justify-content:center;}}@media all and (max-width: 767px){.kadence-column4099_bd6767-e2 > .kt-inside-inner-col{flex-direction:column;justify-content:center;}}<\/style>\n<div class=\"wp-block-kadence-column kadence-column4099_bd6767-e2\"><div class=\"kt-inside-inner-col\">\n<h2 class=\"wp-block-heading\">Caract\u00e9ristiques<\/h2>\n\n\n\n<p>Dimensions hors-tout (L x h x p) : 50 x 37 cm x 46 cm<br>Hauteur r\u00e9glable de 37 \u00e0 54 cm<br>Dimensions assises L x p : 50 x 30 cm<br>Poids 2 Kg<br>Coloris : Montants aluminium \/ Si\u00e8ge blanc<br>Poids maximum support\u00e9 : 113 kg<\/p>\n<\/div><\/div>\n\n\n<style>.kadence-column4099_4f7341-6a > .kt-inside-inner-col,.kadence-column4099_4f7341-6a > .kt-inside-inner-col:before{border-top-left-radius:0px;border-top-right-radius:0px;border-bottom-right-radius:0px;border-bottom-left-radius:0px;}.kadence-column4099_4f7341-6a > .kt-inside-inner-col{column-gap:var(--global-kb-gap-sm, 1rem);}.kadence-column4099_4f7341-6a > .kt-inside-inner-col{flex-direction:column;}.kadence-column4099_4f7341-6a > .kt-inside-inner-col > .aligncenter{width:100%;}.kadence-column4099_4f7341-6a > .kt-inside-inner-col:before{opacity:0.3;}.kadence-column4099_4f7341-6a{position:relative;}@media all and (max-width: 1024px){.kadence-column4099_4f7341-6a > .kt-inside-inner-col{flex-direction:column;justify-content:center;}}@media all and (max-width: 767px){.kadence-column4099_4f7341-6a > .kt-inside-inner-col{flex-direction:column;justify-content:center;}}<\/style>\n<div class=\"wp-block-kadence-column kadence-column4099_4f7341-6a\"><div class=\"kt-inside-inner-col\"><\/div><\/div>\n\n<\/div><\/div>","protected":false},"excerpt":{"rendered":"<p>Retour TABOURET DOUCHE OEILLET TABOURET DOUCHE OEILLET &#8211; 34,90\u20acR\u00e9f\u00e9rence : 115706 Description du produit R\u00e9glable en hauteur par boutons poussoirs, 8 positions tous les 2 cm.Assise arrondie \u00e9pousant les formes du corps pour un meilleur confort.Confort et s\u00e9curit\u00e9 gr\u00e2ce \u00e0 ses 2 poignets lat\u00e9rales.Embout antid\u00e9rapant pour plus de stabilit\u00e9. Caract\u00e9ristiques Dimensions hors-tout (L x h&#8230;<\/p>\n","protected":false},"author":1,"featured_media":0,"parent":0,"menu_order":0,"comment_status":"closed","ping_status":"closed","template":"","meta":{"content-type":"","_kad_post_transparent":"","_kad_post_title":"hide","_kad_post_layout":"","_kad_post_sidebar_id":"","_kad_post_content_style":"","_kad_post_vertical_padding":"","_kad_post_feature":"","_kad_post_feature_position":"","_kad_post_header":false,"_kad_post_footer":false,"footnotes":""},"class_list":["post-4099","page","type-page","status-publish","hentry"],"_links":{"self":[{"href":"https:\/\/bastideparis.fr\/ro49090-ovh\/index.php\/wp-json\/wp\/v2\/pages\/4099","targetHints":{"allow":["GET"]}}],"collection":[{"href":"https:\/\/bastideparis.fr\/ro49090-ovh\/index.php\/wp-json\/wp\/v2\/pages"}],"about":[{"href":"https:\/\/bastideparis.fr\/ro49090-ovh\/index.php\/wp-json\/wp\/v2\/types\/page"}],"author":[{"embeddable":true,"href":"https:\/\/bastideparis.fr\/ro49090-ovh\/index.php\/wp-json\/wp\/v2\/users\/1"}],"replies":[{"embeddable":true,"href":"https:\/\/bastideparis.fr\/ro49090-ovh\/index.php\/wp-json\/wp\/v2\/comments?post=4099"}],"version-history":[{"count":1,"href":"https:\/\/bastideparis.fr\/ro49090-ovh\/index.php\/wp-json\/wp\/v2\/pages\/4099\/revisions"}],"predecessor-version":[{"id":4100,"href":"https:\/\/bastideparis.fr\/ro49090-ovh\/index.php\/wp-json\/wp\/v2\/pages\/4099\/revisions\/4100"}],"wp:attachment":[{"href":"https:\/\/bastideparis.fr\/ro49090-ovh\/index.php\/wp-json\/wp\/v2\/media?parent=4099"}],"curies":[{"name":"wp","href":"https:\/\/api.w.org\/{rel}","templated":true}]}}