{"id":4102,"date":"2024-06-20T13:26:36","date_gmt":"2024-06-20T11:26:36","guid":{"rendered":"https:\/\/bastideparis.fr\/ro49090-ovh\/?page_id=4102"},"modified":"2024-06-20T13:26:36","modified_gmt":"2024-06-20T11:26:36","slug":"tabouret-de-douche-avec-assise-pivotante-tahaa","status":"publish","type":"page","link":"https:\/\/bastideparis.fr\/ro49090-ovh\/index.php\/tabouret-de-douche-avec-assise-pivotante-tahaa\/","title":{"rendered":"Tabouret de douche avec assise pivotante Tahaa"},"content":{"rendered":"\n<p><a href=\"https:\/\/bastideparis.fr\/ro49090-ovh\/index.php\/showroom-virtuel\/salle-de-bains\/\">Retour<\/a><\/p>\n\n\n\n<p class=\"has-larger-font-size\">Tabouret de douche avec assise pivotante Tahaa<\/p>\n\n\n<style>.kb-row-layout-id4102_f5ed91-02 > .kt-row-column-wrap{align-content:start;}:where(.kb-row-layout-id4102_f5ed91-02 > .kt-row-column-wrap) > .wp-block-kadence-column{justify-content:start;}.kb-row-layout-id4102_f5ed91-02 > .kt-row-column-wrap{column-gap:var(--global-kb-gap-md, 2rem);row-gap:var(--global-kb-gap-md, 2rem);padding-top:var(--global-kb-spacing-sm, 1.5rem);padding-bottom:var(--global-kb-spacing-sm, 1.5rem);grid-template-columns:repeat(2, minmax(0, 1fr));}.kb-row-layout-id4102_f5ed91-02 > .kt-row-layout-overlay{opacity:0.30;}@media all and (max-width: 1024px){.kb-row-layout-id4102_f5ed91-02 > .kt-row-column-wrap{grid-template-columns:repeat(2, minmax(0, 1fr));}}@media all and (max-width: 767px){.kb-row-layout-id4102_f5ed91-02 > .kt-row-column-wrap{grid-template-columns:minmax(0, 1fr);}}<\/style><div class=\"kb-row-layout-wrap kb-row-layout-id4102_f5ed91-02 alignnone wp-block-kadence-rowlayout\"><div class=\"kt-row-column-wrap kt-has-2-columns kt-row-layout-equal kt-tab-layout-inherit kt-mobile-layout-row kt-row-valign-top\">\n<style>.kadence-column4102_ec3102-3c > .kt-inside-inner-col,.kadence-column4102_ec3102-3c > .kt-inside-inner-col:before{border-top-left-radius:0px;border-top-right-radius:0px;border-bottom-right-radius:0px;border-bottom-left-radius:0px;}.kadence-column4102_ec3102-3c > .kt-inside-inner-col{column-gap:var(--global-kb-gap-sm, 1rem);}.kadence-column4102_ec3102-3c > .kt-inside-inner-col{flex-direction:column;}.kadence-column4102_ec3102-3c > .kt-inside-inner-col > .aligncenter{width:100%;}.kadence-column4102_ec3102-3c > .kt-inside-inner-col:before{opacity:0.3;}.kadence-column4102_ec3102-3c{position:relative;}@media all and (max-width: 1024px){.kadence-column4102_ec3102-3c > .kt-inside-inner-col{flex-direction:column;justify-content:center;}}@media all and (max-width: 767px){.kadence-column4102_ec3102-3c > .kt-inside-inner-col{flex-direction:column;justify-content:center;}}<\/style>\n<div class=\"wp-block-kadence-column kadence-column4102_ec3102-3c\"><div class=\"kt-inside-inner-col\"><div class=\"wp-block-image\">\n<figure class=\"aligncenter size-full\"><img loading=\"lazy\" decoding=\"async\" width=\"360\" height=\"360\" src=\"https:\/\/bastideparis.fr\/ro49090-ovh\/wp-content\/uploads\/2024\/02\/tabouret-tahaa.webp\" alt=\"\" class=\"wp-image-2205\" srcset=\"https:\/\/bastideparis.fr\/ro49090-ovh\/wp-content\/uploads\/2024\/02\/tabouret-tahaa.webp 360w, https:\/\/bastideparis.fr\/ro49090-ovh\/wp-content\/uploads\/2024\/02\/tabouret-tahaa-300x300.webp 300w, https:\/\/bastideparis.fr\/ro49090-ovh\/wp-content\/uploads\/2024\/02\/tabouret-tahaa-150x150.webp 150w\" sizes=\"auto, (max-width: 360px) 100vw, 360px\" \/><\/figure>\n<\/div><\/div><\/div>\n\n\n<style>.kadence-column4102_a1458e-da > .kt-inside-inner-col,.kadence-column4102_a1458e-da > .kt-inside-inner-col:before{border-top-left-radius:0px;border-top-right-radius:0px;border-bottom-right-radius:0px;border-bottom-left-radius:0px;}.kadence-column4102_a1458e-da > .kt-inside-inner-col{column-gap:var(--global-kb-gap-sm, 1rem);}.kadence-column4102_a1458e-da > .kt-inside-inner-col{flex-direction:column;}.kadence-column4102_a1458e-da > .kt-inside-inner-col > .aligncenter{width:100%;}.kadence-column4102_a1458e-da > .kt-inside-inner-col:before{opacity:0.3;}.kadence-column4102_a1458e-da{position:relative;}@media all and (max-width: 1024px){.kadence-column4102_a1458e-da > .kt-inside-inner-col{flex-direction:column;justify-content:center;}}@media all and (max-width: 767px){.kadence-column4102_a1458e-da > .kt-inside-inner-col{flex-direction:column;justify-content:center;}}<\/style>\n<div class=\"wp-block-kadence-column kadence-column4102_a1458e-da\"><div class=\"kt-inside-inner-col\">\n<p><strong>Tabouret de douche avec assise pivotante Tahaa &#8211; 59,90\u20ac<br>R\u00e9f\u00e9rence : 110308<\/strong><\/p>\n\n\n\n<h2 class=\"wp-block-heading\">Description du produit<\/h2>\n\n\n\n<p>Le&nbsp;<strong>tabouret de douche Drive<\/strong>&nbsp;\u00e0 une&nbsp;<strong>assise<\/strong>&nbsp;tournante&nbsp;<strong>rotative \u00e0 360\u00b0<\/strong>&nbsp;avec un blocage tous les 90\u00b0. Son&nbsp;<strong>assise confort<\/strong>, avec son coussin en polyur\u00e9thane de 2 cm d\u2019\u00e9paisseur, est compl\u00e9tement amovible pour un&nbsp;<strong>nettoyage simplifi\u00e9<\/strong>.<\/p>\n\n\n\n<p>Les&nbsp;<strong>pieds du tabouret&nbsp;<\/strong>de douche sont&nbsp;<strong>s\u00e9curis\u00e9s<\/strong>&nbsp;par des&nbsp;<strong>patins antid\u00e9rapants<\/strong>&nbsp;larges de 6 cm de diam\u00e8tre et&nbsp;<strong>r\u00e9glables en hauteur<\/strong>&nbsp;sur 15cm par pas de 3 cm.<\/p>\n\n\n\n<p>Profitez de la&nbsp;<strong>tablette interm\u00e9diaire<\/strong>&nbsp;pour positionner vos diff\u00e9rents&nbsp;<strong>objets de douche<\/strong>.<\/p>\n<\/div><\/div>\n\n<\/div><\/div>\n\n<style>.kb-row-layout-id4102_f850b6-ef > .kt-row-column-wrap{align-content:start;}:where(.kb-row-layout-id4102_f850b6-ef > .kt-row-column-wrap) > .wp-block-kadence-column{justify-content:start;}.kb-row-layout-id4102_f850b6-ef > .kt-row-column-wrap{column-gap:var(--global-kb-gap-md, 2rem);row-gap:var(--global-kb-gap-md, 2rem);padding-top:var(--global-kb-spacing-sm, 1.5rem);padding-bottom:var(--global-kb-spacing-sm, 1.5rem);}.kb-row-layout-id4102_f850b6-ef > .kt-row-column-wrap > div:not(.added-for-specificity){grid-column:initial;}.kb-row-layout-id4102_f850b6-ef > .kt-row-column-wrap{grid-template-columns:repeat(3, minmax(0, 1fr));}.kb-row-layout-id4102_f850b6-ef > .kt-row-layout-overlay{opacity:0.30;}@media all and (max-width: 1024px){.kb-row-layout-id4102_f850b6-ef > .kt-row-column-wrap > div:not(.added-for-specificity){grid-column:initial;}}@media all and (max-width: 1024px){.kb-row-layout-id4102_f850b6-ef > .kt-row-column-wrap{grid-template-columns:repeat(3, minmax(0, 1fr));}}@media all and (max-width: 767px){.kb-row-layout-id4102_f850b6-ef > .kt-row-column-wrap > div:not(.added-for-specificity){grid-column:initial;}.kb-row-layout-id4102_f850b6-ef > .kt-row-column-wrap{grid-template-columns:minmax(0, 1fr);}}<\/style><div class=\"kb-row-layout-wrap kb-row-layout-id4102_f850b6-ef alignnone wp-block-kadence-rowlayout\"><div class=\"kt-row-column-wrap kt-has-3-columns kt-row-layout-equal kt-tab-layout-inherit kt-mobile-layout-row kt-row-valign-top\">\n<style>.kadence-column4102_87be8e-00 > .kt-inside-inner-col,.kadence-column4102_87be8e-00 > .kt-inside-inner-col:before{border-top-left-radius:0px;border-top-right-radius:0px;border-bottom-right-radius:0px;border-bottom-left-radius:0px;}.kadence-column4102_87be8e-00 > .kt-inside-inner-col{column-gap:var(--global-kb-gap-sm, 1rem);}.kadence-column4102_87be8e-00 > .kt-inside-inner-col{flex-direction:column;}.kadence-column4102_87be8e-00 > .kt-inside-inner-col > .aligncenter{width:100%;}.kadence-column4102_87be8e-00 > .kt-inside-inner-col:before{opacity:0.3;}.kadence-column4102_87be8e-00{position:relative;}@media all and (max-width: 1024px){.kadence-column4102_87be8e-00 > .kt-inside-inner-col{flex-direction:column;justify-content:center;}}@media all and (max-width: 767px){.kadence-column4102_87be8e-00 > .kt-inside-inner-col{flex-direction:column;justify-content:center;}}<\/style>\n<div class=\"wp-block-kadence-column kadence-column4102_87be8e-00\"><div class=\"kt-inside-inner-col\">\n<h2 class=\"wp-block-heading\">Dimensions&nbsp;du tabouret de douche pivotant&nbsp;Tahaa<\/h2>\n\n\n\n<ul class=\"wp-block-list\">\n<li>Diam\u00e8tre de l\u2019assise\u00a0: 35 cm<\/li>\n\n\n\n<li>Largeur du tabouret\u00a0: 37 cm<\/li>\n\n\n\n<li>Hauteur : 41 \u00e0 55.5 cm\u00a0<\/li>\n\n\n\n<li>Assise rotative : 360\u00b0 avec blocage de 90\u00b0<\/li>\n\n\n\n<li>Epaisseur du coussin\u00a0: 2 cm<\/li>\n\n\n\n<li>Mati\u00e8re assise\u00a0: Polyur\u00e9thane<\/li>\n\n\n\n<li>Poids maxi\u00a0: 135 kg<\/li>\n\n\n\n<li>Poids du tabouret\u00a0: 2.7 kg<\/li>\n\n\n\n<li>Pantins antid\u00e9rapants<\/li>\n\n\n\n<li>Pieds r\u00e9glables en hauteur sur 15 cm par pas de 3 cm<\/li>\n<\/ul>\n<\/div><\/div>\n\n\n<style>.kadence-column4102_d79e82-9c > .kt-inside-inner-col,.kadence-column4102_d79e82-9c > .kt-inside-inner-col:before{border-top-left-radius:0px;border-top-right-radius:0px;border-bottom-right-radius:0px;border-bottom-left-radius:0px;}.kadence-column4102_d79e82-9c > .kt-inside-inner-col{column-gap:var(--global-kb-gap-sm, 1rem);}.kadence-column4102_d79e82-9c > .kt-inside-inner-col{flex-direction:column;}.kadence-column4102_d79e82-9c > .kt-inside-inner-col > .aligncenter{width:100%;}.kadence-column4102_d79e82-9c > .kt-inside-inner-col:before{opacity:0.3;}.kadence-column4102_d79e82-9c{position:relative;}@media all and (max-width: 1024px){.kadence-column4102_d79e82-9c > .kt-inside-inner-col{flex-direction:column;justify-content:center;}}@media all and (max-width: 767px){.kadence-column4102_d79e82-9c > .kt-inside-inner-col{flex-direction:column;justify-content:center;}}<\/style>\n<div class=\"wp-block-kadence-column kadence-column4102_d79e82-9c\"><div class=\"kt-inside-inner-col\">\n<h2 class=\"wp-block-heading\">Caract\u00e9ristiques techniques du tabouret&nbsp;pivotant Tahaa<\/h2>\n\n\n\n<ul class=\"wp-block-list\">\n<li>Assise rotative : 360\u00b0 avec blocage de 90\u00b0<\/li>\n\n\n\n<li>Epaisseur du coussin\u00a0: 2 cm<\/li>\n\n\n\n<li>Mati\u00e8re assise\u00a0: Polyur\u00e9thane<\/li>\n\n\n\n<li>Poids maxi\u00a0: 135 kg<\/li>\n\n\n\n<li>Poids du tabouret\u00a0: 2.7 kg<\/li>\n\n\n\n<li>Pantins antid\u00e9rapants<\/li>\n\n\n\n<li>Pieds r\u00e9glables en hauteur sur 15 cm par pas de 3 cm<\/li>\n\n\n\n<li>Largeur d&rsquo;assise : 34cm<\/li>\n<\/ul>\n<\/div><\/div>\n\n\n<style>.kadence-column4102_d3ce02-7c > .kt-inside-inner-col,.kadence-column4102_d3ce02-7c > .kt-inside-inner-col:before{border-top-left-radius:0px;border-top-right-radius:0px;border-bottom-right-radius:0px;border-bottom-left-radius:0px;}.kadence-column4102_d3ce02-7c > .kt-inside-inner-col{column-gap:var(--global-kb-gap-sm, 1rem);}.kadence-column4102_d3ce02-7c > .kt-inside-inner-col{flex-direction:column;}.kadence-column4102_d3ce02-7c > .kt-inside-inner-col > .aligncenter{width:100%;}.kadence-column4102_d3ce02-7c > .kt-inside-inner-col:before{opacity:0.3;}.kadence-column4102_d3ce02-7c{position:relative;}@media all and (max-width: 1024px){.kadence-column4102_d3ce02-7c > .kt-inside-inner-col{flex-direction:column;justify-content:center;}}@media all and (max-width: 767px){.kadence-column4102_d3ce02-7c > .kt-inside-inner-col{flex-direction:column;justify-content:center;}}<\/style>\n<div class=\"wp-block-kadence-column kadence-column4102_d3ce02-7c\"><div class=\"kt-inside-inner-col\">\n<ul class=\"wp-block-list\">\n<li>Assise en polyur\u00e9thane amovible<\/li>\n\n\n\n<li>Tablette interm\u00e9diaire rigide<\/li>\n\n\n\n<li>Assise rotative \u00e0 360\u00b0 avec blocage tous les 90\u00b0<\/li>\n\n\n\n<li>R\u00e9glable en hauteur tous les 2.5 cm<\/li>\n\n\n\n<li>Patins antid\u00e9rapants de 6 cm de diam\u00e8tre<\/li>\n\n\n\n<li>Tablette interm\u00e9diaire rigide<\/li>\n\n\n\n<li>Coussin amovible<\/li>\n\n\n\n<li>Tablette interm\u00e9diaire rigide<\/li>\n\n\n\n<li>Livr\u00e9 mont\u00e9<\/li>\n<\/ul>\n<\/div><\/div>\n\n<\/div><\/div>","protected":false},"excerpt":{"rendered":"<p>Retour Tabouret de douche avec assise pivotante Tahaa Tabouret de douche avec assise pivotante Tahaa &#8211; 59,90\u20acR\u00e9f\u00e9rence : 110308 Description du produit Le&nbsp;tabouret de douche Drive&nbsp;\u00e0 une&nbsp;assise&nbsp;tournante&nbsp;rotative \u00e0 360\u00b0&nbsp;avec un blocage tous les 90\u00b0. Son&nbsp;assise confort, avec son coussin en polyur\u00e9thane de 2 cm d\u2019\u00e9paisseur, est compl\u00e9tement amovible pour un&nbsp;nettoyage simplifi\u00e9. Les&nbsp;pieds du tabouret&nbsp;de douche&#8230;<\/p>\n","protected":false},"author":1,"featured_media":0,"parent":0,"menu_order":0,"comment_status":"closed","ping_status":"closed","template":"","meta":{"content-type":"","_kad_post_transparent":"","_kad_post_title":"hide","_kad_post_layout":"","_kad_post_sidebar_id":"","_kad_post_content_style":"","_kad_post_vertical_padding":"","_kad_post_feature":"","_kad_post_feature_position":"","_kad_post_header":false,"_kad_post_footer":false,"footnotes":""},"class_list":["post-4102","page","type-page","status-publish","hentry"],"_links":{"self":[{"href":"https:\/\/bastideparis.fr\/ro49090-ovh\/index.php\/wp-json\/wp\/v2\/pages\/4102","targetHints":{"allow":["GET"]}}],"collection":[{"href":"https:\/\/bastideparis.fr\/ro49090-ovh\/index.php\/wp-json\/wp\/v2\/pages"}],"about":[{"href":"https:\/\/bastideparis.fr\/ro49090-ovh\/index.php\/wp-json\/wp\/v2\/types\/page"}],"author":[{"embeddable":true,"href":"https:\/\/bastideparis.fr\/ro49090-ovh\/index.php\/wp-json\/wp\/v2\/users\/1"}],"replies":[{"embeddable":true,"href":"https:\/\/bastideparis.fr\/ro49090-ovh\/index.php\/wp-json\/wp\/v2\/comments?post=4102"}],"version-history":[{"count":1,"href":"https:\/\/bastideparis.fr\/ro49090-ovh\/index.php\/wp-json\/wp\/v2\/pages\/4102\/revisions"}],"predecessor-version":[{"id":4103,"href":"https:\/\/bastideparis.fr\/ro49090-ovh\/index.php\/wp-json\/wp\/v2\/pages\/4102\/revisions\/4103"}],"wp:attachment":[{"href":"https:\/\/bastideparis.fr\/ro49090-ovh\/index.php\/wp-json\/wp\/v2\/media?parent=4102"}],"curies":[{"name":"wp","href":"https:\/\/api.w.org\/{rel}","templated":true}]}}