{"id":4106,"date":"2024-06-20T13:29:06","date_gmt":"2024-06-20T11:29:06","guid":{"rendered":"https:\/\/bastideparis.fr\/ro49090-ovh\/?page_id=4106"},"modified":"2024-06-20T13:29:44","modified_gmt":"2024-06-20T11:29:44","slug":"tabouret-de-douche-rond-jonquille","status":"publish","type":"page","link":"https:\/\/bastideparis.fr\/ro49090-ovh\/index.php\/tabouret-de-douche-rond-jonquille\/","title":{"rendered":"Tabouret de douche rond jonquille"},"content":{"rendered":"\n<p><a href=\"https:\/\/bastideparis.fr\/ro49090-ovh\/index.php\/showroom-virtuel\/salle-de-bains\/\">Retour<\/a><\/p>\n\n\n\n<p class=\"has-larger-font-size\">Tabouret de douche rond jonquille<\/p>\n\n\n<style>.kb-row-layout-id4106_7b2f67-b7 > .kt-row-column-wrap{align-content:start;}:where(.kb-row-layout-id4106_7b2f67-b7 > .kt-row-column-wrap) > .wp-block-kadence-column{justify-content:start;}.kb-row-layout-id4106_7b2f67-b7 > .kt-row-column-wrap{column-gap:var(--global-kb-gap-md, 2rem);row-gap:var(--global-kb-gap-md, 2rem);padding-top:var(--global-kb-spacing-sm, 1.5rem);padding-bottom:var(--global-kb-spacing-sm, 1.5rem);grid-template-columns:repeat(2, minmax(0, 1fr));}.kb-row-layout-id4106_7b2f67-b7 > .kt-row-layout-overlay{opacity:0.30;}@media all and (max-width: 1024px){.kb-row-layout-id4106_7b2f67-b7 > .kt-row-column-wrap{grid-template-columns:repeat(2, minmax(0, 1fr));}}@media all and (max-width: 767px){.kb-row-layout-id4106_7b2f67-b7 > .kt-row-column-wrap{grid-template-columns:minmax(0, 1fr);}}<\/style><div class=\"kb-row-layout-wrap kb-row-layout-id4106_7b2f67-b7 alignnone wp-block-kadence-rowlayout\"><div class=\"kt-row-column-wrap kt-has-2-columns kt-row-layout-equal kt-tab-layout-inherit kt-mobile-layout-row kt-row-valign-top\">\n<style>.kadence-column4106_550403-e5 > .kt-inside-inner-col,.kadence-column4106_550403-e5 > .kt-inside-inner-col:before{border-top-left-radius:0px;border-top-right-radius:0px;border-bottom-right-radius:0px;border-bottom-left-radius:0px;}.kadence-column4106_550403-e5 > .kt-inside-inner-col{column-gap:var(--global-kb-gap-sm, 1rem);}.kadence-column4106_550403-e5 > .kt-inside-inner-col{flex-direction:column;}.kadence-column4106_550403-e5 > .kt-inside-inner-col > .aligncenter{width:100%;}.kadence-column4106_550403-e5 > .kt-inside-inner-col:before{opacity:0.3;}.kadence-column4106_550403-e5{position:relative;}@media all and (max-width: 1024px){.kadence-column4106_550403-e5 > .kt-inside-inner-col{flex-direction:column;justify-content:center;}}@media all and (max-width: 767px){.kadence-column4106_550403-e5 > .kt-inside-inner-col{flex-direction:column;justify-content:center;}}<\/style>\n<div class=\"wp-block-kadence-column kadence-column4106_550403-e5\"><div class=\"kt-inside-inner-col\">\n<figure class=\"wp-block-image size-large\"><img loading=\"lazy\" decoding=\"async\" width=\"1024\" height=\"727\" src=\"https:\/\/bastideparis.fr\/ro49090-ovh\/wp-content\/uploads\/2024\/06\/tabouret-jonquille-1024x727.webp\" alt=\"\" class=\"wp-image-4105\" srcset=\"https:\/\/bastideparis.fr\/ro49090-ovh\/wp-content\/uploads\/2024\/06\/tabouret-jonquille-1024x727.webp 1024w, https:\/\/bastideparis.fr\/ro49090-ovh\/wp-content\/uploads\/2024\/06\/tabouret-jonquille-300x213.webp 300w, https:\/\/bastideparis.fr\/ro49090-ovh\/wp-content\/uploads\/2024\/06\/tabouret-jonquille-768x545.webp 768w, https:\/\/bastideparis.fr\/ro49090-ovh\/wp-content\/uploads\/2024\/06\/tabouret-jonquille.webp 1040w\" sizes=\"auto, (max-width: 1024px) 100vw, 1024px\" \/><\/figure>\n<\/div><\/div>\n\n\n<style>.kadence-column4106_a0dc7e-da > .kt-inside-inner-col,.kadence-column4106_a0dc7e-da > .kt-inside-inner-col:before{border-top-left-radius:0px;border-top-right-radius:0px;border-bottom-right-radius:0px;border-bottom-left-radius:0px;}.kadence-column4106_a0dc7e-da > .kt-inside-inner-col{column-gap:var(--global-kb-gap-sm, 1rem);}.kadence-column4106_a0dc7e-da > .kt-inside-inner-col{flex-direction:column;}.kadence-column4106_a0dc7e-da > .kt-inside-inner-col > .aligncenter{width:100%;}.kadence-column4106_a0dc7e-da > .kt-inside-inner-col:before{opacity:0.3;}.kadence-column4106_a0dc7e-da{position:relative;}@media all and (max-width: 1024px){.kadence-column4106_a0dc7e-da > .kt-inside-inner-col{flex-direction:column;justify-content:center;}}@media all and (max-width: 767px){.kadence-column4106_a0dc7e-da > .kt-inside-inner-col{flex-direction:column;justify-content:center;}}<\/style>\n<div class=\"wp-block-kadence-column kadence-column4106_a0dc7e-da\"><div class=\"kt-inside-inner-col\">\n<p><strong>Tabouret de douche rond jonquille &#8211; 27,90\u20ac<br>R\u00e9f\u00e9rence : 115735<\/strong><\/p>\n\n\n\n<h2 class=\"wp-block-heading\">Description du produit<\/h2>\n\n\n\n<p>R\u00e9glable en hauteur par boutons poussoirs.<br>Assise souple et confortable.<br>Embout antid\u00e9rapant pour plus de stabilit\u00e9.<br>L\u00e9ger et anti corrosion.<br>Peut \u00eatre utilis\u00e9 dans la douche ou devant un lavabo.<\/p>\n\n\n\n<h2 class=\"wp-block-heading\">Caract\u00e9ristiques<\/h2>\n\n\n\n<p>Diam\u00e8tre de l\u2019assise : 31.5 cm<br>Hauteur de l\u2019assise r\u00e9glable : de 35.5 \u00e0 51.5 cm<br>Poids maximal utilisateur : 136 kg<\/p>\n<\/div><\/div>\n\n<\/div><\/div>","protected":false},"excerpt":{"rendered":"<p>Retour Tabouret de douche rond jonquille Tabouret de douche rond jonquille &#8211; 27,90\u20acR\u00e9f\u00e9rence : 115735 Description du produit R\u00e9glable en hauteur par boutons poussoirs.Assise souple et confortable.Embout antid\u00e9rapant pour plus de stabilit\u00e9.L\u00e9ger et anti corrosion.Peut \u00eatre utilis\u00e9 dans la douche ou devant un lavabo. Caract\u00e9ristiques Diam\u00e8tre de l\u2019assise : 31.5 cmHauteur de l\u2019assise r\u00e9glable :&#8230;<\/p>\n","protected":false},"author":1,"featured_media":0,"parent":0,"menu_order":0,"comment_status":"closed","ping_status":"closed","template":"","meta":{"content-type":"","_kad_post_transparent":"","_kad_post_title":"hide","_kad_post_layout":"","_kad_post_sidebar_id":"","_kad_post_content_style":"","_kad_post_vertical_padding":"","_kad_post_feature":"","_kad_post_feature_position":"","_kad_post_header":false,"_kad_post_footer":false,"footnotes":""},"class_list":["post-4106","page","type-page","status-publish","hentry"],"_links":{"self":[{"href":"https:\/\/bastideparis.fr\/ro49090-ovh\/index.php\/wp-json\/wp\/v2\/pages\/4106","targetHints":{"allow":["GET"]}}],"collection":[{"href":"https:\/\/bastideparis.fr\/ro49090-ovh\/index.php\/wp-json\/wp\/v2\/pages"}],"about":[{"href":"https:\/\/bastideparis.fr\/ro49090-ovh\/index.php\/wp-json\/wp\/v2\/types\/page"}],"author":[{"embeddable":true,"href":"https:\/\/bastideparis.fr\/ro49090-ovh\/index.php\/wp-json\/wp\/v2\/users\/1"}],"replies":[{"embeddable":true,"href":"https:\/\/bastideparis.fr\/ro49090-ovh\/index.php\/wp-json\/wp\/v2\/comments?post=4106"}],"version-history":[{"count":2,"href":"https:\/\/bastideparis.fr\/ro49090-ovh\/index.php\/wp-json\/wp\/v2\/pages\/4106\/revisions"}],"predecessor-version":[{"id":4109,"href":"https:\/\/bastideparis.fr\/ro49090-ovh\/index.php\/wp-json\/wp\/v2\/pages\/4106\/revisions\/4109"}],"wp:attachment":[{"href":"https:\/\/bastideparis.fr\/ro49090-ovh\/index.php\/wp-json\/wp\/v2\/media?parent=4106"}],"curies":[{"name":"wp","href":"https:\/\/api.w.org\/{rel}","templated":true}]}}