{"id":4115,"date":"2024-06-20T13:37:39","date_gmt":"2024-06-20T11:37:39","guid":{"rendered":"https:\/\/bastideparis.fr\/ro49090-ovh\/?page_id=4115"},"modified":"2024-06-20T13:37:40","modified_gmt":"2024-06-20T11:37:40","slug":"siege-de-douche-relevable-capucine","status":"publish","type":"page","link":"https:\/\/bastideparis.fr\/ro49090-ovh\/index.php\/siege-de-douche-relevable-capucine\/","title":{"rendered":"Si\u00e8ge de douche relevable Capucine"},"content":{"rendered":"\n<p><a href=\"https:\/\/bastideparis.fr\/ro49090-ovh\/index.php\/showroom-virtuel\/salle-de-bains\/\">Retour<\/a><\/p>\n\n\n\n<p class=\"has-larger-font-size\">Si\u00e8ge de douche relevable Capucine<\/p>\n\n\n<style>.kb-row-layout-id4115_aa3b85-21 > .kt-row-column-wrap{align-content:start;}:where(.kb-row-layout-id4115_aa3b85-21 > .kt-row-column-wrap) > .wp-block-kadence-column{justify-content:start;}.kb-row-layout-id4115_aa3b85-21 > .kt-row-column-wrap{column-gap:var(--global-kb-gap-md, 2rem);row-gap:var(--global-kb-gap-md, 2rem);padding-top:var(--global-kb-spacing-sm, 1.5rem);padding-bottom:var(--global-kb-spacing-sm, 1.5rem);grid-template-columns:repeat(2, minmax(0, 1fr));}.kb-row-layout-id4115_aa3b85-21 > .kt-row-layout-overlay{opacity:0.30;}@media all and (max-width: 1024px){.kb-row-layout-id4115_aa3b85-21 > .kt-row-column-wrap{grid-template-columns:repeat(2, minmax(0, 1fr));}}@media all and (max-width: 767px){.kb-row-layout-id4115_aa3b85-21 > .kt-row-column-wrap{grid-template-columns:minmax(0, 1fr);}}<\/style><div class=\"kb-row-layout-wrap kb-row-layout-id4115_aa3b85-21 alignnone wp-block-kadence-rowlayout\"><div class=\"kt-row-column-wrap kt-has-2-columns kt-row-layout-equal kt-tab-layout-inherit kt-mobile-layout-row kt-row-valign-top\">\n<style>.kadence-column4115_2b78fe-59 > .kt-inside-inner-col,.kadence-column4115_2b78fe-59 > .kt-inside-inner-col:before{border-top-left-radius:0px;border-top-right-radius:0px;border-bottom-right-radius:0px;border-bottom-left-radius:0px;}.kadence-column4115_2b78fe-59 > .kt-inside-inner-col{column-gap:var(--global-kb-gap-sm, 1rem);}.kadence-column4115_2b78fe-59 > .kt-inside-inner-col{flex-direction:column;}.kadence-column4115_2b78fe-59 > .kt-inside-inner-col > .aligncenter{width:100%;}.kadence-column4115_2b78fe-59 > .kt-inside-inner-col:before{opacity:0.3;}.kadence-column4115_2b78fe-59{position:relative;}@media all and (max-width: 1024px){.kadence-column4115_2b78fe-59 > .kt-inside-inner-col{flex-direction:column;justify-content:center;}}@media all and (max-width: 767px){.kadence-column4115_2b78fe-59 > .kt-inside-inner-col{flex-direction:column;justify-content:center;}}<\/style>\n<div class=\"wp-block-kadence-column kadence-column4115_2b78fe-59\"><div class=\"kt-inside-inner-col\"><div class=\"wp-block-image\">\n<figure class=\"aligncenter size-full\"><img loading=\"lazy\" decoding=\"async\" width=\"360\" height=\"360\" src=\"https:\/\/bastideparis.fr\/ro49090-ovh\/wp-content\/uploads\/2024\/02\/siege-capucine.webp\" alt=\"\" class=\"wp-image-2208\" srcset=\"https:\/\/bastideparis.fr\/ro49090-ovh\/wp-content\/uploads\/2024\/02\/siege-capucine.webp 360w, https:\/\/bastideparis.fr\/ro49090-ovh\/wp-content\/uploads\/2024\/02\/siege-capucine-300x300.webp 300w, https:\/\/bastideparis.fr\/ro49090-ovh\/wp-content\/uploads\/2024\/02\/siege-capucine-150x150.webp 150w\" sizes=\"auto, (max-width: 360px) 100vw, 360px\" \/><\/figure>\n<\/div><\/div><\/div>\n\n\n<style>.kadence-column4115_a41e1b-24 > .kt-inside-inner-col,.kadence-column4115_a41e1b-24 > .kt-inside-inner-col:before{border-top-left-radius:0px;border-top-right-radius:0px;border-bottom-right-radius:0px;border-bottom-left-radius:0px;}.kadence-column4115_a41e1b-24 > .kt-inside-inner-col{column-gap:var(--global-kb-gap-sm, 1rem);}.kadence-column4115_a41e1b-24 > .kt-inside-inner-col{flex-direction:column;}.kadence-column4115_a41e1b-24 > .kt-inside-inner-col > .aligncenter{width:100%;}.kadence-column4115_a41e1b-24 > .kt-inside-inner-col:before{opacity:0.3;}.kadence-column4115_a41e1b-24{position:relative;}@media all and (max-width: 1024px){.kadence-column4115_a41e1b-24 > .kt-inside-inner-col{flex-direction:column;justify-content:center;}}@media all and (max-width: 767px){.kadence-column4115_a41e1b-24 > .kt-inside-inner-col{flex-direction:column;justify-content:center;}}<\/style>\n<div class=\"wp-block-kadence-column kadence-column4115_a41e1b-24\"><div class=\"kt-inside-inner-col\">\n<p><strong>Si\u00e8ge de douche relevable Capucine &#8211; 79,90\u20ac<br>R\u00e9f\u00e9rence : 115716<\/strong><\/p>\n\n\n\n<h2 class=\"wp-block-heading\">Description du produit<\/h2>\n\n\n\n<p>Le&nbsp;<strong>Si\u00e8ge de douche Capucine<\/strong>&nbsp;est un si\u00e8ge de douche mural rabattable, ce dernier permet de prendre sa douche ais\u00e9ment tout en restant assis. Inclinable \u00e0 souhait, l\u2019assise ergonomique \u2013 large de 50 cm \u2013 permet une toilette intime efficace et un \u00e9coulement rapide de l\u2019eau.<\/p>\n<\/div><\/div>\n\n<\/div><\/div>\n\n<style>.kb-row-layout-id4115_3ae278-70 > .kt-row-column-wrap{align-content:start;}:where(.kb-row-layout-id4115_3ae278-70 > .kt-row-column-wrap) > .wp-block-kadence-column{justify-content:start;}.kb-row-layout-id4115_3ae278-70 > .kt-row-column-wrap{column-gap:var(--global-kb-gap-md, 2rem);row-gap:var(--global-kb-gap-md, 2rem);padding-top:var(--global-kb-spacing-sm, 1.5rem);padding-bottom:var(--global-kb-spacing-sm, 1.5rem);grid-template-columns:repeat(2, minmax(0, 1fr));}.kb-row-layout-id4115_3ae278-70 > .kt-row-layout-overlay{opacity:0.30;}@media all and (max-width: 1024px){.kb-row-layout-id4115_3ae278-70 > .kt-row-column-wrap{grid-template-columns:repeat(2, minmax(0, 1fr));}}@media all and (max-width: 767px){.kb-row-layout-id4115_3ae278-70 > .kt-row-column-wrap{grid-template-columns:minmax(0, 1fr);}}<\/style><div class=\"kb-row-layout-wrap kb-row-layout-id4115_3ae278-70 alignnone wp-block-kadence-rowlayout\"><div class=\"kt-row-column-wrap kt-has-2-columns kt-row-layout-equal kt-tab-layout-inherit kt-mobile-layout-row kt-row-valign-top\">\n<style>.kadence-column4115_52c8d3-5e > .kt-inside-inner-col,.kadence-column4115_52c8d3-5e > .kt-inside-inner-col:before{border-top-left-radius:0px;border-top-right-radius:0px;border-bottom-right-radius:0px;border-bottom-left-radius:0px;}.kadence-column4115_52c8d3-5e > .kt-inside-inner-col{column-gap:var(--global-kb-gap-sm, 1rem);}.kadence-column4115_52c8d3-5e > .kt-inside-inner-col{flex-direction:column;}.kadence-column4115_52c8d3-5e > .kt-inside-inner-col > .aligncenter{width:100%;}.kadence-column4115_52c8d3-5e > .kt-inside-inner-col:before{opacity:0.3;}.kadence-column4115_52c8d3-5e{position:relative;}@media all and (max-width: 1024px){.kadence-column4115_52c8d3-5e > .kt-inside-inner-col{flex-direction:column;justify-content:center;}}@media all and (max-width: 767px){.kadence-column4115_52c8d3-5e > .kt-inside-inner-col{flex-direction:column;justify-content:center;}}<\/style>\n<div class=\"wp-block-kadence-column kadence-column4115_52c8d3-5e\"><div class=\"kt-inside-inner-col\">\n<h2 class=\"wp-block-heading\">Un si\u00e8ge de douche mural r\u00e9glable<\/h2>\n\n\n\n<p>Ce si\u00e8ge de douche mural peut ainsi se r\u00e9gler en hauteur, de 40 \u00e0 58 cm, et support un poids de 135 kg. L\u2019aspect s\u00e9curit\u00e9 est renforc\u00e9 par l\u2019utilisation de deux plots antid\u00e9rapants, situ\u00e9s au bas de chaque pied du si\u00e8ge. De plus, chacun des pieds est ajustable ind\u00e9pendamment l&rsquo;un de l\u2019autre afin de compenser les in\u00e9galit\u00e9s du sol (joints de carrelage, d\u00e9formation du carrelage, etc).<\/p>\n\n\n\n<p>Une fois la douche termin\u00e9e, vous pourrez donc rabattre de ce si\u00e8ge de douche. Ainsi, il se fondra dans le d\u00e9cor gr\u00e2ce \u00e0 ses 11 cm de profondeur seulement.<\/p>\n<\/div><\/div>\n\n\n<style>.kadence-column4115_be7b29-e0 > .kt-inside-inner-col,.kadence-column4115_be7b29-e0 > .kt-inside-inner-col:before{border-top-left-radius:0px;border-top-right-radius:0px;border-bottom-right-radius:0px;border-bottom-left-radius:0px;}.kadence-column4115_be7b29-e0 > .kt-inside-inner-col{column-gap:var(--global-kb-gap-sm, 1rem);}.kadence-column4115_be7b29-e0 > .kt-inside-inner-col{flex-direction:column;}.kadence-column4115_be7b29-e0 > .kt-inside-inner-col > .aligncenter{width:100%;}.kadence-column4115_be7b29-e0 > .kt-inside-inner-col:before{opacity:0.3;}.kadence-column4115_be7b29-e0{position:relative;}@media all and (max-width: 1024px){.kadence-column4115_be7b29-e0 > .kt-inside-inner-col{flex-direction:column;justify-content:center;}}@media all and (max-width: 767px){.kadence-column4115_be7b29-e0 > .kt-inside-inner-col{flex-direction:column;justify-content:center;}}<\/style>\n<div class=\"wp-block-kadence-column kadence-column4115_be7b29-e0\"><div class=\"kt-inside-inner-col\">\n<h2 class=\"wp-block-heading\">Avantages du Si\u00e8ge de douche mural Capucine<\/h2>\n\n\n\n<ul class=\"wp-block-list\">\n<li>Dimensions de l\u2019assise : largeur 50 cm x profondeur 28 cm<\/li>\n\n\n\n<li>Hauteur des pieds r\u00e9glables de 40 \u00e0 58 cm<\/li>\n\n\n\n<li>Poids maximal utilisateur : 135 kg\u00a0<\/li>\n\n\n\n<li>Mati\u00e8re : pvc et acier inoxydable<\/li>\n<\/ul>\n<\/div><\/div>\n\n<\/div><\/div>","protected":false},"excerpt":{"rendered":"<p>Retour Si\u00e8ge de douche relevable Capucine Si\u00e8ge de douche relevable Capucine &#8211; 79,90\u20acR\u00e9f\u00e9rence : 115716 Description du produit Le&nbsp;Si\u00e8ge de douche Capucine&nbsp;est un si\u00e8ge de douche mural rabattable, ce dernier permet de prendre sa douche ais\u00e9ment tout en restant assis. Inclinable \u00e0 souhait, l\u2019assise ergonomique \u2013 large de 50 cm \u2013 permet une toilette intime&#8230;<\/p>\n","protected":false},"author":1,"featured_media":0,"parent":0,"menu_order":0,"comment_status":"closed","ping_status":"closed","template":"","meta":{"content-type":"","_kad_post_transparent":"","_kad_post_title":"hide","_kad_post_layout":"","_kad_post_sidebar_id":"","_kad_post_content_style":"","_kad_post_vertical_padding":"","_kad_post_feature":"","_kad_post_feature_position":"","_kad_post_header":false,"_kad_post_footer":false,"footnotes":""},"class_list":["post-4115","page","type-page","status-publish","hentry"],"_links":{"self":[{"href":"https:\/\/bastideparis.fr\/ro49090-ovh\/index.php\/wp-json\/wp\/v2\/pages\/4115","targetHints":{"allow":["GET"]}}],"collection":[{"href":"https:\/\/bastideparis.fr\/ro49090-ovh\/index.php\/wp-json\/wp\/v2\/pages"}],"about":[{"href":"https:\/\/bastideparis.fr\/ro49090-ovh\/index.php\/wp-json\/wp\/v2\/types\/page"}],"author":[{"embeddable":true,"href":"https:\/\/bastideparis.fr\/ro49090-ovh\/index.php\/wp-json\/wp\/v2\/users\/1"}],"replies":[{"embeddable":true,"href":"https:\/\/bastideparis.fr\/ro49090-ovh\/index.php\/wp-json\/wp\/v2\/comments?post=4115"}],"version-history":[{"count":1,"href":"https:\/\/bastideparis.fr\/ro49090-ovh\/index.php\/wp-json\/wp\/v2\/pages\/4115\/revisions"}],"predecessor-version":[{"id":4116,"href":"https:\/\/bastideparis.fr\/ro49090-ovh\/index.php\/wp-json\/wp\/v2\/pages\/4115\/revisions\/4116"}],"wp:attachment":[{"href":"https:\/\/bastideparis.fr\/ro49090-ovh\/index.php\/wp-json\/wp\/v2\/media?parent=4115"}],"curies":[{"name":"wp","href":"https:\/\/api.w.org\/{rel}","templated":true}]}}