{"id":4118,"date":"2024-06-20T13:39:42","date_gmt":"2024-06-20T11:39:42","guid":{"rendered":"https:\/\/bastideparis.fr\/ro49090-ovh\/?page_id=4118"},"modified":"2024-06-20T13:39:43","modified_gmt":"2024-06-20T11:39:43","slug":"tapis-sortie-de-bain-antiderapant-confort","status":"publish","type":"page","link":"https:\/\/bastideparis.fr\/ro49090-ovh\/index.php\/tapis-sortie-de-bain-antiderapant-confort\/","title":{"rendered":"Tapis sortie de bain antid\u00e9rapant confort"},"content":{"rendered":"\n<p><a href=\"https:\/\/bastideparis.fr\/ro49090-ovh\/index.php\/showroom-virtuel\/salle-de-bains\/\">Retour<\/a><\/p>\n\n\n\n<p class=\"has-larger-font-size\">Tapis sortie de bain antid\u00e9rapant confort<\/p>\n\n\n<style>.kb-row-layout-id4118_d6bc80-1d > .kt-row-column-wrap{align-content:start;}:where(.kb-row-layout-id4118_d6bc80-1d > .kt-row-column-wrap) > .wp-block-kadence-column{justify-content:start;}.kb-row-layout-id4118_d6bc80-1d > .kt-row-column-wrap{column-gap:var(--global-kb-gap-md, 2rem);row-gap:var(--global-kb-gap-md, 2rem);padding-top:var(--global-kb-spacing-sm, 1.5rem);padding-bottom:var(--global-kb-spacing-sm, 1.5rem);grid-template-columns:repeat(2, minmax(0, 1fr));}.kb-row-layout-id4118_d6bc80-1d > .kt-row-layout-overlay{opacity:0.30;}@media all and (max-width: 1024px){.kb-row-layout-id4118_d6bc80-1d > .kt-row-column-wrap{grid-template-columns:repeat(2, minmax(0, 1fr));}}@media all and (max-width: 767px){.kb-row-layout-id4118_d6bc80-1d > .kt-row-column-wrap{grid-template-columns:minmax(0, 1fr);}}<\/style><div class=\"kb-row-layout-wrap kb-row-layout-id4118_d6bc80-1d alignnone wp-block-kadence-rowlayout\"><div class=\"kt-row-column-wrap kt-has-2-columns kt-row-layout-equal kt-tab-layout-inherit kt-mobile-layout-row kt-row-valign-top\">\n<style>.kadence-column4118_a00b67-67 > .kt-inside-inner-col,.kadence-column4118_a00b67-67 > .kt-inside-inner-col:before{border-top-left-radius:0px;border-top-right-radius:0px;border-bottom-right-radius:0px;border-bottom-left-radius:0px;}.kadence-column4118_a00b67-67 > .kt-inside-inner-col{column-gap:var(--global-kb-gap-sm, 1rem);}.kadence-column4118_a00b67-67 > .kt-inside-inner-col{flex-direction:column;}.kadence-column4118_a00b67-67 > .kt-inside-inner-col > .aligncenter{width:100%;}.kadence-column4118_a00b67-67 > .kt-inside-inner-col:before{opacity:0.3;}.kadence-column4118_a00b67-67{position:relative;}@media all and (max-width: 1024px){.kadence-column4118_a00b67-67 > .kt-inside-inner-col{flex-direction:column;justify-content:center;}}@media all and (max-width: 767px){.kadence-column4118_a00b67-67 > .kt-inside-inner-col{flex-direction:column;justify-content:center;}}<\/style>\n<div class=\"wp-block-kadence-column kadence-column4118_a00b67-67\"><div class=\"kt-inside-inner-col\"><div class=\"wp-block-image\">\n<figure class=\"aligncenter size-full\"><img loading=\"lazy\" decoding=\"async\" width=\"360\" height=\"360\" src=\"https:\/\/bastideparis.fr\/ro49090-ovh\/wp-content\/uploads\/2024\/02\/tapis-galets.webp\" alt=\"\" class=\"wp-image-2209\" srcset=\"https:\/\/bastideparis.fr\/ro49090-ovh\/wp-content\/uploads\/2024\/02\/tapis-galets.webp 360w, https:\/\/bastideparis.fr\/ro49090-ovh\/wp-content\/uploads\/2024\/02\/tapis-galets-300x300.webp 300w, https:\/\/bastideparis.fr\/ro49090-ovh\/wp-content\/uploads\/2024\/02\/tapis-galets-150x150.webp 150w\" sizes=\"auto, (max-width: 360px) 100vw, 360px\" \/><\/figure>\n<\/div><\/div><\/div>\n\n\n<style>.kadence-column4118_e9164a-61 > .kt-inside-inner-col,.kadence-column4118_e9164a-61 > .kt-inside-inner-col:before{border-top-left-radius:0px;border-top-right-radius:0px;border-bottom-right-radius:0px;border-bottom-left-radius:0px;}.kadence-column4118_e9164a-61 > .kt-inside-inner-col{column-gap:var(--global-kb-gap-sm, 1rem);}.kadence-column4118_e9164a-61 > .kt-inside-inner-col{flex-direction:column;}.kadence-column4118_e9164a-61 > .kt-inside-inner-col > .aligncenter{width:100%;}.kadence-column4118_e9164a-61 > .kt-inside-inner-col:before{opacity:0.3;}.kadence-column4118_e9164a-61{position:relative;}@media all and (max-width: 1024px){.kadence-column4118_e9164a-61 > .kt-inside-inner-col{flex-direction:column;justify-content:center;}}@media all and (max-width: 767px){.kadence-column4118_e9164a-61 > .kt-inside-inner-col{flex-direction:column;justify-content:center;}}<\/style>\n<div class=\"wp-block-kadence-column kadence-column4118_e9164a-61\"><div class=\"kt-inside-inner-col\">\n<p><strong>Tapis sortie de bain antid\u00e9rapant confort &#8211; 19,90\u20ac<br>R\u00e9f\u00e9rence : 114590<\/strong><\/p>\n\n\n\n<h2 class=\"wp-block-heading\">Description du produit<\/h2>\n\n\n\n<p>Le<strong>&nbsp;tapis de sortie de bain<\/strong>&nbsp;\u00e0 motif galet est un&nbsp;<strong>tapis antid\u00e9rapant et moelleux<\/strong>. Simple et confortable, il peut \u00eatre plac\u00e9 dans diff\u00e9rentes pi\u00e8ces de son int\u00e9rieur. Vous pouvez le placer au pied du lit, dans votre salle de bain, dans votre cuisine\u2026<\/p>\n<\/div><\/div>\n\n<\/div><\/div>\n\n<style>.kb-row-layout-id4118_74ad0f-f4 > .kt-row-column-wrap{align-content:start;}:where(.kb-row-layout-id4118_74ad0f-f4 > .kt-row-column-wrap) > .wp-block-kadence-column{justify-content:start;}.kb-row-layout-id4118_74ad0f-f4 > .kt-row-column-wrap{column-gap:var(--global-kb-gap-md, 2rem);row-gap:var(--global-kb-gap-md, 2rem);padding-top:var(--global-kb-spacing-sm, 1.5rem);padding-bottom:var(--global-kb-spacing-sm, 1.5rem);grid-template-columns:repeat(2, minmax(0, 1fr));}.kb-row-layout-id4118_74ad0f-f4 > .kt-row-layout-overlay{opacity:0.30;}@media all and (max-width: 1024px){.kb-row-layout-id4118_74ad0f-f4 > .kt-row-column-wrap{grid-template-columns:repeat(2, minmax(0, 1fr));}}@media all and (max-width: 767px){.kb-row-layout-id4118_74ad0f-f4 > .kt-row-column-wrap{grid-template-columns:minmax(0, 1fr);}}<\/style><div class=\"kb-row-layout-wrap kb-row-layout-id4118_74ad0f-f4 alignnone wp-block-kadence-rowlayout\"><div class=\"kt-row-column-wrap kt-has-2-columns kt-row-layout-equal kt-tab-layout-inherit kt-mobile-layout-row kt-row-valign-top\">\n<style>.kadence-column4118_761e68-96 > .kt-inside-inner-col,.kadence-column4118_761e68-96 > .kt-inside-inner-col:before{border-top-left-radius:0px;border-top-right-radius:0px;border-bottom-right-radius:0px;border-bottom-left-radius:0px;}.kadence-column4118_761e68-96 > .kt-inside-inner-col{column-gap:var(--global-kb-gap-sm, 1rem);}.kadence-column4118_761e68-96 > .kt-inside-inner-col{flex-direction:column;}.kadence-column4118_761e68-96 > .kt-inside-inner-col > .aligncenter{width:100%;}.kadence-column4118_761e68-96 > .kt-inside-inner-col:before{opacity:0.3;}.kadence-column4118_761e68-96{position:relative;}@media all and (max-width: 1024px){.kadence-column4118_761e68-96 > .kt-inside-inner-col{flex-direction:column;justify-content:center;}}@media all and (max-width: 767px){.kadence-column4118_761e68-96 > .kt-inside-inner-col{flex-direction:column;justify-content:center;}}<\/style>\n<div class=\"wp-block-kadence-column kadence-column4118_761e68-96\"><div class=\"kt-inside-inner-col\">\n<h2 class=\"wp-block-heading\">Un tapis antid\u00e9rapant confortable<\/h2>\n\n\n\n<p>En mousse \u00e0 m\u00e9moire de forme, le&nbsp;<strong>tapis antid\u00e9rapant<\/strong>&nbsp;est particuli\u00e8rement moelleux et agr\u00e9able. Son motif confort, \u00e9pouse l\u2019empreinte des pieds. Pratique, ce tapis peut \u00eatre utilis\u00e9 en tapis de bain pour s\u00e9curiser les transferts dans la salle de bain.<\/p>\n<\/div><\/div>\n\n\n<style>.kadence-column4118_79dcfe-69 > .kt-inside-inner-col,.kadence-column4118_79dcfe-69 > .kt-inside-inner-col:before{border-top-left-radius:0px;border-top-right-radius:0px;border-bottom-right-radius:0px;border-bottom-left-radius:0px;}.kadence-column4118_79dcfe-69 > .kt-inside-inner-col{column-gap:var(--global-kb-gap-sm, 1rem);}.kadence-column4118_79dcfe-69 > .kt-inside-inner-col{flex-direction:column;}.kadence-column4118_79dcfe-69 > .kt-inside-inner-col > .aligncenter{width:100%;}.kadence-column4118_79dcfe-69 > .kt-inside-inner-col:before{opacity:0.3;}.kadence-column4118_79dcfe-69{position:relative;}@media all and (max-width: 1024px){.kadence-column4118_79dcfe-69 > .kt-inside-inner-col{flex-direction:column;justify-content:center;}}@media all and (max-width: 767px){.kadence-column4118_79dcfe-69 > .kt-inside-inner-col{flex-direction:column;justify-content:center;}}<\/style>\n<div class=\"wp-block-kadence-column kadence-column4118_79dcfe-69\"><div class=\"kt-inside-inner-col\">\n<h2 class=\"wp-block-heading\">Caract\u00e9ristiques du tapis antid\u00e9rapant<\/h2>\n\n\n\n<ul class=\"wp-block-list\">\n<li>Coloris\u00a0: Sable<\/li>\n\n\n\n<li>Mousse en polyur\u00e9thane \u00e0 m\u00e9moire de forme<\/li>\n\n\n\n<li>Epaisseur\u00a0: 1.2 cm<\/li>\n\n\n\n<li>Lavable en machine \u00e0 30\u00b0<\/li>\n\n\n\n<li>Dimension\u00a0: 60 x 45 x 1.2 cm<\/li>\n\n\n\n<li>Dessous en PVC antid\u00e9rapant 180g\/m2<\/li>\n<\/ul>\n<\/div><\/div>\n\n<\/div><\/div>","protected":false},"excerpt":{"rendered":"<p>Retour Tapis sortie de bain antid\u00e9rapant confort Tapis sortie de bain antid\u00e9rapant confort &#8211; 19,90\u20acR\u00e9f\u00e9rence : 114590 Description du produit Le&nbsp;tapis de sortie de bain&nbsp;\u00e0 motif galet est un&nbsp;tapis antid\u00e9rapant et moelleux. Simple et confortable, il peut \u00eatre plac\u00e9 dans diff\u00e9rentes pi\u00e8ces de son int\u00e9rieur. Vous pouvez le placer au pied du lit, dans votre&#8230;<\/p>\n","protected":false},"author":1,"featured_media":0,"parent":0,"menu_order":0,"comment_status":"closed","ping_status":"closed","template":"","meta":{"content-type":"","_kad_post_transparent":"","_kad_post_title":"hide","_kad_post_layout":"","_kad_post_sidebar_id":"","_kad_post_content_style":"","_kad_post_vertical_padding":"","_kad_post_feature":"","_kad_post_feature_position":"","_kad_post_header":false,"_kad_post_footer":false,"footnotes":""},"class_list":["post-4118","page","type-page","status-publish","hentry"],"_links":{"self":[{"href":"https:\/\/bastideparis.fr\/ro49090-ovh\/index.php\/wp-json\/wp\/v2\/pages\/4118","targetHints":{"allow":["GET"]}}],"collection":[{"href":"https:\/\/bastideparis.fr\/ro49090-ovh\/index.php\/wp-json\/wp\/v2\/pages"}],"about":[{"href":"https:\/\/bastideparis.fr\/ro49090-ovh\/index.php\/wp-json\/wp\/v2\/types\/page"}],"author":[{"embeddable":true,"href":"https:\/\/bastideparis.fr\/ro49090-ovh\/index.php\/wp-json\/wp\/v2\/users\/1"}],"replies":[{"embeddable":true,"href":"https:\/\/bastideparis.fr\/ro49090-ovh\/index.php\/wp-json\/wp\/v2\/comments?post=4118"}],"version-history":[{"count":1,"href":"https:\/\/bastideparis.fr\/ro49090-ovh\/index.php\/wp-json\/wp\/v2\/pages\/4118\/revisions"}],"predecessor-version":[{"id":4119,"href":"https:\/\/bastideparis.fr\/ro49090-ovh\/index.php\/wp-json\/wp\/v2\/pages\/4118\/revisions\/4119"}],"wp:attachment":[{"href":"https:\/\/bastideparis.fr\/ro49090-ovh\/index.php\/wp-json\/wp\/v2\/media?parent=4118"}],"curies":[{"name":"wp","href":"https:\/\/api.w.org\/{rel}","templated":true}]}}