{"id":4121,"date":"2024-06-20T13:42:53","date_gmt":"2024-06-20T11:42:53","guid":{"rendered":"https:\/\/bastideparis.fr\/ro49090-ovh\/?page_id=4121"},"modified":"2024-06-20T13:42:53","modified_gmt":"2024-06-20T11:42:53","slug":"tapis-de-bain-diatomite","status":"publish","type":"page","link":"https:\/\/bastideparis.fr\/ro49090-ovh\/index.php\/tapis-de-bain-diatomite\/","title":{"rendered":"Tapis de bain Diatomite"},"content":{"rendered":"\n<p><a href=\"https:\/\/bastideparis.fr\/ro49090-ovh\/index.php\/showroom-virtuel\/salle-de-bains\/\">Retour<\/a><\/p>\n\n\n\n<p class=\"has-larger-font-size\">Tapis de bain Diatomite<\/p>\n\n\n<style>.kb-row-layout-id4121_2b2b74-52 > .kt-row-column-wrap{align-content:start;}:where(.kb-row-layout-id4121_2b2b74-52 > .kt-row-column-wrap) > .wp-block-kadence-column{justify-content:start;}.kb-row-layout-id4121_2b2b74-52 > .kt-row-column-wrap{column-gap:var(--global-kb-gap-md, 2rem);row-gap:var(--global-kb-gap-md, 2rem);padding-top:var(--global-kb-spacing-sm, 1.5rem);padding-bottom:var(--global-kb-spacing-sm, 1.5rem);grid-template-columns:repeat(2, minmax(0, 1fr));}.kb-row-layout-id4121_2b2b74-52 > .kt-row-layout-overlay{opacity:0.30;}@media all and (max-width: 1024px){.kb-row-layout-id4121_2b2b74-52 > .kt-row-column-wrap{grid-template-columns:repeat(2, minmax(0, 1fr));}}@media all and (max-width: 767px){.kb-row-layout-id4121_2b2b74-52 > .kt-row-column-wrap{grid-template-columns:minmax(0, 1fr);}}<\/style><div class=\"kb-row-layout-wrap kb-row-layout-id4121_2b2b74-52 alignnone wp-block-kadence-rowlayout\"><div class=\"kt-row-column-wrap kt-has-2-columns kt-row-layout-equal kt-tab-layout-inherit kt-mobile-layout-row kt-row-valign-top\">\n<style>.kadence-column4121_e4af97-4f > .kt-inside-inner-col,.kadence-column4121_e4af97-4f > .kt-inside-inner-col:before{border-top-left-radius:0px;border-top-right-radius:0px;border-bottom-right-radius:0px;border-bottom-left-radius:0px;}.kadence-column4121_e4af97-4f > .kt-inside-inner-col{column-gap:var(--global-kb-gap-sm, 1rem);}.kadence-column4121_e4af97-4f > .kt-inside-inner-col{flex-direction:column;}.kadence-column4121_e4af97-4f > .kt-inside-inner-col > .aligncenter{width:100%;}.kadence-column4121_e4af97-4f > .kt-inside-inner-col:before{opacity:0.3;}.kadence-column4121_e4af97-4f{position:relative;}@media all and (max-width: 1024px){.kadence-column4121_e4af97-4f > .kt-inside-inner-col{flex-direction:column;justify-content:center;}}@media all and (max-width: 767px){.kadence-column4121_e4af97-4f > .kt-inside-inner-col{flex-direction:column;justify-content:center;}}<\/style>\n<div class=\"wp-block-kadence-column kadence-column4121_e4af97-4f\"><div class=\"kt-inside-inner-col\"><div class=\"wp-block-image\">\n<figure class=\"aligncenter size-full\"><img loading=\"lazy\" decoding=\"async\" width=\"360\" height=\"360\" src=\"https:\/\/bastideparis.fr\/ro49090-ovh\/wp-content\/uploads\/2024\/02\/diatomite.webp\" alt=\"\" class=\"wp-image-2210\" srcset=\"https:\/\/bastideparis.fr\/ro49090-ovh\/wp-content\/uploads\/2024\/02\/diatomite.webp 360w, https:\/\/bastideparis.fr\/ro49090-ovh\/wp-content\/uploads\/2024\/02\/diatomite-300x300.webp 300w, https:\/\/bastideparis.fr\/ro49090-ovh\/wp-content\/uploads\/2024\/02\/diatomite-150x150.webp 150w\" sizes=\"auto, (max-width: 360px) 100vw, 360px\" \/><\/figure>\n<\/div><\/div><\/div>\n\n\n<style>.kadence-column4121_41856a-fd > .kt-inside-inner-col,.kadence-column4121_41856a-fd > .kt-inside-inner-col:before{border-top-left-radius:0px;border-top-right-radius:0px;border-bottom-right-radius:0px;border-bottom-left-radius:0px;}.kadence-column4121_41856a-fd > .kt-inside-inner-col{column-gap:var(--global-kb-gap-sm, 1rem);}.kadence-column4121_41856a-fd > .kt-inside-inner-col{flex-direction:column;}.kadence-column4121_41856a-fd > .kt-inside-inner-col > .aligncenter{width:100%;}.kadence-column4121_41856a-fd > .kt-inside-inner-col:before{opacity:0.3;}.kadence-column4121_41856a-fd{position:relative;}@media all and (max-width: 1024px){.kadence-column4121_41856a-fd > .kt-inside-inner-col{flex-direction:column;justify-content:center;}}@media all and (max-width: 767px){.kadence-column4121_41856a-fd > .kt-inside-inner-col{flex-direction:column;justify-content:center;}}<\/style>\n<div class=\"wp-block-kadence-column kadence-column4121_41856a-fd\"><div class=\"kt-inside-inner-col\">\n<p><strong>Tapis de bain Diatomite &#8211; 31,90\u20ac<br>R\u00e9f\u00e9rence : 113348<\/strong><\/p>\n\n\n\n<h2 class=\"wp-block-heading\">Description du produit<\/h2>\n\n\n\n<p>Gr\u00e2ce \u00e0 sa composition en diatomite (une roche s\u00e9dimentaire naturelle), ce tapis de douche&nbsp;<strong>s\u00e8che en quelques secondes<\/strong>&nbsp;l\u2019humidit\u00e9 de vos pieds. La roche qui le compose est&nbsp;<strong>naturellement antibact\u00e9rienne<\/strong>, doublant ainsi son efficacit\u00e9 pour lutter contre les bact\u00e9ries qui peuvent prolif\u00e9rer dans les endroits humides.<\/p>\n<\/div><\/div>\n\n<\/div><\/div>\n\n<style>.kb-row-layout-id4121_1c993f-5c > .kt-row-column-wrap{align-content:start;}:where(.kb-row-layout-id4121_1c993f-5c > .kt-row-column-wrap) > .wp-block-kadence-column{justify-content:start;}.kb-row-layout-id4121_1c993f-5c > .kt-row-column-wrap{column-gap:var(--global-kb-gap-md, 2rem);row-gap:var(--global-kb-gap-md, 2rem);padding-top:var(--global-kb-spacing-sm, 1.5rem);padding-bottom:var(--global-kb-spacing-sm, 1.5rem);grid-template-columns:repeat(2, minmax(0, 1fr));}.kb-row-layout-id4121_1c993f-5c > .kt-row-layout-overlay{opacity:0.30;}@media all and (max-width: 1024px){.kb-row-layout-id4121_1c993f-5c > .kt-row-column-wrap{grid-template-columns:repeat(2, minmax(0, 1fr));}}@media all and (max-width: 767px){.kb-row-layout-id4121_1c993f-5c > .kt-row-column-wrap{grid-template-columns:minmax(0, 1fr);}}<\/style><div class=\"kb-row-layout-wrap kb-row-layout-id4121_1c993f-5c alignnone wp-block-kadence-rowlayout\"><div class=\"kt-row-column-wrap kt-has-2-columns kt-row-layout-equal kt-tab-layout-inherit kt-mobile-layout-row kt-row-valign-top\">\n<style>.kadence-column4121_62701d-e0 > .kt-inside-inner-col,.kadence-column4121_62701d-e0 > .kt-inside-inner-col:before{border-top-left-radius:0px;border-top-right-radius:0px;border-bottom-right-radius:0px;border-bottom-left-radius:0px;}.kadence-column4121_62701d-e0 > .kt-inside-inner-col{column-gap:var(--global-kb-gap-sm, 1rem);}.kadence-column4121_62701d-e0 > .kt-inside-inner-col{flex-direction:column;}.kadence-column4121_62701d-e0 > .kt-inside-inner-col > .aligncenter{width:100%;}.kadence-column4121_62701d-e0 > .kt-inside-inner-col:before{opacity:0.3;}.kadence-column4121_62701d-e0{position:relative;}@media all and (max-width: 1024px){.kadence-column4121_62701d-e0 > .kt-inside-inner-col{flex-direction:column;justify-content:center;}}@media all and (max-width: 767px){.kadence-column4121_62701d-e0 > .kt-inside-inner-col{flex-direction:column;justify-content:center;}}<\/style>\n<div class=\"wp-block-kadence-column kadence-column4121_62701d-e0\"><div class=\"kt-inside-inner-col\">\n<h2 class=\"wp-block-heading\">Tapis de bain antid\u00e9rapant et s\u00e9curisant<\/h2>\n\n\n\n<p>Dot\u00e9 d\u2019une surface antid\u00e9rapante, le tapis de douche diatomite assure une s\u00e9curit\u00e9 in\u00e9galable d\u00e8s la sortie de douche.<\/p>\n\n\n\n<h2 class=\"wp-block-heading\">Entretien facile<\/h2>\n\n\n\n<p>Le tapis de douche s\u00e8che rapidement et redevient sans trace. Pour le nettoyer, il vous suffit de le laver en l\u2019immergeant dans de l\u2019eau savonneuse ou bien par pon\u00e7age l\u00e9ger.<\/p>\n<\/div><\/div>\n\n\n<style>.kadence-column4121_8fde23-f0 > .kt-inside-inner-col,.kadence-column4121_8fde23-f0 > .kt-inside-inner-col:before{border-top-left-radius:0px;border-top-right-radius:0px;border-bottom-right-radius:0px;border-bottom-left-radius:0px;}.kadence-column4121_8fde23-f0 > .kt-inside-inner-col{column-gap:var(--global-kb-gap-sm, 1rem);}.kadence-column4121_8fde23-f0 > .kt-inside-inner-col{flex-direction:column;}.kadence-column4121_8fde23-f0 > .kt-inside-inner-col > .aligncenter{width:100%;}.kadence-column4121_8fde23-f0 > .kt-inside-inner-col:before{opacity:0.3;}.kadence-column4121_8fde23-f0{position:relative;}@media all and (max-width: 1024px){.kadence-column4121_8fde23-f0 > .kt-inside-inner-col{flex-direction:column;justify-content:center;}}@media all and (max-width: 767px){.kadence-column4121_8fde23-f0 > .kt-inside-inner-col{flex-direction:column;justify-content:center;}}<\/style>\n<div class=\"wp-block-kadence-column kadence-column4121_8fde23-f0\"><div class=\"kt-inside-inner-col\">\n<h2 class=\"wp-block-heading\">Caract\u00e9ristiques du tapis de douche<\/h2>\n\n\n\n<ul class=\"wp-block-list\">\n<li>Diatomite<\/li>\n\n\n\n<li>Antid\u00e9rapant<\/li>\n\n\n\n<li>Antibact\u00e9rien<\/li>\n\n\n\n<li>Coloris\u00a0: Gris perle<\/li>\n\n\n\n<li>Dimensions\u00a0: 60 x 40 cm<\/li>\n\n\n\n<li>Poids du tapis\u00a0: 2.2 kg<\/li>\n<\/ul>\n<\/div><\/div>\n\n<\/div><\/div>","protected":false},"excerpt":{"rendered":"<p>Retour Tapis de bain Diatomite Tapis de bain Diatomite &#8211; 31,90\u20acR\u00e9f\u00e9rence : 113348 Description du produit Gr\u00e2ce \u00e0 sa composition en diatomite (une roche s\u00e9dimentaire naturelle), ce tapis de douche&nbsp;s\u00e8che en quelques secondes&nbsp;l\u2019humidit\u00e9 de vos pieds. La roche qui le compose est&nbsp;naturellement antibact\u00e9rienne, doublant ainsi son efficacit\u00e9 pour lutter contre les bact\u00e9ries qui peuvent prolif\u00e9rer&#8230;<\/p>\n","protected":false},"author":1,"featured_media":0,"parent":0,"menu_order":0,"comment_status":"closed","ping_status":"closed","template":"","meta":{"content-type":"","_kad_post_transparent":"","_kad_post_title":"hide","_kad_post_layout":"","_kad_post_sidebar_id":"","_kad_post_content_style":"","_kad_post_vertical_padding":"","_kad_post_feature":"","_kad_post_feature_position":"","_kad_post_header":false,"_kad_post_footer":false,"footnotes":""},"class_list":["post-4121","page","type-page","status-publish","hentry"],"_links":{"self":[{"href":"https:\/\/bastideparis.fr\/ro49090-ovh\/index.php\/wp-json\/wp\/v2\/pages\/4121","targetHints":{"allow":["GET"]}}],"collection":[{"href":"https:\/\/bastideparis.fr\/ro49090-ovh\/index.php\/wp-json\/wp\/v2\/pages"}],"about":[{"href":"https:\/\/bastideparis.fr\/ro49090-ovh\/index.php\/wp-json\/wp\/v2\/types\/page"}],"author":[{"embeddable":true,"href":"https:\/\/bastideparis.fr\/ro49090-ovh\/index.php\/wp-json\/wp\/v2\/users\/1"}],"replies":[{"embeddable":true,"href":"https:\/\/bastideparis.fr\/ro49090-ovh\/index.php\/wp-json\/wp\/v2\/comments?post=4121"}],"version-history":[{"count":1,"href":"https:\/\/bastideparis.fr\/ro49090-ovh\/index.php\/wp-json\/wp\/v2\/pages\/4121\/revisions"}],"predecessor-version":[{"id":4122,"href":"https:\/\/bastideparis.fr\/ro49090-ovh\/index.php\/wp-json\/wp\/v2\/pages\/4121\/revisions\/4122"}],"wp:attachment":[{"href":"https:\/\/bastideparis.fr\/ro49090-ovh\/index.php\/wp-json\/wp\/v2\/media?parent=4121"}],"curies":[{"name":"wp","href":"https:\/\/api.w.org\/{rel}","templated":true}]}}