{"id":4132,"date":"2024-06-20T13:54:49","date_gmt":"2024-06-20T11:54:49","guid":{"rendered":"https:\/\/bastideparis.fr\/ro49090-ovh\/?page_id=4132"},"modified":"2024-06-20T13:54:51","modified_gmt":"2024-06-20T11:54:51","slug":"bassin-gonflable-pour-laver-les-cheveux","status":"publish","type":"page","link":"https:\/\/bastideparis.fr\/ro49090-ovh\/index.php\/bassin-gonflable-pour-laver-les-cheveux\/","title":{"rendered":"Bassin gonflable pour laver les cheveux"},"content":{"rendered":"\n<p><a href=\"https:\/\/bastideparis.fr\/ro49090-ovh\/index.php\/showroom-virtuel\/salle-de-bains\/\">Retour<\/a><\/p>\n\n\n\n<p class=\"has-larger-font-size\">Bassin gonflable pour laver les cheveux<\/p>\n\n\n<style>.kb-row-layout-id4132_843e9e-54 > .kt-row-column-wrap{align-content:start;}:where(.kb-row-layout-id4132_843e9e-54 > .kt-row-column-wrap) > .wp-block-kadence-column{justify-content:start;}.kb-row-layout-id4132_843e9e-54 > .kt-row-column-wrap{column-gap:var(--global-kb-gap-md, 2rem);row-gap:var(--global-kb-gap-md, 2rem);padding-top:var(--global-kb-spacing-sm, 1.5rem);padding-bottom:var(--global-kb-spacing-sm, 1.5rem);grid-template-columns:repeat(2, minmax(0, 1fr));}.kb-row-layout-id4132_843e9e-54 > .kt-row-layout-overlay{opacity:0.30;}@media all and (max-width: 1024px){.kb-row-layout-id4132_843e9e-54 > .kt-row-column-wrap{grid-template-columns:repeat(2, minmax(0, 1fr));}}@media all and (max-width: 767px){.kb-row-layout-id4132_843e9e-54 > .kt-row-column-wrap{grid-template-columns:minmax(0, 1fr);}}<\/style><div class=\"kb-row-layout-wrap kb-row-layout-id4132_843e9e-54 alignnone wp-block-kadence-rowlayout\"><div class=\"kt-row-column-wrap kt-has-2-columns kt-row-layout-equal kt-tab-layout-inherit kt-mobile-layout-row kt-row-valign-top\">\n<style>.kadence-column4132_9119a4-28 > .kt-inside-inner-col,.kadence-column4132_9119a4-28 > .kt-inside-inner-col:before{border-top-left-radius:0px;border-top-right-radius:0px;border-bottom-right-radius:0px;border-bottom-left-radius:0px;}.kadence-column4132_9119a4-28 > .kt-inside-inner-col{column-gap:var(--global-kb-gap-sm, 1rem);}.kadence-column4132_9119a4-28 > .kt-inside-inner-col{flex-direction:column;}.kadence-column4132_9119a4-28 > .kt-inside-inner-col > .aligncenter{width:100%;}.kadence-column4132_9119a4-28 > .kt-inside-inner-col:before{opacity:0.3;}.kadence-column4132_9119a4-28{position:relative;}@media all and (max-width: 1024px){.kadence-column4132_9119a4-28 > .kt-inside-inner-col{flex-direction:column;justify-content:center;}}@media all and (max-width: 767px){.kadence-column4132_9119a4-28 > .kt-inside-inner-col{flex-direction:column;justify-content:center;}}<\/style>\n<div class=\"wp-block-kadence-column kadence-column4132_9119a4-28\"><div class=\"kt-inside-inner-col\"><div class=\"wp-block-image\">\n<figure class=\"aligncenter size-full\"><img loading=\"lazy\" decoding=\"async\" width=\"360\" height=\"360\" src=\"https:\/\/bastideparis.fr\/ro49090-ovh\/wp-content\/uploads\/2024\/02\/bassin-gonflable-shampoo.webp\" alt=\"\" class=\"wp-image-2219\" srcset=\"https:\/\/bastideparis.fr\/ro49090-ovh\/wp-content\/uploads\/2024\/02\/bassin-gonflable-shampoo.webp 360w, https:\/\/bastideparis.fr\/ro49090-ovh\/wp-content\/uploads\/2024\/02\/bassin-gonflable-shampoo-300x300.webp 300w, https:\/\/bastideparis.fr\/ro49090-ovh\/wp-content\/uploads\/2024\/02\/bassin-gonflable-shampoo-150x150.webp 150w\" sizes=\"auto, (max-width: 360px) 100vw, 360px\" \/><\/figure>\n<\/div><\/div><\/div>\n\n\n<style>.kadence-column4132_9cba46-3d > .kt-inside-inner-col,.kadence-column4132_9cba46-3d > .kt-inside-inner-col:before{border-top-left-radius:0px;border-top-right-radius:0px;border-bottom-right-radius:0px;border-bottom-left-radius:0px;}.kadence-column4132_9cba46-3d > .kt-inside-inner-col{column-gap:var(--global-kb-gap-sm, 1rem);}.kadence-column4132_9cba46-3d > .kt-inside-inner-col{flex-direction:column;}.kadence-column4132_9cba46-3d > .kt-inside-inner-col > .aligncenter{width:100%;}.kadence-column4132_9cba46-3d > .kt-inside-inner-col:before{opacity:0.3;}.kadence-column4132_9cba46-3d{position:relative;}@media all and (max-width: 1024px){.kadence-column4132_9cba46-3d > .kt-inside-inner-col{flex-direction:column;justify-content:center;}}@media all and (max-width: 767px){.kadence-column4132_9cba46-3d > .kt-inside-inner-col{flex-direction:column;justify-content:center;}}<\/style>\n<div class=\"wp-block-kadence-column kadence-column4132_9cba46-3d\"><div class=\"kt-inside-inner-col\">\n<p><strong>Bassin gonflable pour laver les cheveux &#8211; 29,90\u20ac<br>R\u00e9f\u00e9rence : 115177<\/strong><\/p>\n\n\n\n<h2 class=\"wp-block-heading\">Description du produit<\/h2>\n\n\n\n<p>Le&nbsp;<strong>bassin gonflable pour laver les cheveux<\/strong>&nbsp;permet \u00e0 l\u2019aidant ou \u00e0 la famille de pouvoir laver les cheveux du proche ou de votre patient en position allong\u00e9e. Sa forme permet un bon maintien de la nuque, des \u00e9paules et de la t\u00eate. La hauteur des bords du bassin pour la laver les cheveux limite les \u00e9claboussures. Pratique, le bassin gonflable pour laver les cheveux inclus un tuyau d\u2019\u00e9vacuation.<\/p>\n<\/div><\/div>\n\n<\/div><\/div>\n\n<style>.kb-row-layout-id4132_a3a19e-a4 > .kt-row-column-wrap{align-content:start;}:where(.kb-row-layout-id4132_a3a19e-a4 > .kt-row-column-wrap) > .wp-block-kadence-column{justify-content:start;}.kb-row-layout-id4132_a3a19e-a4 > .kt-row-column-wrap{column-gap:var(--global-kb-gap-md, 2rem);row-gap:var(--global-kb-gap-md, 2rem);padding-top:var(--global-kb-spacing-sm, 1.5rem);padding-bottom:var(--global-kb-spacing-sm, 1.5rem);grid-template-columns:repeat(2, minmax(0, 1fr));}.kb-row-layout-id4132_a3a19e-a4 > .kt-row-layout-overlay{opacity:0.30;}@media all and (max-width: 1024px){.kb-row-layout-id4132_a3a19e-a4 > .kt-row-column-wrap{grid-template-columns:repeat(2, minmax(0, 1fr));}}@media all and (max-width: 767px){.kb-row-layout-id4132_a3a19e-a4 > .kt-row-column-wrap{grid-template-columns:minmax(0, 1fr);}}<\/style><div class=\"kb-row-layout-wrap kb-row-layout-id4132_a3a19e-a4 alignnone wp-block-kadence-rowlayout\"><div class=\"kt-row-column-wrap kt-has-2-columns kt-row-layout-equal kt-tab-layout-inherit kt-mobile-layout-row kt-row-valign-top\">\n<style>.kadence-column4132_66e061-fc > .kt-inside-inner-col,.kadence-column4132_66e061-fc > .kt-inside-inner-col:before{border-top-left-radius:0px;border-top-right-radius:0px;border-bottom-right-radius:0px;border-bottom-left-radius:0px;}.kadence-column4132_66e061-fc > .kt-inside-inner-col{column-gap:var(--global-kb-gap-sm, 1rem);}.kadence-column4132_66e061-fc > .kt-inside-inner-col{flex-direction:column;}.kadence-column4132_66e061-fc > .kt-inside-inner-col > .aligncenter{width:100%;}.kadence-column4132_66e061-fc > .kt-inside-inner-col:before{opacity:0.3;}.kadence-column4132_66e061-fc{position:relative;}@media all and (max-width: 1024px){.kadence-column4132_66e061-fc > .kt-inside-inner-col{flex-direction:column;justify-content:center;}}@media all and (max-width: 767px){.kadence-column4132_66e061-fc > .kt-inside-inner-col{flex-direction:column;justify-content:center;}}<\/style>\n<div class=\"wp-block-kadence-column kadence-column4132_66e061-fc\"><div class=\"kt-inside-inner-col\">\n<h2 class=\"wp-block-heading\">CARACTERISTIQUES TECHNIQUES DU BASSIN GONFLABLE POUR LAVER LES CHEVEUX<\/h2>\n\n\n\n<ul class=\"wp-block-list\">\n<li>Longueur du bassin 56 cm<\/li>\n\n\n\n<li>Largeur du bassin 53 cm<\/li>\n\n\n\n<li>Hauteur du bassin 16 cm<\/li>\n\n\n\n<li>Mat\u00e9riaux :\u00a0vinyle<\/li>\n\n\n\n<li>Capacit\u00e9 : 4 litres<\/li>\n<\/ul>\n<\/div><\/div>\n\n\n<style>.kadence-column4132_7d7f51-ab > .kt-inside-inner-col,.kadence-column4132_7d7f51-ab > .kt-inside-inner-col:before{border-top-left-radius:0px;border-top-right-radius:0px;border-bottom-right-radius:0px;border-bottom-left-radius:0px;}.kadence-column4132_7d7f51-ab > .kt-inside-inner-col{column-gap:var(--global-kb-gap-sm, 1rem);}.kadence-column4132_7d7f51-ab > .kt-inside-inner-col{flex-direction:column;}.kadence-column4132_7d7f51-ab > .kt-inside-inner-col > .aligncenter{width:100%;}.kadence-column4132_7d7f51-ab > .kt-inside-inner-col:before{opacity:0.3;}.kadence-column4132_7d7f51-ab{position:relative;}@media all and (max-width: 1024px){.kadence-column4132_7d7f51-ab > .kt-inside-inner-col{flex-direction:column;justify-content:center;}}@media all and (max-width: 767px){.kadence-column4132_7d7f51-ab > .kt-inside-inner-col{flex-direction:column;justify-content:center;}}<\/style>\n<div class=\"wp-block-kadence-column kadence-column4132_7d7f51-ab\"><div class=\"kt-inside-inner-col\"><\/div><\/div>\n\n<\/div><\/div>","protected":false},"excerpt":{"rendered":"<p>Retour Bassin gonflable pour laver les cheveux Bassin gonflable pour laver les cheveux &#8211; 29,90\u20acR\u00e9f\u00e9rence : 115177 Description du produit Le&nbsp;bassin gonflable pour laver les cheveux&nbsp;permet \u00e0 l\u2019aidant ou \u00e0 la famille de pouvoir laver les cheveux du proche ou de votre patient en position allong\u00e9e. Sa forme permet un bon maintien de la nuque,&#8230;<\/p>\n","protected":false},"author":1,"featured_media":0,"parent":0,"menu_order":0,"comment_status":"closed","ping_status":"closed","template":"","meta":{"content-type":"","_kad_post_transparent":"","_kad_post_title":"hide","_kad_post_layout":"","_kad_post_sidebar_id":"","_kad_post_content_style":"","_kad_post_vertical_padding":"","_kad_post_feature":"","_kad_post_feature_position":"","_kad_post_header":false,"_kad_post_footer":false,"footnotes":""},"class_list":["post-4132","page","type-page","status-publish","hentry"],"_links":{"self":[{"href":"https:\/\/bastideparis.fr\/ro49090-ovh\/index.php\/wp-json\/wp\/v2\/pages\/4132","targetHints":{"allow":["GET"]}}],"collection":[{"href":"https:\/\/bastideparis.fr\/ro49090-ovh\/index.php\/wp-json\/wp\/v2\/pages"}],"about":[{"href":"https:\/\/bastideparis.fr\/ro49090-ovh\/index.php\/wp-json\/wp\/v2\/types\/page"}],"author":[{"embeddable":true,"href":"https:\/\/bastideparis.fr\/ro49090-ovh\/index.php\/wp-json\/wp\/v2\/users\/1"}],"replies":[{"embeddable":true,"href":"https:\/\/bastideparis.fr\/ro49090-ovh\/index.php\/wp-json\/wp\/v2\/comments?post=4132"}],"version-history":[{"count":1,"href":"https:\/\/bastideparis.fr\/ro49090-ovh\/index.php\/wp-json\/wp\/v2\/pages\/4132\/revisions"}],"predecessor-version":[{"id":4133,"href":"https:\/\/bastideparis.fr\/ro49090-ovh\/index.php\/wp-json\/wp\/v2\/pages\/4132\/revisions\/4133"}],"wp:attachment":[{"href":"https:\/\/bastideparis.fr\/ro49090-ovh\/index.php\/wp-json\/wp\/v2\/media?parent=4132"}],"curies":[{"name":"wp","href":"https:\/\/api.w.org\/{rel}","templated":true}]}}